{"id":6771,"date":"2024-02-16T11:00:43","date_gmt":"2024-02-16T10:00:43","guid":{"rendered":"https:\/\/prmeble.com.pl\/?post_type=product&#038;p=6771"},"modified":"2026-01-29T13:23:56","modified_gmt":"2026-01-29T12:23:56","slug":"kanapa-relax","status":"publish","type":"product","link":"https:\/\/prmeble.com.pl\/?product=kanapa-relax","title":{"rendered":"Kanapa Relax"},"content":{"rendered":"<p><strong>Trzyosobowa Kanapa RELAX to mebel, kt\u00f3ry idealnie si\u0119 wkomponuje do nowoczesnych rozwi\u0105za\u0144. Oparcia oraz zestaw poduszek znacz\u0105co podnosi codzienny komfort u\u017cytkowania kanapy. Istnieje mo\u017cliwo\u015b\u0107 roz\u0142o\u017cenia mebla, dzi\u0119ki czemu uzyskujemy du\u017c\u0105 przestrze\u0144 do spania!<\/strong><\/p>\n<p><strong>Idealna opcja, je\u017celi chcemy w swoim domu przenocowa\u0107 go\u015bci. Pomo\u017ce w tym tak\u017ce przestronny pojemnik na po\u015bciel, w kt\u00f3rym bez problemu zmie\u015bcimy zapasow\u0105 po\u015bciel oraz poduszki. W konstrukcji kanapy zosta\u0142a wykorzystana pianka wysokoelastyczna 10cm lub za dop\u0142at\u0105 spr\u0119\u017cyna bonellowa, co jest gwarantem jego d\u0142ugotrwa\u0142o\u015bci i du\u017cej wygody podczas codziennego korzystania z naszej kanapy!<\/strong><strong>!<\/strong><\/p>\n<p>&nbsp;<\/p>\n<h2>Informacje:<\/h2>\n<ul>\n<li>Wymiary kanapy:\u00a0<strong>230 x 100cm<\/strong><\/li>\n<li>Powierzchnia spania:\u00a0<strong>197 cm x 145 cm<\/strong><\/li>\n<\/ul>\n<h2>Cechy:<\/h2>\n<ul>\n<li>Funkcja spania,<\/li>\n<li>Pojemnik na po\u015bciel,<\/li>\n<li>Solidna i trwa\u0142a konstrukcja<\/li>\n<li>Wysokoelastyczna pianka o grubo\u015bci 10cm<\/li>\n<li>Poduszki w zestawie z meblem<\/li>\n<li>Eleganckie n\u00f3\u017cki<\/li>\n<li>Nowoczesna forma<\/li>\n<\/ul>\n<p>&nbsp;<\/p>\n<p>&nbsp;<\/p>\n<p><b>DODATKOWE INFORMACJE:<\/b><\/p>\n<ul>\n<li>meble s\u0105 fabrycznie nowe, zapakowane w oryginalne opakowanie<\/li>\n<li>meble dostarczamy\u00a0 w paczkach, do samodzielnego monta\u017cu<\/li>\n<li>w zestawie za\u0142\u0105czona instrukcja monta\u017cu i wszystkie niezb\u0119dne elementy<\/li>\n<\/ul>\n<p>&nbsp;<\/p>\n<p>Automat w systemie DL, kt\u00f3ry znacznie u\u0142atwia rozk\u0142adanie funkcji spania, a tak\u017ce zapewnia \u0142atwiejszy dost\u0119p do pojemnika na po\u015bciel.<\/p>\n<p>Spr\u0119\u017cyny Bonell w siedzisku zamiast pianki, kt\u00f3re wp\u0142yn\u0105 znacznie na komfort u\u017cytkowania, swoim kszta\u0142tem przypominaj\u0105 klepsydry, dzi\u0119ki tak banalnemu rozwi\u0105zaniu spr\u0119\u017cyny bonell odporne s\u0105 na wi\u0119kszy nacisk.<\/p>\n<p>&nbsp;<\/p>\n<h3>Informacja o Dostawie:<\/h3>\n<p>Dostawa mebli odbywa si\u0119 w godzinach<strong>\u00a06:00 \u2013 23:00.<\/strong><br \/>\nKlient minimum\u00a0<strong>dzie\u0144 wcze\u015bniej otrzymuje wiadomo\u015b\u0107 sms<\/strong>\u00a0z dok\u0142adn\u0105 informacj\u0105 o przewidywanym czasie dostawy.<br \/>\nKierowca r\u00f3wnie\u017c\u00a0<strong>dzwoni<\/strong>\u00a0do klienta godzin\u0119 przed dostaw\u0105.<br \/>\nMeble dostarczane s\u0105 w paczkach do samodzielnego monta\u017cu i s\u0105 one oryginalnie zapakowane przez producenta.<br \/>\n<strong>Ze wzgl\u0119du na zdrowie naszych kierowc\u00f3w, nie maj\u0105 oni obowi\u0105zku ich wniesienia. W przypadku ch\u0119ci skorzystania z takiej us\u0142ugi, nale\u017cy ustali\u0107 szczeg\u00f3\u0142y bezpo\u015brednio z biurem lub w koszyku wybra\u0107 opcj\u0119 wniesienia<\/strong>\u00a0(Nie przy ka\u017cdym meblu jest ona dost\u0119pna).\u00a0<em><strong>Prosz\u0119 mie\u0107 na uwadze, \u017ce jest to us\u0142uga dodatkowo p\u0142atna.<\/strong><\/em><\/p>\n<p>&nbsp;<\/p>\n<h2><strong>Zach\u0119camy do zakupu!<\/strong><\/h2>\n","protected":false},"excerpt":{"rendered":"<p>Trzyosobowa Kanapa RELAX to mebel, kt\u00f3ry idealnie si\u0119 wkomponuje do nowoczesnych rozwi\u0105za\u0144. Oparcia oraz zestaw poduszek znacz\u0105co podnosi codzienny komfort u\u017cytkowania kanapy. Istnieje mo\u017cliwo\u015b\u0107 roz\u0142o\u017cenia mebla, dzi\u0119ki czemu uzyskujemy du\u017c\u0105 przestrze\u0144 do spania! Idealna opcja, je\u017celi chcemy w swoim domu przenocowa\u0107 go\u015bci. Pomo\u017ce w tym tak\u017ce przestronny pojemnik na po\u015bciel, w kt\u00f3rym bez problemu zmie\u015bcimy zapasow\u0105 po\u015bciel oraz poduszki. W konstrukcji kanapy zosta\u0142a wykorzystana pianka wysokoelastyczna 10cm lub za dop\u0142at\u0105 spr\u0119\u017cyna bonellowa, co jest gwarantem jego d\u0142ugotrwa\u0142o\u015bci i du\u017cej wygody podczas codziennego korzystania z naszej kanapy!! &nbsp; Informacje: Wymiary kanapy:\u00a0230 x 100cm Powierzchnia spania:\u00a0197 cm x 145 cm Cechy: Funkcja spania, Pojemnik na po\u015bciel, Solidna i trwa\u0142a konstrukcja Wysokoelastyczna pianka o grubo\u015bci 10cm Poduszki w zestawie z meblem Eleganckie n\u00f3\u017cki Nowoczesna forma &nbsp; &nbsp; DODATKOWE INFORMACJE: meble s\u0105 fabrycznie nowe, zapakowane w oryginalne opakowanie meble dostarczamy\u00a0 w paczkach, do samodzielnego monta\u017cu w zestawie za\u0142\u0105czona instrukcja monta\u017cu i wszystkie niezb\u0119dne elementy &nbsp; Automat w systemie DL, kt\u00f3ry znacznie u\u0142atwia rozk\u0142adanie funkcji spania, a tak\u017ce zapewnia \u0142atwiejszy dost\u0119p do pojemnika na po\u015bciel. Spr\u0119\u017cyny Bonell w siedzisku zamiast pianki, kt\u00f3re wp\u0142yn\u0105 znacznie na komfort u\u017cytkowania, swoim kszta\u0142tem przypominaj\u0105 klepsydry, dzi\u0119ki tak banalnemu rozwi\u0105zaniu spr\u0119\u017cyny bonell odporne s\u0105 na wi\u0119kszy nacisk. &nbsp; Informacja o Dostawie: Dostawa mebli odbywa si\u0119 w godzinach\u00a06:00 \u2013 23:00. Klient minimum\u00a0dzie\u0144 wcze\u015bniej otrzymuje wiadomo\u015b\u0107 sms\u00a0z dok\u0142adn\u0105 informacj\u0105 o przewidywanym czasie dostawy. Kierowca r\u00f3wnie\u017c\u00a0dzwoni\u00a0do klienta godzin\u0119 przed dostaw\u0105. Meble dostarczane s\u0105 w paczkach do samodzielnego monta\u017cu i s\u0105 one oryginalnie zapakowane przez producenta. Ze wzgl\u0119du na zdrowie naszych kierowc\u00f3w, nie maj\u0105 oni obowi\u0105zku ich wniesienia. W przypadku ch\u0119ci skorzystania z takiej us\u0142ugi, nale\u017cy ustali\u0107 szczeg\u00f3\u0142y bezpo\u015brednio z biurem lub w koszyku wybra\u0107 opcj\u0119 wniesienia\u00a0(Nie przy ka\u017cdym meblu jest ona dost\u0119pna).\u00a0Prosz\u0119 mie\u0107 na uwadze, \u017ce jest to us\u0142uga dodatkowo p\u0142atna. &nbsp; Zach\u0119camy do zakupu!<\/p>\n","protected":false},"featured_media":12792,"template":"","meta":[],"product_brand":[],"product_cat":[109],"product_tag":[],"class_list":{"0":"post-6771","1":"product","2":"type-product","3":"status-publish","4":"has-post-thumbnail","6":"product_cat-sofy-i-kanapy","8":"first","9":"instock","10":"shipping-taxable","11":"purchasable","12":"product-type-simple"},"yoast_head":"<!-- This site is optimized with the Yoast SEO plugin v27.3 - https:\/\/yoast.com\/product\/yoast-seo-wordpress\/ -->\n<title>Kanapa Relax - PR MEBLE -tanie i dobre - polski producent - sklep meblowy<\/title>\n<meta name=\"robots\" content=\"index, follow, max-snippet:-1, max-image-preview:large, max-video-preview:-1\" \/>\n<link rel=\"canonical\" href=\"https:\/\/prmeble.com.pl\/?product=kanapa-relax\" \/>\n<meta property=\"og:locale\" content=\"pl_PL\" \/>\n<meta property=\"og:type\" content=\"article\" \/>\n<meta property=\"og:title\" content=\"Kanapa Relax - PR MEBLE -tanie i dobre - polski producent - sklep meblowy\" \/>\n<meta property=\"og:description\" content=\"Trzyosobowa Kanapa RELAX to mebel, kt\u00f3ry idealnie si\u0119 wkomponuje do nowoczesnych rozwi\u0105za\u0144. Oparcia oraz zestaw poduszek znacz\u0105co podnosi codzienny komfort u\u017cytkowania kanapy. Istnieje mo\u017cliwo\u015b\u0107 roz\u0142o\u017cenia mebla, dzi\u0119ki czemu uzyskujemy du\u017c\u0105 przestrze\u0144 do spania! Idealna opcja, je\u017celi chcemy w swoim domu przenocowa\u0107 go\u015bci. Pomo\u017ce w tym tak\u017ce przestronny pojemnik na po\u015bciel, w kt\u00f3rym bez problemu zmie\u015bcimy zapasow\u0105 po\u015bciel oraz poduszki. W konstrukcji kanapy zosta\u0142a wykorzystana pianka wysokoelastyczna 10cm lub za dop\u0142at\u0105 spr\u0119\u017cyna bonellowa, co jest gwarantem jego d\u0142ugotrwa\u0142o\u015bci i du\u017cej wygody podczas codziennego korzystania z naszej kanapy!! &nbsp; Informacje: Wymiary kanapy:\u00a0230 x 100cm Powierzchnia spania:\u00a0197 cm x 145 cm Cechy: Funkcja spania, Pojemnik na po\u015bciel, Solidna i trwa\u0142a konstrukcja Wysokoelastyczna pianka o grubo\u015bci 10cm Poduszki w zestawie z meblem Eleganckie n\u00f3\u017cki Nowoczesna forma &nbsp; &nbsp; DODATKOWE INFORMACJE: meble s\u0105 fabrycznie nowe, zapakowane w oryginalne opakowanie meble dostarczamy\u00a0 w paczkach, do samodzielnego monta\u017cu w zestawie za\u0142\u0105czona instrukcja monta\u017cu i wszystkie niezb\u0119dne elementy &nbsp; Automat w systemie DL, kt\u00f3ry znacznie u\u0142atwia rozk\u0142adanie funkcji spania, a tak\u017ce zapewnia \u0142atwiejszy dost\u0119p do pojemnika na po\u015bciel. Spr\u0119\u017cyny Bonell w siedzisku zamiast pianki, kt\u00f3re wp\u0142yn\u0105 znacznie na komfort u\u017cytkowania, swoim kszta\u0142tem przypominaj\u0105 klepsydry, dzi\u0119ki tak banalnemu rozwi\u0105zaniu spr\u0119\u017cyny bonell odporne s\u0105 na wi\u0119kszy nacisk. &nbsp; Informacja o Dostawie: Dostawa mebli odbywa si\u0119 w godzinach\u00a06:00 \u2013 23:00. Klient minimum\u00a0dzie\u0144 wcze\u015bniej otrzymuje wiadomo\u015b\u0107 sms\u00a0z dok\u0142adn\u0105 informacj\u0105 o przewidywanym czasie dostawy. Kierowca r\u00f3wnie\u017c\u00a0dzwoni\u00a0do klienta godzin\u0119 przed dostaw\u0105. Meble dostarczane s\u0105 w paczkach do samodzielnego monta\u017cu i s\u0105 one oryginalnie zapakowane przez producenta. Ze wzgl\u0119du na zdrowie naszych kierowc\u00f3w, nie maj\u0105 oni obowi\u0105zku ich wniesienia. W przypadku ch\u0119ci skorzystania z takiej us\u0142ugi, nale\u017cy ustali\u0107 szczeg\u00f3\u0142y bezpo\u015brednio z biurem lub w koszyku wybra\u0107 opcj\u0119 wniesienia\u00a0(Nie przy ka\u017cdym meblu jest ona dost\u0119pna).\u00a0Prosz\u0119 mie\u0107 na uwadze, \u017ce jest to us\u0142uga dodatkowo p\u0142atna. &nbsp; Zach\u0119camy do zakupu!\" \/>\n<meta property=\"og:url\" content=\"https:\/\/prmeble.com.pl\/?product=kanapa-relax\" \/>\n<meta property=\"og:site_name\" content=\"PR MEBLE -tanie i dobre - polski producent - sklep meblowy\" \/>\n<meta property=\"article:publisher\" content=\"https:\/\/www.facebook.com\/PR-MEBLE-274934799714260\" \/>\n<meta property=\"article:modified_time\" content=\"2026-01-29T12:23:56+00:00\" \/>\n<meta property=\"og:image\" content=\"https:\/\/prmeble.com.pl\/wp-content\/uploads\/2024\/02\/WhatsApp-Image-2025-07-09-at-13.05.58.jpeg\" \/>\n\t<meta property=\"og:image:width\" content=\"1536\" \/>\n\t<meta property=\"og:image:height\" content=\"1024\" \/>\n\t<meta property=\"og:image:type\" content=\"image\/jpeg\" \/>\n<meta name=\"twitter:card\" content=\"summary_large_image\" \/>\n<meta name=\"twitter:label1\" content=\"Szacowany czas czytania\" \/>\n\t<meta name=\"twitter:data1\" content=\"2 minuty\" \/>\n<script type=\"application\/ld+json\" class=\"yoast-schema-graph\">{\"@context\":\"https:\\\/\\\/schema.org\",\"@graph\":[{\"@type\":\"WebPage\",\"@id\":\"https:\\\/\\\/prmeble.com.pl\\\/?product=kanapa-relax\",\"url\":\"https:\\\/\\\/prmeble.com.pl\\\/?product=kanapa-relax\",\"name\":\"Kanapa Relax - PR MEBLE -tanie i dobre - polski producent - sklep meblowy\",\"isPartOf\":{\"@id\":\"https:\\\/\\\/prmeble.com.pl\\\/#website\"},\"primaryImageOfPage\":{\"@id\":\"https:\\\/\\\/prmeble.com.pl\\\/?product=kanapa-relax#primaryimage\"},\"image\":{\"@id\":\"https:\\\/\\\/prmeble.com.pl\\\/?product=kanapa-relax#primaryimage\"},\"thumbnailUrl\":\"https:\\\/\\\/prmeble.com.pl\\\/wp-content\\\/uploads\\\/2024\\\/02\\\/WhatsApp-Image-2025-07-09-at-13.05.58.jpeg\",\"datePublished\":\"2024-02-16T10:00:43+00:00\",\"dateModified\":\"2026-01-29T12:23:56+00:00\",\"breadcrumb\":{\"@id\":\"https:\\\/\\\/prmeble.com.pl\\\/?product=kanapa-relax#breadcrumb\"},\"inLanguage\":\"pl-PL\",\"potentialAction\":[{\"@type\":\"ReadAction\",\"target\":[\"https:\\\/\\\/prmeble.com.pl\\\/?product=kanapa-relax\"]}]},{\"@type\":\"ImageObject\",\"inLanguage\":\"pl-PL\",\"@id\":\"https:\\\/\\\/prmeble.com.pl\\\/?product=kanapa-relax#primaryimage\",\"url\":\"https:\\\/\\\/prmeble.com.pl\\\/wp-content\\\/uploads\\\/2024\\\/02\\\/WhatsApp-Image-2025-07-09-at-13.05.58.jpeg\",\"contentUrl\":\"https:\\\/\\\/prmeble.com.pl\\\/wp-content\\\/uploads\\\/2024\\\/02\\\/WhatsApp-Image-2025-07-09-at-13.05.58.jpeg\",\"width\":1536,\"height\":1024},{\"@type\":\"BreadcrumbList\",\"@id\":\"https:\\\/\\\/prmeble.com.pl\\\/?product=kanapa-relax#breadcrumb\",\"itemListElement\":[{\"@type\":\"ListItem\",\"position\":1,\"name\":\"Strona g\u0142\u00f3wna\",\"item\":\"https:\\\/\\\/prmeble.com.pl\\\/\"},{\"@type\":\"ListItem\",\"position\":2,\"name\":\"Produkty\",\"item\":\"https:\\\/\\\/prmeble.com.pl\\\/?page_id=301\"},{\"@type\":\"ListItem\",\"position\":3,\"name\":\"Kanapa Relax\"}]},{\"@type\":\"WebSite\",\"@id\":\"https:\\\/\\\/prmeble.com.pl\\\/#website\",\"url\":\"https:\\\/\\\/prmeble.com.pl\\\/\",\"name\":\"Pr Meble\",\"description\":\"Tworzymy i sprzedajemy meble tapicerowane. W asortymencie mamy bardzo piekne i nowoczesne naro\u017cniki oraz modne kanapy.\",\"publisher\":{\"@id\":\"https:\\\/\\\/prmeble.com.pl\\\/#organization\"},\"potentialAction\":[{\"@type\":\"SearchAction\",\"target\":{\"@type\":\"EntryPoint\",\"urlTemplate\":\"https:\\\/\\\/prmeble.com.pl\\\/?s={search_term_string}\"},\"query-input\":{\"@type\":\"PropertyValueSpecification\",\"valueRequired\":true,\"valueName\":\"search_term_string\"}}],\"inLanguage\":\"pl-PL\"},{\"@type\":\"Organization\",\"@id\":\"https:\\\/\\\/prmeble.com.pl\\\/#organization\",\"name\":\"Prmeble\",\"url\":\"https:\\\/\\\/prmeble.com.pl\\\/\",\"logo\":{\"@type\":\"ImageObject\",\"inLanguage\":\"pl-PL\",\"@id\":\"https:\\\/\\\/prmeble.com.pl\\\/#\\\/schema\\\/logo\\\/image\\\/\",\"url\":\"https:\\\/\\\/prmeble.com.pl\\\/wp-content\\\/uploads\\\/2021\\\/10\\\/logo.jpg\",\"contentUrl\":\"https:\\\/\\\/prmeble.com.pl\\\/wp-content\\\/uploads\\\/2021\\\/10\\\/logo.jpg\",\"width\":550,\"height\":400,\"caption\":\"Prmeble\"},\"image\":{\"@id\":\"https:\\\/\\\/prmeble.com.pl\\\/#\\\/schema\\\/logo\\\/image\\\/\"},\"sameAs\":[\"https:\\\/\\\/www.facebook.com\\\/PR-MEBLE-274934799714260\"]}]}<\/script>\n<!-- \/ Yoast SEO plugin. -->","yoast_head_json":{"title":"Kanapa Relax - PR MEBLE -tanie i dobre - polski producent - sklep meblowy","robots":{"index":"index","follow":"follow","max-snippet":"max-snippet:-1","max-image-preview":"max-image-preview:large","max-video-preview":"max-video-preview:-1"},"canonical":"https:\/\/prmeble.com.pl\/?product=kanapa-relax","og_locale":"pl_PL","og_type":"article","og_title":"Kanapa Relax - PR MEBLE -tanie i dobre - polski producent - sklep meblowy","og_description":"Trzyosobowa Kanapa RELAX to mebel, kt\u00f3ry idealnie si\u0119 wkomponuje do nowoczesnych rozwi\u0105za\u0144. Oparcia oraz zestaw poduszek znacz\u0105co podnosi codzienny komfort u\u017cytkowania kanapy. Istnieje mo\u017cliwo\u015b\u0107 roz\u0142o\u017cenia mebla, dzi\u0119ki czemu uzyskujemy du\u017c\u0105 przestrze\u0144 do spania! Idealna opcja, je\u017celi chcemy w swoim domu przenocowa\u0107 go\u015bci. Pomo\u017ce w tym tak\u017ce przestronny pojemnik na po\u015bciel, w kt\u00f3rym bez problemu zmie\u015bcimy zapasow\u0105 po\u015bciel oraz poduszki. W konstrukcji kanapy zosta\u0142a wykorzystana pianka wysokoelastyczna 10cm lub za dop\u0142at\u0105 spr\u0119\u017cyna bonellowa, co jest gwarantem jego d\u0142ugotrwa\u0142o\u015bci i du\u017cej wygody podczas codziennego korzystania z naszej kanapy!! &nbsp; Informacje: Wymiary kanapy:\u00a0230 x 100cm Powierzchnia spania:\u00a0197 cm x 145 cm Cechy: Funkcja spania, Pojemnik na po\u015bciel, Solidna i trwa\u0142a konstrukcja Wysokoelastyczna pianka o grubo\u015bci 10cm Poduszki w zestawie z meblem Eleganckie n\u00f3\u017cki Nowoczesna forma &nbsp; &nbsp; DODATKOWE INFORMACJE: meble s\u0105 fabrycznie nowe, zapakowane w oryginalne opakowanie meble dostarczamy\u00a0 w paczkach, do samodzielnego monta\u017cu w zestawie za\u0142\u0105czona instrukcja monta\u017cu i wszystkie niezb\u0119dne elementy &nbsp; Automat w systemie DL, kt\u00f3ry znacznie u\u0142atwia rozk\u0142adanie funkcji spania, a tak\u017ce zapewnia \u0142atwiejszy dost\u0119p do pojemnika na po\u015bciel. Spr\u0119\u017cyny Bonell w siedzisku zamiast pianki, kt\u00f3re wp\u0142yn\u0105 znacznie na komfort u\u017cytkowania, swoim kszta\u0142tem przypominaj\u0105 klepsydry, dzi\u0119ki tak banalnemu rozwi\u0105zaniu spr\u0119\u017cyny bonell odporne s\u0105 na wi\u0119kszy nacisk. &nbsp; Informacja o Dostawie: Dostawa mebli odbywa si\u0119 w godzinach\u00a06:00 \u2013 23:00. Klient minimum\u00a0dzie\u0144 wcze\u015bniej otrzymuje wiadomo\u015b\u0107 sms\u00a0z dok\u0142adn\u0105 informacj\u0105 o przewidywanym czasie dostawy. Kierowca r\u00f3wnie\u017c\u00a0dzwoni\u00a0do klienta godzin\u0119 przed dostaw\u0105. Meble dostarczane s\u0105 w paczkach do samodzielnego monta\u017cu i s\u0105 one oryginalnie zapakowane przez producenta. Ze wzgl\u0119du na zdrowie naszych kierowc\u00f3w, nie maj\u0105 oni obowi\u0105zku ich wniesienia. W przypadku ch\u0119ci skorzystania z takiej us\u0142ugi, nale\u017cy ustali\u0107 szczeg\u00f3\u0142y bezpo\u015brednio z biurem lub w koszyku wybra\u0107 opcj\u0119 wniesienia\u00a0(Nie przy ka\u017cdym meblu jest ona dost\u0119pna).\u00a0Prosz\u0119 mie\u0107 na uwadze, \u017ce jest to us\u0142uga dodatkowo p\u0142atna. &nbsp; Zach\u0119camy do zakupu!","og_url":"https:\/\/prmeble.com.pl\/?product=kanapa-relax","og_site_name":"PR MEBLE -tanie i dobre - polski producent - sklep meblowy","article_publisher":"https:\/\/www.facebook.com\/PR-MEBLE-274934799714260","article_modified_time":"2026-01-29T12:23:56+00:00","og_image":[{"width":1536,"height":1024,"url":"https:\/\/prmeble.com.pl\/wp-content\/uploads\/2024\/02\/WhatsApp-Image-2025-07-09-at-13.05.58.jpeg","type":"image\/jpeg"}],"twitter_card":"summary_large_image","twitter_misc":{"Szacowany czas czytania":"2 minuty"},"schema":{"@context":"https:\/\/schema.org","@graph":[{"@type":"WebPage","@id":"https:\/\/prmeble.com.pl\/?product=kanapa-relax","url":"https:\/\/prmeble.com.pl\/?product=kanapa-relax","name":"Kanapa Relax - PR MEBLE -tanie i dobre - polski producent - sklep meblowy","isPartOf":{"@id":"https:\/\/prmeble.com.pl\/#website"},"primaryImageOfPage":{"@id":"https:\/\/prmeble.com.pl\/?product=kanapa-relax#primaryimage"},"image":{"@id":"https:\/\/prmeble.com.pl\/?product=kanapa-relax#primaryimage"},"thumbnailUrl":"https:\/\/prmeble.com.pl\/wp-content\/uploads\/2024\/02\/WhatsApp-Image-2025-07-09-at-13.05.58.jpeg","datePublished":"2024-02-16T10:00:43+00:00","dateModified":"2026-01-29T12:23:56+00:00","breadcrumb":{"@id":"https:\/\/prmeble.com.pl\/?product=kanapa-relax#breadcrumb"},"inLanguage":"pl-PL","potentialAction":[{"@type":"ReadAction","target":["https:\/\/prmeble.com.pl\/?product=kanapa-relax"]}]},{"@type":"ImageObject","inLanguage":"pl-PL","@id":"https:\/\/prmeble.com.pl\/?product=kanapa-relax#primaryimage","url":"https:\/\/prmeble.com.pl\/wp-content\/uploads\/2024\/02\/WhatsApp-Image-2025-07-09-at-13.05.58.jpeg","contentUrl":"https:\/\/prmeble.com.pl\/wp-content\/uploads\/2024\/02\/WhatsApp-Image-2025-07-09-at-13.05.58.jpeg","width":1536,"height":1024},{"@type":"BreadcrumbList","@id":"https:\/\/prmeble.com.pl\/?product=kanapa-relax#breadcrumb","itemListElement":[{"@type":"ListItem","position":1,"name":"Strona g\u0142\u00f3wna","item":"https:\/\/prmeble.com.pl\/"},{"@type":"ListItem","position":2,"name":"Produkty","item":"https:\/\/prmeble.com.pl\/?page_id=301"},{"@type":"ListItem","position":3,"name":"Kanapa Relax"}]},{"@type":"WebSite","@id":"https:\/\/prmeble.com.pl\/#website","url":"https:\/\/prmeble.com.pl\/","name":"Pr Meble","description":"Tworzymy i sprzedajemy meble tapicerowane. W asortymencie mamy bardzo piekne i nowoczesne naro\u017cniki oraz modne kanapy.","publisher":{"@id":"https:\/\/prmeble.com.pl\/#organization"},"potentialAction":[{"@type":"SearchAction","target":{"@type":"EntryPoint","urlTemplate":"https:\/\/prmeble.com.pl\/?s={search_term_string}"},"query-input":{"@type":"PropertyValueSpecification","valueRequired":true,"valueName":"search_term_string"}}],"inLanguage":"pl-PL"},{"@type":"Organization","@id":"https:\/\/prmeble.com.pl\/#organization","name":"Prmeble","url":"https:\/\/prmeble.com.pl\/","logo":{"@type":"ImageObject","inLanguage":"pl-PL","@id":"https:\/\/prmeble.com.pl\/#\/schema\/logo\/image\/","url":"https:\/\/prmeble.com.pl\/wp-content\/uploads\/2021\/10\/logo.jpg","contentUrl":"https:\/\/prmeble.com.pl\/wp-content\/uploads\/2021\/10\/logo.jpg","width":550,"height":400,"caption":"Prmeble"},"image":{"@id":"https:\/\/prmeble.com.pl\/#\/schema\/logo\/image\/"},"sameAs":["https:\/\/www.facebook.com\/PR-MEBLE-274934799714260"]}]}},"total_sales":"32","_tax_status":"taxable","_tax_class":"","_manage_stock":"no","_backorders":"no","_sold_individually":"no","_virtual":"no","_downloadable":"no","_download_limit":"-1","_download_expiry":"-1","_stock":"","_stock_status":"instock","_wc_average_rating":"0","_wc_review_count":"0","_product_attributes":"","_product_version":"10.4.3","_wpcom_is_markdown":"","_edit_lock":"1753097434:1","_edit_last":"1","_thumbnail_id":"12792","_sku":"","_wp_page_template":"default","_last_editor_used_jetpack":"","_elementor_template_type":"","_elementor_version":"","_elementor_data":"","_yoast_wpseo_estimated-reading-time-minutes":"2","_yoast_wpseo_metadesc":"","_wp_old_slug":"","_yoast_wpseo_primary_product_cat":"","_oembed_7eca53afccebf1f861dae06bfb2dfa8a":"","_oembed_time_7eca53afccebf1f861dae06bfb2dfa8a":"","_yoast_wpseo_wordproof_timestamp":"","_wc_gla_visibility":"sync-and-show","_wc_gla_synced_at":"1752462026","_wc_gla_sync_status":"pending","_wc_gla_google_ids":{"PL":"online:pl:PL:gla_6771"},"fb_product_group_id":"8031766183507288","_wc_facebook_commerce_enabled":"no","_yoast_wpseo_content_score":"90","_yoast_wpseo_focuskw":"","_yoast_wpseo_linkdex":"","_product_image_gallery":"6775,6776,6777,6778,6773","_crosssell_ids":"","shopengine_product_views_count":"6424","_yoast_wpseo_primary_fb_product_set":"","xfgmc_google_product_category":"","xfgmc_identifier_exists":"default","xfgmc_adult":"off","xfgmc_condition":"default","_xfgmc_is_bundle":"default","_xfgmc_return_rule_label":"","xfgmc_custom_label_0":"","xfgmc_custom_label_1":"","xfgmc_custom_label_2":"","xfgmc_custom_label_3":"","xfgmc_custom_label_4":"","_price":"980","_eael_post_view_count":"6487","_regular_price":"980","_wc_facebook_sync_enabled":"yes","fb_visibility":"yes","fb_product_description":"","_wc_facebook_product_image_source":"product","wpr_secondary_image_id":"0","fb_product_item_id":"8031766390173934","_sale_price":"","wp_statistics_words_count":"273","fb_rich_text_description":"","fb_product_video":[],"fb_brand":"","fb_mpn":"","_yoast_wpseo_primary_product_brand":"","_xmlsf_image_attached":{"loc":"https:\/\/prmeble.com.pl\/wp-content\/uploads\/2024\/02\/WhatsApp-Image-2025-07-09-at-13.05.58.jpeg","title":"WhatsApp Image 2025-07-09 at 13.05.58","caption":""},"_wc_gla_mc_status":"approved","_elementor_page_assets":[],"shopmagic_source_recipe":"","_wc_gla_errors":["[salePrice.value] Product must have a valid price and currency."],"_weight":"100","woo_inpost_shipping_methods_allowed":"","woo_inpost_parcel_dimensions":"","_wc_facebook_google_product_category":"","_yoast_wpseo_title":"","_xfgmc_fb_product_category":"","_xfgmc_tax_category":"","_xfgmc_multipack":"","_xfgmc_shipping_label":"","_xfgmc_unit_pricing_measure":"","_xfgmc_unit_pricing_base_measure":"","_xfgmc_store_code":"","_xfgmc_min_handling_time":"","_xfgmc_max_handling_time":"","_wcpa_product_meta":"","wcpa_exclude_global_forms":"","_upsell_ids":"","_wp_old_date":"","_umb_fruugo_simple_title":"","_umb_fruugo_simple_desc":"","_umb_fruggo_id_type":"","_umb_fruugo_standard_code_val":"","_umb_fruugo_brand":"","_umb_fruugo_vat":"","_umb_fruugo_discount_price":"","_ced_increase_price_fruugo":"","_umb_fruugo_category":"","_ced_fruugo_language_section":"","_ced_fruugo_attributeSize":"","_ced_fruugo_attributeColor":"","_ced_fruugo_currency":"","_ced_fruugo_leadTime":"","_ced_fruugo_packageWeight":"","_ced_fruugo_attribute1":"","_ced_fruugo_attribute2":"","_ced_fruugo_attribute3":"","_ced_fruugo_attribute4":"","_ced_fruugo_attribute5":"","_ced_fruugo_attribute6":"","_ced_fruugo_attribute7":"","_ced_fruugo_attribute8":"","_ced_fruugo_attribute9":"","_ced_fruugo_attribute10":"","_yoast_wpseo_primary_item":"","_wp_trash_meta_status":"","_wp_trash_meta_time":"","_wp_desired_post_slug":"","_links":{"self":[{"href":"https:\/\/prmeble.com.pl\/index.php?rest_route=\/wp\/v2\/product\/6771","targetHints":{"allow":["GET"]}}],"collection":[{"href":"https:\/\/prmeble.com.pl\/index.php?rest_route=\/wp\/v2\/product"}],"about":[{"href":"https:\/\/prmeble.com.pl\/index.php?rest_route=\/wp\/v2\/types\/product"}],"version-history":[{"count":1,"href":"https:\/\/prmeble.com.pl\/index.php?rest_route=\/wp\/v2\/product\/6771\/revisions"}],"predecessor-version":[{"id":12132,"href":"https:\/\/prmeble.com.pl\/index.php?rest_route=\/wp\/v2\/product\/6771\/revisions\/12132"}],"wp:featuredmedia":[{"embeddable":true,"href":"https:\/\/prmeble.com.pl\/index.php?rest_route=\/wp\/v2\/media\/12792"}],"wp:attachment":[{"href":"https:\/\/prmeble.com.pl\/index.php?rest_route=%2Fwp%2Fv2%2Fmedia&parent=6771"}],"wp:term":[{"taxonomy":"product_brand","embeddable":true,"href":"https:\/\/prmeble.com.pl\/index.php?rest_route=%2Fwp%2Fv2%2Fproduct_brand&post=6771"},{"taxonomy":"product_cat","embeddable":true,"href":"https:\/\/prmeble.com.pl\/index.php?rest_route=%2Fwp%2Fv2%2Fproduct_cat&post=6771"},{"taxonomy":"product_tag","embeddable":true,"href":"https:\/\/prmeble.com.pl\/index.php?rest_route=%2Fwp%2Fv2%2Fproduct_tag&post=6771"}],"curies":[{"name":"wp","href":"https:\/\/api.w.org\/{rel}","templated":true}]}}