{"id":6547,"date":"2024-02-03T09:32:50","date_gmt":"2024-02-03T08:32:50","guid":{"rendered":"https:\/\/prmeble.com.pl\/?post_type=product&#038;p=6547"},"modified":"2026-01-29T13:23:56","modified_gmt":"2026-01-29T12:23:56","slug":"6547","status":"publish","type":"product","link":"https:\/\/prmeble.com.pl\/?product=6547","title":{"rendered":"Wersalka Mila"},"content":{"rendered":"<p><strong>Wersalka \u0142\u0105cz\u0105c\u0105 w sobie wygod\u0119 oraz funkcjonalno\u015b\u0107 wykonana z najwy\u017cszej jako\u015bci materia\u0142\u00f3w z dba\u0142o\u015bci\u0105 o ka\u017cdy szczeg\u00f3\u0142. Do klienta nale\u017cy wyb\u00f3r materia\u0142u z jakiego mebel ma by\u0107 wykonany. W ofercie mamy szeroki zakres tkanin.<\/strong><\/p>\n<p><strong>Wersalk\u0119 wyprodukowano z wysokoelastycznej pianki.<\/strong><br \/>\n<strong>Za dop\u0142at\u0105 istnieje mo\u017cliwo\u015b\u0107 zastosowania spr\u0119\u017cyny falistej, poprawiaj\u0105cej komfort u\u017cytkowania.<\/strong><\/p>\n<p><strong>Wszystkie przeszycia s\u0105 w kolorze bia\u0142ym.<\/strong><\/p>\n<p><strong>Wersalka posiada pojemniki na po\u015bciel, kt\u00f3ry zapewnia miejsce do przechowywania. System rozk\u0142adania klik- klak sprawia, \u017ce wersalka w \u0142atwy spos\u00f3b staje si\u0119 miejscem idealnym do spania.<\/strong><\/p>\n<p>&nbsp;<\/p>\n<table class=\"woocommerce-product-attributes shop_attributes\">\n<tbody>\n<tr class=\"woocommerce-product-attributes-item woocommerce-product-attributes-item--dimensions\">\n<th class=\"woocommerce-product-attributes-item__label\">Wymiary<\/th>\n<td class=\"woocommerce-product-attributes-item__value\">190 \u00d7 90 \u00d7 90 cm<\/td>\n<\/tr>\n<tr class=\"woocommerce-product-attributes-item woocommerce-product-attributes-item--attribute_pa_wysokosc-siedziska\">\n<th class=\"woocommerce-product-attributes-item__label\">Wysoko\u015b\u0107 siedziska<\/th>\n<td class=\"woocommerce-product-attributes-item__value\">40 cm<\/td>\n<\/tr>\n<tr class=\"woocommerce-product-attributes-item woocommerce-product-attributes-item--attribute_pa_powierzchnia-spania\">\n<th class=\"woocommerce-product-attributes-item__label\">Powierzchnia spania<\/th>\n<td class=\"woocommerce-product-attributes-item__value\">189\u00d7117 cm<\/td>\n<\/tr>\n<\/tbody>\n<\/table>\n<p>&nbsp;<\/p>\n<p><strong>Cena wersalki dotyczy tylko wykonanej z tkaniny Suedine!<\/strong><\/p>\n<p>&nbsp;<\/p>\n<p><strong>SZYBKA DOSTAWA W KOLORACH<\/strong>\u00a0:<br \/>\n06 -jasny szary<br \/>\n24- czarny<br \/>\n76- zielony<br \/>\n26- ciemny br\u0105z<br \/>\n29- jasny niebieski<br \/>\n20- \u017c\u00f3\u0142ty<\/p>\n<p>&nbsp;<\/p>\n<p><img fetchpriority=\"high\" decoding=\"async\" class=\"alignnone wp-image-1619 size-full\" src=\"https:\/\/prmeble.com.pl\/wp-content\/uploads\/2022\/07\/sueda-neu-2020rrr-1.jpg\" sizes=\"(max-width: 547px) 100vw, 547px\" srcset=\"https:\/\/prmeble.com.pl\/wp-content\/uploads\/2022\/07\/sueda-neu-2020rrr-1-263x300.jpg 263w, https:\/\/prmeble.com.pl\/wp-content\/uploads\/2022\/07\/sueda-neu-2020rrr-1-896x1024.jpg 896w, https:\/\/prmeble.com.pl\/wp-content\/uploads\/2022\/07\/sueda-neu-2020rrr-1-768x878.jpg 768w, https:\/\/prmeble.com.pl\/wp-content\/uploads\/2022\/07\/sueda-neu-2020rrr-1-1344x1536.jpg 1344w, https:\/\/prmeble.com.pl\/wp-content\/uploads\/2022\/07\/sueda-neu-2020rrr-1.jpg 1400w\" alt=\"\" width=\"1400\" height=\"1600\" \/><\/p>\n","protected":false},"excerpt":{"rendered":"<p>Wersalka \u0142\u0105cz\u0105c\u0105 w sobie wygod\u0119 oraz funkcjonalno\u015b\u0107 wykonana z najwy\u017cszej jako\u015bci materia\u0142\u00f3w z dba\u0142o\u015bci\u0105 o ka\u017cdy szczeg\u00f3\u0142. Do klienta nale\u017cy wyb\u00f3r materia\u0142u z jakiego mebel ma by\u0107 wykonany. W ofercie mamy szeroki zakres tkanin. Wersalk\u0119 wyprodukowano z wysokoelastycznej pianki. Za dop\u0142at\u0105 istnieje mo\u017cliwo\u015b\u0107 zastosowania spr\u0119\u017cyny falistej, poprawiaj\u0105cej komfort u\u017cytkowania. Wszystkie przeszycia s\u0105 w kolorze bia\u0142ym. Wersalka posiada pojemniki na po\u015bciel, kt\u00f3ry zapewnia miejsce do przechowywania. System rozk\u0142adania klik- klak sprawia, \u017ce wersalka w \u0142atwy spos\u00f3b staje si\u0119 miejscem idealnym do spania. &nbsp; Wymiary 190 \u00d7 90 \u00d7 90 cm Wysoko\u015b\u0107 siedziska 40 cm Powierzchnia spania 189\u00d7117 cm &nbsp; Cena wersalki dotyczy tylko wykonanej z tkaniny Suedine! &nbsp; SZYBKA DOSTAWA W KOLORACH\u00a0: 06 -jasny szary 24- czarny 76- zielony 26- ciemny br\u0105z 29- jasny niebieski 20- \u017c\u00f3\u0142ty &nbsp;<\/p>\n","protected":false},"featured_media":12809,"template":"","meta":[],"product_brand":[],"product_cat":[109,59],"product_tag":[],"class_list":{"0":"post-6547","1":"product","2":"type-product","3":"status-publish","4":"has-post-thumbnail","6":"product_cat-sofy-i-kanapy","7":"product_cat-wersalki","9":"first","10":"instock","11":"shipping-taxable","12":"purchasable","13":"product-type-simple"},"yoast_head":"<!-- This site is optimized with the Yoast SEO plugin v27.3 - https:\/\/yoast.com\/product\/yoast-seo-wordpress\/ -->\n<title>Wersalka Mila - PR MEBLE -tanie i dobre - polski producent - sklep meblowy<\/title>\n<meta name=\"robots\" content=\"index, follow, max-snippet:-1, max-image-preview:large, max-video-preview:-1\" \/>\n<link rel=\"canonical\" href=\"https:\/\/prmeble.com.pl\/?product=6547\" \/>\n<meta property=\"og:locale\" content=\"pl_PL\" \/>\n<meta property=\"og:type\" content=\"article\" \/>\n<meta property=\"og:title\" content=\"Wersalka Mila - PR MEBLE -tanie i dobre - polski producent - sklep meblowy\" \/>\n<meta property=\"og:description\" content=\"Wersalka \u0142\u0105cz\u0105c\u0105 w sobie wygod\u0119 oraz funkcjonalno\u015b\u0107 wykonana z najwy\u017cszej jako\u015bci materia\u0142\u00f3w z dba\u0142o\u015bci\u0105 o ka\u017cdy szczeg\u00f3\u0142. Do klienta nale\u017cy wyb\u00f3r materia\u0142u z jakiego mebel ma by\u0107 wykonany. W ofercie mamy szeroki zakres tkanin. Wersalk\u0119 wyprodukowano z wysokoelastycznej pianki. Za dop\u0142at\u0105 istnieje mo\u017cliwo\u015b\u0107 zastosowania spr\u0119\u017cyny falistej, poprawiaj\u0105cej komfort u\u017cytkowania. Wszystkie przeszycia s\u0105 w kolorze bia\u0142ym. Wersalka posiada pojemniki na po\u015bciel, kt\u00f3ry zapewnia miejsce do przechowywania. System rozk\u0142adania klik- klak sprawia, \u017ce wersalka w \u0142atwy spos\u00f3b staje si\u0119 miejscem idealnym do spania. &nbsp; Wymiary 190 \u00d7 90 \u00d7 90 cm Wysoko\u015b\u0107 siedziska 40 cm Powierzchnia spania 189\u00d7117 cm &nbsp; Cena wersalki dotyczy tylko wykonanej z tkaniny Suedine! &nbsp; SZYBKA DOSTAWA W KOLORACH\u00a0: 06 -jasny szary 24- czarny 76- zielony 26- ciemny br\u0105z 29- jasny niebieski 20- \u017c\u00f3\u0142ty &nbsp;\" \/>\n<meta property=\"og:url\" content=\"https:\/\/prmeble.com.pl\/?product=6547\" \/>\n<meta property=\"og:site_name\" content=\"PR MEBLE -tanie i dobre - polski producent - sklep meblowy\" \/>\n<meta property=\"article:publisher\" content=\"https:\/\/www.facebook.com\/PR-MEBLE-274934799714260\" \/>\n<meta property=\"article:modified_time\" content=\"2026-01-29T12:23:56+00:00\" \/>\n<meta property=\"og:image\" content=\"https:\/\/prmeble.com.pl\/wp-content\/uploads\/2024\/02\/WhatsApp-Image-2025-07-09-at-12.52.04.jpeg\" \/>\n\t<meta property=\"og:image:width\" content=\"1536\" \/>\n\t<meta property=\"og:image:height\" content=\"1024\" \/>\n\t<meta property=\"og:image:type\" content=\"image\/jpeg\" \/>\n<meta name=\"twitter:card\" content=\"summary_large_image\" \/>\n<meta name=\"twitter:label1\" content=\"Szacowany czas czytania\" \/>\n\t<meta name=\"twitter:data1\" content=\"2 minuty\" \/>\n<script type=\"application\/ld+json\" class=\"yoast-schema-graph\">{\"@context\":\"https:\\\/\\\/schema.org\",\"@graph\":[{\"@type\":\"WebPage\",\"@id\":\"https:\\\/\\\/prmeble.com.pl\\\/?product=6547\",\"url\":\"https:\\\/\\\/prmeble.com.pl\\\/?product=6547\",\"name\":\"Wersalka Mila - PR MEBLE -tanie i dobre - polski producent - sklep meblowy\",\"isPartOf\":{\"@id\":\"https:\\\/\\\/prmeble.com.pl\\\/#website\"},\"primaryImageOfPage\":{\"@id\":\"https:\\\/\\\/prmeble.com.pl\\\/?product=6547#primaryimage\"},\"image\":{\"@id\":\"https:\\\/\\\/prmeble.com.pl\\\/?product=6547#primaryimage\"},\"thumbnailUrl\":\"https:\\\/\\\/prmeble.com.pl\\\/wp-content\\\/uploads\\\/2024\\\/02\\\/WhatsApp-Image-2025-07-09-at-12.52.04.jpeg\",\"datePublished\":\"2024-02-03T08:32:50+00:00\",\"dateModified\":\"2026-01-29T12:23:56+00:00\",\"breadcrumb\":{\"@id\":\"https:\\\/\\\/prmeble.com.pl\\\/?product=6547#breadcrumb\"},\"inLanguage\":\"pl-PL\",\"potentialAction\":[{\"@type\":\"ReadAction\",\"target\":[\"https:\\\/\\\/prmeble.com.pl\\\/?product=6547\"]}]},{\"@type\":\"ImageObject\",\"inLanguage\":\"pl-PL\",\"@id\":\"https:\\\/\\\/prmeble.com.pl\\\/?product=6547#primaryimage\",\"url\":\"https:\\\/\\\/prmeble.com.pl\\\/wp-content\\\/uploads\\\/2024\\\/02\\\/WhatsApp-Image-2025-07-09-at-12.52.04.jpeg\",\"contentUrl\":\"https:\\\/\\\/prmeble.com.pl\\\/wp-content\\\/uploads\\\/2024\\\/02\\\/WhatsApp-Image-2025-07-09-at-12.52.04.jpeg\",\"width\":1536,\"height\":1024},{\"@type\":\"BreadcrumbList\",\"@id\":\"https:\\\/\\\/prmeble.com.pl\\\/?product=6547#breadcrumb\",\"itemListElement\":[{\"@type\":\"ListItem\",\"position\":1,\"name\":\"Strona g\u0142\u00f3wna\",\"item\":\"https:\\\/\\\/prmeble.com.pl\\\/\"},{\"@type\":\"ListItem\",\"position\":2,\"name\":\"Produkty\",\"item\":\"https:\\\/\\\/prmeble.com.pl\\\/?page_id=301\"},{\"@type\":\"ListItem\",\"position\":3,\"name\":\"Wersalka Mila\"}]},{\"@type\":\"WebSite\",\"@id\":\"https:\\\/\\\/prmeble.com.pl\\\/#website\",\"url\":\"https:\\\/\\\/prmeble.com.pl\\\/\",\"name\":\"Pr Meble\",\"description\":\"Tworzymy i sprzedajemy meble tapicerowane. W asortymencie mamy bardzo piekne i nowoczesne naro\u017cniki oraz modne kanapy.\",\"publisher\":{\"@id\":\"https:\\\/\\\/prmeble.com.pl\\\/#organization\"},\"potentialAction\":[{\"@type\":\"SearchAction\",\"target\":{\"@type\":\"EntryPoint\",\"urlTemplate\":\"https:\\\/\\\/prmeble.com.pl\\\/?s={search_term_string}\"},\"query-input\":{\"@type\":\"PropertyValueSpecification\",\"valueRequired\":true,\"valueName\":\"search_term_string\"}}],\"inLanguage\":\"pl-PL\"},{\"@type\":\"Organization\",\"@id\":\"https:\\\/\\\/prmeble.com.pl\\\/#organization\",\"name\":\"Prmeble\",\"url\":\"https:\\\/\\\/prmeble.com.pl\\\/\",\"logo\":{\"@type\":\"ImageObject\",\"inLanguage\":\"pl-PL\",\"@id\":\"https:\\\/\\\/prmeble.com.pl\\\/#\\\/schema\\\/logo\\\/image\\\/\",\"url\":\"https:\\\/\\\/prmeble.com.pl\\\/wp-content\\\/uploads\\\/2021\\\/10\\\/logo.jpg\",\"contentUrl\":\"https:\\\/\\\/prmeble.com.pl\\\/wp-content\\\/uploads\\\/2021\\\/10\\\/logo.jpg\",\"width\":550,\"height\":400,\"caption\":\"Prmeble\"},\"image\":{\"@id\":\"https:\\\/\\\/prmeble.com.pl\\\/#\\\/schema\\\/logo\\\/image\\\/\"},\"sameAs\":[\"https:\\\/\\\/www.facebook.com\\\/PR-MEBLE-274934799714260\"]}]}<\/script>\n<!-- \/ Yoast SEO plugin. -->","yoast_head_json":{"title":"Wersalka Mila - PR MEBLE -tanie i dobre - polski producent - sklep meblowy","robots":{"index":"index","follow":"follow","max-snippet":"max-snippet:-1","max-image-preview":"max-image-preview:large","max-video-preview":"max-video-preview:-1"},"canonical":"https:\/\/prmeble.com.pl\/?product=6547","og_locale":"pl_PL","og_type":"article","og_title":"Wersalka Mila - PR MEBLE -tanie i dobre - polski producent - sklep meblowy","og_description":"Wersalka \u0142\u0105cz\u0105c\u0105 w sobie wygod\u0119 oraz funkcjonalno\u015b\u0107 wykonana z najwy\u017cszej jako\u015bci materia\u0142\u00f3w z dba\u0142o\u015bci\u0105 o ka\u017cdy szczeg\u00f3\u0142. Do klienta nale\u017cy wyb\u00f3r materia\u0142u z jakiego mebel ma by\u0107 wykonany. W ofercie mamy szeroki zakres tkanin. Wersalk\u0119 wyprodukowano z wysokoelastycznej pianki. Za dop\u0142at\u0105 istnieje mo\u017cliwo\u015b\u0107 zastosowania spr\u0119\u017cyny falistej, poprawiaj\u0105cej komfort u\u017cytkowania. Wszystkie przeszycia s\u0105 w kolorze bia\u0142ym. Wersalka posiada pojemniki na po\u015bciel, kt\u00f3ry zapewnia miejsce do przechowywania. System rozk\u0142adania klik- klak sprawia, \u017ce wersalka w \u0142atwy spos\u00f3b staje si\u0119 miejscem idealnym do spania. &nbsp; Wymiary 190 \u00d7 90 \u00d7 90 cm Wysoko\u015b\u0107 siedziska 40 cm Powierzchnia spania 189\u00d7117 cm &nbsp; Cena wersalki dotyczy tylko wykonanej z tkaniny Suedine! &nbsp; SZYBKA DOSTAWA W KOLORACH\u00a0: 06 -jasny szary 24- czarny 76- zielony 26- ciemny br\u0105z 29- jasny niebieski 20- \u017c\u00f3\u0142ty &nbsp;","og_url":"https:\/\/prmeble.com.pl\/?product=6547","og_site_name":"PR MEBLE -tanie i dobre - polski producent - sklep meblowy","article_publisher":"https:\/\/www.facebook.com\/PR-MEBLE-274934799714260","article_modified_time":"2026-01-29T12:23:56+00:00","og_image":[{"width":1536,"height":1024,"url":"https:\/\/prmeble.com.pl\/wp-content\/uploads\/2024\/02\/WhatsApp-Image-2025-07-09-at-12.52.04.jpeg","type":"image\/jpeg"}],"twitter_card":"summary_large_image","twitter_misc":{"Szacowany czas czytania":"2 minuty"},"schema":{"@context":"https:\/\/schema.org","@graph":[{"@type":"WebPage","@id":"https:\/\/prmeble.com.pl\/?product=6547","url":"https:\/\/prmeble.com.pl\/?product=6547","name":"Wersalka Mila - PR MEBLE -tanie i dobre - polski producent - sklep meblowy","isPartOf":{"@id":"https:\/\/prmeble.com.pl\/#website"},"primaryImageOfPage":{"@id":"https:\/\/prmeble.com.pl\/?product=6547#primaryimage"},"image":{"@id":"https:\/\/prmeble.com.pl\/?product=6547#primaryimage"},"thumbnailUrl":"https:\/\/prmeble.com.pl\/wp-content\/uploads\/2024\/02\/WhatsApp-Image-2025-07-09-at-12.52.04.jpeg","datePublished":"2024-02-03T08:32:50+00:00","dateModified":"2026-01-29T12:23:56+00:00","breadcrumb":{"@id":"https:\/\/prmeble.com.pl\/?product=6547#breadcrumb"},"inLanguage":"pl-PL","potentialAction":[{"@type":"ReadAction","target":["https:\/\/prmeble.com.pl\/?product=6547"]}]},{"@type":"ImageObject","inLanguage":"pl-PL","@id":"https:\/\/prmeble.com.pl\/?product=6547#primaryimage","url":"https:\/\/prmeble.com.pl\/wp-content\/uploads\/2024\/02\/WhatsApp-Image-2025-07-09-at-12.52.04.jpeg","contentUrl":"https:\/\/prmeble.com.pl\/wp-content\/uploads\/2024\/02\/WhatsApp-Image-2025-07-09-at-12.52.04.jpeg","width":1536,"height":1024},{"@type":"BreadcrumbList","@id":"https:\/\/prmeble.com.pl\/?product=6547#breadcrumb","itemListElement":[{"@type":"ListItem","position":1,"name":"Strona g\u0142\u00f3wna","item":"https:\/\/prmeble.com.pl\/"},{"@type":"ListItem","position":2,"name":"Produkty","item":"https:\/\/prmeble.com.pl\/?page_id=301"},{"@type":"ListItem","position":3,"name":"Wersalka Mila"}]},{"@type":"WebSite","@id":"https:\/\/prmeble.com.pl\/#website","url":"https:\/\/prmeble.com.pl\/","name":"Pr Meble","description":"Tworzymy i sprzedajemy meble tapicerowane. W asortymencie mamy bardzo piekne i nowoczesne naro\u017cniki oraz modne kanapy.","publisher":{"@id":"https:\/\/prmeble.com.pl\/#organization"},"potentialAction":[{"@type":"SearchAction","target":{"@type":"EntryPoint","urlTemplate":"https:\/\/prmeble.com.pl\/?s={search_term_string}"},"query-input":{"@type":"PropertyValueSpecification","valueRequired":true,"valueName":"search_term_string"}}],"inLanguage":"pl-PL"},{"@type":"Organization","@id":"https:\/\/prmeble.com.pl\/#organization","name":"Prmeble","url":"https:\/\/prmeble.com.pl\/","logo":{"@type":"ImageObject","inLanguage":"pl-PL","@id":"https:\/\/prmeble.com.pl\/#\/schema\/logo\/image\/","url":"https:\/\/prmeble.com.pl\/wp-content\/uploads\/2021\/10\/logo.jpg","contentUrl":"https:\/\/prmeble.com.pl\/wp-content\/uploads\/2021\/10\/logo.jpg","width":550,"height":400,"caption":"Prmeble"},"image":{"@id":"https:\/\/prmeble.com.pl\/#\/schema\/logo\/image\/"},"sameAs":["https:\/\/www.facebook.com\/PR-MEBLE-274934799714260"]}]}},"total_sales":"2","_tax_status":"taxable","_tax_class":"","_manage_stock":"no","_backorders":"no","_sold_individually":"no","_virtual":"no","_downloadable":"no","_download_limit":"-1","_download_expiry":"-1","_stock":"","_stock_status":"instock","_wc_average_rating":"0","_wc_review_count":"0","_product_attributes":"","_product_version":"10.4.3","_wpcom_is_markdown":"","_edit_lock":"1753098113:1","_edit_last":"1","_thumbnail_id":"12809","_sku":"","_wp_page_template":"default","_last_editor_used_jetpack":"","_elementor_template_type":"","_elementor_version":"","_elementor_data":"","_yoast_wpseo_estimated-reading-time-minutes":"2","_yoast_wpseo_metadesc":"","_wp_old_slug":"","_yoast_wpseo_primary_product_cat":"59","_oembed_7eca53afccebf1f861dae06bfb2dfa8a":"","_oembed_time_7eca53afccebf1f861dae06bfb2dfa8a":"","_yoast_wpseo_wordproof_timestamp":"","_wc_gla_visibility":"sync-and-show","_wc_gla_synced_at":"1768532490","_wc_gla_sync_status":"pending","_wc_gla_google_ids":{"PL":"online:pl:PL:gla_6547"},"fb_product_group_id":"7040733409378136","_wc_facebook_commerce_enabled":"no","_yoast_wpseo_content_score":"90","_yoast_wpseo_focuskw":"","_yoast_wpseo_linkdex":"","_product_image_gallery":"6551,6552,6553,6554,6555,6556,6557,6558","_crosssell_ids":"","shopengine_product_views_count":"2592","_yoast_wpseo_primary_fb_product_set":"","xfgmc_google_product_category":"","xfgmc_identifier_exists":"default","xfgmc_adult":"off","xfgmc_condition":"default","_xfgmc_is_bundle":"default","_xfgmc_return_rule_label":"","xfgmc_custom_label_0":"","xfgmc_custom_label_1":"","xfgmc_custom_label_2":"","xfgmc_custom_label_3":"","xfgmc_custom_label_4":"","_price":"770","_eael_post_view_count":"2594","_regular_price":"870","_wc_facebook_sync_enabled":"yes","fb_visibility":"yes","fb_product_description":"","_wc_facebook_product_image_source":"product","wpr_secondary_image_id":"0","fb_product_item_id":"9461598563958263","_sale_price":"770","wp_statistics_words_count":"105","fb_rich_text_description":"","fb_product_video":[],"fb_brand":"","fb_mpn":"","_yoast_wpseo_primary_product_brand":"","_xmlsf_image_attached":{"loc":"https:\/\/prmeble.com.pl\/wp-content\/uploads\/2024\/02\/WhatsApp-Image-2025-07-09-at-12.52.04.jpeg","title":"WhatsApp Image 2025-07-09 at 12.52.04","caption":""},"_wc_gla_mc_status":"approved","_elementor_page_assets":[],"shopmagic_source_recipe":"","_wc_gla_errors":"","_weight":"","woo_inpost_shipping_methods_allowed":"","woo_inpost_parcel_dimensions":"","_wc_facebook_google_product_category":"436","_yoast_wpseo_title":"","_xfgmc_fb_product_category":"","_xfgmc_tax_category":"","_xfgmc_multipack":"","_xfgmc_shipping_label":"","_xfgmc_unit_pricing_measure":"","_xfgmc_unit_pricing_base_measure":"","_xfgmc_store_code":"","_xfgmc_min_handling_time":"","_xfgmc_max_handling_time":"","_wcpa_product_meta":"","wcpa_exclude_global_forms":"","_upsell_ids":"","_wp_old_date":"","_umb_fruugo_simple_title":"","_umb_fruugo_simple_desc":"","_umb_fruggo_id_type":"","_umb_fruugo_standard_code_val":"","_umb_fruugo_brand":"","_umb_fruugo_vat":"","_umb_fruugo_discount_price":"","_ced_increase_price_fruugo":"","_umb_fruugo_category":"","_ced_fruugo_language_section":"","_ced_fruugo_attributeSize":"","_ced_fruugo_attributeColor":"","_ced_fruugo_currency":"","_ced_fruugo_leadTime":"","_ced_fruugo_packageWeight":"","_ced_fruugo_attribute1":"","_ced_fruugo_attribute2":"","_ced_fruugo_attribute3":"","_ced_fruugo_attribute4":"","_ced_fruugo_attribute5":"","_ced_fruugo_attribute6":"","_ced_fruugo_attribute7":"","_ced_fruugo_attribute8":"","_ced_fruugo_attribute9":"","_ced_fruugo_attribute10":"","_yoast_wpseo_primary_item":"","_wp_trash_meta_status":"","_wp_trash_meta_time":"","_wp_desired_post_slug":"","_links":{"self":[{"href":"https:\/\/prmeble.com.pl\/index.php?rest_route=\/wp\/v2\/product\/6547","targetHints":{"allow":["GET"]}}],"collection":[{"href":"https:\/\/prmeble.com.pl\/index.php?rest_route=\/wp\/v2\/product"}],"about":[{"href":"https:\/\/prmeble.com.pl\/index.php?rest_route=\/wp\/v2\/types\/product"}],"version-history":[{"count":1,"href":"https:\/\/prmeble.com.pl\/index.php?rest_route=\/wp\/v2\/product\/6547\/revisions"}],"predecessor-version":[{"id":12146,"href":"https:\/\/prmeble.com.pl\/index.php?rest_route=\/wp\/v2\/product\/6547\/revisions\/12146"}],"wp:featuredmedia":[{"embeddable":true,"href":"https:\/\/prmeble.com.pl\/index.php?rest_route=\/wp\/v2\/media\/12809"}],"wp:attachment":[{"href":"https:\/\/prmeble.com.pl\/index.php?rest_route=%2Fwp%2Fv2%2Fmedia&parent=6547"}],"wp:term":[{"taxonomy":"product_brand","embeddable":true,"href":"https:\/\/prmeble.com.pl\/index.php?rest_route=%2Fwp%2Fv2%2Fproduct_brand&post=6547"},{"taxonomy":"product_cat","embeddable":true,"href":"https:\/\/prmeble.com.pl\/index.php?rest_route=%2Fwp%2Fv2%2Fproduct_cat&post=6547"},{"taxonomy":"product_tag","embeddable":true,"href":"https:\/\/prmeble.com.pl\/index.php?rest_route=%2Fwp%2Fv2%2Fproduct_tag&post=6547"}],"curies":[{"name":"wp","href":"https:\/\/api.w.org\/{rel}","templated":true}]}}