{"id":532,"date":"2021-11-02T12:58:28","date_gmt":"2021-11-02T11:58:28","guid":{"rendered":"http:\/\/wordpress2154236.home.pl\/sklep\/?post_type=product&#038;p=532"},"modified":"2026-01-29T12:58:55","modified_gmt":"2026-01-29T11:58:55","slug":"relax","status":"publish","type":"product","link":"https:\/\/prmeble.com.pl\/?product=relax","title":{"rendered":"Naro\u017cnik Relax"},"content":{"rendered":"<p><strong>Po ca\u0142ym dniu pe\u0142nym wyzwa\u0144 prywatnych i zawodowych, czas odpocz\u0105\u0107. Oddaj si\u0119 przyjemnej lekturze, zaparz sobie kaw\u0119 lub w\u0142\u0105cz telewizor i odetchnij. Doskona\u0142ym miejscem do relaksu jest naro\u017cnik Relax, kt\u00f3ry posiada mi\u0119kkie poduszki oparciowe i praktyczne pod\u0142okietniki \u2013 wymarzona strefa relaksu.\u00a0<\/strong><\/p>\n<p><strong>Co sprawia, \u017ce\u00a0naro\u017cnik w liter\u0119 \u201eL\u201d jest taki wygodny? Wype\u0142nieniem siedziska jest pianka lub spr\u0119\u017cyny bonell, kt\u00f3re zapewniaj\u0105 elastyczne dopasowanie do krzywizn cia\u0142a, a przez to optymalne podparcie. Na uwag\u0119 zas\u0142uguje tak\u017ce praktyczny pod\u0142okietnik, kt\u00f3ry pozwoli Ci wygodnie podeprze\u0107 rami\u0119.<\/strong><\/p>\n<p><strong>Naro\u017cnik z funkcj\u0105 spania rozk\u0142ada si\u0119 szybko i wygodnie. W ten spos\u00f3b w ci\u0105gu kilku chwil otrzymujesz powierzchni\u0119 spania. Tak przygotowane pos\u0142anie zmie\u015bci 2 doros\u0142e osoby lub 3 dzieci. Pojemnik na po\u015bciel to nieoceniona pomoc w przechowywaniu nie tylko ko\u0142dry czy poduszek, ale te\u017c odzie\u017cy sezonowej, na kt\u00f3r\u0105 zawsze brakuje miejsca w szafie.<\/strong><\/p>\n<p><strong>Naro\u017cnik Relax ju\u017c od pierwszego spojrzenia zach\u0119ca do odpoczynku. To za spraw\u0105 du\u017cych poduszek z ozdobnym pikowaniem. Nie mo\u017ce go zabrakn\u0105\u0107 w domowej strefie odpoczynku.<\/strong><\/p>\n<p><strong>Jego konstrukcja jest oparta na ramie z drewna, p\u0142yty wi\u00f3rowej oraz pil\u015bniowej.<\/strong><\/p>\n<p><strong>Jest uniwersalny, dzi\u0119ki czemu to ty wybierasz czy ma by\u0107 lewo czy prawostronny!<\/strong><\/p>\n<p><strong>Widoczne na zdj\u0119ciach poduszki s\u0105 w zestawie.<\/strong><\/p>\n<p>&nbsp;<\/p>\n<h2 style=\"text-align: left;\">Informacje:<\/h2>\n<ul>\n<li>Szeroko\u015b\u0107: <strong>245cm<\/strong><\/li>\n<li>D\u0142ugo\u015b\u0107: <strong>150 cm<\/strong><\/li>\n<li>wysoko\u015b\u0107\u00a0<strong>70 cm<\/strong><\/li>\n<li>Powierzchnia spania: <strong>135&#215;200 cm<\/strong><\/li>\n<\/ul>\n<h2 style=\"text-align: left;\">Cechy:<\/h2>\n<ul>\n<li>Funkcja spania,<\/li>\n<li>2x Pojemnik na po\u015bciel,<\/li>\n<li>Solidna i trwa\u0142a konstrukcja<\/li>\n<li>Strona naro\u017cnika uniwersalna: prawa \/ lewa<\/li>\n<li>Poduszki w zestawie z meblem<\/li>\n<li>Eleganckie n\u00f3\u017cki<\/li>\n<li>Kszta\u0142t litery L<\/li>\n<li>Nowoczesna forma<\/li>\n<\/ul>\n<p>&nbsp;<\/p>\n<p>&nbsp;<\/p>\n<p>Automat w systemie DL, kt\u00f3ry znacznie u\u0142atwia rozk\u0142adanie funkcji spania, a tak\u017ce zapewnia \u0142atwiejszy dost\u0119p do pojemnika na po\u015bciel.<br \/>\nSpr\u0119\u017cyny Bonell w siedzisku zamiast pianki, kt\u00f3re wp\u0142yn\u0105 znacznie na komfort u\u017cytkowania, swoim kszta\u0142tem przypominaj\u0105 klepsydry, dzi\u0119ki tak banalnemu rozwi\u0105zaniu spr\u0119\u017cyny bonell odporne s\u0105 na wi\u0119kszy nacisk<\/p>\n<p>&nbsp;<\/p>\n<p><b>DODATKOWE INFORMACJE:<\/b><\/p>\n<ul>\n<li>meble s\u0105 fabrycznie nowe, zapakowane w oryginalne opakowanie<\/li>\n<li>meble dostarczamy\u00a0 w paczkach, do samodzielnego monta\u017cu<\/li>\n<li>w zestawie za\u0142\u0105czona instrukcja monta\u017cu i wszystkie niezb\u0119dne elementy<\/li>\n<\/ul>\n<p>&nbsp;<\/p>\n<p>&nbsp;<\/p>\n<h3>Informacja o Dostawie:<\/h3>\n<p>Dostawa mebli odbywa si\u0119 w godzinach<strong>\u00a06:00 \u2013 23:00.<\/strong><br \/>\nKlient minimum\u00a0<strong>dzie\u0144 wcze\u015bniej otrzymuje wiadomo\u015b\u0107 sms<\/strong>\u00a0z dok\u0142adn\u0105 informacj\u0105 o przewidywanym czasie dostawy.<br \/>\nKierowca r\u00f3wnie\u017c\u00a0<strong>dzwoni<\/strong>\u00a0do klienta godzin\u0119 przed dostaw\u0105.<br \/>\nMeble dostarczane s\u0105 w paczkach do samodzielnego monta\u017cu i s\u0105 one oryginalnie zapakowane przez producenta.<br \/>\n<strong>Ze wzgl\u0119du na zdrowie naszych kierowc\u00f3w, nie maj\u0105 oni obowi\u0105zku ich wniesienia. W przypadku ch\u0119ci skorzystania z takiej us\u0142ugi, nale\u017cy ustali\u0107 szczeg\u00f3\u0142y bezpo\u015brednio z biurem lub w koszyku wybra\u0107 opcj\u0119 wniesienia<\/strong>\u00a0(Nie przy ka\u017cdym meblu jest ona dost\u0119pna).\u00a0<em><strong>Prosz\u0119 mie\u0107 na uwadze, \u017ce jest to us\u0142uga dodatkowo p\u0142atna.<\/strong><\/em><\/p>\n<p>&nbsp;<\/p>\n<h2><strong>Zach\u0119camy do zakupu!<\/strong><\/h2>\n","protected":false},"excerpt":{"rendered":"<p>Po ca\u0142ym dniu pe\u0142nym wyzwa\u0144 prywatnych i zawodowych, czas odpocz\u0105\u0107. Oddaj si\u0119 przyjemnej lekturze, zaparz sobie kaw\u0119 lub w\u0142\u0105cz telewizor i odetchnij. Doskona\u0142ym miejscem do relaksu jest naro\u017cnik Relax, kt\u00f3ry posiada mi\u0119kkie poduszki oparciowe i praktyczne pod\u0142okietniki \u2013 wymarzona strefa relaksu.\u00a0 Co sprawia, \u017ce\u00a0naro\u017cnik w liter\u0119 \u201eL\u201d jest taki wygodny? Wype\u0142nieniem siedziska jest pianka lub spr\u0119\u017cyny bonell, kt\u00f3re zapewniaj\u0105 elastyczne dopasowanie do krzywizn cia\u0142a, a przez to optymalne podparcie. Na uwag\u0119 zas\u0142uguje tak\u017ce praktyczny pod\u0142okietnik, kt\u00f3ry pozwoli Ci wygodnie podeprze\u0107 rami\u0119. Naro\u017cnik z funkcj\u0105 spania rozk\u0142ada si\u0119 szybko i wygodnie. W ten spos\u00f3b w ci\u0105gu kilku chwil otrzymujesz powierzchni\u0119 spania. Tak przygotowane pos\u0142anie zmie\u015bci 2 doros\u0142e osoby lub 3 dzieci. Pojemnik na po\u015bciel to nieoceniona pomoc w przechowywaniu nie tylko ko\u0142dry czy poduszek, ale te\u017c odzie\u017cy sezonowej, na kt\u00f3r\u0105 zawsze brakuje miejsca w szafie. Naro\u017cnik Relax ju\u017c od pierwszego spojrzenia zach\u0119ca do odpoczynku. To za spraw\u0105 du\u017cych poduszek z ozdobnym pikowaniem. Nie mo\u017ce go zabrakn\u0105\u0107 w domowej strefie odpoczynku. Jego konstrukcja jest oparta na ramie z drewna, p\u0142yty wi\u00f3rowej oraz pil\u015bniowej. Jest uniwersalny, dzi\u0119ki czemu to ty wybierasz czy ma by\u0107 lewo czy prawostronny! Widoczne na zdj\u0119ciach poduszki s\u0105 w zestawie. &nbsp; Informacje: Szeroko\u015b\u0107: 245cm D\u0142ugo\u015b\u0107: 150 cm wysoko\u015b\u0107\u00a070 cm Powierzchnia spania: 135&#215;200 cm Cechy: Funkcja spania, 2x Pojemnik na po\u015bciel, Solidna i trwa\u0142a konstrukcja Strona naro\u017cnika uniwersalna: prawa \/ lewa Poduszki w zestawie z meblem Eleganckie n\u00f3\u017cki Kszta\u0142t litery L Nowoczesna forma &nbsp; &nbsp; Automat w systemie DL, kt\u00f3ry znacznie u\u0142atwia rozk\u0142adanie funkcji spania, a tak\u017ce zapewnia \u0142atwiejszy dost\u0119p do pojemnika na po\u015bciel. Spr\u0119\u017cyny Bonell w siedzisku zamiast pianki, kt\u00f3re wp\u0142yn\u0105 znacznie na komfort u\u017cytkowania, swoim kszta\u0142tem przypominaj\u0105 klepsydry, dzi\u0119ki tak banalnemu rozwi\u0105zaniu spr\u0119\u017cyny bonell odporne s\u0105 na wi\u0119kszy nacisk &nbsp; DODATKOWE INFORMACJE: meble s\u0105 fabrycznie nowe, zapakowane w oryginalne opakowanie meble dostarczamy\u00a0 w paczkach, do samodzielnego monta\u017cu w zestawie za\u0142\u0105czona instrukcja monta\u017cu i wszystkie niezb\u0119dne elementy &nbsp; &nbsp; Informacja o Dostawie: Dostawa mebli odbywa si\u0119 w godzinach\u00a06:00 \u2013 23:00. Klient minimum\u00a0dzie\u0144 wcze\u015bniej otrzymuje wiadomo\u015b\u0107 sms\u00a0z dok\u0142adn\u0105 informacj\u0105 o przewidywanym czasie dostawy. Kierowca r\u00f3wnie\u017c\u00a0dzwoni\u00a0do klienta godzin\u0119 przed dostaw\u0105. Meble dostarczane s\u0105 w paczkach do samodzielnego monta\u017cu i s\u0105 one oryginalnie zapakowane przez producenta. Ze wzgl\u0119du na zdrowie naszych kierowc\u00f3w, nie maj\u0105 oni obowi\u0105zku ich wniesienia. W przypadku ch\u0119ci skorzystania z takiej us\u0142ugi, nale\u017cy ustali\u0107 szczeg\u00f3\u0142y bezpo\u015brednio z biurem lub w koszyku wybra\u0107 opcj\u0119 wniesienia\u00a0(Nie przy ka\u017cdym meblu jest ona dost\u0119pna).\u00a0Prosz\u0119 mie\u0107 na uwadze, \u017ce jest to us\u0142uga dodatkowo p\u0142atna. &nbsp; Zach\u0119camy do zakupu!<\/p>\n","protected":false},"featured_media":12596,"template":"","meta":[],"product_brand":[],"product_cat":[21],"product_tag":[100,90,101],"class_list":{"0":"post-532","1":"product","2":"type-product","3":"status-publish","4":"has-post-thumbnail","6":"product_cat-narozniki","7":"product_tag-l","8":"product_tag-naroznik-z-funkcja-spania","9":"product_tag-sredni","11":"first","12":"instock","13":"shipping-taxable","14":"purchasable","15":"product-type-simple"},"yoast_head":"<!-- This site is optimized with the Yoast SEO plugin v27.3 - https:\/\/yoast.com\/product\/yoast-seo-wordpress\/ -->\n<title>Naro\u017cnik Relax - PR MEBLE -tanie i dobre - polski producent - sklep meblowy<\/title>\n<meta name=\"description\" content=\"Naro\u017cnik wykonany na ramie z drewna. Materac stanowi wysokoelastyczna pianka. Posiada funkcj\u0119 spania, pojemnik na po\u015bciel i poduszki w zestawie.\" \/>\n<meta name=\"robots\" content=\"index, follow, max-snippet:-1, max-image-preview:large, max-video-preview:-1\" \/>\n<link rel=\"canonical\" href=\"https:\/\/prmeble.com.pl\/?product=relax\" \/>\n<meta property=\"og:locale\" content=\"pl_PL\" \/>\n<meta property=\"og:type\" content=\"article\" \/>\n<meta property=\"og:title\" content=\"Naro\u017cnik Relax - PR MEBLE -tanie i dobre - polski producent - sklep meblowy\" \/>\n<meta property=\"og:description\" content=\"Naro\u017cnik wykonany na ramie z drewna. Materac stanowi wysokoelastyczna pianka. Posiada funkcj\u0119 spania, pojemnik na po\u015bciel i poduszki w zestawie.\" \/>\n<meta property=\"og:url\" content=\"https:\/\/prmeble.com.pl\/?product=relax\" \/>\n<meta property=\"og:site_name\" content=\"PR MEBLE -tanie i dobre - polski producent - sklep meblowy\" \/>\n<meta property=\"article:publisher\" content=\"https:\/\/www.facebook.com\/PR-MEBLE-274934799714260\" \/>\n<meta property=\"article:modified_time\" content=\"2026-01-29T11:58:55+00:00\" \/>\n<meta property=\"og:image\" content=\"https:\/\/prmeble.com.pl\/wp-content\/uploads\/2021\/11\/ChatGPT-Image-7-lip-2025-14_31_05-1024x683.png\" \/>\n\t<meta property=\"og:image:width\" content=\"1024\" \/>\n\t<meta property=\"og:image:height\" content=\"683\" \/>\n\t<meta property=\"og:image:type\" content=\"image\/png\" \/>\n<meta name=\"twitter:card\" content=\"summary_large_image\" \/>\n<meta name=\"twitter:label1\" content=\"Szacowany czas czytania\" \/>\n\t<meta name=\"twitter:data1\" content=\"3 minuty\" \/>\n<script type=\"application\/ld+json\" class=\"yoast-schema-graph\">{\"@context\":\"https:\\\/\\\/schema.org\",\"@graph\":[{\"@type\":\"WebPage\",\"@id\":\"https:\\\/\\\/prmeble.com.pl\\\/?product=relax\",\"url\":\"https:\\\/\\\/prmeble.com.pl\\\/?product=relax\",\"name\":\"Naro\u017cnik Relax - PR MEBLE -tanie i dobre - polski producent - sklep meblowy\",\"isPartOf\":{\"@id\":\"https:\\\/\\\/prmeble.com.pl\\\/#website\"},\"primaryImageOfPage\":{\"@id\":\"https:\\\/\\\/prmeble.com.pl\\\/?product=relax#primaryimage\"},\"image\":{\"@id\":\"https:\\\/\\\/prmeble.com.pl\\\/?product=relax#primaryimage\"},\"thumbnailUrl\":\"https:\\\/\\\/prmeble.com.pl\\\/wp-content\\\/uploads\\\/2021\\\/11\\\/ChatGPT-Image-7-lip-2025-14_31_05.png\",\"datePublished\":\"2021-11-02T11:58:28+00:00\",\"dateModified\":\"2026-01-29T11:58:55+00:00\",\"description\":\"Naro\u017cnik wykonany na ramie z drewna. Materac stanowi wysokoelastyczna pianka. Posiada funkcj\u0119 spania, pojemnik na po\u015bciel i poduszki w zestawie.\",\"breadcrumb\":{\"@id\":\"https:\\\/\\\/prmeble.com.pl\\\/?product=relax#breadcrumb\"},\"inLanguage\":\"pl-PL\",\"potentialAction\":[{\"@type\":\"ReadAction\",\"target\":[\"https:\\\/\\\/prmeble.com.pl\\\/?product=relax\"]}]},{\"@type\":\"ImageObject\",\"inLanguage\":\"pl-PL\",\"@id\":\"https:\\\/\\\/prmeble.com.pl\\\/?product=relax#primaryimage\",\"url\":\"https:\\\/\\\/prmeble.com.pl\\\/wp-content\\\/uploads\\\/2021\\\/11\\\/ChatGPT-Image-7-lip-2025-14_31_05.png\",\"contentUrl\":\"https:\\\/\\\/prmeble.com.pl\\\/wp-content\\\/uploads\\\/2021\\\/11\\\/ChatGPT-Image-7-lip-2025-14_31_05.png\",\"width\":1536,\"height\":1024},{\"@type\":\"BreadcrumbList\",\"@id\":\"https:\\\/\\\/prmeble.com.pl\\\/?product=relax#breadcrumb\",\"itemListElement\":[{\"@type\":\"ListItem\",\"position\":1,\"name\":\"Strona g\u0142\u00f3wna\",\"item\":\"https:\\\/\\\/prmeble.com.pl\\\/\"},{\"@type\":\"ListItem\",\"position\":2,\"name\":\"Produkty\",\"item\":\"https:\\\/\\\/prmeble.com.pl\\\/?page_id=301\"},{\"@type\":\"ListItem\",\"position\":3,\"name\":\"Naro\u017cnik Relax\"}]},{\"@type\":\"WebSite\",\"@id\":\"https:\\\/\\\/prmeble.com.pl\\\/#website\",\"url\":\"https:\\\/\\\/prmeble.com.pl\\\/\",\"name\":\"Pr Meble\",\"description\":\"Tworzymy i sprzedajemy meble tapicerowane. W asortymencie mamy bardzo piekne i nowoczesne naro\u017cniki oraz modne kanapy.\",\"publisher\":{\"@id\":\"https:\\\/\\\/prmeble.com.pl\\\/#organization\"},\"potentialAction\":[{\"@type\":\"SearchAction\",\"target\":{\"@type\":\"EntryPoint\",\"urlTemplate\":\"https:\\\/\\\/prmeble.com.pl\\\/?s={search_term_string}\"},\"query-input\":{\"@type\":\"PropertyValueSpecification\",\"valueRequired\":true,\"valueName\":\"search_term_string\"}}],\"inLanguage\":\"pl-PL\"},{\"@type\":\"Organization\",\"@id\":\"https:\\\/\\\/prmeble.com.pl\\\/#organization\",\"name\":\"Prmeble\",\"url\":\"https:\\\/\\\/prmeble.com.pl\\\/\",\"logo\":{\"@type\":\"ImageObject\",\"inLanguage\":\"pl-PL\",\"@id\":\"https:\\\/\\\/prmeble.com.pl\\\/#\\\/schema\\\/logo\\\/image\\\/\",\"url\":\"https:\\\/\\\/prmeble.com.pl\\\/wp-content\\\/uploads\\\/2021\\\/10\\\/logo.jpg\",\"contentUrl\":\"https:\\\/\\\/prmeble.com.pl\\\/wp-content\\\/uploads\\\/2021\\\/10\\\/logo.jpg\",\"width\":550,\"height\":400,\"caption\":\"Prmeble\"},\"image\":{\"@id\":\"https:\\\/\\\/prmeble.com.pl\\\/#\\\/schema\\\/logo\\\/image\\\/\"},\"sameAs\":[\"https:\\\/\\\/www.facebook.com\\\/PR-MEBLE-274934799714260\"]}]}<\/script>\n<!-- \/ Yoast SEO plugin. -->","yoast_head_json":{"title":"Naro\u017cnik Relax - PR MEBLE -tanie i dobre - polski producent - sklep meblowy","description":"Naro\u017cnik wykonany na ramie z drewna. Materac stanowi wysokoelastyczna pianka. Posiada funkcj\u0119 spania, pojemnik na po\u015bciel i poduszki w zestawie.","robots":{"index":"index","follow":"follow","max-snippet":"max-snippet:-1","max-image-preview":"max-image-preview:large","max-video-preview":"max-video-preview:-1"},"canonical":"https:\/\/prmeble.com.pl\/?product=relax","og_locale":"pl_PL","og_type":"article","og_title":"Naro\u017cnik Relax - PR MEBLE -tanie i dobre - polski producent - sklep meblowy","og_description":"Naro\u017cnik wykonany na ramie z drewna. Materac stanowi wysokoelastyczna pianka. Posiada funkcj\u0119 spania, pojemnik na po\u015bciel i poduszki w zestawie.","og_url":"https:\/\/prmeble.com.pl\/?product=relax","og_site_name":"PR MEBLE -tanie i dobre - polski producent - sklep meblowy","article_publisher":"https:\/\/www.facebook.com\/PR-MEBLE-274934799714260","article_modified_time":"2026-01-29T11:58:55+00:00","og_image":[{"width":1024,"height":683,"url":"https:\/\/prmeble.com.pl\/wp-content\/uploads\/2021\/11\/ChatGPT-Image-7-lip-2025-14_31_05-1024x683.png","type":"image\/png"}],"twitter_card":"summary_large_image","twitter_misc":{"Szacowany czas czytania":"3 minuty"},"schema":{"@context":"https:\/\/schema.org","@graph":[{"@type":"WebPage","@id":"https:\/\/prmeble.com.pl\/?product=relax","url":"https:\/\/prmeble.com.pl\/?product=relax","name":"Naro\u017cnik Relax - PR MEBLE -tanie i dobre - polski producent - sklep meblowy","isPartOf":{"@id":"https:\/\/prmeble.com.pl\/#website"},"primaryImageOfPage":{"@id":"https:\/\/prmeble.com.pl\/?product=relax#primaryimage"},"image":{"@id":"https:\/\/prmeble.com.pl\/?product=relax#primaryimage"},"thumbnailUrl":"https:\/\/prmeble.com.pl\/wp-content\/uploads\/2021\/11\/ChatGPT-Image-7-lip-2025-14_31_05.png","datePublished":"2021-11-02T11:58:28+00:00","dateModified":"2026-01-29T11:58:55+00:00","description":"Naro\u017cnik wykonany na ramie z drewna. Materac stanowi wysokoelastyczna pianka. Posiada funkcj\u0119 spania, pojemnik na po\u015bciel i poduszki w zestawie.","breadcrumb":{"@id":"https:\/\/prmeble.com.pl\/?product=relax#breadcrumb"},"inLanguage":"pl-PL","potentialAction":[{"@type":"ReadAction","target":["https:\/\/prmeble.com.pl\/?product=relax"]}]},{"@type":"ImageObject","inLanguage":"pl-PL","@id":"https:\/\/prmeble.com.pl\/?product=relax#primaryimage","url":"https:\/\/prmeble.com.pl\/wp-content\/uploads\/2021\/11\/ChatGPT-Image-7-lip-2025-14_31_05.png","contentUrl":"https:\/\/prmeble.com.pl\/wp-content\/uploads\/2021\/11\/ChatGPT-Image-7-lip-2025-14_31_05.png","width":1536,"height":1024},{"@type":"BreadcrumbList","@id":"https:\/\/prmeble.com.pl\/?product=relax#breadcrumb","itemListElement":[{"@type":"ListItem","position":1,"name":"Strona g\u0142\u00f3wna","item":"https:\/\/prmeble.com.pl\/"},{"@type":"ListItem","position":2,"name":"Produkty","item":"https:\/\/prmeble.com.pl\/?page_id=301"},{"@type":"ListItem","position":3,"name":"Naro\u017cnik Relax"}]},{"@type":"WebSite","@id":"https:\/\/prmeble.com.pl\/#website","url":"https:\/\/prmeble.com.pl\/","name":"Pr Meble","description":"Tworzymy i sprzedajemy meble tapicerowane. W asortymencie mamy bardzo piekne i nowoczesne naro\u017cniki oraz modne kanapy.","publisher":{"@id":"https:\/\/prmeble.com.pl\/#organization"},"potentialAction":[{"@type":"SearchAction","target":{"@type":"EntryPoint","urlTemplate":"https:\/\/prmeble.com.pl\/?s={search_term_string}"},"query-input":{"@type":"PropertyValueSpecification","valueRequired":true,"valueName":"search_term_string"}}],"inLanguage":"pl-PL"},{"@type":"Organization","@id":"https:\/\/prmeble.com.pl\/#organization","name":"Prmeble","url":"https:\/\/prmeble.com.pl\/","logo":{"@type":"ImageObject","inLanguage":"pl-PL","@id":"https:\/\/prmeble.com.pl\/#\/schema\/logo\/image\/","url":"https:\/\/prmeble.com.pl\/wp-content\/uploads\/2021\/10\/logo.jpg","contentUrl":"https:\/\/prmeble.com.pl\/wp-content\/uploads\/2021\/10\/logo.jpg","width":550,"height":400,"caption":"Prmeble"},"image":{"@id":"https:\/\/prmeble.com.pl\/#\/schema\/logo\/image\/"},"sameAs":["https:\/\/www.facebook.com\/PR-MEBLE-274934799714260"]}]}},"total_sales":"296","_tax_status":"taxable","_tax_class":"","_manage_stock":"no","_backorders":"no","_sold_individually":"no","_virtual":"no","_downloadable":"no","_download_limit":"-1","_download_expiry":"-1","_stock":"","_stock_status":"instock","_wc_average_rating":"0","_wc_review_count":"0","_product_attributes":"","_product_version":"10.4.3","_wpcom_is_markdown":"","_edit_lock":"1751896334:1","_edit_last":"1","_thumbnail_id":"12596","_sku":"","_wp_page_template":"default","_last_editor_used_jetpack":"classic-editor","_elementor_template_type":"wp-post","_elementor_version":"3.4.7","_elementor_data":"","_yoast_wpseo_estimated-reading-time-minutes":"3","_yoast_wpseo_metadesc":"Naro\u017cnik wykonany na ramie z drewna. Materac stanowi wysokoelastyczna pianka. Posiada funkcj\u0119 spania, pojemnik na po\u015bciel i poduszki w zestawie.","_wp_old_slug":"naroznik-relax","_yoast_wpseo_primary_product_cat":"21","_oembed_7eca53afccebf1f861dae06bfb2dfa8a":"","_oembed_time_7eca53afccebf1f861dae06bfb2dfa8a":"","_yoast_wpseo_wordproof_timestamp":"","_wc_gla_visibility":"sync-and-show","_wc_gla_synced_at":"1748260262","_wc_gla_sync_status":"pending","_wc_gla_google_ids":{"PL":"online:pl:PL:gla_532"},"fb_product_group_id":"8385738928111119","_wc_facebook_commerce_enabled":"no","_yoast_wpseo_content_score":"90","_yoast_wpseo_focuskw":"Naro\u017cnik Relax","_yoast_wpseo_linkdex":"73","_product_image_gallery":"4411,4588,4702,5901,4428,4792,4793,5900,4794,4862,5899,7298,7297,2299,2300,2301,2302,2303,2304,2308","_crosssell_ids":"","shopengine_product_views_count":"53312","_yoast_wpseo_primary_fb_product_set":"","xfgmc_google_product_category":"","xfgmc_identifier_exists":"default","xfgmc_adult":"off","xfgmc_condition":"default","_xfgmc_is_bundle":"default","_xfgmc_return_rule_label":"","xfgmc_custom_label_0":"","xfgmc_custom_label_1":"","xfgmc_custom_label_2":"","xfgmc_custom_label_3":"","xfgmc_custom_label_4":"","_price":"1280","_eael_post_view_count":"45422","_regular_price":"1280","_wc_facebook_sync_enabled":"yes","fb_visibility":"yes","fb_product_description":"","_wc_facebook_product_image_source":"product","wpr_secondary_image_id":"0","fb_product_item_id":"8385739281444417","_sale_price":"","wp_statistics_words_count":"379","fb_rich_text_description":"","fb_product_video":[],"fb_brand":"","fb_mpn":"","_yoast_wpseo_primary_product_brand":"","_xmlsf_image_attached":{"loc":"https:\/\/prmeble.com.pl\/wp-content\/uploads\/2021\/11\/ChatGPT-Image-7-lip-2025-14_31_05.png","title":"ChatGPT Image 7 lip 2025, 14_31_05","caption":""},"_wc_gla_mc_status":"approved","_elementor_page_assets":[],"shopmagic_source_recipe":"","_wc_gla_errors":["[salePrice.value] Product must have a valid price and currency."],"_weight":"","woo_inpost_shipping_methods_allowed":"","woo_inpost_parcel_dimensions":"","_wc_facebook_google_product_category":"","_yoast_wpseo_title":"","_xfgmc_fb_product_category":"","_xfgmc_tax_category":"","_xfgmc_multipack":"","_xfgmc_shipping_label":"","_xfgmc_unit_pricing_measure":"","_xfgmc_unit_pricing_base_measure":"","_xfgmc_store_code":"","_xfgmc_min_handling_time":"","_xfgmc_max_handling_time":"","_wcpa_product_meta":"","wcpa_exclude_global_forms":"","_upsell_ids":"","_wp_old_date":"","_umb_fruugo_simple_title":"","_umb_fruugo_simple_desc":"","_umb_fruggo_id_type":"","_umb_fruugo_standard_code_val":"","_umb_fruugo_brand":"","_umb_fruugo_vat":"","_umb_fruugo_discount_price":"","_ced_increase_price_fruugo":"","_umb_fruugo_category":"","_ced_fruugo_language_section":"","_ced_fruugo_attributeSize":"","_ced_fruugo_attributeColor":"","_ced_fruugo_currency":"","_ced_fruugo_leadTime":"","_ced_fruugo_packageWeight":"","_ced_fruugo_attribute1":"","_ced_fruugo_attribute2":"","_ced_fruugo_attribute3":"","_ced_fruugo_attribute4":"","_ced_fruugo_attribute5":"","_ced_fruugo_attribute6":"","_ced_fruugo_attribute7":"","_ced_fruugo_attribute8":"","_ced_fruugo_attribute9":"","_ced_fruugo_attribute10":"","_yoast_wpseo_primary_item":"","_wp_trash_meta_status":"","_wp_trash_meta_time":"","_wp_desired_post_slug":"","_links":{"self":[{"href":"https:\/\/prmeble.com.pl\/index.php?rest_route=\/wp\/v2\/product\/532","targetHints":{"allow":["GET"]}}],"collection":[{"href":"https:\/\/prmeble.com.pl\/index.php?rest_route=\/wp\/v2\/product"}],"about":[{"href":"https:\/\/prmeble.com.pl\/index.php?rest_route=\/wp\/v2\/types\/product"}],"version-history":[{"count":2,"href":"https:\/\/prmeble.com.pl\/index.php?rest_route=\/wp\/v2\/product\/532\/revisions"}],"predecessor-version":[{"id":12213,"href":"https:\/\/prmeble.com.pl\/index.php?rest_route=\/wp\/v2\/product\/532\/revisions\/12213"}],"wp:featuredmedia":[{"embeddable":true,"href":"https:\/\/prmeble.com.pl\/index.php?rest_route=\/wp\/v2\/media\/12596"}],"wp:attachment":[{"href":"https:\/\/prmeble.com.pl\/index.php?rest_route=%2Fwp%2Fv2%2Fmedia&parent=532"}],"wp:term":[{"taxonomy":"product_brand","embeddable":true,"href":"https:\/\/prmeble.com.pl\/index.php?rest_route=%2Fwp%2Fv2%2Fproduct_brand&post=532"},{"taxonomy":"product_cat","embeddable":true,"href":"https:\/\/prmeble.com.pl\/index.php?rest_route=%2Fwp%2Fv2%2Fproduct_cat&post=532"},{"taxonomy":"product_tag","embeddable":true,"href":"https:\/\/prmeble.com.pl\/index.php?rest_route=%2Fwp%2Fv2%2Fproduct_tag&post=532"}],"curies":[{"name":"wp","href":"https:\/\/api.w.org\/{rel}","templated":true}]}}