{"id":4532,"date":"2023-05-26T13:50:06","date_gmt":"2023-05-26T11:50:06","guid":{"rendered":"https:\/\/prmeble.com.pl\/?post_type=product&#038;p=4532"},"modified":"2026-01-29T12:58:52","modified_gmt":"2026-01-29T11:58:52","slug":"naroznik-mateo","status":"publish","type":"product","link":"https:\/\/prmeble.com.pl\/?product=naroznik-mateo","title":{"rendered":"Naro\u017cnik Mateo"},"content":{"rendered":"<p><strong>Naro\u017cnik Mateo to starannie zaprojektowany mebel wyr\u00f3\u017cniaj\u0105cy si\u0119 du\u017c\u0105 dba\u0142o\u015bci\u0105 o detale. Doskonale sprawdzi si\u0119 podczas aran\u017cacji niepowtarzalnej strefy komfortu. Zapewni zas\u0142u\u017cony odpoczynek po ci\u0119\u017ckim dniu i od\u015bwie\u017cy ka\u017cde wn\u0119trze. Dzi\u0119ki swojej subtelnej, a zarazem nowoczesnej formie zwraca uwag\u0119 u\u017cytkownik\u00f3w. Naro\u017cnik Mateo jest niezwykle funkcjonalny, wygodny i praktyczny.\u00a0 Mebel posiada wbudowany pojemnik na po\u015bciel. Wygod\u0119 u\u017cytkowania zapewniaj\u0105 spr\u0119\u017cyny bonell, kt\u00f3re s\u0105 za dop\u0142at\u0105, jak i pianka wysokoelastyczna w wype\u0142niaj\u0105ca siedzisko. Dzi\u0119ki n\u00f3\u017ckom mebel zyskuje lekko\u015bci i industrialnego charakteru. Dost\u0119pno\u015b\u0107 wielu kolor\u00f3w i tkanin sprawia, \u017ce z \u0142atwo\u015bci\u0105 dopasujemy wygl\u0105d naro\u017cnika swojego gustu.<\/strong><\/p>\n<p>&nbsp;<\/p>\n<p>WYMIARY:<br \/>\nSzeroko\u015b\u0107 z bokami &#8211; 235 cm<br \/>\nSzeroko\u015b\u0107 bez bok\u00f3w 200cm<br \/>\nG\u0142\u0119boko\u015b\u0107 135 cm<br \/>\nPowierzchnia spania ; 200 x 135 cm<\/p>\n<p>&nbsp;<\/p>\n<p><b>DODATKOWE INFORMACJE:<\/b><\/p>\n<ul>\n<li>meble s\u0105 fabrycznie nowe, zapakowane w oryginalne opakowanie<\/li>\n<li>meble dostarczamy\u00a0 w paczkach, do samodzielnego monta\u017cu<\/li>\n<li>w zestawie za\u0142\u0105czona instrukcja monta\u017cu i wszystkie niezb\u0119dne elementy<\/li>\n<\/ul>\n<p>&nbsp;<\/p>\n<p>&nbsp;<\/p>\n<h3>Informacja o Dostawie:<\/h3>\n<p>Dostawa mebli odbywa si\u0119 w godzinach<strong>\u00a06:00 \u2013 23:00.<\/strong><br \/>\nKlient minimum\u00a0<strong>dzie\u0144 wcze\u015bniej otrzymuje wiadomo\u015b\u0107 sms<\/strong>\u00a0z dok\u0142adn\u0105 informacj\u0105 o przewidywanym czasie dostawy.<br \/>\nKierowca r\u00f3wnie\u017c\u00a0<strong>dzwoni<\/strong>\u00a0do klienta godzin\u0119 przed dostaw\u0105.<br \/>\nMeble dostarczane s\u0105 w paczkach do samodzielnego monta\u017cu i s\u0105 one oryginalnie zapakowane przez producenta.<br \/>\n<strong>Ze wzgl\u0119du na zdrowie naszych kierowc\u00f3w, nie maj\u0105 oni obowi\u0105zku ich wniesienia. W przypadku ch\u0119ci skorzystania z takiej us\u0142ugi, nale\u017cy ustali\u0107 szczeg\u00f3\u0142y bezpo\u015brednio z biurem lub w koszyku wybra\u0107 opcj\u0119 wniesienia<\/strong>\u00a0(Nie przy ka\u017cdym meblu jest ona dost\u0119pna).\u00a0<em><strong>Prosz\u0119 mie\u0107 na uwadze, \u017ce jest to us\u0142uga dodatkowo p\u0142atna.<\/strong><\/em><\/p>\n<p>&nbsp;<\/p>\n<h2><strong>Zach\u0119camy do zakupu!<\/strong><\/h2>\n","protected":false},"excerpt":{"rendered":"<p>Naro\u017cnik Mateo to starannie zaprojektowany mebel wyr\u00f3\u017cniaj\u0105cy si\u0119 du\u017c\u0105 dba\u0142o\u015bci\u0105 o detale. Doskonale sprawdzi si\u0119 podczas aran\u017cacji niepowtarzalnej strefy komfortu. Zapewni zas\u0142u\u017cony odpoczynek po ci\u0119\u017ckim dniu i od\u015bwie\u017cy ka\u017cde wn\u0119trze. Dzi\u0119ki swojej subtelnej, a zarazem nowoczesnej formie zwraca uwag\u0119 u\u017cytkownik\u00f3w. Naro\u017cnik Mateo jest niezwykle funkcjonalny, wygodny i praktyczny.\u00a0 Mebel posiada wbudowany pojemnik na po\u015bciel. Wygod\u0119 u\u017cytkowania zapewniaj\u0105 spr\u0119\u017cyny bonell, kt\u00f3re s\u0105 za dop\u0142at\u0105, jak i pianka wysokoelastyczna w wype\u0142niaj\u0105ca siedzisko. Dzi\u0119ki n\u00f3\u017ckom mebel zyskuje lekko\u015bci i industrialnego charakteru. Dost\u0119pno\u015b\u0107 wielu kolor\u00f3w i tkanin sprawia, \u017ce z \u0142atwo\u015bci\u0105 dopasujemy wygl\u0105d naro\u017cnika swojego gustu. &nbsp; WYMIARY: Szeroko\u015b\u0107 z bokami &#8211; 235 cm Szeroko\u015b\u0107 bez bok\u00f3w 200cm G\u0142\u0119boko\u015b\u0107 135 cm Powierzchnia spania ; 200 x 135 cm &nbsp; DODATKOWE INFORMACJE: meble s\u0105 fabrycznie nowe, zapakowane w oryginalne opakowanie meble dostarczamy\u00a0 w paczkach, do samodzielnego monta\u017cu w zestawie za\u0142\u0105czona instrukcja monta\u017cu i wszystkie niezb\u0119dne elementy &nbsp; &nbsp; Informacja o Dostawie: Dostawa mebli odbywa si\u0119 w godzinach\u00a06:00 \u2013 23:00. Klient minimum\u00a0dzie\u0144 wcze\u015bniej otrzymuje wiadomo\u015b\u0107 sms\u00a0z dok\u0142adn\u0105 informacj\u0105 o przewidywanym czasie dostawy. Kierowca r\u00f3wnie\u017c\u00a0dzwoni\u00a0do klienta godzin\u0119 przed dostaw\u0105. Meble dostarczane s\u0105 w paczkach do samodzielnego monta\u017cu i s\u0105 one oryginalnie zapakowane przez producenta. Ze wzgl\u0119du na zdrowie naszych kierowc\u00f3w, nie maj\u0105 oni obowi\u0105zku ich wniesienia. W przypadku ch\u0119ci skorzystania z takiej us\u0142ugi, nale\u017cy ustali\u0107 szczeg\u00f3\u0142y bezpo\u015brednio z biurem lub w koszyku wybra\u0107 opcj\u0119 wniesienia\u00a0(Nie przy ka\u017cdym meblu jest ona dost\u0119pna).\u00a0Prosz\u0119 mie\u0107 na uwadze, \u017ce jest to us\u0142uga dodatkowo p\u0142atna. &nbsp; Zach\u0119camy do zakupu!<\/p>\n","protected":false},"featured_media":12914,"template":"","meta":[],"product_brand":[],"product_cat":[21],"product_tag":[100,90,101],"class_list":{"0":"post-4532","1":"product","2":"type-product","3":"status-publish","4":"has-post-thumbnail","6":"product_cat-narozniki","7":"product_tag-l","8":"product_tag-naroznik-z-funkcja-spania","9":"product_tag-sredni","11":"first","12":"instock","13":"sale","14":"shipping-taxable","15":"purchasable","16":"product-type-variable","17":"rtwpvs-product"},"yoast_head":"<!-- This site is optimized with the Yoast SEO plugin v27.3 - https:\/\/yoast.com\/product\/yoast-seo-wordpress\/ -->\n<title>Naro\u017cnik Mateo - PR MEBLE -tanie i dobre - polski producent - sklep meblowy<\/title>\n<meta name=\"description\" content=\"Naro\u017cnik Mateo to starannie zaprojektowany mebel wyr\u00f3\u017cniaj\u0105cy si\u0119 du\u017c\u0105 dba\u0142o\u015bci\u0105 o detale. Doskonale sprawdzi si\u0119 podczas aran\u017cacji niepowtarzalnej strefy.\" \/>\n<meta name=\"robots\" content=\"index, follow, max-snippet:-1, max-image-preview:large, max-video-preview:-1\" \/>\n<link rel=\"canonical\" href=\"https:\/\/prmeble.com.pl\/?product=naroznik-mateo\" \/>\n<meta property=\"og:locale\" content=\"pl_PL\" \/>\n<meta property=\"og:type\" content=\"article\" \/>\n<meta property=\"og:title\" content=\"Naro\u017cnik Mateo - PR MEBLE -tanie i dobre - polski producent - sklep meblowy\" \/>\n<meta property=\"og:description\" content=\"Naro\u017cnik Mateo to starannie zaprojektowany mebel wyr\u00f3\u017cniaj\u0105cy si\u0119 du\u017c\u0105 dba\u0142o\u015bci\u0105 o detale. Doskonale sprawdzi si\u0119 podczas aran\u017cacji niepowtarzalnej strefy.\" \/>\n<meta property=\"og:url\" content=\"https:\/\/prmeble.com.pl\/?product=naroznik-mateo\" \/>\n<meta property=\"og:site_name\" content=\"PR MEBLE -tanie i dobre - polski producent - sklep meblowy\" \/>\n<meta property=\"article:publisher\" content=\"https:\/\/www.facebook.com\/PR-MEBLE-274934799714260\" \/>\n<meta property=\"article:modified_time\" content=\"2026-01-29T11:58:52+00:00\" \/>\n<meta property=\"og:image\" content=\"https:\/\/prmeble.com.pl\/wp-content\/uploads\/2023\/05\/WhatsApp-Image-2025-07-31-at-15.18.33-1.jpeg\" \/>\n\t<meta property=\"og:image:width\" content=\"1536\" \/>\n\t<meta property=\"og:image:height\" content=\"1024\" \/>\n\t<meta property=\"og:image:type\" content=\"image\/jpeg\" \/>\n<meta name=\"twitter:card\" content=\"summary_large_image\" \/>\n<meta name=\"twitter:label1\" content=\"Szacowany czas czytania\" \/>\n\t<meta name=\"twitter:data1\" content=\"2 minuty\" \/>\n<script type=\"application\/ld+json\" class=\"yoast-schema-graph\">{\"@context\":\"https:\\\/\\\/schema.org\",\"@graph\":[{\"@type\":\"WebPage\",\"@id\":\"https:\\\/\\\/prmeble.com.pl\\\/?product=naroznik-mateo\",\"url\":\"https:\\\/\\\/prmeble.com.pl\\\/?product=naroznik-mateo\",\"name\":\"Naro\u017cnik Mateo - PR MEBLE -tanie i dobre - polski producent - sklep meblowy\",\"isPartOf\":{\"@id\":\"https:\\\/\\\/prmeble.com.pl\\\/#website\"},\"primaryImageOfPage\":{\"@id\":\"https:\\\/\\\/prmeble.com.pl\\\/?product=naroznik-mateo#primaryimage\"},\"image\":{\"@id\":\"https:\\\/\\\/prmeble.com.pl\\\/?product=naroznik-mateo#primaryimage\"},\"thumbnailUrl\":\"https:\\\/\\\/prmeble.com.pl\\\/wp-content\\\/uploads\\\/2023\\\/05\\\/WhatsApp-Image-2025-07-31-at-15.18.33-1.jpeg\",\"datePublished\":\"2023-05-26T11:50:06+00:00\",\"dateModified\":\"2026-01-29T11:58:52+00:00\",\"description\":\"Naro\u017cnik Mateo to starannie zaprojektowany mebel wyr\u00f3\u017cniaj\u0105cy si\u0119 du\u017c\u0105 dba\u0142o\u015bci\u0105 o detale. Doskonale sprawdzi si\u0119 podczas aran\u017cacji niepowtarzalnej strefy.\",\"breadcrumb\":{\"@id\":\"https:\\\/\\\/prmeble.com.pl\\\/?product=naroznik-mateo#breadcrumb\"},\"inLanguage\":\"pl-PL\",\"potentialAction\":[{\"@type\":\"ReadAction\",\"target\":[\"https:\\\/\\\/prmeble.com.pl\\\/?product=naroznik-mateo\"]}]},{\"@type\":\"ImageObject\",\"inLanguage\":\"pl-PL\",\"@id\":\"https:\\\/\\\/prmeble.com.pl\\\/?product=naroznik-mateo#primaryimage\",\"url\":\"https:\\\/\\\/prmeble.com.pl\\\/wp-content\\\/uploads\\\/2023\\\/05\\\/WhatsApp-Image-2025-07-31-at-15.18.33-1.jpeg\",\"contentUrl\":\"https:\\\/\\\/prmeble.com.pl\\\/wp-content\\\/uploads\\\/2023\\\/05\\\/WhatsApp-Image-2025-07-31-at-15.18.33-1.jpeg\",\"width\":1536,\"height\":1024},{\"@type\":\"BreadcrumbList\",\"@id\":\"https:\\\/\\\/prmeble.com.pl\\\/?product=naroznik-mateo#breadcrumb\",\"itemListElement\":[{\"@type\":\"ListItem\",\"position\":1,\"name\":\"Strona g\u0142\u00f3wna\",\"item\":\"https:\\\/\\\/prmeble.com.pl\\\/\"},{\"@type\":\"ListItem\",\"position\":2,\"name\":\"Produkty\",\"item\":\"https:\\\/\\\/prmeble.com.pl\\\/?page_id=301\"},{\"@type\":\"ListItem\",\"position\":3,\"name\":\"Naro\u017cnik Mateo\"}]},{\"@type\":\"WebSite\",\"@id\":\"https:\\\/\\\/prmeble.com.pl\\\/#website\",\"url\":\"https:\\\/\\\/prmeble.com.pl\\\/\",\"name\":\"Pr Meble\",\"description\":\"Tworzymy i sprzedajemy meble tapicerowane. W asortymencie mamy bardzo piekne i nowoczesne naro\u017cniki oraz modne kanapy.\",\"publisher\":{\"@id\":\"https:\\\/\\\/prmeble.com.pl\\\/#organization\"},\"potentialAction\":[{\"@type\":\"SearchAction\",\"target\":{\"@type\":\"EntryPoint\",\"urlTemplate\":\"https:\\\/\\\/prmeble.com.pl\\\/?s={search_term_string}\"},\"query-input\":{\"@type\":\"PropertyValueSpecification\",\"valueRequired\":true,\"valueName\":\"search_term_string\"}}],\"inLanguage\":\"pl-PL\"},{\"@type\":\"Organization\",\"@id\":\"https:\\\/\\\/prmeble.com.pl\\\/#organization\",\"name\":\"Prmeble\",\"url\":\"https:\\\/\\\/prmeble.com.pl\\\/\",\"logo\":{\"@type\":\"ImageObject\",\"inLanguage\":\"pl-PL\",\"@id\":\"https:\\\/\\\/prmeble.com.pl\\\/#\\\/schema\\\/logo\\\/image\\\/\",\"url\":\"https:\\\/\\\/prmeble.com.pl\\\/wp-content\\\/uploads\\\/2021\\\/10\\\/logo.jpg\",\"contentUrl\":\"https:\\\/\\\/prmeble.com.pl\\\/wp-content\\\/uploads\\\/2021\\\/10\\\/logo.jpg\",\"width\":550,\"height\":400,\"caption\":\"Prmeble\"},\"image\":{\"@id\":\"https:\\\/\\\/prmeble.com.pl\\\/#\\\/schema\\\/logo\\\/image\\\/\"},\"sameAs\":[\"https:\\\/\\\/www.facebook.com\\\/PR-MEBLE-274934799714260\"]}]}<\/script>\n<!-- \/ Yoast SEO plugin. -->","yoast_head_json":{"title":"Naro\u017cnik Mateo - PR MEBLE -tanie i dobre - polski producent - sklep meblowy","description":"Naro\u017cnik Mateo to starannie zaprojektowany mebel wyr\u00f3\u017cniaj\u0105cy si\u0119 du\u017c\u0105 dba\u0142o\u015bci\u0105 o detale. Doskonale sprawdzi si\u0119 podczas aran\u017cacji niepowtarzalnej strefy.","robots":{"index":"index","follow":"follow","max-snippet":"max-snippet:-1","max-image-preview":"max-image-preview:large","max-video-preview":"max-video-preview:-1"},"canonical":"https:\/\/prmeble.com.pl\/?product=naroznik-mateo","og_locale":"pl_PL","og_type":"article","og_title":"Naro\u017cnik Mateo - PR MEBLE -tanie i dobre - polski producent - sklep meblowy","og_description":"Naro\u017cnik Mateo to starannie zaprojektowany mebel wyr\u00f3\u017cniaj\u0105cy si\u0119 du\u017c\u0105 dba\u0142o\u015bci\u0105 o detale. Doskonale sprawdzi si\u0119 podczas aran\u017cacji niepowtarzalnej strefy.","og_url":"https:\/\/prmeble.com.pl\/?product=naroznik-mateo","og_site_name":"PR MEBLE -tanie i dobre - polski producent - sklep meblowy","article_publisher":"https:\/\/www.facebook.com\/PR-MEBLE-274934799714260","article_modified_time":"2026-01-29T11:58:52+00:00","og_image":[{"width":1536,"height":1024,"url":"https:\/\/prmeble.com.pl\/wp-content\/uploads\/2023\/05\/WhatsApp-Image-2025-07-31-at-15.18.33-1.jpeg","type":"image\/jpeg"}],"twitter_card":"summary_large_image","twitter_misc":{"Szacowany czas czytania":"2 minuty"},"schema":{"@context":"https:\/\/schema.org","@graph":[{"@type":"WebPage","@id":"https:\/\/prmeble.com.pl\/?product=naroznik-mateo","url":"https:\/\/prmeble.com.pl\/?product=naroznik-mateo","name":"Naro\u017cnik Mateo - PR MEBLE -tanie i dobre - polski producent - sklep meblowy","isPartOf":{"@id":"https:\/\/prmeble.com.pl\/#website"},"primaryImageOfPage":{"@id":"https:\/\/prmeble.com.pl\/?product=naroznik-mateo#primaryimage"},"image":{"@id":"https:\/\/prmeble.com.pl\/?product=naroznik-mateo#primaryimage"},"thumbnailUrl":"https:\/\/prmeble.com.pl\/wp-content\/uploads\/2023\/05\/WhatsApp-Image-2025-07-31-at-15.18.33-1.jpeg","datePublished":"2023-05-26T11:50:06+00:00","dateModified":"2026-01-29T11:58:52+00:00","description":"Naro\u017cnik Mateo to starannie zaprojektowany mebel wyr\u00f3\u017cniaj\u0105cy si\u0119 du\u017c\u0105 dba\u0142o\u015bci\u0105 o detale. Doskonale sprawdzi si\u0119 podczas aran\u017cacji niepowtarzalnej strefy.","breadcrumb":{"@id":"https:\/\/prmeble.com.pl\/?product=naroznik-mateo#breadcrumb"},"inLanguage":"pl-PL","potentialAction":[{"@type":"ReadAction","target":["https:\/\/prmeble.com.pl\/?product=naroznik-mateo"]}]},{"@type":"ImageObject","inLanguage":"pl-PL","@id":"https:\/\/prmeble.com.pl\/?product=naroznik-mateo#primaryimage","url":"https:\/\/prmeble.com.pl\/wp-content\/uploads\/2023\/05\/WhatsApp-Image-2025-07-31-at-15.18.33-1.jpeg","contentUrl":"https:\/\/prmeble.com.pl\/wp-content\/uploads\/2023\/05\/WhatsApp-Image-2025-07-31-at-15.18.33-1.jpeg","width":1536,"height":1024},{"@type":"BreadcrumbList","@id":"https:\/\/prmeble.com.pl\/?product=naroznik-mateo#breadcrumb","itemListElement":[{"@type":"ListItem","position":1,"name":"Strona g\u0142\u00f3wna","item":"https:\/\/prmeble.com.pl\/"},{"@type":"ListItem","position":2,"name":"Produkty","item":"https:\/\/prmeble.com.pl\/?page_id=301"},{"@type":"ListItem","position":3,"name":"Naro\u017cnik Mateo"}]},{"@type":"WebSite","@id":"https:\/\/prmeble.com.pl\/#website","url":"https:\/\/prmeble.com.pl\/","name":"Pr Meble","description":"Tworzymy i sprzedajemy meble tapicerowane. W asortymencie mamy bardzo piekne i nowoczesne naro\u017cniki oraz modne kanapy.","publisher":{"@id":"https:\/\/prmeble.com.pl\/#organization"},"potentialAction":[{"@type":"SearchAction","target":{"@type":"EntryPoint","urlTemplate":"https:\/\/prmeble.com.pl\/?s={search_term_string}"},"query-input":{"@type":"PropertyValueSpecification","valueRequired":true,"valueName":"search_term_string"}}],"inLanguage":"pl-PL"},{"@type":"Organization","@id":"https:\/\/prmeble.com.pl\/#organization","name":"Prmeble","url":"https:\/\/prmeble.com.pl\/","logo":{"@type":"ImageObject","inLanguage":"pl-PL","@id":"https:\/\/prmeble.com.pl\/#\/schema\/logo\/image\/","url":"https:\/\/prmeble.com.pl\/wp-content\/uploads\/2021\/10\/logo.jpg","contentUrl":"https:\/\/prmeble.com.pl\/wp-content\/uploads\/2021\/10\/logo.jpg","width":550,"height":400,"caption":"Prmeble"},"image":{"@id":"https:\/\/prmeble.com.pl\/#\/schema\/logo\/image\/"},"sameAs":["https:\/\/www.facebook.com\/PR-MEBLE-274934799714260"]}]}},"total_sales":"10","_tax_status":"taxable","_tax_class":"","_manage_stock":"no","_backorders":"no","_sold_individually":"no","_virtual":"no","_downloadable":"no","_download_limit":"-1","_download_expiry":"-1","_stock":"","_stock_status":"instock","_wc_average_rating":"0","_wc_review_count":"0","_product_attributes":{"sprezyny-bonell":{"name":"Spr\u0119\u017cyny bonell","value":"Tak | Nie","position":0,"is_visible":0,"is_variation":1,"is_taxonomy":0},"drugi-pojemnik-na-posciel":{"name":"Drugi pojemnik na po\u015bciel","value":"Tak | Nie","position":1,"is_visible":0,"is_variation":1,"is_taxonomy":0},"automat-wspomagajacy-rozkladanie":{"name":"Automat wspomagaj\u0105cy rozk\u0142adanie","value":"Tak | Nie","position":2,"is_visible":0,"is_variation":1,"is_taxonomy":0}},"_product_version":"10.4.3","_wpcom_is_markdown":"","_edit_lock":"1753968585:1","_edit_last":"1","_thumbnail_id":"12914","_sku":"","_wp_page_template":"default","_last_editor_used_jetpack":"","_elementor_template_type":"","_elementor_version":"","_elementor_data":"","_yoast_wpseo_estimated-reading-time-minutes":"2","_yoast_wpseo_metadesc":"Naro\u017cnik Mateo to starannie zaprojektowany mebel wyr\u00f3\u017cniaj\u0105cy si\u0119 du\u017c\u0105 dba\u0142o\u015bci\u0105 o detale. Doskonale sprawdzi si\u0119 podczas aran\u017cacji niepowtarzalnej strefy.","_wp_old_slug":"","_yoast_wpseo_primary_product_cat":"21","_oembed_7eca53afccebf1f861dae06bfb2dfa8a":"","_oembed_time_7eca53afccebf1f861dae06bfb2dfa8a":"","_yoast_wpseo_wordproof_timestamp":"","_wc_gla_visibility":"sync-and-show","_wc_gla_synced_at":"1767409238","_wc_gla_sync_status":"pending","_wc_gla_google_ids":{"PL":"online:pl:PL:gla_4546"},"fb_product_group_id":"10032314840115838","_wc_facebook_commerce_enabled":"no","_yoast_wpseo_content_score":"60","_yoast_wpseo_focuskw":"Naro\u017cnik mateo","_yoast_wpseo_linkdex":"73","_product_image_gallery":"4536,4537,4534,4538","_crosssell_ids":[2543],"shopengine_product_views_count":"11296","_yoast_wpseo_primary_fb_product_set":"","xfgmc_google_product_category":"","xfgmc_identifier_exists":"default","xfgmc_adult":"off","xfgmc_condition":"default","_xfgmc_is_bundle":"default","_xfgmc_return_rule_label":"","xfgmc_custom_label_0":"","xfgmc_custom_label_1":"","xfgmc_custom_label_2":"","xfgmc_custom_label_3":"","xfgmc_custom_label_4":"","_price":"1200","_eael_post_view_count":"10828","_regular_price":"","_wc_facebook_sync_enabled":"yes","fb_visibility":"yes","fb_product_description":"","_wc_facebook_product_image_source":"product","wpr_secondary_image_id":"0","fb_product_item_id":"","_sale_price":"","wp_statistics_words_count":"219","fb_rich_text_description":"","fb_product_video":[],"fb_brand":"","fb_mpn":"","_yoast_wpseo_primary_product_brand":"","_xmlsf_image_attached":{"loc":"https:\/\/prmeble.com.pl\/wp-content\/uploads\/2023\/05\/WhatsApp-Image-2025-07-31-at-15.18.33-1.jpeg","title":"WhatsApp Image 2025-07-31 at 15.18.33 (1)","caption":""},"_wc_gla_mc_status":"","_elementor_page_assets":[],"shopmagic_source_recipe":"","_wc_gla_errors":"","_weight":"","woo_inpost_shipping_methods_allowed":"","woo_inpost_parcel_dimensions":"","_wc_facebook_google_product_category":"","_yoast_wpseo_title":"","_xfgmc_fb_product_category":"","_xfgmc_tax_category":"","_xfgmc_multipack":"","_xfgmc_shipping_label":"","_xfgmc_unit_pricing_measure":"","_xfgmc_unit_pricing_base_measure":"","_xfgmc_store_code":"","_xfgmc_min_handling_time":"","_xfgmc_max_handling_time":"","_wcpa_product_meta":"","wcpa_exclude_global_forms":"","_upsell_ids":"","_wp_old_date":"","_umb_fruugo_simple_title":"","_umb_fruugo_simple_desc":"","_umb_fruggo_id_type":"","_umb_fruugo_standard_code_val":"","_umb_fruugo_brand":"","_umb_fruugo_vat":"","_umb_fruugo_discount_price":"","_ced_increase_price_fruugo":"","_umb_fruugo_category":"","_ced_fruugo_language_section":"","_ced_fruugo_attributeSize":"","_ced_fruugo_attributeColor":"","_ced_fruugo_currency":"","_ced_fruugo_leadTime":"","_ced_fruugo_packageWeight":"","_ced_fruugo_attribute1":"","_ced_fruugo_attribute2":"","_ced_fruugo_attribute3":"","_ced_fruugo_attribute4":"","_ced_fruugo_attribute5":"","_ced_fruugo_attribute6":"","_ced_fruugo_attribute7":"","_ced_fruugo_attribute8":"","_ced_fruugo_attribute9":"","_ced_fruugo_attribute10":"","_yoast_wpseo_primary_item":"","_wp_trash_meta_status":"","_wp_trash_meta_time":"","_wp_desired_post_slug":"","_links":{"self":[{"href":"https:\/\/prmeble.com.pl\/index.php?rest_route=\/wp\/v2\/product\/4532","targetHints":{"allow":["GET"]}}],"collection":[{"href":"https:\/\/prmeble.com.pl\/index.php?rest_route=\/wp\/v2\/product"}],"about":[{"href":"https:\/\/prmeble.com.pl\/index.php?rest_route=\/wp\/v2\/types\/product"}],"version-history":[{"count":2,"href":"https:\/\/prmeble.com.pl\/index.php?rest_route=\/wp\/v2\/product\/4532\/revisions"}],"predecessor-version":[{"id":12915,"href":"https:\/\/prmeble.com.pl\/index.php?rest_route=\/wp\/v2\/product\/4532\/revisions\/12915"}],"wp:featuredmedia":[{"embeddable":true,"href":"https:\/\/prmeble.com.pl\/index.php?rest_route=\/wp\/v2\/media\/12914"}],"wp:attachment":[{"href":"https:\/\/prmeble.com.pl\/index.php?rest_route=%2Fwp%2Fv2%2Fmedia&parent=4532"}],"wp:term":[{"taxonomy":"product_brand","embeddable":true,"href":"https:\/\/prmeble.com.pl\/index.php?rest_route=%2Fwp%2Fv2%2Fproduct_brand&post=4532"},{"taxonomy":"product_cat","embeddable":true,"href":"https:\/\/prmeble.com.pl\/index.php?rest_route=%2Fwp%2Fv2%2Fproduct_cat&post=4532"},{"taxonomy":"product_tag","embeddable":true,"href":"https:\/\/prmeble.com.pl\/index.php?rest_route=%2Fwp%2Fv2%2Fproduct_tag&post=4532"}],"curies":[{"name":"wp","href":"https:\/\/api.w.org\/{rel}","templated":true}]}}