{"id":3361,"date":"2023-01-05T14:11:11","date_gmt":"2023-01-05T13:11:11","guid":{"rendered":"https:\/\/prmeble.com.pl\/?post_type=product&#038;p=3361"},"modified":"2026-01-29T13:23:57","modified_gmt":"2026-01-29T12:23:57","slug":"wersalka-z-bokami-laura","status":"publish","type":"product","link":"https:\/\/prmeble.com.pl\/?product=wersalka-z-bokami-laura","title":{"rendered":"Wersalka z Bokami Laura"},"content":{"rendered":"<p><strong>Opis Standardowego Wykonania:<\/strong><br \/>\n-du\u017cy pojemnik na po\u015bciel<br \/>\n-du\u017ca funkcja spania<br \/>\n-wykonany na wysoko elastycznej piance<br \/>\n-automat u\u0142atwiaj\u0105cy rozk\u0142adnie do spania<\/p>\n<p>&nbsp;<\/p>\n<p><strong>Wymiary:<\/strong><br \/>\nD\u0142ugo\u015b\u0107-210 cm<br \/>\nSzeroko\u015b\u0107-95 cm<br \/>\nWysoko\u015b\u0107 ca\u0142kowita-89 cm<br \/>\nPowierzchnia Spania 190 cm x 120 cm<\/p>\n<p>&nbsp;<\/p>\n<p><strong>Cena wersalki dotyczy tylko wykonanej z tkaniny Suedine!<\/strong><\/p>\n<p>&nbsp;<\/p>\n<p><strong>SZYBKA DOSTAWA W KOLORACH<\/strong> :<br \/>\n06 -jasny szary<br \/>\n24- czarny<br \/>\n76- zielony<br \/>\n26- ciemny br\u0105z<br \/>\n29- jasny niebieski<br \/>\n20- \u017c\u00f3\u0142ty<\/p>\n<p><strong>Inne kolory tkanin\u00a0 za dop\u0142ata 90 z\u0142 dost\u0119pne s\u0105 w zak\u0142adce tkaniny.<\/strong><br \/>\n<strong>https:\/\/prmeble.com.pl\/?page_id=77<\/strong><\/p>\n<p>&nbsp;<\/p>\n<p><img fetchpriority=\"high\" decoding=\"async\" class=\"wp-image-1619 alignnone\" src=\"https:\/\/prmeble.com.pl\/wp-content\/uploads\/2022\/07\/sueda-neu-2020rrr-1-263x300.jpg\" alt=\"\" width=\"547\" height=\"624\" srcset=\"https:\/\/prmeble.com.pl\/wp-content\/uploads\/2022\/07\/sueda-neu-2020rrr-1-263x300.jpg 263w, https:\/\/prmeble.com.pl\/wp-content\/uploads\/2022\/07\/sueda-neu-2020rrr-1-800x914.jpg 800w, https:\/\/prmeble.com.pl\/wp-content\/uploads\/2022\/07\/sueda-neu-2020rrr-1-896x1024.jpg 896w, https:\/\/prmeble.com.pl\/wp-content\/uploads\/2022\/07\/sueda-neu-2020rrr-1-768x878.jpg 768w, https:\/\/prmeble.com.pl\/wp-content\/uploads\/2022\/07\/sueda-neu-2020rrr-1-1344x1536.jpg 1344w, https:\/\/prmeble.com.pl\/wp-content\/uploads\/2022\/07\/sueda-neu-2020rrr-1.jpg 1400w\" sizes=\"(max-width: 547px) 100vw, 547px\" \/><\/p>\n<p><b>DODATKOWE INFORMACJE:<\/b><\/p>\n<ul>\n<li>meble s\u0105 fabrycznie nowe, zapakowane w oryginalne opakowanie<\/li>\n<li>meble dostarczamy\u00a0 w paczkach, do samodzielnego monta\u017cu<\/li>\n<li>w zestawie za\u0142\u0105czona instrukcja monta\u017cu i wszystkie niezb\u0119dne elementy<\/li>\n<\/ul>\n<p>&nbsp;<\/p>\n<h3>Informacja o Dostawie:<\/h3>\n<p>Dostawa mebli odbywa si\u0119 w godzinach<strong>\u00a06:00 \u2013 23:00.<\/strong><br \/>\nKlient minimum\u00a0<strong>dzie\u0144 wcze\u015bniej otrzymuje wiadomo\u015b\u0107 sms<\/strong>\u00a0z dok\u0142adn\u0105 informacj\u0105 o przewidywanym czasie dostawy.<br \/>\nKierowca r\u00f3wnie\u017c\u00a0<strong>dzwoni<\/strong>\u00a0do klienta godzin\u0119 przed dostaw\u0105.<br \/>\nMeble dostarczane s\u0105 w paczkach do samodzielnego monta\u017cu i s\u0105 one oryginalnie zapakowane przez producenta.<br \/>\n<strong>Ze wzgl\u0119du na zdrowie naszych kierowc\u00f3w, nie maj\u0105 oni obowi\u0105zku ich wniesienia. W przypadku ch\u0119ci skorzystania z takiej us\u0142ugi, nale\u017cy ustali\u0107 szczeg\u00f3\u0142y bezpo\u015brednio z biurem lub w koszyku wybra\u0107 opcj\u0119 wniesienia<\/strong>\u00a0(Nie przy ka\u017cdym meblu jest ona dost\u0119pna).\u00a0<em><strong>Prosz\u0119 mie\u0107 na uwadze, \u017ce jest to us\u0142uga dodatkowo p\u0142atna.<\/strong><\/em><\/p>\n<p>&nbsp;<\/p>\n<h2><strong>Zach\u0119camy do zakupu!<\/strong><\/h2>\n","protected":false},"excerpt":{"rendered":"<p>Opis Standardowego Wykonania: -du\u017cy pojemnik na po\u015bciel -du\u017ca funkcja spania -wykonany na wysoko elastycznej piance -automat u\u0142atwiaj\u0105cy rozk\u0142adnie do spania &nbsp; Wymiary: D\u0142ugo\u015b\u0107-210 cm Szeroko\u015b\u0107-95 cm Wysoko\u015b\u0107 ca\u0142kowita-89 cm Powierzchnia Spania 190 cm x 120 cm &nbsp; Cena wersalki dotyczy tylko wykonanej z tkaniny Suedine! &nbsp; SZYBKA DOSTAWA W KOLORACH : 06 -jasny szary 24- czarny 76- zielony 26- ciemny br\u0105z 29- jasny niebieski 20- \u017c\u00f3\u0142ty Inne kolory tkanin\u00a0 za dop\u0142ata 90 z\u0142 dost\u0119pne s\u0105 w zak\u0142adce tkaniny. https:\/\/prmeble.com.pl\/?page_id=77 &nbsp; DODATKOWE INFORMACJE: meble s\u0105 fabrycznie nowe, zapakowane w oryginalne opakowanie meble dostarczamy\u00a0 w paczkach, do samodzielnego monta\u017cu w zestawie za\u0142\u0105czona instrukcja monta\u017cu i wszystkie niezb\u0119dne elementy &nbsp; Informacja o Dostawie: Dostawa mebli odbywa si\u0119 w godzinach\u00a06:00 \u2013 23:00. Klient minimum\u00a0dzie\u0144 wcze\u015bniej otrzymuje wiadomo\u015b\u0107 sms\u00a0z dok\u0142adn\u0105 informacj\u0105 o przewidywanym czasie dostawy. Kierowca r\u00f3wnie\u017c\u00a0dzwoni\u00a0do klienta godzin\u0119 przed dostaw\u0105. Meble dostarczane s\u0105 w paczkach do samodzielnego monta\u017cu i s\u0105 one oryginalnie zapakowane przez producenta. Ze wzgl\u0119du na zdrowie naszych kierowc\u00f3w, nie maj\u0105 oni obowi\u0105zku ich wniesienia. W przypadku ch\u0119ci skorzystania z takiej us\u0142ugi, nale\u017cy ustali\u0107 szczeg\u00f3\u0142y bezpo\u015brednio z biurem lub w koszyku wybra\u0107 opcj\u0119 wniesienia\u00a0(Nie przy ka\u017cdym meblu jest ona dost\u0119pna).\u00a0Prosz\u0119 mie\u0107 na uwadze, \u017ce jest to us\u0142uga dodatkowo p\u0142atna. &nbsp; Zach\u0119camy do zakupu!<\/p>\n","protected":false},"featured_media":12798,"template":"","meta":[],"product_brand":[],"product_cat":[109,59],"product_tag":[],"class_list":{"0":"post-3361","1":"product","2":"type-product","3":"status-publish","4":"has-post-thumbnail","6":"product_cat-sofy-i-kanapy","7":"product_cat-wersalki","9":"first","10":"instock","11":"sale","12":"shipping-taxable","13":"purchasable","14":"product-type-variable","15":"rtwpvs-product"},"yoast_head":"<!-- This site is optimized with the Yoast SEO plugin v27.3 - https:\/\/yoast.com\/product\/yoast-seo-wordpress\/ -->\n<title>Wersalka z Bokami Laura - PR MEBLE -tanie i dobre - polski producent - sklep meblowy<\/title>\n<meta name=\"description\" content=\"Wymiary Zewn\u0119trzne:D\u0142ugo\u015b\u0107-210 cmSzeroko\u015b\u0107-95 cm Wysoko\u015b\u0107 ca\u0142kowita-89 cmPowierzchnia Spania 190 cm x 120 cm. Posiada funkcj\u0119 spania.\" \/>\n<meta name=\"robots\" content=\"index, follow, max-snippet:-1, max-image-preview:large, max-video-preview:-1\" \/>\n<link rel=\"canonical\" href=\"https:\/\/prmeble.com.pl\/?product=wersalka-z-bokami-laura\" \/>\n<meta property=\"og:locale\" content=\"pl_PL\" \/>\n<meta property=\"og:type\" content=\"article\" \/>\n<meta property=\"og:title\" content=\"Wersalka z Bokami Laura - PR MEBLE -tanie i dobre - polski producent - sklep meblowy\" \/>\n<meta property=\"og:description\" content=\"Wymiary Zewn\u0119trzne:D\u0142ugo\u015b\u0107-210 cmSzeroko\u015b\u0107-95 cm Wysoko\u015b\u0107 ca\u0142kowita-89 cmPowierzchnia Spania 190 cm x 120 cm. Posiada funkcj\u0119 spania.\" \/>\n<meta property=\"og:url\" content=\"https:\/\/prmeble.com.pl\/?product=wersalka-z-bokami-laura\" \/>\n<meta property=\"og:site_name\" content=\"PR MEBLE -tanie i dobre - polski producent - sklep meblowy\" \/>\n<meta property=\"article:publisher\" content=\"https:\/\/www.facebook.com\/PR-MEBLE-274934799714260\" \/>\n<meta property=\"article:modified_time\" content=\"2026-01-29T12:23:57+00:00\" \/>\n<meta property=\"og:image\" content=\"https:\/\/prmeble.com.pl\/wp-content\/uploads\/2023\/01\/WhatsApp-Image-2025-07-09-at-11.31.49.jpeg\" \/>\n\t<meta property=\"og:image:width\" content=\"1536\" \/>\n\t<meta property=\"og:image:height\" content=\"1024\" \/>\n\t<meta property=\"og:image:type\" content=\"image\/jpeg\" \/>\n<meta name=\"twitter:card\" content=\"summary_large_image\" \/>\n<meta name=\"twitter:label1\" content=\"Szacowany czas czytania\" \/>\n\t<meta name=\"twitter:data1\" content=\"2 minuty\" \/>\n<script type=\"application\/ld+json\" class=\"yoast-schema-graph\">{\"@context\":\"https:\\\/\\\/schema.org\",\"@graph\":[{\"@type\":\"WebPage\",\"@id\":\"https:\\\/\\\/prmeble.com.pl\\\/?product=wersalka-z-bokami-laura\",\"url\":\"https:\\\/\\\/prmeble.com.pl\\\/?product=wersalka-z-bokami-laura\",\"name\":\"Wersalka z Bokami Laura - PR MEBLE -tanie i dobre - polski producent - sklep meblowy\",\"isPartOf\":{\"@id\":\"https:\\\/\\\/prmeble.com.pl\\\/#website\"},\"primaryImageOfPage\":{\"@id\":\"https:\\\/\\\/prmeble.com.pl\\\/?product=wersalka-z-bokami-laura#primaryimage\"},\"image\":{\"@id\":\"https:\\\/\\\/prmeble.com.pl\\\/?product=wersalka-z-bokami-laura#primaryimage\"},\"thumbnailUrl\":\"https:\\\/\\\/prmeble.com.pl\\\/wp-content\\\/uploads\\\/2023\\\/01\\\/WhatsApp-Image-2025-07-09-at-11.31.49.jpeg\",\"datePublished\":\"2023-01-05T13:11:11+00:00\",\"dateModified\":\"2026-01-29T12:23:57+00:00\",\"description\":\"Wymiary Zewn\u0119trzne:D\u0142ugo\u015b\u0107-210 cmSzeroko\u015b\u0107-95 cm Wysoko\u015b\u0107 ca\u0142kowita-89 cmPowierzchnia Spania 190 cm x 120 cm. Posiada funkcj\u0119 spania.\",\"breadcrumb\":{\"@id\":\"https:\\\/\\\/prmeble.com.pl\\\/?product=wersalka-z-bokami-laura#breadcrumb\"},\"inLanguage\":\"pl-PL\",\"potentialAction\":[{\"@type\":\"ReadAction\",\"target\":[\"https:\\\/\\\/prmeble.com.pl\\\/?product=wersalka-z-bokami-laura\"]}]},{\"@type\":\"ImageObject\",\"inLanguage\":\"pl-PL\",\"@id\":\"https:\\\/\\\/prmeble.com.pl\\\/?product=wersalka-z-bokami-laura#primaryimage\",\"url\":\"https:\\\/\\\/prmeble.com.pl\\\/wp-content\\\/uploads\\\/2023\\\/01\\\/WhatsApp-Image-2025-07-09-at-11.31.49.jpeg\",\"contentUrl\":\"https:\\\/\\\/prmeble.com.pl\\\/wp-content\\\/uploads\\\/2023\\\/01\\\/WhatsApp-Image-2025-07-09-at-11.31.49.jpeg\",\"width\":1536,\"height\":1024},{\"@type\":\"BreadcrumbList\",\"@id\":\"https:\\\/\\\/prmeble.com.pl\\\/?product=wersalka-z-bokami-laura#breadcrumb\",\"itemListElement\":[{\"@type\":\"ListItem\",\"position\":1,\"name\":\"Strona g\u0142\u00f3wna\",\"item\":\"https:\\\/\\\/prmeble.com.pl\\\/\"},{\"@type\":\"ListItem\",\"position\":2,\"name\":\"Produkty\",\"item\":\"https:\\\/\\\/prmeble.com.pl\\\/?page_id=301\"},{\"@type\":\"ListItem\",\"position\":3,\"name\":\"Wersalka z Bokami Laura\"}]},{\"@type\":\"WebSite\",\"@id\":\"https:\\\/\\\/prmeble.com.pl\\\/#website\",\"url\":\"https:\\\/\\\/prmeble.com.pl\\\/\",\"name\":\"Pr Meble\",\"description\":\"Tworzymy i sprzedajemy meble tapicerowane. W asortymencie mamy bardzo piekne i nowoczesne naro\u017cniki oraz modne kanapy.\",\"publisher\":{\"@id\":\"https:\\\/\\\/prmeble.com.pl\\\/#organization\"},\"potentialAction\":[{\"@type\":\"SearchAction\",\"target\":{\"@type\":\"EntryPoint\",\"urlTemplate\":\"https:\\\/\\\/prmeble.com.pl\\\/?s={search_term_string}\"},\"query-input\":{\"@type\":\"PropertyValueSpecification\",\"valueRequired\":true,\"valueName\":\"search_term_string\"}}],\"inLanguage\":\"pl-PL\"},{\"@type\":\"Organization\",\"@id\":\"https:\\\/\\\/prmeble.com.pl\\\/#organization\",\"name\":\"Prmeble\",\"url\":\"https:\\\/\\\/prmeble.com.pl\\\/\",\"logo\":{\"@type\":\"ImageObject\",\"inLanguage\":\"pl-PL\",\"@id\":\"https:\\\/\\\/prmeble.com.pl\\\/#\\\/schema\\\/logo\\\/image\\\/\",\"url\":\"https:\\\/\\\/prmeble.com.pl\\\/wp-content\\\/uploads\\\/2021\\\/10\\\/logo.jpg\",\"contentUrl\":\"https:\\\/\\\/prmeble.com.pl\\\/wp-content\\\/uploads\\\/2021\\\/10\\\/logo.jpg\",\"width\":550,\"height\":400,\"caption\":\"Prmeble\"},\"image\":{\"@id\":\"https:\\\/\\\/prmeble.com.pl\\\/#\\\/schema\\\/logo\\\/image\\\/\"},\"sameAs\":[\"https:\\\/\\\/www.facebook.com\\\/PR-MEBLE-274934799714260\"]}]}<\/script>\n<!-- \/ Yoast SEO plugin. -->","yoast_head_json":{"title":"Wersalka z Bokami Laura - PR MEBLE -tanie i dobre - polski producent - sklep meblowy","description":"Wymiary Zewn\u0119trzne:D\u0142ugo\u015b\u0107-210 cmSzeroko\u015b\u0107-95 cm Wysoko\u015b\u0107 ca\u0142kowita-89 cmPowierzchnia Spania 190 cm x 120 cm. Posiada funkcj\u0119 spania.","robots":{"index":"index","follow":"follow","max-snippet":"max-snippet:-1","max-image-preview":"max-image-preview:large","max-video-preview":"max-video-preview:-1"},"canonical":"https:\/\/prmeble.com.pl\/?product=wersalka-z-bokami-laura","og_locale":"pl_PL","og_type":"article","og_title":"Wersalka z Bokami Laura - PR MEBLE -tanie i dobre - polski producent - sklep meblowy","og_description":"Wymiary Zewn\u0119trzne:D\u0142ugo\u015b\u0107-210 cmSzeroko\u015b\u0107-95 cm Wysoko\u015b\u0107 ca\u0142kowita-89 cmPowierzchnia Spania 190 cm x 120 cm. Posiada funkcj\u0119 spania.","og_url":"https:\/\/prmeble.com.pl\/?product=wersalka-z-bokami-laura","og_site_name":"PR MEBLE -tanie i dobre - polski producent - sklep meblowy","article_publisher":"https:\/\/www.facebook.com\/PR-MEBLE-274934799714260","article_modified_time":"2026-01-29T12:23:57+00:00","og_image":[{"width":1536,"height":1024,"url":"https:\/\/prmeble.com.pl\/wp-content\/uploads\/2023\/01\/WhatsApp-Image-2025-07-09-at-11.31.49.jpeg","type":"image\/jpeg"}],"twitter_card":"summary_large_image","twitter_misc":{"Szacowany czas czytania":"2 minuty"},"schema":{"@context":"https:\/\/schema.org","@graph":[{"@type":"WebPage","@id":"https:\/\/prmeble.com.pl\/?product=wersalka-z-bokami-laura","url":"https:\/\/prmeble.com.pl\/?product=wersalka-z-bokami-laura","name":"Wersalka z Bokami Laura - PR MEBLE -tanie i dobre - polski producent - sklep meblowy","isPartOf":{"@id":"https:\/\/prmeble.com.pl\/#website"},"primaryImageOfPage":{"@id":"https:\/\/prmeble.com.pl\/?product=wersalka-z-bokami-laura#primaryimage"},"image":{"@id":"https:\/\/prmeble.com.pl\/?product=wersalka-z-bokami-laura#primaryimage"},"thumbnailUrl":"https:\/\/prmeble.com.pl\/wp-content\/uploads\/2023\/01\/WhatsApp-Image-2025-07-09-at-11.31.49.jpeg","datePublished":"2023-01-05T13:11:11+00:00","dateModified":"2026-01-29T12:23:57+00:00","description":"Wymiary Zewn\u0119trzne:D\u0142ugo\u015b\u0107-210 cmSzeroko\u015b\u0107-95 cm Wysoko\u015b\u0107 ca\u0142kowita-89 cmPowierzchnia Spania 190 cm x 120 cm. Posiada funkcj\u0119 spania.","breadcrumb":{"@id":"https:\/\/prmeble.com.pl\/?product=wersalka-z-bokami-laura#breadcrumb"},"inLanguage":"pl-PL","potentialAction":[{"@type":"ReadAction","target":["https:\/\/prmeble.com.pl\/?product=wersalka-z-bokami-laura"]}]},{"@type":"ImageObject","inLanguage":"pl-PL","@id":"https:\/\/prmeble.com.pl\/?product=wersalka-z-bokami-laura#primaryimage","url":"https:\/\/prmeble.com.pl\/wp-content\/uploads\/2023\/01\/WhatsApp-Image-2025-07-09-at-11.31.49.jpeg","contentUrl":"https:\/\/prmeble.com.pl\/wp-content\/uploads\/2023\/01\/WhatsApp-Image-2025-07-09-at-11.31.49.jpeg","width":1536,"height":1024},{"@type":"BreadcrumbList","@id":"https:\/\/prmeble.com.pl\/?product=wersalka-z-bokami-laura#breadcrumb","itemListElement":[{"@type":"ListItem","position":1,"name":"Strona g\u0142\u00f3wna","item":"https:\/\/prmeble.com.pl\/"},{"@type":"ListItem","position":2,"name":"Produkty","item":"https:\/\/prmeble.com.pl\/?page_id=301"},{"@type":"ListItem","position":3,"name":"Wersalka z Bokami Laura"}]},{"@type":"WebSite","@id":"https:\/\/prmeble.com.pl\/#website","url":"https:\/\/prmeble.com.pl\/","name":"Pr Meble","description":"Tworzymy i sprzedajemy meble tapicerowane. W asortymencie mamy bardzo piekne i nowoczesne naro\u017cniki oraz modne kanapy.","publisher":{"@id":"https:\/\/prmeble.com.pl\/#organization"},"potentialAction":[{"@type":"SearchAction","target":{"@type":"EntryPoint","urlTemplate":"https:\/\/prmeble.com.pl\/?s={search_term_string}"},"query-input":{"@type":"PropertyValueSpecification","valueRequired":true,"valueName":"search_term_string"}}],"inLanguage":"pl-PL"},{"@type":"Organization","@id":"https:\/\/prmeble.com.pl\/#organization","name":"Prmeble","url":"https:\/\/prmeble.com.pl\/","logo":{"@type":"ImageObject","inLanguage":"pl-PL","@id":"https:\/\/prmeble.com.pl\/#\/schema\/logo\/image\/","url":"https:\/\/prmeble.com.pl\/wp-content\/uploads\/2021\/10\/logo.jpg","contentUrl":"https:\/\/prmeble.com.pl\/wp-content\/uploads\/2021\/10\/logo.jpg","width":550,"height":400,"caption":"Prmeble"},"image":{"@id":"https:\/\/prmeble.com.pl\/#\/schema\/logo\/image\/"},"sameAs":["https:\/\/www.facebook.com\/PR-MEBLE-274934799714260"]}]}},"total_sales":"1","_tax_status":"taxable","_tax_class":"","_manage_stock":"no","_backorders":"no","_sold_individually":"no","_virtual":"no","_downloadable":"no","_download_limit":"-1","_download_expiry":"-1","_stock":"","_stock_status":"instock","_wc_average_rating":"0","_wc_review_count":"0","_product_attributes":{"rodzaj-tkaniny":{"name":"RODZAJ TKANINY:","value":"STANDARDOWA | INNA za dop\u0142ata 90 z\u0142","position":0,"is_visible":0,"is_variation":1,"is_taxonomy":0}},"_product_version":"10.4.3","_wpcom_is_markdown":"","_edit_lock":"1753097870:1","_edit_last":"1","_thumbnail_id":"12798","_sku":"","_wp_page_template":"default","_last_editor_used_jetpack":"","_elementor_template_type":"","_elementor_version":"","_elementor_data":"","_yoast_wpseo_estimated-reading-time-minutes":"2","_yoast_wpseo_metadesc":"Wymiary Zewn\u0119trzne:D\u0142ugo\u015b\u0107-210 cmSzeroko\u015b\u0107-95 cm Wysoko\u015b\u0107 ca\u0142kowita-89 cmPowierzchnia Spania 190 cm x 120 cm. Posiada funkcj\u0119 spania.","_wp_old_slug":"","_yoast_wpseo_primary_product_cat":"59","_oembed_7eca53afccebf1f861dae06bfb2dfa8a":"","_oembed_time_7eca53afccebf1f861dae06bfb2dfa8a":"","_yoast_wpseo_wordproof_timestamp":"","_wc_gla_visibility":"sync-and-show","_wc_gla_synced_at":"1768532490","_wc_gla_sync_status":"pending","_wc_gla_google_ids":{"PL":"online:pl:PL:gla_3366"},"fb_product_group_id":"8661766797227361","_wc_facebook_commerce_enabled":"no","_yoast_wpseo_content_score":"60","_yoast_wpseo_focuskw":"Wersalka z Bokami Laura","_yoast_wpseo_linkdex":"62","_product_image_gallery":"3362,3363,3364,1619","_crosssell_ids":"","shopengine_product_views_count":"5366","_yoast_wpseo_primary_fb_product_set":"","xfgmc_google_product_category":"","xfgmc_identifier_exists":"","xfgmc_adult":"","xfgmc_condition":"","_xfgmc_is_bundle":"default","_xfgmc_return_rule_label":"","xfgmc_custom_label_0":"","xfgmc_custom_label_1":"","xfgmc_custom_label_2":"","xfgmc_custom_label_3":"","xfgmc_custom_label_4":"","_price":"1080","_eael_post_view_count":"4189","_regular_price":"","_wc_facebook_sync_enabled":"yes","fb_visibility":"yes","fb_product_description":"","_wc_facebook_product_image_source":"product","wpr_secondary_image_id":"0","fb_product_item_id":"","_sale_price":"","wp_statistics_words_count":"168","fb_rich_text_description":"","fb_product_video":[],"fb_brand":"","fb_mpn":"","_yoast_wpseo_primary_product_brand":"","_xmlsf_image_attached":{"loc":"https:\/\/prmeble.com.pl\/wp-content\/uploads\/2023\/01\/WhatsApp-Image-2025-07-09-at-11.31.49.jpeg","title":"WhatsApp Image 2025-07-09 at 11.31.49","caption":""},"_wc_gla_mc_status":"","_elementor_page_assets":[],"shopmagic_source_recipe":"","_wc_gla_errors":"","_weight":"","woo_inpost_shipping_methods_allowed":"","woo_inpost_parcel_dimensions":"","_wc_facebook_google_product_category":"436","_yoast_wpseo_title":"","_xfgmc_fb_product_category":"","_xfgmc_tax_category":"","_xfgmc_multipack":"","_xfgmc_shipping_label":"","_xfgmc_unit_pricing_measure":"","_xfgmc_unit_pricing_base_measure":"","_xfgmc_store_code":"","_xfgmc_min_handling_time":"","_xfgmc_max_handling_time":"","_wcpa_product_meta":"","wcpa_exclude_global_forms":"","_upsell_ids":"","_wp_old_date":"","_umb_fruugo_simple_title":"","_umb_fruugo_simple_desc":"","_umb_fruggo_id_type":"","_umb_fruugo_standard_code_val":"","_umb_fruugo_brand":"","_umb_fruugo_vat":"","_umb_fruugo_discount_price":"","_ced_increase_price_fruugo":"","_umb_fruugo_category":"","_ced_fruugo_language_section":"","_ced_fruugo_attributeSize":"","_ced_fruugo_attributeColor":"","_ced_fruugo_currency":"","_ced_fruugo_leadTime":"","_ced_fruugo_packageWeight":"","_ced_fruugo_attribute1":"","_ced_fruugo_attribute2":"","_ced_fruugo_attribute3":"","_ced_fruugo_attribute4":"","_ced_fruugo_attribute5":"","_ced_fruugo_attribute6":"","_ced_fruugo_attribute7":"","_ced_fruugo_attribute8":"","_ced_fruugo_attribute9":"","_ced_fruugo_attribute10":"","_yoast_wpseo_primary_item":"","_wp_trash_meta_status":"","_wp_trash_meta_time":"","_wp_desired_post_slug":"","_links":{"self":[{"href":"https:\/\/prmeble.com.pl\/index.php?rest_route=\/wp\/v2\/product\/3361","targetHints":{"allow":["GET"]}}],"collection":[{"href":"https:\/\/prmeble.com.pl\/index.php?rest_route=\/wp\/v2\/product"}],"about":[{"href":"https:\/\/prmeble.com.pl\/index.php?rest_route=\/wp\/v2\/types\/product"}],"version-history":[{"count":1,"href":"https:\/\/prmeble.com.pl\/index.php?rest_route=\/wp\/v2\/product\/3361\/revisions"}],"predecessor-version":[{"id":12148,"href":"https:\/\/prmeble.com.pl\/index.php?rest_route=\/wp\/v2\/product\/3361\/revisions\/12148"}],"wp:featuredmedia":[{"embeddable":true,"href":"https:\/\/prmeble.com.pl\/index.php?rest_route=\/wp\/v2\/media\/12798"}],"wp:attachment":[{"href":"https:\/\/prmeble.com.pl\/index.php?rest_route=%2Fwp%2Fv2%2Fmedia&parent=3361"}],"wp:term":[{"taxonomy":"product_brand","embeddable":true,"href":"https:\/\/prmeble.com.pl\/index.php?rest_route=%2Fwp%2Fv2%2Fproduct_brand&post=3361"},{"taxonomy":"product_cat","embeddable":true,"href":"https:\/\/prmeble.com.pl\/index.php?rest_route=%2Fwp%2Fv2%2Fproduct_cat&post=3361"},{"taxonomy":"product_tag","embeddable":true,"href":"https:\/\/prmeble.com.pl\/index.php?rest_route=%2Fwp%2Fv2%2Fproduct_tag&post=3361"}],"curies":[{"name":"wp","href":"https:\/\/api.w.org\/{rel}","templated":true}]}}