{"id":2886,"date":"2022-09-09T14:43:12","date_gmt":"2022-09-09T12:43:12","guid":{"rendered":"https:\/\/prmeble.com.pl\/?post_type=product&#038;p=2886"},"modified":"2026-01-29T13:12:04","modified_gmt":"2026-01-29T12:12:04","slug":"sofa-dziecieca-kubus-tkanina-do-wyboru","status":"publish","type":"product","link":"https:\/\/prmeble.com.pl\/?product=sofa-dziecieca-kubus-tkanina-do-wyboru","title":{"rendered":"Sofa dzieci\u0119ca Kubu\u015b Tkanina do wyboru"},"content":{"rendered":"<div class=\"mpof_ki myre_zn myre_8v_l _0d3bd_YrWCD\">\n<div class=\"mp4t_16_s mryx_16_s mr3m_1 mli2_1 mh85_56 mh85_0_l\">\n<div class=\"mgn2_16 _0d3bd_5pK0q\">\n<div class=\"mpof_ki myre_zn myre_8v_l _0d3bd_YrWCD\">\n<div class=\"mp4t_16_s mryx_16_s mr3m_1 mli2_1 mh85_56 mh85_0_l\">\n<div class=\"mgn2_16 _0d3bd_5pK0q\">\n<div class=\"mpof_ki myre_zn myre_8v_l _0d3bd_YrWCD\">\n<div class=\"mp4t_16_s mryx_16_s mr3m_1 mli2_1 mh85_56 mh85_0_l\">\n<div class=\"mgn2_16 _0d3bd_5pK0q\"><\/div>\n<\/div>\n<\/div>\n<\/div>\n<\/div>\n<\/div>\n<h2 data-start=\"204\" data-end=\"291\">Sofa dzieci\u0119ca KUBU\u015a \u2013 tkanina do wyboru | rozk\u0142adana z funkcj\u0105 spania i pojemnikiem<\/h2>\n<p data-start=\"293\" data-end=\"675\"><strong data-start=\"293\" data-end=\"337\">Sofa dzieci\u0119ca KUBU\u015a \u2013 tkanina do wyboru<\/strong> to funkcjonalny i bezpieczny mebel zaprojektowany specjalnie do pokoju dziecka. Dzi\u0119ki mo\u017cliwo\u015bci wyboru tkaniny oraz kolorystyki sofa mo\u017ce zosta\u0107 idealnie dopasowana do indywidualnych potrzeb oraz aran\u017cacji wn\u0119trza. Model KUBU\u015a sprawdzi si\u0119 zar\u00f3wno jako wygodne siedzisko w ci\u0105gu dnia, jak i praktyczne <strong data-start=\"642\" data-end=\"664\">\u0142\u00f3\u017ceczko dzieci\u0119ce<\/strong> do spania.<\/p>\n<p data-start=\"677\" data-end=\"952\">Sofa zosta\u0142a wykonana <strong data-start=\"699\" data-end=\"722\">z my\u015bl\u0105 o dzieciach<\/strong> \u2013 jest stabilna, bezpieczna i tapicerowana mi\u0119kkimi, przyjemnymi w dotyku materia\u0142ami. Wyposa\u017cona jest w <strong data-start=\"828\" data-end=\"871\">funkcj\u0119 spania oraz pojemnik na po\u015bciel<\/strong>, co pozwala na wygodne przechowywanie i oszcz\u0119dno\u015b\u0107 miejsca w pokoju dzieci\u0119cym.<\/p>\n<p data-start=\"954\" data-end=\"1294\">Konstrukcja oparta na <strong data-start=\"976\" data-end=\"1019\">stela\u017cu drewnianym oraz p\u0142ycie wi\u00f3rowej<\/strong> zapewnia trwa\u0142o\u015b\u0107 i odporno\u015b\u0107 na codzienne u\u017cytkowanie. Zastosowana <strong data-start=\"1088\" data-end=\"1122\">gruba, wysokoelastyczna pianka<\/strong> gwarantuje wysoki komfort siedzenia oraz spokojny sen dziecka. Dwie solidne poduszki osadzone na wytrzyma\u0142ej ramie drewnianej umo\u017cliwiaj\u0105 szybkie i \u0142atwe rozk\u0142adanie sofy.<\/p>\n<h3 data-start=\"1296\" data-end=\"1320\">Najwa\u017cniejsze cechy:<\/h3>\n<ul data-start=\"1321\" data-end=\"1584\">\n<li data-start=\"1321\" data-end=\"1350\">\n<p data-start=\"1323\" data-end=\"1350\">sofa dzieci\u0119ca rozk\u0142adana<\/p>\n<\/li>\n<li data-start=\"1351\" data-end=\"1369\">\n<p data-start=\"1353\" data-end=\"1369\">funkcja spania<\/p>\n<\/li>\n<li data-start=\"1370\" data-end=\"1404\">\n<p data-start=\"1372\" data-end=\"1404\">pojemnik \/ skrzynia na po\u015bciel<\/p>\n<\/li>\n<li data-start=\"1405\" data-end=\"1439\">\n<p data-start=\"1407\" data-end=\"1439\">solidna i stabilna konstrukcja<\/p>\n<\/li>\n<li data-start=\"1440\" data-end=\"1475\">\n<p data-start=\"1442\" data-end=\"1475\">wysokoelastyczna, mi\u0119kka pianka<\/p>\n<\/li>\n<li data-start=\"1476\" data-end=\"1499\">\n<p data-start=\"1478\" data-end=\"1499\">poduszki w zestawie<\/p>\n<\/li>\n<li data-start=\"1500\" data-end=\"1520\">\n<p data-start=\"1502\" data-end=\"1520\">eleganckie n\u00f3\u017cki<\/p>\n<\/li>\n<li data-start=\"1521\" data-end=\"1554\">\n<p data-start=\"1523\" data-end=\"1554\">nowoczesna, uniwersalna forma<\/p>\n<\/li>\n<li data-start=\"1555\" data-end=\"1584\">\n<p data-start=\"1557\" data-end=\"1584\">tkanina i kolor do wyboru<\/p>\n<\/li>\n<\/ul>\n<p>&nbsp;<\/p>\n<h3 data-start=\"1586\" data-end=\"1598\">Wymiary:<\/h3>\n<ul data-start=\"1599\" data-end=\"1704\">\n<li data-start=\"1599\" data-end=\"1624\">\n<p data-start=\"1601\" data-end=\"1624\"><strong data-start=\"1601\" data-end=\"1615\">szeroko\u015b\u0107:<\/strong> 100 cm<\/p>\n<\/li>\n<li data-start=\"1625\" data-end=\"1649\">\n<p data-start=\"1627\" data-end=\"1649\"><strong data-start=\"1627\" data-end=\"1641\">g\u0142\u0119boko\u015b\u0107:<\/strong> 70 cm<\/p>\n<\/li>\n<li data-start=\"1650\" data-end=\"1704\">\n<p data-start=\"1652\" data-end=\"1704\"><strong data-start=\"1652\" data-end=\"1690\">powierzchnia spania po roz\u0142o\u017ceniu:<\/strong> 175 \u00d7 70 cm<\/p>\n<\/li>\n<\/ul>\n<p>&nbsp;<\/p>\n<h3 data-start=\"1706\" data-end=\"1743\">Informacje dotycz\u0105ce u\u017cytkowania:<\/h3>\n<ul data-start=\"1744\" data-end=\"1904\">\n<li data-start=\"1744\" data-end=\"1791\">\n<p data-start=\"1746\" data-end=\"1791\">sofa \/ \u0142\u00f3\u017ceczko <strong data-start=\"1762\" data-end=\"1789\">przeznaczone dla dzieci<\/strong><\/p>\n<\/li>\n<li data-start=\"1792\" data-end=\"1835\">\n<p data-start=\"1794\" data-end=\"1835\"><strong data-start=\"1794\" data-end=\"1833\">maksymalne obci\u0105\u017cenie: ok. 30\u201340 kg<\/strong><\/p>\n<\/li>\n<li data-start=\"1836\" data-end=\"1904\">\n<p data-start=\"1838\" data-end=\"1904\">produkt nie jest przeznaczony do u\u017cytkowania przez osoby doros\u0142e<\/p>\n<\/li>\n<\/ul>\n<p>&nbsp;<\/p>\n<h3 data-start=\"1936\" data-end=\"1961\">Dodatkowe informacje:<\/h3>\n<ul data-start=\"1962\" data-end=\"2147\">\n<li data-start=\"1962\" data-end=\"1987\">\n<p data-start=\"1964\" data-end=\"1987\">mebel fabrycznie nowy<\/p>\n<\/li>\n<li data-start=\"1988\" data-end=\"2037\">\n<p data-start=\"1990\" data-end=\"2037\">zapakowany w oryginalne opakowanie producenta<\/p>\n<\/li>\n<li data-start=\"2038\" data-end=\"2089\">\n<p data-start=\"2040\" data-end=\"2089\">dostarczany w paczkach \u2013 z\u0142o\u017cony.<\/p>\n<\/li>\n<\/ul>\n<p>&nbsp;<\/p>\n<h3>Informacja o Dostawie:<\/h3>\n<p>Dostawa mebli odbywa si\u0119 w godzinach<strong>\u00a06:00 \u2013 23:00.<\/strong><br \/>\nKlient minimum\u00a0<strong>dzie\u0144 wcze\u015bniej otrzymuje wiadomo\u015b\u0107 sms<\/strong>\u00a0z dok\u0142adn\u0105 informacj\u0105 o przewidywanym czasie dostawy.<br \/>\nKierowca r\u00f3wnie\u017c\u00a0<strong>dzwoni<\/strong>\u00a0do klienta godzin\u0119 przed dostaw\u0105.<br \/>\nMeble dostarczane s\u0105 w paczkach do samodzielnego monta\u017cu i s\u0105 one oryginalnie zapakowane przez producenta.<br \/>\n<strong>Ze wzgl\u0119du na zdrowie naszych kierowc\u00f3w, nie maj\u0105 oni obowi\u0105zku ich wniesienia. W przypadku ch\u0119ci skorzystania z takiej us\u0142ugi, nale\u017cy ustali\u0107 szczeg\u00f3\u0142y bezpo\u015brednio z biurem lub w koszyku wybra\u0107 opcj\u0119 wniesienia<\/strong>\u00a0(Nie przy ka\u017cdym meblu jest ona dost\u0119pna).\u00a0<em><strong>Prosz\u0119 mie\u0107 na uwadze, \u017ce jest to us\u0142uga dodatkowo p\u0142atna.<\/strong><\/em><\/p>\n<p>&nbsp;<\/p>\n<h2><strong>Zach\u0119camy do zakupu!<\/strong><\/h2>\n<\/div>\n<\/div>\n<\/div>\n","protected":false},"excerpt":{"rendered":"<div class=\"mpof_ki myre_zn myre_8v_l _0d3bd_YrWCD\">\n<div class=\"mp4t_16_s mryx_16_s mr3m_1 mli2_1 mh85_56 mh85_0_l\">\n<div class=\"mgn2_16 _0d3bd_5pK0q\">\n<p><b>Naro\u017cnik KUBU\u015a &#8211;\u00a0 Gruba Pianka<\/b><\/p>\n<p>Naro\u017cnik jest rozk\u0142adany, posiada funkcj\u0119 spania oraz skrzyni\u0119 na po\u015bciel.<\/p>\n<p><b>Przedstawiony model wykonany jest na grubszej mi\u0119kkiej piance<\/b><\/p>\n<p><b>Naro\u017cnik Kubu\u015b<\/b>\u00a0wykonany jest na stela\u017cu drewnianym i p\u0142ycie wi\u00f3rowej, z tkanin mi\u0142ych w dotyku.<\/p>\n<p>&nbsp;<\/p>\n<\/div>\n<\/div>\n<div class=\"mp4t_16_s mryx_16_s mr3m_1 mli2_1 mh85_56 mh85_0_l\">\n<div class=\"mg9e_8 mg9e_0_s mvrt_0_s mj7a_8 mj7a_0_s mh36_0_s mzmg_6m munh_16_l m3h2_16_l\">\n<div class=\"mp4t_0 mryx_0 munh_56 m3h2_56\">\n<div class=\"mp7g_oh\"><\/div>\n<\/div>\n<\/div>\n<\/div>\n<\/div>\n<div class=\"mpof_ki myre_zn myre_8v_l _0d3bd_YrWCD\">\n<div class=\"mp4t_16_s mryx_16_s mr3m_1 mli2_1 mh85_56 mh85_0_l\">\n<div class=\"mgn2_16 _0d3bd_5pK0q\">\n<p>Dzi\u0119ki zastosowaniu dw\u00f3ch poduszek, wykonanych na wytrzyma\u0142ej ramie drewnianej, \u0142\u00f3\u017cko mo\u017cna roz\u0142o\u017cy\u0107.<\/p>\n<\/div>\n<\/div>\n<\/div>\n","protected":false},"featured_media":12966,"template":"","meta":[],"product_brand":[],"product_cat":[61],"product_tag":[],"class_list":{"0":"post-2886","1":"product","2":"type-product","3":"status-publish","4":"has-post-thumbnail","6":"product_cat-lozka-dla-dzieci","8":"first","9":"instock","10":"shipping-taxable","11":"purchasable","12":"product-type-variable","13":"rtwpvs-product"},"yoast_head":"<!-- This site is optimized with the Yoast SEO plugin v27.3 - https:\/\/yoast.com\/product\/yoast-seo-wordpress\/ -->\n<title>Sofa dzieci\u0119ca Kubu\u015b Tkanina do wyboru - PR MEBLE -tanie i dobre - polski producent - sklep meblowy<\/title>\n<meta name=\"description\" content=\"Sofa dzieci\u0119ca Kubu\u015b Naro\u017cnik Kubu\u015b\u00a0wykonany jest na stela\u017cu drewnianym i p\u0142ycie wi\u00f3rowej, z tkanin mi\u0142ych w dotyku. Mo\u017cna go \u0142atwo roz\u0142o\u017cy\u0107.\" \/>\n<meta name=\"robots\" content=\"index, follow, max-snippet:-1, max-image-preview:large, max-video-preview:-1\" \/>\n<link rel=\"canonical\" href=\"https:\/\/prmeble.com.pl\/?product=sofa-dziecieca-kubus-tkanina-do-wyboru\" \/>\n<meta property=\"og:locale\" content=\"pl_PL\" \/>\n<meta property=\"og:type\" content=\"article\" \/>\n<meta property=\"og:title\" content=\"Sofa dzieci\u0119ca Kubu\u015b Tkanina do wyboru - PR MEBLE -tanie i dobre - polski producent - sklep meblowy\" \/>\n<meta property=\"og:description\" content=\"Sofa dzieci\u0119ca Kubu\u015b Naro\u017cnik Kubu\u015b\u00a0wykonany jest na stela\u017cu drewnianym i p\u0142ycie wi\u00f3rowej, z tkanin mi\u0142ych w dotyku. Mo\u017cna go \u0142atwo roz\u0142o\u017cy\u0107.\" \/>\n<meta property=\"og:url\" content=\"https:\/\/prmeble.com.pl\/?product=sofa-dziecieca-kubus-tkanina-do-wyboru\" \/>\n<meta property=\"og:site_name\" content=\"PR MEBLE -tanie i dobre - polski producent - sklep meblowy\" \/>\n<meta property=\"article:publisher\" content=\"https:\/\/www.facebook.com\/PR-MEBLE-274934799714260\" \/>\n<meta property=\"article:modified_time\" content=\"2026-01-29T12:12:04+00:00\" \/>\n<meta property=\"og:image\" content=\"https:\/\/prmeble.com.pl\/wp-content\/uploads\/2022\/09\/WhatsApp-Image-2025-08-05-at-08.10.03.jpeg\" \/>\n\t<meta property=\"og:image:width\" content=\"1536\" \/>\n\t<meta property=\"og:image:height\" content=\"1024\" \/>\n\t<meta property=\"og:image:type\" content=\"image\/jpeg\" \/>\n<meta name=\"twitter:card\" content=\"summary_large_image\" \/>\n<meta name=\"twitter:label1\" content=\"Szacowany czas czytania\" \/>\n\t<meta name=\"twitter:data1\" content=\"3 minuty\" \/>\n<script type=\"application\/ld+json\" class=\"yoast-schema-graph\">{\"@context\":\"https:\\\/\\\/schema.org\",\"@graph\":[{\"@type\":\"WebPage\",\"@id\":\"https:\\\/\\\/prmeble.com.pl\\\/?product=sofa-dziecieca-kubus-tkanina-do-wyboru\",\"url\":\"https:\\\/\\\/prmeble.com.pl\\\/?product=sofa-dziecieca-kubus-tkanina-do-wyboru\",\"name\":\"Sofa dzieci\u0119ca Kubu\u015b Tkanina do wyboru - PR MEBLE -tanie i dobre - polski producent - sklep meblowy\",\"isPartOf\":{\"@id\":\"https:\\\/\\\/prmeble.com.pl\\\/#website\"},\"primaryImageOfPage\":{\"@id\":\"https:\\\/\\\/prmeble.com.pl\\\/?product=sofa-dziecieca-kubus-tkanina-do-wyboru#primaryimage\"},\"image\":{\"@id\":\"https:\\\/\\\/prmeble.com.pl\\\/?product=sofa-dziecieca-kubus-tkanina-do-wyboru#primaryimage\"},\"thumbnailUrl\":\"https:\\\/\\\/prmeble.com.pl\\\/wp-content\\\/uploads\\\/2022\\\/09\\\/WhatsApp-Image-2025-08-05-at-08.10.03.jpeg\",\"datePublished\":\"2022-09-09T12:43:12+00:00\",\"dateModified\":\"2026-01-29T12:12:04+00:00\",\"description\":\"Sofa dzieci\u0119ca Kubu\u015b Naro\u017cnik Kubu\u015b\u00a0wykonany jest na stela\u017cu drewnianym i p\u0142ycie wi\u00f3rowej, z tkanin mi\u0142ych w dotyku. Mo\u017cna go \u0142atwo roz\u0142o\u017cy\u0107.\",\"breadcrumb\":{\"@id\":\"https:\\\/\\\/prmeble.com.pl\\\/?product=sofa-dziecieca-kubus-tkanina-do-wyboru#breadcrumb\"},\"inLanguage\":\"pl-PL\",\"potentialAction\":[{\"@type\":\"ReadAction\",\"target\":[\"https:\\\/\\\/prmeble.com.pl\\\/?product=sofa-dziecieca-kubus-tkanina-do-wyboru\"]}]},{\"@type\":\"ImageObject\",\"inLanguage\":\"pl-PL\",\"@id\":\"https:\\\/\\\/prmeble.com.pl\\\/?product=sofa-dziecieca-kubus-tkanina-do-wyboru#primaryimage\",\"url\":\"https:\\\/\\\/prmeble.com.pl\\\/wp-content\\\/uploads\\\/2022\\\/09\\\/WhatsApp-Image-2025-08-05-at-08.10.03.jpeg\",\"contentUrl\":\"https:\\\/\\\/prmeble.com.pl\\\/wp-content\\\/uploads\\\/2022\\\/09\\\/WhatsApp-Image-2025-08-05-at-08.10.03.jpeg\",\"width\":1536,\"height\":1024},{\"@type\":\"BreadcrumbList\",\"@id\":\"https:\\\/\\\/prmeble.com.pl\\\/?product=sofa-dziecieca-kubus-tkanina-do-wyboru#breadcrumb\",\"itemListElement\":[{\"@type\":\"ListItem\",\"position\":1,\"name\":\"Strona g\u0142\u00f3wna\",\"item\":\"https:\\\/\\\/prmeble.com.pl\\\/\"},{\"@type\":\"ListItem\",\"position\":2,\"name\":\"Produkty\",\"item\":\"https:\\\/\\\/prmeble.com.pl\\\/?page_id=301\"},{\"@type\":\"ListItem\",\"position\":3,\"name\":\"Sofa dzieci\u0119ca Kubu\u015b Tkanina do wyboru\"}]},{\"@type\":\"WebSite\",\"@id\":\"https:\\\/\\\/prmeble.com.pl\\\/#website\",\"url\":\"https:\\\/\\\/prmeble.com.pl\\\/\",\"name\":\"Pr Meble\",\"description\":\"Tworzymy i sprzedajemy meble tapicerowane. W asortymencie mamy bardzo piekne i nowoczesne naro\u017cniki oraz modne kanapy.\",\"publisher\":{\"@id\":\"https:\\\/\\\/prmeble.com.pl\\\/#organization\"},\"potentialAction\":[{\"@type\":\"SearchAction\",\"target\":{\"@type\":\"EntryPoint\",\"urlTemplate\":\"https:\\\/\\\/prmeble.com.pl\\\/?s={search_term_string}\"},\"query-input\":{\"@type\":\"PropertyValueSpecification\",\"valueRequired\":true,\"valueName\":\"search_term_string\"}}],\"inLanguage\":\"pl-PL\"},{\"@type\":\"Organization\",\"@id\":\"https:\\\/\\\/prmeble.com.pl\\\/#organization\",\"name\":\"Prmeble\",\"url\":\"https:\\\/\\\/prmeble.com.pl\\\/\",\"logo\":{\"@type\":\"ImageObject\",\"inLanguage\":\"pl-PL\",\"@id\":\"https:\\\/\\\/prmeble.com.pl\\\/#\\\/schema\\\/logo\\\/image\\\/\",\"url\":\"https:\\\/\\\/prmeble.com.pl\\\/wp-content\\\/uploads\\\/2021\\\/10\\\/logo.jpg\",\"contentUrl\":\"https:\\\/\\\/prmeble.com.pl\\\/wp-content\\\/uploads\\\/2021\\\/10\\\/logo.jpg\",\"width\":550,\"height\":400,\"caption\":\"Prmeble\"},\"image\":{\"@id\":\"https:\\\/\\\/prmeble.com.pl\\\/#\\\/schema\\\/logo\\\/image\\\/\"},\"sameAs\":[\"https:\\\/\\\/www.facebook.com\\\/PR-MEBLE-274934799714260\"]}]}<\/script>\n<!-- \/ Yoast SEO plugin. -->","yoast_head_json":{"title":"Sofa dzieci\u0119ca Kubu\u015b Tkanina do wyboru - PR MEBLE -tanie i dobre - polski producent - sklep meblowy","description":"Sofa dzieci\u0119ca Kubu\u015b Naro\u017cnik Kubu\u015b\u00a0wykonany jest na stela\u017cu drewnianym i p\u0142ycie wi\u00f3rowej, z tkanin mi\u0142ych w dotyku. Mo\u017cna go \u0142atwo roz\u0142o\u017cy\u0107.","robots":{"index":"index","follow":"follow","max-snippet":"max-snippet:-1","max-image-preview":"max-image-preview:large","max-video-preview":"max-video-preview:-1"},"canonical":"https:\/\/prmeble.com.pl\/?product=sofa-dziecieca-kubus-tkanina-do-wyboru","og_locale":"pl_PL","og_type":"article","og_title":"Sofa dzieci\u0119ca Kubu\u015b Tkanina do wyboru - PR MEBLE -tanie i dobre - polski producent - sklep meblowy","og_description":"Sofa dzieci\u0119ca Kubu\u015b Naro\u017cnik Kubu\u015b\u00a0wykonany jest na stela\u017cu drewnianym i p\u0142ycie wi\u00f3rowej, z tkanin mi\u0142ych w dotyku. Mo\u017cna go \u0142atwo roz\u0142o\u017cy\u0107.","og_url":"https:\/\/prmeble.com.pl\/?product=sofa-dziecieca-kubus-tkanina-do-wyboru","og_site_name":"PR MEBLE -tanie i dobre - polski producent - sklep meblowy","article_publisher":"https:\/\/www.facebook.com\/PR-MEBLE-274934799714260","article_modified_time":"2026-01-29T12:12:04+00:00","og_image":[{"width":1536,"height":1024,"url":"https:\/\/prmeble.com.pl\/wp-content\/uploads\/2022\/09\/WhatsApp-Image-2025-08-05-at-08.10.03.jpeg","type":"image\/jpeg"}],"twitter_card":"summary_large_image","twitter_misc":{"Szacowany czas czytania":"3 minuty"},"schema":{"@context":"https:\/\/schema.org","@graph":[{"@type":"WebPage","@id":"https:\/\/prmeble.com.pl\/?product=sofa-dziecieca-kubus-tkanina-do-wyboru","url":"https:\/\/prmeble.com.pl\/?product=sofa-dziecieca-kubus-tkanina-do-wyboru","name":"Sofa dzieci\u0119ca Kubu\u015b Tkanina do wyboru - PR MEBLE -tanie i dobre - polski producent - sklep meblowy","isPartOf":{"@id":"https:\/\/prmeble.com.pl\/#website"},"primaryImageOfPage":{"@id":"https:\/\/prmeble.com.pl\/?product=sofa-dziecieca-kubus-tkanina-do-wyboru#primaryimage"},"image":{"@id":"https:\/\/prmeble.com.pl\/?product=sofa-dziecieca-kubus-tkanina-do-wyboru#primaryimage"},"thumbnailUrl":"https:\/\/prmeble.com.pl\/wp-content\/uploads\/2022\/09\/WhatsApp-Image-2025-08-05-at-08.10.03.jpeg","datePublished":"2022-09-09T12:43:12+00:00","dateModified":"2026-01-29T12:12:04+00:00","description":"Sofa dzieci\u0119ca Kubu\u015b Naro\u017cnik Kubu\u015b\u00a0wykonany jest na stela\u017cu drewnianym i p\u0142ycie wi\u00f3rowej, z tkanin mi\u0142ych w dotyku. Mo\u017cna go \u0142atwo roz\u0142o\u017cy\u0107.","breadcrumb":{"@id":"https:\/\/prmeble.com.pl\/?product=sofa-dziecieca-kubus-tkanina-do-wyboru#breadcrumb"},"inLanguage":"pl-PL","potentialAction":[{"@type":"ReadAction","target":["https:\/\/prmeble.com.pl\/?product=sofa-dziecieca-kubus-tkanina-do-wyboru"]}]},{"@type":"ImageObject","inLanguage":"pl-PL","@id":"https:\/\/prmeble.com.pl\/?product=sofa-dziecieca-kubus-tkanina-do-wyboru#primaryimage","url":"https:\/\/prmeble.com.pl\/wp-content\/uploads\/2022\/09\/WhatsApp-Image-2025-08-05-at-08.10.03.jpeg","contentUrl":"https:\/\/prmeble.com.pl\/wp-content\/uploads\/2022\/09\/WhatsApp-Image-2025-08-05-at-08.10.03.jpeg","width":1536,"height":1024},{"@type":"BreadcrumbList","@id":"https:\/\/prmeble.com.pl\/?product=sofa-dziecieca-kubus-tkanina-do-wyboru#breadcrumb","itemListElement":[{"@type":"ListItem","position":1,"name":"Strona g\u0142\u00f3wna","item":"https:\/\/prmeble.com.pl\/"},{"@type":"ListItem","position":2,"name":"Produkty","item":"https:\/\/prmeble.com.pl\/?page_id=301"},{"@type":"ListItem","position":3,"name":"Sofa dzieci\u0119ca Kubu\u015b Tkanina do wyboru"}]},{"@type":"WebSite","@id":"https:\/\/prmeble.com.pl\/#website","url":"https:\/\/prmeble.com.pl\/","name":"Pr Meble","description":"Tworzymy i sprzedajemy meble tapicerowane. W asortymencie mamy bardzo piekne i nowoczesne naro\u017cniki oraz modne kanapy.","publisher":{"@id":"https:\/\/prmeble.com.pl\/#organization"},"potentialAction":[{"@type":"SearchAction","target":{"@type":"EntryPoint","urlTemplate":"https:\/\/prmeble.com.pl\/?s={search_term_string}"},"query-input":{"@type":"PropertyValueSpecification","valueRequired":true,"valueName":"search_term_string"}}],"inLanguage":"pl-PL"},{"@type":"Organization","@id":"https:\/\/prmeble.com.pl\/#organization","name":"Prmeble","url":"https:\/\/prmeble.com.pl\/","logo":{"@type":"ImageObject","inLanguage":"pl-PL","@id":"https:\/\/prmeble.com.pl\/#\/schema\/logo\/image\/","url":"https:\/\/prmeble.com.pl\/wp-content\/uploads\/2021\/10\/logo.jpg","contentUrl":"https:\/\/prmeble.com.pl\/wp-content\/uploads\/2021\/10\/logo.jpg","width":550,"height":400,"caption":"Prmeble"},"image":{"@id":"https:\/\/prmeble.com.pl\/#\/schema\/logo\/image\/"},"sameAs":["https:\/\/www.facebook.com\/PR-MEBLE-274934799714260"]}]}},"total_sales":"329","_tax_status":"taxable","_tax_class":"","_manage_stock":"no","_backorders":"no","_sold_individually":"no","_virtual":"no","_downloadable":"no","_download_limit":"-1","_download_expiry":"-1","_stock":"","_stock_status":"instock","_wc_average_rating":"0","_wc_review_count":"0","_product_attributes":{"strona":{"name":"Strona","value":"Prawy | Lewy","position":0,"is_visible":0,"is_variation":1,"is_taxonomy":0}},"_product_version":"10.4.3","_wpcom_is_markdown":"","_edit_lock":"1769688737:1","_edit_last":"1","_thumbnail_id":"12966","_sku":"","_wp_page_template":"default","_last_editor_used_jetpack":"","_elementor_template_type":"","_elementor_version":"","_elementor_data":"","_yoast_wpseo_estimated-reading-time-minutes":"3","_yoast_wpseo_metadesc":"Sofa dzieci\u0119ca Kubu\u015b Naro\u017cnik Kubu\u015b\u00a0wykonany jest na stela\u017cu drewnianym i p\u0142ycie wi\u00f3rowej, z tkanin mi\u0142ych w dotyku. Mo\u017cna go \u0142atwo roz\u0142o\u017cy\u0107.","_wp_old_slug":"","_yoast_wpseo_primary_product_cat":"61","_oembed_7eca53afccebf1f861dae06bfb2dfa8a":"","_oembed_time_7eca53afccebf1f861dae06bfb2dfa8a":"","_yoast_wpseo_wordproof_timestamp":"","_wc_gla_visibility":"sync-and-show","_wc_gla_synced_at":"1768303421","_wc_gla_sync_status":"pending","_wc_gla_google_ids":{"PL":"online:pl:PL:gla_2888"},"fb_product_group_id":"5445400368870380","_wc_facebook_commerce_enabled":"no","_yoast_wpseo_content_score":"30","_yoast_wpseo_focuskw":"Sofa dzieci\u0119ca Kubu\u015b","_yoast_wpseo_linkdex":"72","_product_image_gallery":"6225,6226,6256,6257,6258,6259,6260,6475,6476,6483,6484,6491,6495","_crosssell_ids":[2543],"shopengine_product_views_count":"46797","_yoast_wpseo_primary_fb_product_set":"","xfgmc_google_product_category":"","xfgmc_identifier_exists":"default","xfgmc_adult":"off","xfgmc_condition":"default","_xfgmc_is_bundle":"default","_xfgmc_return_rule_label":"","xfgmc_custom_label_0":"","xfgmc_custom_label_1":"","xfgmc_custom_label_2":"","xfgmc_custom_label_3":"","xfgmc_custom_label_4":"","_price":"350","_eael_post_view_count":"42730","_regular_price":"","_wc_facebook_sync_enabled":"yes","fb_visibility":"yes","fb_product_description":"","_wc_facebook_product_image_source":"product","wpr_secondary_image_id":"0","fb_product_item_id":"","_sale_price":"","wp_statistics_words_count":"309","fb_rich_text_description":"","fb_product_video":[],"fb_brand":"","fb_mpn":"","_yoast_wpseo_primary_product_brand":"","_xmlsf_image_attached":{"loc":"https:\/\/prmeble.com.pl\/wp-content\/uploads\/2022\/09\/WhatsApp-Image-2025-08-05-at-08.10.03.jpeg","title":"WhatsApp Image 2025-08-05 at 08.10.03","caption":""},"_wc_gla_mc_status":"","_elementor_page_assets":[],"shopmagic_source_recipe":"","_wc_gla_errors":"","_weight":"","woo_inpost_shipping_methods_allowed":"","woo_inpost_parcel_dimensions":"","_wc_facebook_google_product_category":"","_yoast_wpseo_title":"","_xfgmc_fb_product_category":"","_xfgmc_tax_category":"","_xfgmc_multipack":"","_xfgmc_shipping_label":"","_xfgmc_unit_pricing_measure":"","_xfgmc_unit_pricing_base_measure":"","_xfgmc_store_code":"","_xfgmc_min_handling_time":"","_xfgmc_max_handling_time":"","_wcpa_product_meta":"","wcpa_exclude_global_forms":"","_upsell_ids":"","_wp_old_date":"","_umb_fruugo_simple_title":"","_umb_fruugo_simple_desc":"","_umb_fruggo_id_type":"","_umb_fruugo_standard_code_val":"","_umb_fruugo_brand":"","_umb_fruugo_vat":"","_umb_fruugo_discount_price":"","_ced_increase_price_fruugo":"","_umb_fruugo_category":"","_ced_fruugo_language_section":"","_ced_fruugo_attributeSize":"","_ced_fruugo_attributeColor":"","_ced_fruugo_currency":"","_ced_fruugo_leadTime":"","_ced_fruugo_packageWeight":"","_ced_fruugo_attribute1":"","_ced_fruugo_attribute2":"","_ced_fruugo_attribute3":"","_ced_fruugo_attribute4":"","_ced_fruugo_attribute5":"","_ced_fruugo_attribute6":"","_ced_fruugo_attribute7":"","_ced_fruugo_attribute8":"","_ced_fruugo_attribute9":"","_ced_fruugo_attribute10":"","_yoast_wpseo_primary_item":"","_wp_trash_meta_status":"","_wp_trash_meta_time":"","_wp_desired_post_slug":"","_links":{"self":[{"href":"https:\/\/prmeble.com.pl\/index.php?rest_route=\/wp\/v2\/product\/2886","targetHints":{"allow":["GET"]}}],"collection":[{"href":"https:\/\/prmeble.com.pl\/index.php?rest_route=\/wp\/v2\/product"}],"about":[{"href":"https:\/\/prmeble.com.pl\/index.php?rest_route=\/wp\/v2\/types\/product"}],"version-history":[{"count":3,"href":"https:\/\/prmeble.com.pl\/index.php?rest_route=\/wp\/v2\/product\/2886\/revisions"}],"predecessor-version":[{"id":14211,"href":"https:\/\/prmeble.com.pl\/index.php?rest_route=\/wp\/v2\/product\/2886\/revisions\/14211"}],"wp:featuredmedia":[{"embeddable":true,"href":"https:\/\/prmeble.com.pl\/index.php?rest_route=\/wp\/v2\/media\/12966"}],"wp:attachment":[{"href":"https:\/\/prmeble.com.pl\/index.php?rest_route=%2Fwp%2Fv2%2Fmedia&parent=2886"}],"wp:term":[{"taxonomy":"product_brand","embeddable":true,"href":"https:\/\/prmeble.com.pl\/index.php?rest_route=%2Fwp%2Fv2%2Fproduct_brand&post=2886"},{"taxonomy":"product_cat","embeddable":true,"href":"https:\/\/prmeble.com.pl\/index.php?rest_route=%2Fwp%2Fv2%2Fproduct_cat&post=2886"},{"taxonomy":"product_tag","embeddable":true,"href":"https:\/\/prmeble.com.pl\/index.php?rest_route=%2Fwp%2Fv2%2Fproduct_tag&post=2886"}],"curies":[{"name":"wp","href":"https:\/\/api.w.org\/{rel}","templated":true}]}}