{"id":271,"date":"2021-10-28T18:42:05","date_gmt":"2021-10-28T16:42:05","guid":{"rendered":"http:\/\/wordpress2154236.home.pl\/sklep\/index.php\/produkt\/hoodie-with-logo\/"},"modified":"2026-01-29T12:58:58","modified_gmt":"2026-01-29T11:58:58","slug":"naroznik-bodo","status":"publish","type":"product","link":"https:\/\/prmeble.com.pl\/?product=naroznik-bodo","title":{"rendered":"Naro\u017cnik Bodo"},"content":{"rendered":"<h1>Naro\u017cnik Bodo bez bok\u00f3w<\/h1>\n<p><strong>Naro\u017cnik BODO to odpowied\u017a dla klient\u00f3w szukaj\u0105cych stylowego oraz nowoczesnego naro\u017cnika. Mebel zachwyca nie tylko wygl\u0105dem pe\u0142nym elegancji, ale tak\u017ce wysok\u0105 staranno\u015bci\u0105 wykonania i odpowiednio dobranymi materia\u0142ami, dzi\u0119ki kt\u00f3rym jego u\u017cytkowanie stanie si\u0119 prawdziw\u0105 przyjemno\u015bci\u0105.<br \/>\n<\/strong><strong>Jego konstrukcja jest oparta na ramie z drewna, p\u0142yty wi\u00f3rowej oraz pil\u015bniowej.<\/strong><\/p>\n<p><strong>Dzi\u0119ki zastosowaniu wysokoelastycznej pianki o grubo\u015bci 10 cm, korzystanie z niego staje si\u0119 prawdziw\u0105 przyjemno\u015bci\u0105. Posiada funkcj\u0119 spania oraz dwa praktyczne pojemniki na po\u015bciel, kt\u00f3re zmieszcz\u0105 w sobie potrzebne rzeczy. Jest uniwersalny, dzi\u0119ki czemu to ty wybierasz czy ma by\u0107 lewo czy prawostronny!<br \/>\nWidoczne na zdj\u0119ciach poduszki s\u0105 w zestawie.\u00a0<\/strong><\/p>\n<p>&nbsp;<\/p>\n<h2 style=\"text-align: left;\">Informacje:<\/h2>\n<ul>\n<li style=\"text-align: left;\">d\u0142ugo\u015b\u0107:\u00a0<strong>150 cm<\/strong><\/li>\n<li style=\"text-align: left;\">szeroko\u015b\u0107:\u00a0<strong>200 cm<\/strong><\/li>\n<li style=\"text-align: left;\">wysoko\u015b\u0107\u00a0<strong>70 cm<\/strong><\/li>\n<li style=\"text-align: left;\">Powierzchnia spania:\u00a0<strong>135&#215;200 cm<\/strong><\/li>\n<\/ul>\n<h2 style=\"text-align: left;\">Cechy:<\/h2>\n<ul>\n<li>Funkcja spania,<\/li>\n<li>2x Pojemnik na po\u015bciel,<\/li>\n<li>Solidna i trwa\u0142a konstrukcja<\/li>\n<li>Wysokoelastyczna pianka o grubo\u015bci 10cm<\/li>\n<li>Strona naro\u017cnika uniwersalna: prawa \/ lewa<\/li>\n<li>Poduszki w zestawie z meblem<\/li>\n<li>Eleganckie n\u00f3\u017cki<\/li>\n<li>Ozdobne pikowanie na siedzisku<\/li>\n<li>Kszta\u0142t litery L<\/li>\n<li>Nowoczesna forma<\/li>\n<\/ul>\n<p>Automat w systemie DL, kt\u00f3ry znacznie u\u0142atwia rozk\u0142adanie funkcji spania, a tak\u017ce zapewnia \u0142atwiejszy dost\u0119p do pojemnika na po\u015bciel.<\/p>\n<p>Spr\u0119\u017cyny Bonell w siedzisku zamiast pianki, kt\u00f3re wp\u0142yn\u0105 znacznie na komfort u\u017cytkowania, swoim kszta\u0142tem przypominaj\u0105 klepsydry, dzi\u0119ki tak banalnemu rozwi\u0105zaniu spr\u0119\u017cyny bonell odporne s\u0105 na wi\u0119kszy nacisk.<\/p>\n<p>&nbsp;<\/p>\n<p><b>DODATKOWE INFORMACJE:<\/b><\/p>\n<ul>\n<li>meble s\u0105 fabrycznie nowe, zapakowane w oryginalne opakowanie<\/li>\n<li>meble dostarczamy\u00a0 w paczkach, do samodzielnego monta\u017cu<\/li>\n<li>w zestawie za\u0142\u0105czona instrukcja monta\u017cu i wszystkie niezb\u0119dne elementy<\/li>\n<\/ul>\n<p>&nbsp;<\/p>\n<h3>Informacja o Dostawie:<\/h3>\n<p>Dostawa mebli odbywa si\u0119 w godzinach<strong> 6:00 &#8211; 23:00.<\/strong><br \/>\nKlient minimum <strong>dzie\u0144 wcze\u015bniej otrzymuje wiadomo\u015b\u0107 sms<\/strong> z dok\u0142adn\u0105 informacj\u0105 o przewidywanym czasie dostawy.<br \/>\nKierowca r\u00f3wnie\u017c <strong>dzwoni<\/strong> do klienta godzin\u0119 przed dostaw\u0105.<br \/>\nMeble dostarczane s\u0105 w paczkach do samodzielnego monta\u017cu i s\u0105 one oryginalnie zapakowane przez producenta.<br \/>\n<strong>Ze wzgl\u0119du na zdrowie naszych kierowc\u00f3w, nie maj\u0105 oni obowi\u0105zku ich wniesienia. W przypadku ch\u0119ci skorzystania z takiej us\u0142ugi, nale\u017cy ustali\u0107 szczeg\u00f3\u0142y bezpo\u015brednio z biurem<\/strong>. <em><strong>Prosz\u0119 mie\u0107 na uwadze, \u017ce jest to us\u0142uga dodatkowo p\u0142atna.<\/strong><\/em><\/p>\n<p>&nbsp;<\/p>\n<h2><strong>Zach\u0119camy do zakupu!<\/strong><\/h2>\n","protected":false},"excerpt":{"rendered":"<p>Naro\u017cnik Bodo bez bok\u00f3w Naro\u017cnik BODO to odpowied\u017a dla klient\u00f3w szukaj\u0105cych stylowego oraz nowoczesnego naro\u017cnika. Mebel zachwyca nie tylko wygl\u0105dem pe\u0142nym elegancji, ale tak\u017ce wysok\u0105 staranno\u015bci\u0105 wykonania i odpowiednio dobranymi materia\u0142ami, dzi\u0119ki kt\u00f3rym jego u\u017cytkowanie stanie si\u0119 prawdziw\u0105 przyjemno\u015bci\u0105. Jego konstrukcja jest oparta na ramie z drewna, p\u0142yty wi\u00f3rowej oraz pil\u015bniowej. Dzi\u0119ki zastosowaniu wysokoelastycznej pianki o grubo\u015bci 10 cm, korzystanie z niego staje si\u0119 prawdziw\u0105 przyjemno\u015bci\u0105. Posiada funkcj\u0119 spania oraz dwa praktyczne pojemniki na po\u015bciel, kt\u00f3re zmieszcz\u0105 w sobie potrzebne rzeczy. Jest uniwersalny, dzi\u0119ki czemu to ty wybierasz czy ma by\u0107 lewo czy prawostronny! Widoczne na zdj\u0119ciach poduszki s\u0105 w zestawie.\u00a0 &nbsp; Informacje: d\u0142ugo\u015b\u0107:\u00a0150 cm szeroko\u015b\u0107:\u00a0200 cm wysoko\u015b\u0107\u00a070 cm Powierzchnia spania:\u00a0135&#215;200 cm Cechy: Funkcja spania, 2x Pojemnik na po\u015bciel, Solidna i trwa\u0142a konstrukcja Wysokoelastyczna pianka o grubo\u015bci 10cm Strona naro\u017cnika uniwersalna: prawa \/ lewa Poduszki w zestawie z meblem Eleganckie n\u00f3\u017cki Ozdobne pikowanie na siedzisku Kszta\u0142t litery L Nowoczesna forma Automat w systemie DL, kt\u00f3ry znacznie u\u0142atwia rozk\u0142adanie funkcji spania, a tak\u017ce zapewnia \u0142atwiejszy dost\u0119p do pojemnika na po\u015bciel. Spr\u0119\u017cyny Bonell w siedzisku zamiast pianki, kt\u00f3re wp\u0142yn\u0105 znacznie na komfort u\u017cytkowania, swoim kszta\u0142tem przypominaj\u0105 klepsydry, dzi\u0119ki tak banalnemu rozwi\u0105zaniu spr\u0119\u017cyny bonell odporne s\u0105 na wi\u0119kszy nacisk. &nbsp; DODATKOWE INFORMACJE: meble s\u0105 fabrycznie nowe, zapakowane w oryginalne opakowanie meble dostarczamy\u00a0 w paczkach, do samodzielnego monta\u017cu w zestawie za\u0142\u0105czona instrukcja monta\u017cu i wszystkie niezb\u0119dne elementy &nbsp; Informacja o Dostawie: Dostawa mebli odbywa si\u0119 w godzinach 6:00 &#8211; 23:00. Klient minimum dzie\u0144 wcze\u015bniej otrzymuje wiadomo\u015b\u0107 sms z dok\u0142adn\u0105 informacj\u0105 o przewidywanym czasie dostawy. Kierowca r\u00f3wnie\u017c dzwoni do klienta godzin\u0119 przed dostaw\u0105. Meble dostarczane s\u0105 w paczkach do samodzielnego monta\u017cu i s\u0105 one oryginalnie zapakowane przez producenta. Ze wzgl\u0119du na zdrowie naszych kierowc\u00f3w, nie maj\u0105 oni obowi\u0105zku ich wniesienia. W przypadku ch\u0119ci skorzystania z takiej us\u0142ugi, nale\u017cy ustali\u0107 szczeg\u00f3\u0142y bezpo\u015brednio z biurem. Prosz\u0119 mie\u0107 na uwadze, \u017ce jest to us\u0142uga dodatkowo p\u0142atna. &nbsp; Zach\u0119camy do zakupu!<\/p>\n","protected":false},"featured_media":12599,"template":"","meta":[],"product_brand":[],"product_cat":[34,21],"product_tag":[100,90,101],"class_list":{"0":"post-271","1":"product","2":"type-product","3":"status-publish","4":"has-post-thumbnail","6":"product_cat-bests","7":"product_cat-narozniki","8":"product_tag-l","9":"product_tag-naroznik-z-funkcja-spania","10":"product_tag-sredni","11":"product_shipping_class-podst","13":"first","14":"instock","15":"shipping-taxable","16":"purchasable","17":"product-type-simple"},"yoast_head":"<!-- This site is optimized with the Yoast SEO plugin v27.3 - https:\/\/yoast.com\/product\/yoast-seo-wordpress\/ -->\n<title>Naro\u017cnik Bodo - PR MEBLE -tanie i dobre - polski producent - sklep meblowy<\/title>\n<meta name=\"description\" content=\"Naro\u017cnik wykonany na ramie z drewna, p\u0142yty wi\u00f3rowej i pil\u015bniowej. Posiada funkcj\u0119 spania, pojemnik na po\u015bciel i poduszki w zestawie.\" \/>\n<meta name=\"robots\" content=\"index, follow, max-snippet:-1, max-image-preview:large, max-video-preview:-1\" \/>\n<link rel=\"canonical\" href=\"https:\/\/prmeble.com.pl\/?product=naroznik-bodo\" \/>\n<meta property=\"og:locale\" content=\"pl_PL\" \/>\n<meta property=\"og:type\" content=\"article\" \/>\n<meta property=\"og:title\" content=\"Naro\u017cnik Bodo - PR MEBLE -tanie i dobre - polski producent - sklep meblowy\" \/>\n<meta property=\"og:description\" content=\"Naro\u017cnik wykonany na ramie z drewna, p\u0142yty wi\u00f3rowej i pil\u015bniowej. Posiada funkcj\u0119 spania, pojemnik na po\u015bciel i poduszki w zestawie.\" \/>\n<meta property=\"og:url\" content=\"https:\/\/prmeble.com.pl\/?product=naroznik-bodo\" \/>\n<meta property=\"og:site_name\" content=\"PR MEBLE -tanie i dobre - polski producent - sklep meblowy\" \/>\n<meta property=\"article:publisher\" content=\"https:\/\/www.facebook.com\/PR-MEBLE-274934799714260\" \/>\n<meta property=\"article:modified_time\" content=\"2026-01-29T11:58:58+00:00\" \/>\n<meta property=\"og:image\" content=\"https:\/\/prmeble.com.pl\/wp-content\/uploads\/2021\/10\/WhatsApp-Image-2025-07-07-at-13.37.30.jpeg\" \/>\n\t<meta property=\"og:image:width\" content=\"1024\" \/>\n\t<meta property=\"og:image:height\" content=\"1024\" \/>\n\t<meta property=\"og:image:type\" content=\"image\/jpeg\" \/>\n<meta name=\"twitter:card\" content=\"summary_large_image\" \/>\n<meta name=\"twitter:label1\" content=\"Szacowany czas czytania\" \/>\n\t<meta name=\"twitter:data1\" content=\"3 minuty\" \/>\n<script type=\"application\/ld+json\" class=\"yoast-schema-graph\">{\"@context\":\"https:\\\/\\\/schema.org\",\"@graph\":[{\"@type\":\"WebPage\",\"@id\":\"https:\\\/\\\/prmeble.com.pl\\\/?product=naroznik-bodo\",\"url\":\"https:\\\/\\\/prmeble.com.pl\\\/?product=naroznik-bodo\",\"name\":\"Naro\u017cnik Bodo - PR MEBLE -tanie i dobre - polski producent - sklep meblowy\",\"isPartOf\":{\"@id\":\"https:\\\/\\\/prmeble.com.pl\\\/#website\"},\"primaryImageOfPage\":{\"@id\":\"https:\\\/\\\/prmeble.com.pl\\\/?product=naroznik-bodo#primaryimage\"},\"image\":{\"@id\":\"https:\\\/\\\/prmeble.com.pl\\\/?product=naroznik-bodo#primaryimage\"},\"thumbnailUrl\":\"https:\\\/\\\/prmeble.com.pl\\\/wp-content\\\/uploads\\\/2021\\\/10\\\/WhatsApp-Image-2025-07-07-at-13.37.30.jpeg\",\"datePublished\":\"2021-10-28T16:42:05+00:00\",\"dateModified\":\"2026-01-29T11:58:58+00:00\",\"description\":\"Naro\u017cnik wykonany na ramie z drewna, p\u0142yty wi\u00f3rowej i pil\u015bniowej. Posiada funkcj\u0119 spania, pojemnik na po\u015bciel i poduszki w zestawie.\",\"breadcrumb\":{\"@id\":\"https:\\\/\\\/prmeble.com.pl\\\/?product=naroznik-bodo#breadcrumb\"},\"inLanguage\":\"pl-PL\",\"potentialAction\":[{\"@type\":\"ReadAction\",\"target\":[\"https:\\\/\\\/prmeble.com.pl\\\/?product=naroznik-bodo\"]}]},{\"@type\":\"ImageObject\",\"inLanguage\":\"pl-PL\",\"@id\":\"https:\\\/\\\/prmeble.com.pl\\\/?product=naroznik-bodo#primaryimage\",\"url\":\"https:\\\/\\\/prmeble.com.pl\\\/wp-content\\\/uploads\\\/2021\\\/10\\\/WhatsApp-Image-2025-07-07-at-13.37.30.jpeg\",\"contentUrl\":\"https:\\\/\\\/prmeble.com.pl\\\/wp-content\\\/uploads\\\/2021\\\/10\\\/WhatsApp-Image-2025-07-07-at-13.37.30.jpeg\",\"width\":1024,\"height\":1024},{\"@type\":\"BreadcrumbList\",\"@id\":\"https:\\\/\\\/prmeble.com.pl\\\/?product=naroznik-bodo#breadcrumb\",\"itemListElement\":[{\"@type\":\"ListItem\",\"position\":1,\"name\":\"Strona g\u0142\u00f3wna\",\"item\":\"https:\\\/\\\/prmeble.com.pl\\\/\"},{\"@type\":\"ListItem\",\"position\":2,\"name\":\"Produkty\",\"item\":\"https:\\\/\\\/prmeble.com.pl\\\/?page_id=301\"},{\"@type\":\"ListItem\",\"position\":3,\"name\":\"Naro\u017cnik Bodo\"}]},{\"@type\":\"WebSite\",\"@id\":\"https:\\\/\\\/prmeble.com.pl\\\/#website\",\"url\":\"https:\\\/\\\/prmeble.com.pl\\\/\",\"name\":\"Pr Meble\",\"description\":\"Tworzymy i sprzedajemy meble tapicerowane. W asortymencie mamy bardzo piekne i nowoczesne naro\u017cniki oraz modne kanapy.\",\"publisher\":{\"@id\":\"https:\\\/\\\/prmeble.com.pl\\\/#organization\"},\"potentialAction\":[{\"@type\":\"SearchAction\",\"target\":{\"@type\":\"EntryPoint\",\"urlTemplate\":\"https:\\\/\\\/prmeble.com.pl\\\/?s={search_term_string}\"},\"query-input\":{\"@type\":\"PropertyValueSpecification\",\"valueRequired\":true,\"valueName\":\"search_term_string\"}}],\"inLanguage\":\"pl-PL\"},{\"@type\":\"Organization\",\"@id\":\"https:\\\/\\\/prmeble.com.pl\\\/#organization\",\"name\":\"Prmeble\",\"url\":\"https:\\\/\\\/prmeble.com.pl\\\/\",\"logo\":{\"@type\":\"ImageObject\",\"inLanguage\":\"pl-PL\",\"@id\":\"https:\\\/\\\/prmeble.com.pl\\\/#\\\/schema\\\/logo\\\/image\\\/\",\"url\":\"https:\\\/\\\/prmeble.com.pl\\\/wp-content\\\/uploads\\\/2021\\\/10\\\/logo.jpg\",\"contentUrl\":\"https:\\\/\\\/prmeble.com.pl\\\/wp-content\\\/uploads\\\/2021\\\/10\\\/logo.jpg\",\"width\":550,\"height\":400,\"caption\":\"Prmeble\"},\"image\":{\"@id\":\"https:\\\/\\\/prmeble.com.pl\\\/#\\\/schema\\\/logo\\\/image\\\/\"},\"sameAs\":[\"https:\\\/\\\/www.facebook.com\\\/PR-MEBLE-274934799714260\"]}]}<\/script>\n<!-- \/ Yoast SEO plugin. -->","yoast_head_json":{"title":"Naro\u017cnik Bodo - PR MEBLE -tanie i dobre - polski producent - sklep meblowy","description":"Naro\u017cnik wykonany na ramie z drewna, p\u0142yty wi\u00f3rowej i pil\u015bniowej. Posiada funkcj\u0119 spania, pojemnik na po\u015bciel i poduszki w zestawie.","robots":{"index":"index","follow":"follow","max-snippet":"max-snippet:-1","max-image-preview":"max-image-preview:large","max-video-preview":"max-video-preview:-1"},"canonical":"https:\/\/prmeble.com.pl\/?product=naroznik-bodo","og_locale":"pl_PL","og_type":"article","og_title":"Naro\u017cnik Bodo - PR MEBLE -tanie i dobre - polski producent - sklep meblowy","og_description":"Naro\u017cnik wykonany na ramie z drewna, p\u0142yty wi\u00f3rowej i pil\u015bniowej. Posiada funkcj\u0119 spania, pojemnik na po\u015bciel i poduszki w zestawie.","og_url":"https:\/\/prmeble.com.pl\/?product=naroznik-bodo","og_site_name":"PR MEBLE -tanie i dobre - polski producent - sklep meblowy","article_publisher":"https:\/\/www.facebook.com\/PR-MEBLE-274934799714260","article_modified_time":"2026-01-29T11:58:58+00:00","og_image":[{"width":1024,"height":1024,"url":"https:\/\/prmeble.com.pl\/wp-content\/uploads\/2021\/10\/WhatsApp-Image-2025-07-07-at-13.37.30.jpeg","type":"image\/jpeg"}],"twitter_card":"summary_large_image","twitter_misc":{"Szacowany czas czytania":"3 minuty"},"schema":{"@context":"https:\/\/schema.org","@graph":[{"@type":"WebPage","@id":"https:\/\/prmeble.com.pl\/?product=naroznik-bodo","url":"https:\/\/prmeble.com.pl\/?product=naroznik-bodo","name":"Naro\u017cnik Bodo - PR MEBLE -tanie i dobre - polski producent - sklep meblowy","isPartOf":{"@id":"https:\/\/prmeble.com.pl\/#website"},"primaryImageOfPage":{"@id":"https:\/\/prmeble.com.pl\/?product=naroznik-bodo#primaryimage"},"image":{"@id":"https:\/\/prmeble.com.pl\/?product=naroznik-bodo#primaryimage"},"thumbnailUrl":"https:\/\/prmeble.com.pl\/wp-content\/uploads\/2021\/10\/WhatsApp-Image-2025-07-07-at-13.37.30.jpeg","datePublished":"2021-10-28T16:42:05+00:00","dateModified":"2026-01-29T11:58:58+00:00","description":"Naro\u017cnik wykonany na ramie z drewna, p\u0142yty wi\u00f3rowej i pil\u015bniowej. Posiada funkcj\u0119 spania, pojemnik na po\u015bciel i poduszki w zestawie.","breadcrumb":{"@id":"https:\/\/prmeble.com.pl\/?product=naroznik-bodo#breadcrumb"},"inLanguage":"pl-PL","potentialAction":[{"@type":"ReadAction","target":["https:\/\/prmeble.com.pl\/?product=naroznik-bodo"]}]},{"@type":"ImageObject","inLanguage":"pl-PL","@id":"https:\/\/prmeble.com.pl\/?product=naroznik-bodo#primaryimage","url":"https:\/\/prmeble.com.pl\/wp-content\/uploads\/2021\/10\/WhatsApp-Image-2025-07-07-at-13.37.30.jpeg","contentUrl":"https:\/\/prmeble.com.pl\/wp-content\/uploads\/2021\/10\/WhatsApp-Image-2025-07-07-at-13.37.30.jpeg","width":1024,"height":1024},{"@type":"BreadcrumbList","@id":"https:\/\/prmeble.com.pl\/?product=naroznik-bodo#breadcrumb","itemListElement":[{"@type":"ListItem","position":1,"name":"Strona g\u0142\u00f3wna","item":"https:\/\/prmeble.com.pl\/"},{"@type":"ListItem","position":2,"name":"Produkty","item":"https:\/\/prmeble.com.pl\/?page_id=301"},{"@type":"ListItem","position":3,"name":"Naro\u017cnik Bodo"}]},{"@type":"WebSite","@id":"https:\/\/prmeble.com.pl\/#website","url":"https:\/\/prmeble.com.pl\/","name":"Pr Meble","description":"Tworzymy i sprzedajemy meble tapicerowane. W asortymencie mamy bardzo piekne i nowoczesne naro\u017cniki oraz modne kanapy.","publisher":{"@id":"https:\/\/prmeble.com.pl\/#organization"},"potentialAction":[{"@type":"SearchAction","target":{"@type":"EntryPoint","urlTemplate":"https:\/\/prmeble.com.pl\/?s={search_term_string}"},"query-input":{"@type":"PropertyValueSpecification","valueRequired":true,"valueName":"search_term_string"}}],"inLanguage":"pl-PL"},{"@type":"Organization","@id":"https:\/\/prmeble.com.pl\/#organization","name":"Prmeble","url":"https:\/\/prmeble.com.pl\/","logo":{"@type":"ImageObject","inLanguage":"pl-PL","@id":"https:\/\/prmeble.com.pl\/#\/schema\/logo\/image\/","url":"https:\/\/prmeble.com.pl\/wp-content\/uploads\/2021\/10\/logo.jpg","contentUrl":"https:\/\/prmeble.com.pl\/wp-content\/uploads\/2021\/10\/logo.jpg","width":550,"height":400,"caption":"Prmeble"},"image":{"@id":"https:\/\/prmeble.com.pl\/#\/schema\/logo\/image\/"},"sameAs":["https:\/\/www.facebook.com\/PR-MEBLE-274934799714260"]}]}},"total_sales":"146","_tax_status":"taxable","_tax_class":"","_manage_stock":"no","_backorders":"no","_sold_individually":"no","_virtual":"no","_downloadable":"no","_download_limit":"0","_download_expiry":"0","_stock":"","_stock_status":"instock","_wc_average_rating":"0","_wc_review_count":"0","_product_attributes":{"sprezyna-bonell":{"name":"Spr\u0119\u017cyna bonell","value":"TAK | NIE","position":0,"is_visible":0,"is_variation":1,"is_taxonomy":0},"automat-wspomagajacy-rozkladanie":{"name":"Automat wspomagaj\u0105cy rozk\u0142adanie","value":"Tak | Nie","position":2,"is_visible":0,"is_variation":1,"is_taxonomy":0}},"_product_version":"10.4.3","_wpcom_is_markdown":"1","_edit_lock":"1751896454:1","_edit_last":"1","_thumbnail_id":"12599","_sku":"1","_wp_page_template":"default","_last_editor_used_jetpack":"classic-editor","_elementor_template_type":"wp-post","_elementor_version":"3.4.6","_elementor_data":"[]","_yoast_wpseo_estimated-reading-time-minutes":"3","_yoast_wpseo_metadesc":"Naro\u017cnik wykonany na ramie z drewna, p\u0142yty wi\u00f3rowej i pil\u015bniowej. Posiada funkcj\u0119 spania, pojemnik na po\u015bciel i poduszki w zestawie.","_wp_old_slug":"narozniki","_yoast_wpseo_primary_product_cat":"21","_oembed_7eca53afccebf1f861dae06bfb2dfa8a":"<blockquote class=\"wp-embedded-content\" data-secret=\"O4Dv83Ej5f\"><a href=\"https:\/\/prmeble.com.pl\/?page_id=77\">Tkaniny<\/a><\/blockquote><iframe class=\"wp-embedded-content\" sandbox=\"allow-scripts\" security=\"restricted\" style=\"position: absolute; clip: rect(1px, 1px, 1px, 1px);\" title=\"&#8222;Tkaniny&#8221; &#8212; Pr Meble\" src=\"https:\/\/prmeble.com.pl\/?page_id=77&#038;embed=true#?secret=zVVPQSnup0#?secret=O4Dv83Ej5f\" data-secret=\"O4Dv83Ej5f\" width=\"600\" height=\"338\" frameborder=\"0\" marginwidth=\"0\" marginheight=\"0\" scrolling=\"no\"><\/iframe>","_oembed_time_7eca53afccebf1f861dae06bfb2dfa8a":"1659077567","_yoast_wpseo_wordproof_timestamp":"","_wc_gla_visibility":"sync-and-show","_wc_gla_synced_at":"1767409238","_wc_gla_sync_status":"pending","_wc_gla_google_ids":{"PL":"online:pl:PL:gla_271"},"fb_product_group_id":"8362265643868386","_wc_facebook_commerce_enabled":"no","_yoast_wpseo_content_score":"60","_yoast_wpseo_focuskw":"Naro\u017cnik bodo","_yoast_wpseo_linkdex":"73","_product_image_gallery":"2183,2185,1696,1706,1697,1688,1703,1704","_crosssell_ids":[2543],"shopengine_product_views_count":"28447","_yoast_wpseo_primary_fb_product_set":"","xfgmc_google_product_category":"","xfgmc_identifier_exists":"default","xfgmc_adult":"off","xfgmc_condition":"default","_xfgmc_is_bundle":"default","_xfgmc_return_rule_label":"","xfgmc_custom_label_0":"","xfgmc_custom_label_1":"","xfgmc_custom_label_2":"","xfgmc_custom_label_3":"","xfgmc_custom_label_4":"","_price":"980","_eael_post_view_count":"23201","_regular_price":"1220","_wc_facebook_sync_enabled":"yes","fb_visibility":"yes","fb_product_description":"","_wc_facebook_product_image_source":"product","wpr_secondary_image_id":"0","fb_product_item_id":"8362266147201669","_sale_price":"980","wp_statistics_words_count":"292","fb_rich_text_description":"","fb_product_video":[],"fb_brand":"","fb_mpn":"","_yoast_wpseo_primary_product_brand":"","_xmlsf_image_attached":{"loc":"https:\/\/prmeble.com.pl\/wp-content\/uploads\/2021\/10\/WhatsApp-Image-2025-07-07-at-13.37.30.jpeg","title":"WhatsApp Image 2025-07-07 at 13.37.30","caption":""},"_wc_gla_mc_status":"approved","_elementor_page_assets":[],"shopmagic_source_recipe":"","_wc_gla_errors":"","_weight":"","woo_inpost_shipping_methods_allowed":"","woo_inpost_parcel_dimensions":"","_wc_facebook_google_product_category":"","_yoast_wpseo_title":"","_xfgmc_fb_product_category":"","_xfgmc_tax_category":"","_xfgmc_multipack":"","_xfgmc_shipping_label":"","_xfgmc_unit_pricing_measure":"","_xfgmc_unit_pricing_base_measure":"","_xfgmc_store_code":"","_xfgmc_min_handling_time":"","_xfgmc_max_handling_time":"","_wcpa_product_meta":"","wcpa_exclude_global_forms":"","_upsell_ids":"","_wp_old_date":"","_umb_fruugo_simple_title":"","_umb_fruugo_simple_desc":"","_umb_fruggo_id_type":"","_umb_fruugo_standard_code_val":"","_umb_fruugo_brand":"","_umb_fruugo_vat":"","_umb_fruugo_discount_price":"","_ced_increase_price_fruugo":"","_umb_fruugo_category":"","_ced_fruugo_language_section":"","_ced_fruugo_attributeSize":"","_ced_fruugo_attributeColor":"","_ced_fruugo_currency":"","_ced_fruugo_leadTime":"","_ced_fruugo_packageWeight":"","_ced_fruugo_attribute1":"","_ced_fruugo_attribute2":"","_ced_fruugo_attribute3":"","_ced_fruugo_attribute4":"","_ced_fruugo_attribute5":"","_ced_fruugo_attribute6":"","_ced_fruugo_attribute7":"","_ced_fruugo_attribute8":"","_ced_fruugo_attribute9":"","_ced_fruugo_attribute10":"","_yoast_wpseo_primary_item":"","_wp_trash_meta_status":"","_wp_trash_meta_time":"","_wp_desired_post_slug":"","_links":{"self":[{"href":"https:\/\/prmeble.com.pl\/index.php?rest_route=\/wp\/v2\/product\/271","targetHints":{"allow":["GET"]}}],"collection":[{"href":"https:\/\/prmeble.com.pl\/index.php?rest_route=\/wp\/v2\/product"}],"about":[{"href":"https:\/\/prmeble.com.pl\/index.php?rest_route=\/wp\/v2\/types\/product"}],"version-history":[{"count":1,"href":"https:\/\/prmeble.com.pl\/index.php?rest_route=\/wp\/v2\/product\/271\/revisions"}],"predecessor-version":[{"id":12002,"href":"https:\/\/prmeble.com.pl\/index.php?rest_route=\/wp\/v2\/product\/271\/revisions\/12002"}],"wp:featuredmedia":[{"embeddable":true,"href":"https:\/\/prmeble.com.pl\/index.php?rest_route=\/wp\/v2\/media\/12599"}],"wp:attachment":[{"href":"https:\/\/prmeble.com.pl\/index.php?rest_route=%2Fwp%2Fv2%2Fmedia&parent=271"}],"wp:term":[{"taxonomy":"product_brand","embeddable":true,"href":"https:\/\/prmeble.com.pl\/index.php?rest_route=%2Fwp%2Fv2%2Fproduct_brand&post=271"},{"taxonomy":"product_cat","embeddable":true,"href":"https:\/\/prmeble.com.pl\/index.php?rest_route=%2Fwp%2Fv2%2Fproduct_cat&post=271"},{"taxonomy":"product_tag","embeddable":true,"href":"https:\/\/prmeble.com.pl\/index.php?rest_route=%2Fwp%2Fv2%2Fproduct_tag&post=271"}],"curies":[{"name":"wp","href":"https:\/\/api.w.org\/{rel}","templated":true}]}}