{"id":2618,"date":"2022-09-01T14:01:41","date_gmt":"2022-09-01T12:01:41","guid":{"rendered":"https:\/\/prmeble.com.pl\/?post_type=product&#038;p=2618"},"modified":"2025-07-21T13:54:20","modified_gmt":"2025-07-21T11:54:20","slug":"fotel-uszak-w-kwiaty","status":"publish","type":"product","link":"https:\/\/prmeble.com.pl\/?product=fotel-uszak-w-kwiaty","title":{"rendered":"Fotel uszak w Kwiaty"},"content":{"rendered":"<p><strong>Fotel uszak jednoosobowy\u00a0 to pe\u0142na wdzi\u0119ku i estetyki propozycja fotela, utrzymana jest w stylu skandynawskim. Fotel uszak wykonany zosta\u0142 z najlepszych materia\u0142\u00f3w i dzi\u0119ki du\u017cej ilo\u015bci tkanin do wyboru pozwala dopasowa\u0107 go kolorystycznie do ka\u017cdego wn\u0119trza. <\/strong><\/p>\n<p><strong>Subtelne aczkolwiek stabilne n\u00f3\u017cki (r\u00f3\u017cne kolory do wyboru) w po\u0142\u0105czeniu z stylowym fotelem idealnie dope\u0142niaj\u0105 kompozycj\u0119 tego mebla. R\u00f3\u017cne typy przyjemnych w dotyku tkanin zadowol\u0105 nawet najbardziej wybredne gusta a ich plamoodporno\u015b\u0107 pomo\u017ce w zachowaniu czysto\u015bci i higieny u\u017cytkowania fotela przez lata. <\/strong><\/p>\n<p><strong>Fotel typu Uszak zaprojektowany i wykonany zosta\u0142 w Polsce co jest gwarancj\u0105 jako\u015bci. Zastosowanie odpowiednich materia\u0142\u00f3w gwarantuje wysoki komfort u\u017cytkowania a specjalny profil odcinka l\u0119d\u017awiowego podnosi ergonomiczno\u015b\u0107 pozwalaj\u0105c utrzyma\u0107 wyprostowan\u0105 sylwetk\u0119 dzi\u0119ki czemu zapobiegniemy b\u00f3lom kr\u0119gos\u0142upa. <\/strong><\/p>\n<p><strong>Do fotela mo\u017cna dokupi\u0107 podn\u00f3\u017cek za 170 z\u0142, kt\u00f3ry pozwala lepiej u\u0142o\u017cy\u0107 si\u0119 w fotelu pozwalaj\u0105c odpocz\u0105\u0107 tak\u017ce naszym nogom i umo\u017cliwiaj\u0105c tak zatopienie si\u0119 w ulubionej ksi\u0105\u017cce lub serialu jak po prostu odci\u0119cie si\u0119 od zewn\u0119trznego \u015bwiata i pogr\u0105\u017cenie w przyjemnej drzemce<\/strong><\/p>\n<h2>Co wyr\u00f3\u017cnia Fotel uszak jednoosobowe:<\/h2>\n<ul>\n<li>pe\u0142en gracji i wdzi\u0119ku styl &#8211; fotele uszak to ponadczasowa propozycja kt\u00f3ra uatrakcyjni ka\u017cde stylowe pomieszczenie<\/li>\n<li>komfort na d\u0142ugie lata &#8211; Polska\u00a0produkcja wykonanie z trwa\u0142ych i dopasowanych pod k\u0105tem ergonomicznym materia\u0142\u00f3w to\u00a0gwarancja d\u0142ugiego i wygodnego u\u017cytkowania fotela<\/li>\n<li>du\u017ca personalizacja mebla &#8211; dzi\u0119ki zastosowaniu dodatk\u00f3w oraz r\u00f3\u017cnej kolorystki tak n\u00f3\u017cek jak tkanin dopasuje mebel wed\u0142ug w\u0142asnych potrzeb!<\/li>\n<\/ul>\n<h2>Wymiary fotela:<\/h2>\n<ul>\n<li>szeroko\u015b\u0107 fotela: 66 cm<\/li>\n<li>g\u0142\u0119boko\u015b\u0107 fotela: 90cm<\/li>\n<li>wysoko\u015b\u0107 fotela: 105 cm<\/li>\n<li>wysoko\u015b\u0107 n\u00f3\u017cek: 13 cm<\/li>\n<li>szeroko\u015b\u0107 siedziska fotela: 50 cm<\/li>\n<li>g\u0142\u0119boko\u015b\u0107 siedziska fotela: 58 cm<\/li>\n<li>wysoko\u015b\u0107 siedziska fotela: 37 cm<\/li>\n<li>wysoko\u015b\u0107 oparcia fotela: 71 cm<\/li>\n<\/ul>\n<ul>\n<li><img fetchpriority=\"high\" decoding=\"async\" class=\"alignnone wp-image-2570\" src=\"https:\/\/prmeble.com.pl\/wp-content\/uploads\/2022\/08\/301738851_1284409025642160_8635708100898869749_n-300x273.jpg\" alt=\"wymiary uszaka jednoosobowego\" width=\"567\" height=\"516\" srcset=\"https:\/\/prmeble.com.pl\/wp-content\/uploads\/2022\/08\/301738851_1284409025642160_8635708100898869749_n-300x273.jpg 300w, https:\/\/prmeble.com.pl\/wp-content\/uploads\/2022\/08\/301738851_1284409025642160_8635708100898869749_n-800x728.jpg 800w, https:\/\/prmeble.com.pl\/wp-content\/uploads\/2022\/08\/301738851_1284409025642160_8635708100898869749_n-768x698.jpg 768w, https:\/\/prmeble.com.pl\/wp-content\/uploads\/2022\/08\/301738851_1284409025642160_8635708100898869749_n.jpg 828w\" sizes=\"(max-width: 567px) 100vw, 567px\" \/><\/li>\n<\/ul>\n<h2>Specyfikacja i wykonanie fotela:<\/h2>\n<div class=\"_1qltd _f8818_3-1jj\">\n<ul>\n<li class=\"_17qy1 _1vryf _f8818_1X1F-\">nogi wykonane z naturalnego drewna z mo\u017cliwo\u015bci\u0105 wybrania wybarwienia<\/li>\n<li class=\"_17qy1 _1vryf _f8818_1X1F-\">r\u00f3\u017cne typy tkanin oraz kolorystyka do wyboru<\/li>\n<li class=\"_17qy1 _1vryf _f8818_1X1F-\">ergonomiczne, profilowane oparcie fotela.<\/li>\n<li class=\"_17qy1 _1vryf _f8818_1X1F-\">siedzisko fotela amortyzowane spr\u0119\u017cynami falistymi<\/li>\n<li class=\"_17qy1 _1vryf _f8818_1X1F-\">mebel wysy\u0142any z\u0142o\u017cony &#8211; wystarczy dokr\u0119ci\u0107 n\u00f3\u017cki<\/li>\n<li class=\"_17qy1 _1vryf _f8818_1X1F-\">Polska produkcja<\/li>\n<\/ul>\n<\/div>\n<h1>N\u00f3\u017cki do wyboru<\/h1>\n<p><img decoding=\"async\" class=\"alignnone wp-image-2576\" src=\"https:\/\/prmeble.com.pl\/wp-content\/uploads\/2022\/08\/nozki_uszaki-300x164.jpg\" alt=\"n\u00f3\u017cki do uszka\u00f3w\" width=\"697\" height=\"381\" srcset=\"https:\/\/prmeble.com.pl\/wp-content\/uploads\/2022\/08\/nozki_uszaki-300x164.jpg 300w, https:\/\/prmeble.com.pl\/wp-content\/uploads\/2022\/08\/nozki_uszaki.jpg 500w\" sizes=\"(max-width: 697px) 100vw, 697px\" \/><\/p>\n<p>&nbsp;<\/p>\n<p>&nbsp;<\/p>\n<div class=\"_1qltd _f8818_3-1jj\">\n<p><b>DODATKOWE INFORMACJE:<\/b><\/p>\n<ul>\n<li>meble s\u0105 fabrycznie nowe, zapakowane w oryginalne opakowanie<\/li>\n<li>meble dostarczamy\u00a0 w paczkach, do samodzielnego monta\u017cu<\/li>\n<li>w zestawie za\u0142\u0105czona instrukcja monta\u017cu i wszystkie niezb\u0119dne elementy<\/li>\n<\/ul>\n<p>&nbsp;<\/p>\n<p>&nbsp;<\/p>\n<h3>Informacja o Dostawie:<\/h3>\n<p>Dostawa mebli odbywa si\u0119 w godzinach<strong>\u00a06:00 \u2013 23:00.<\/strong><br \/>\nKlient minimum\u00a0<strong>dzie\u0144 wcze\u015bniej otrzymuje wiadomo\u015b\u0107 sms<\/strong>\u00a0z dok\u0142adn\u0105 informacj\u0105 o przewidywanym czasie dostawy.<br \/>\nKierowca r\u00f3wnie\u017c\u00a0<strong>dzwoni<\/strong>\u00a0do klienta godzin\u0119 przed dostaw\u0105.<br \/>\nMeble dostarczane s\u0105 w paczkach do samodzielnego monta\u017cu i s\u0105 one oryginalnie zapakowane przez producenta.<br \/>\n<strong>Ze wzgl\u0119du na zdrowie naszych kierowc\u00f3w, nie maj\u0105 oni obowi\u0105zku ich wniesienia. W przypadku ch\u0119ci skorzystania z takiej us\u0142ugi, nale\u017cy ustali\u0107 szczeg\u00f3\u0142y bezpo\u015brednio z biurem lub w koszyku wybra\u0107 opcj\u0119 wniesienia<\/strong>\u00a0(Nie przy ka\u017cdym meblu jest ona dost\u0119pna).\u00a0<em><strong>Prosz\u0119 mie\u0107 na uwadze, \u017ce jest to us\u0142uga dodatkowo p\u0142atna.<\/strong><\/em><\/p>\n<p>&nbsp;<\/p>\n<h2><strong>Zach\u0119camy do zakupu!<\/strong><\/h2>\n<\/div>\n","protected":false},"excerpt":{"rendered":"<p><strong>Fotel uszak jednoosobowy\u00a0 to pe\u0142na wdzi\u0119ku i estetyki propozycja fotela, utrzymana jest w stylu skandynawskim. Fotel uszak wykonany zosta\u0142 z najlepszych materia\u0142\u00f3w i dzi\u0119ki du\u017cej ilo\u015bci tkanin do wyboru pozwala dopasowa\u0107 go kolorystycznie do ka\u017cdego wn\u0119trza.<\/strong><\/p>\n<p><strong>Subtelne aczkolwiek stabilne 13 centymetrowe n\u00f3\u017cki (r\u00f3\u017cne kolory do wyboru) w po\u0142\u0105czeniu z stylowym fotelem idealnie dope\u0142niaj\u0105 kompozycj\u0119 tego mebla. R\u00f3\u017cne typy przyjemnych w dotyku tkanin zadowol\u0105 nawet najbardziej wybredne gusta a ich plamoodporno\u015b\u0107 pomo\u017ce w zachowaniu czysto\u015bci i higieny u\u017cytkowania fotela przez lata.<\/strong><\/p>\n<p><strong>Fotel typu Uszak zaprojektowany i wykonany zosta\u0142 w Polsce co jest gwarancj\u0105 jako\u015bci. Zastosowanie spr\u0119\u017cyn falistych i odpowiednio dobranych pianek tapicerskich gwarantuje wysoki komfort u\u017cytkowania a specjalny profil odcinka l\u0119d\u017awiowego podnosi ergonomiczno\u015b\u0107 pozwalaj\u0105c utrzyma\u0107 wyprostowan\u0105 sylwetk\u0119 dzi\u0119ki czemu zapobiegniemy b\u00f3lom kr\u0119gos\u0142upa.<\/strong><\/p>\n<p><strong>Do fotela mo\u017cna dokupi\u0107 podn\u00f3\u017cek za 170 z\u0142, kt\u00f3ry pozwala lepiej u\u0142o\u017cy\u0107 si\u0119 w fotelu pozwalaj\u0105c odpocz\u0105\u0107 tak\u017ce naszym nogom i umo\u017cliwiaj\u0105c tak zatopienie si\u0119 w ulubionej ksi\u0105\u017cce lub serialu jak po prostu odci\u0119cie si\u0119 od zewn\u0119trznego \u015bwiata i pogr\u0105\u017cenie w przyjemnej drzemce.\u00a0<\/strong><\/p>\n","protected":false},"featured_media":12826,"template":"","meta":[],"product_brand":[],"product_cat":[60],"product_tag":[],"class_list":{"0":"post-2618","1":"product","2":"type-product","3":"status-publish","4":"has-post-thumbnail","6":"product_cat-uszak","8":"first","9":"instock","10":"shipping-taxable","11":"purchasable","12":"product-type-simple"},"yoast_head":"<!-- This site is optimized with the Yoast SEO plugin v27.3 - https:\/\/yoast.com\/product\/yoast-seo-wordpress\/ -->\n<title>Fotel uszak w Kwiaty - PR MEBLE -tanie i dobre - polski producent - sklep meblowy<\/title>\n<meta name=\"robots\" content=\"index, follow, max-snippet:-1, max-image-preview:large, max-video-preview:-1\" \/>\n<link rel=\"canonical\" href=\"https:\/\/prmeble.com.pl\/?product=fotel-uszak-w-kwiaty\" \/>\n<meta property=\"og:locale\" content=\"pl_PL\" \/>\n<meta property=\"og:type\" content=\"article\" \/>\n<meta property=\"og:title\" content=\"Fotel uszak w Kwiaty - PR MEBLE -tanie i dobre - polski producent - sklep meblowy\" \/>\n<meta property=\"og:description\" content=\"Fotel uszak jednoosobowy\u00a0 to pe\u0142na wdzi\u0119ku i estetyki propozycja fotela, utrzymana jest w stylu skandynawskim. Fotel uszak wykonany zosta\u0142 z najlepszych materia\u0142\u00f3w i dzi\u0119ki du\u017cej ilo\u015bci tkanin do wyboru pozwala dopasowa\u0107 go kolorystycznie do ka\u017cdego wn\u0119trza.  Subtelne aczkolwiek stabilne 13 centymetrowe n\u00f3\u017cki (r\u00f3\u017cne kolory do wyboru) w po\u0142\u0105czeniu z stylowym fotelem idealnie dope\u0142niaj\u0105 kompozycj\u0119 tego mebla. R\u00f3\u017cne typy przyjemnych w dotyku tkanin zadowol\u0105 nawet najbardziej wybredne gusta a ich plamoodporno\u015b\u0107 pomo\u017ce w zachowaniu czysto\u015bci i higieny u\u017cytkowania fotela przez lata.  Fotel typu Uszak zaprojektowany i wykonany zosta\u0142 w Polsce co jest gwarancj\u0105 jako\u015bci. Zastosowanie spr\u0119\u017cyn falistych i odpowiednio dobranych pianek tapicerskich gwarantuje wysoki komfort u\u017cytkowania a specjalny profil odcinka l\u0119d\u017awiowego podnosi ergonomiczno\u015b\u0107 pozwalaj\u0105c utrzyma\u0107 wyprostowan\u0105 sylwetk\u0119 dzi\u0119ki czemu zapobiegniemy b\u00f3lom kr\u0119gos\u0142upa.  Do fotela mo\u017cna dokupi\u0107 podn\u00f3\u017cek za 170 z\u0142, kt\u00f3ry pozwala lepiej u\u0142o\u017cy\u0107 si\u0119 w fotelu pozwalaj\u0105c odpocz\u0105\u0107 tak\u017ce naszym nogom i umo\u017cliwiaj\u0105c tak zatopienie si\u0119 w ulubionej ksi\u0105\u017cce lub serialu jak po prostu odci\u0119cie si\u0119 od zewn\u0119trznego \u015bwiata i pogr\u0105\u017cenie w przyjemnej drzemce.\u00a0\" \/>\n<meta property=\"og:url\" content=\"https:\/\/prmeble.com.pl\/?product=fotel-uszak-w-kwiaty\" \/>\n<meta property=\"og:site_name\" content=\"PR MEBLE -tanie i dobre - polski producent - sklep meblowy\" \/>\n<meta property=\"article:publisher\" content=\"https:\/\/www.facebook.com\/PR-MEBLE-274934799714260\" \/>\n<meta property=\"article:modified_time\" content=\"2025-07-21T11:54:20+00:00\" \/>\n<meta property=\"og:image\" content=\"https:\/\/prmeble.com.pl\/wp-content\/uploads\/2022\/09\/WhatsApp-Image-2025-07-09-at-15.06.19.jpeg\" \/>\n\t<meta property=\"og:image:width\" content=\"1024\" \/>\n\t<meta property=\"og:image:height\" content=\"1536\" \/>\n\t<meta property=\"og:image:type\" content=\"image\/jpeg\" \/>\n<meta name=\"twitter:card\" content=\"summary_large_image\" \/>\n<meta name=\"twitter:label1\" content=\"Szacowany czas czytania\" \/>\n\t<meta name=\"twitter:data1\" content=\"4 minuty\" \/>\n<script type=\"application\/ld+json\" class=\"yoast-schema-graph\">{\"@context\":\"https:\\\/\\\/schema.org\",\"@graph\":[{\"@type\":\"WebPage\",\"@id\":\"https:\\\/\\\/prmeble.com.pl\\\/?product=fotel-uszak-w-kwiaty\",\"url\":\"https:\\\/\\\/prmeble.com.pl\\\/?product=fotel-uszak-w-kwiaty\",\"name\":\"Fotel uszak w Kwiaty - PR MEBLE -tanie i dobre - polski producent - sklep meblowy\",\"isPartOf\":{\"@id\":\"https:\\\/\\\/prmeble.com.pl\\\/#website\"},\"primaryImageOfPage\":{\"@id\":\"https:\\\/\\\/prmeble.com.pl\\\/?product=fotel-uszak-w-kwiaty#primaryimage\"},\"image\":{\"@id\":\"https:\\\/\\\/prmeble.com.pl\\\/?product=fotel-uszak-w-kwiaty#primaryimage\"},\"thumbnailUrl\":\"https:\\\/\\\/prmeble.com.pl\\\/wp-content\\\/uploads\\\/2022\\\/09\\\/WhatsApp-Image-2025-07-09-at-15.06.19.jpeg\",\"datePublished\":\"2022-09-01T12:01:41+00:00\",\"dateModified\":\"2025-07-21T11:54:20+00:00\",\"breadcrumb\":{\"@id\":\"https:\\\/\\\/prmeble.com.pl\\\/?product=fotel-uszak-w-kwiaty#breadcrumb\"},\"inLanguage\":\"pl-PL\",\"potentialAction\":[{\"@type\":\"ReadAction\",\"target\":[\"https:\\\/\\\/prmeble.com.pl\\\/?product=fotel-uszak-w-kwiaty\"]}]},{\"@type\":\"ImageObject\",\"inLanguage\":\"pl-PL\",\"@id\":\"https:\\\/\\\/prmeble.com.pl\\\/?product=fotel-uszak-w-kwiaty#primaryimage\",\"url\":\"https:\\\/\\\/prmeble.com.pl\\\/wp-content\\\/uploads\\\/2022\\\/09\\\/WhatsApp-Image-2025-07-09-at-15.06.19.jpeg\",\"contentUrl\":\"https:\\\/\\\/prmeble.com.pl\\\/wp-content\\\/uploads\\\/2022\\\/09\\\/WhatsApp-Image-2025-07-09-at-15.06.19.jpeg\",\"width\":1024,\"height\":1536},{\"@type\":\"BreadcrumbList\",\"@id\":\"https:\\\/\\\/prmeble.com.pl\\\/?product=fotel-uszak-w-kwiaty#breadcrumb\",\"itemListElement\":[{\"@type\":\"ListItem\",\"position\":1,\"name\":\"Strona g\u0142\u00f3wna\",\"item\":\"https:\\\/\\\/prmeble.com.pl\\\/\"},{\"@type\":\"ListItem\",\"position\":2,\"name\":\"Produkty\",\"item\":\"https:\\\/\\\/prmeble.com.pl\\\/?page_id=301\"},{\"@type\":\"ListItem\",\"position\":3,\"name\":\"Fotel uszak w Kwiaty\"}]},{\"@type\":\"WebSite\",\"@id\":\"https:\\\/\\\/prmeble.com.pl\\\/#website\",\"url\":\"https:\\\/\\\/prmeble.com.pl\\\/\",\"name\":\"Pr Meble\",\"description\":\"Tworzymy i sprzedajemy meble tapicerowane. W asortymencie mamy bardzo piekne i nowoczesne naro\u017cniki oraz modne kanapy.\",\"publisher\":{\"@id\":\"https:\\\/\\\/prmeble.com.pl\\\/#organization\"},\"potentialAction\":[{\"@type\":\"SearchAction\",\"target\":{\"@type\":\"EntryPoint\",\"urlTemplate\":\"https:\\\/\\\/prmeble.com.pl\\\/?s={search_term_string}\"},\"query-input\":{\"@type\":\"PropertyValueSpecification\",\"valueRequired\":true,\"valueName\":\"search_term_string\"}}],\"inLanguage\":\"pl-PL\"},{\"@type\":\"Organization\",\"@id\":\"https:\\\/\\\/prmeble.com.pl\\\/#organization\",\"name\":\"Prmeble\",\"url\":\"https:\\\/\\\/prmeble.com.pl\\\/\",\"logo\":{\"@type\":\"ImageObject\",\"inLanguage\":\"pl-PL\",\"@id\":\"https:\\\/\\\/prmeble.com.pl\\\/#\\\/schema\\\/logo\\\/image\\\/\",\"url\":\"https:\\\/\\\/prmeble.com.pl\\\/wp-content\\\/uploads\\\/2021\\\/10\\\/logo.jpg\",\"contentUrl\":\"https:\\\/\\\/prmeble.com.pl\\\/wp-content\\\/uploads\\\/2021\\\/10\\\/logo.jpg\",\"width\":550,\"height\":400,\"caption\":\"Prmeble\"},\"image\":{\"@id\":\"https:\\\/\\\/prmeble.com.pl\\\/#\\\/schema\\\/logo\\\/image\\\/\"},\"sameAs\":[\"https:\\\/\\\/www.facebook.com\\\/PR-MEBLE-274934799714260\"]}]}<\/script>\n<!-- \/ Yoast SEO plugin. -->","yoast_head_json":{"title":"Fotel uszak w Kwiaty - PR MEBLE -tanie i dobre - polski producent - sklep meblowy","robots":{"index":"index","follow":"follow","max-snippet":"max-snippet:-1","max-image-preview":"max-image-preview:large","max-video-preview":"max-video-preview:-1"},"canonical":"https:\/\/prmeble.com.pl\/?product=fotel-uszak-w-kwiaty","og_locale":"pl_PL","og_type":"article","og_title":"Fotel uszak w Kwiaty - PR MEBLE -tanie i dobre - polski producent - sklep meblowy","og_description":"Fotel uszak jednoosobowy\u00a0 to pe\u0142na wdzi\u0119ku i estetyki propozycja fotela, utrzymana jest w stylu skandynawskim. Fotel uszak wykonany zosta\u0142 z najlepszych materia\u0142\u00f3w i dzi\u0119ki du\u017cej ilo\u015bci tkanin do wyboru pozwala dopasowa\u0107 go kolorystycznie do ka\u017cdego wn\u0119trza.  Subtelne aczkolwiek stabilne 13 centymetrowe n\u00f3\u017cki (r\u00f3\u017cne kolory do wyboru) w po\u0142\u0105czeniu z stylowym fotelem idealnie dope\u0142niaj\u0105 kompozycj\u0119 tego mebla. R\u00f3\u017cne typy przyjemnych w dotyku tkanin zadowol\u0105 nawet najbardziej wybredne gusta a ich plamoodporno\u015b\u0107 pomo\u017ce w zachowaniu czysto\u015bci i higieny u\u017cytkowania fotela przez lata.  Fotel typu Uszak zaprojektowany i wykonany zosta\u0142 w Polsce co jest gwarancj\u0105 jako\u015bci. Zastosowanie spr\u0119\u017cyn falistych i odpowiednio dobranych pianek tapicerskich gwarantuje wysoki komfort u\u017cytkowania a specjalny profil odcinka l\u0119d\u017awiowego podnosi ergonomiczno\u015b\u0107 pozwalaj\u0105c utrzyma\u0107 wyprostowan\u0105 sylwetk\u0119 dzi\u0119ki czemu zapobiegniemy b\u00f3lom kr\u0119gos\u0142upa.  Do fotela mo\u017cna dokupi\u0107 podn\u00f3\u017cek za 170 z\u0142, kt\u00f3ry pozwala lepiej u\u0142o\u017cy\u0107 si\u0119 w fotelu pozwalaj\u0105c odpocz\u0105\u0107 tak\u017ce naszym nogom i umo\u017cliwiaj\u0105c tak zatopienie si\u0119 w ulubionej ksi\u0105\u017cce lub serialu jak po prostu odci\u0119cie si\u0119 od zewn\u0119trznego \u015bwiata i pogr\u0105\u017cenie w przyjemnej drzemce.\u00a0","og_url":"https:\/\/prmeble.com.pl\/?product=fotel-uszak-w-kwiaty","og_site_name":"PR MEBLE -tanie i dobre - polski producent - sklep meblowy","article_publisher":"https:\/\/www.facebook.com\/PR-MEBLE-274934799714260","article_modified_time":"2025-07-21T11:54:20+00:00","og_image":[{"width":1024,"height":1536,"url":"https:\/\/prmeble.com.pl\/wp-content\/uploads\/2022\/09\/WhatsApp-Image-2025-07-09-at-15.06.19.jpeg","type":"image\/jpeg"}],"twitter_card":"summary_large_image","twitter_misc":{"Szacowany czas czytania":"4 minuty"},"schema":{"@context":"https:\/\/schema.org","@graph":[{"@type":"WebPage","@id":"https:\/\/prmeble.com.pl\/?product=fotel-uszak-w-kwiaty","url":"https:\/\/prmeble.com.pl\/?product=fotel-uszak-w-kwiaty","name":"Fotel uszak w Kwiaty - PR MEBLE -tanie i dobre - polski producent - sklep meblowy","isPartOf":{"@id":"https:\/\/prmeble.com.pl\/#website"},"primaryImageOfPage":{"@id":"https:\/\/prmeble.com.pl\/?product=fotel-uszak-w-kwiaty#primaryimage"},"image":{"@id":"https:\/\/prmeble.com.pl\/?product=fotel-uszak-w-kwiaty#primaryimage"},"thumbnailUrl":"https:\/\/prmeble.com.pl\/wp-content\/uploads\/2022\/09\/WhatsApp-Image-2025-07-09-at-15.06.19.jpeg","datePublished":"2022-09-01T12:01:41+00:00","dateModified":"2025-07-21T11:54:20+00:00","breadcrumb":{"@id":"https:\/\/prmeble.com.pl\/?product=fotel-uszak-w-kwiaty#breadcrumb"},"inLanguage":"pl-PL","potentialAction":[{"@type":"ReadAction","target":["https:\/\/prmeble.com.pl\/?product=fotel-uszak-w-kwiaty"]}]},{"@type":"ImageObject","inLanguage":"pl-PL","@id":"https:\/\/prmeble.com.pl\/?product=fotel-uszak-w-kwiaty#primaryimage","url":"https:\/\/prmeble.com.pl\/wp-content\/uploads\/2022\/09\/WhatsApp-Image-2025-07-09-at-15.06.19.jpeg","contentUrl":"https:\/\/prmeble.com.pl\/wp-content\/uploads\/2022\/09\/WhatsApp-Image-2025-07-09-at-15.06.19.jpeg","width":1024,"height":1536},{"@type":"BreadcrumbList","@id":"https:\/\/prmeble.com.pl\/?product=fotel-uszak-w-kwiaty#breadcrumb","itemListElement":[{"@type":"ListItem","position":1,"name":"Strona g\u0142\u00f3wna","item":"https:\/\/prmeble.com.pl\/"},{"@type":"ListItem","position":2,"name":"Produkty","item":"https:\/\/prmeble.com.pl\/?page_id=301"},{"@type":"ListItem","position":3,"name":"Fotel uszak w Kwiaty"}]},{"@type":"WebSite","@id":"https:\/\/prmeble.com.pl\/#website","url":"https:\/\/prmeble.com.pl\/","name":"Pr Meble","description":"Tworzymy i sprzedajemy meble tapicerowane. W asortymencie mamy bardzo piekne i nowoczesne naro\u017cniki oraz modne kanapy.","publisher":{"@id":"https:\/\/prmeble.com.pl\/#organization"},"potentialAction":[{"@type":"SearchAction","target":{"@type":"EntryPoint","urlTemplate":"https:\/\/prmeble.com.pl\/?s={search_term_string}"},"query-input":{"@type":"PropertyValueSpecification","valueRequired":true,"valueName":"search_term_string"}}],"inLanguage":"pl-PL"},{"@type":"Organization","@id":"https:\/\/prmeble.com.pl\/#organization","name":"Prmeble","url":"https:\/\/prmeble.com.pl\/","logo":{"@type":"ImageObject","inLanguage":"pl-PL","@id":"https:\/\/prmeble.com.pl\/#\/schema\/logo\/image\/","url":"https:\/\/prmeble.com.pl\/wp-content\/uploads\/2021\/10\/logo.jpg","contentUrl":"https:\/\/prmeble.com.pl\/wp-content\/uploads\/2021\/10\/logo.jpg","width":550,"height":400,"caption":"Prmeble"},"image":{"@id":"https:\/\/prmeble.com.pl\/#\/schema\/logo\/image\/"},"sameAs":["https:\/\/www.facebook.com\/PR-MEBLE-274934799714260"]}]}},"total_sales":"7","_tax_status":"taxable","_tax_class":"","_manage_stock":"no","_backorders":"no","_sold_individually":"no","_virtual":"no","_downloadable":"no","_download_limit":"-1","_download_expiry":"-1","_stock":"","_stock_status":"instock","_wc_average_rating":"0","_wc_review_count":"0","_product_attributes":"","_product_version":"10.0.2","_wpcom_is_markdown":"","_edit_lock":"1753098911:1","_edit_last":"1","_thumbnail_id":"12826","_sku":"","_wp_page_template":"default","_last_editor_used_jetpack":"","_elementor_template_type":"","_elementor_version":"","_elementor_data":"","_yoast_wpseo_estimated-reading-time-minutes":"4","_yoast_wpseo_metadesc":"","_wp_old_slug":"","_yoast_wpseo_primary_product_cat":"60","_oembed_7eca53afccebf1f861dae06bfb2dfa8a":"","_oembed_time_7eca53afccebf1f861dae06bfb2dfa8a":"","_yoast_wpseo_wordproof_timestamp":"","_wc_gla_visibility":"sync-and-show","_wc_gla_synced_at":"1759806037","_wc_gla_sync_status":"has-errors","_wc_gla_google_ids":{"PL":"online:pl:PL:gla_2618"},"fb_product_group_id":"5579524525437433","_wc_facebook_commerce_enabled":"no","_yoast_wpseo_content_score":"60","_yoast_wpseo_focuskw":"","_yoast_wpseo_linkdex":"","_product_image_gallery":"2619,2620","_crosssell_ids":[2543],"shopengine_product_views_count":"10391","_yoast_wpseo_primary_fb_product_set":"","xfgmc_google_product_category":"","xfgmc_identifier_exists":"","xfgmc_adult":"","xfgmc_condition":"","_xfgmc_is_bundle":"default","_xfgmc_return_rule_label":"","xfgmc_custom_label_0":"","xfgmc_custom_label_1":"","xfgmc_custom_label_2":"","xfgmc_custom_label_3":"","xfgmc_custom_label_4":"","_price":"750","_eael_post_view_count":"7732","_regular_price":"750","_wc_facebook_sync_enabled":"yes","fb_visibility":"yes","fb_product_description":"","_wc_facebook_product_image_source":"product","wpr_secondary_image_id":"0","fb_product_item_id":"5579524552104097","_sale_price":"","wp_statistics_words_count":"404","fb_rich_text_description":"","fb_product_video":[],"fb_brand":"","fb_mpn":"","_yoast_wpseo_primary_product_brand":"","_xmlsf_image_attached":{"loc":"https:\/\/prmeble.com.pl\/wp-content\/uploads\/2022\/09\/WhatsApp-Image-2025-07-09-at-15.06.19.jpeg","title":"WhatsApp Image 2025-07-09 at 15.06.19","caption":""},"_wc_gla_mc_status":"approved","_elementor_page_assets":[],"shopmagic_source_recipe":"","_wc_gla_errors":["[salePrice.value] Product must have a valid price and currency."],"_weight":"","woo_inpost_shipping_methods_allowed":"","woo_inpost_parcel_dimensions":"","_wc_facebook_google_product_category":"","_yoast_wpseo_title":"","_xfgmc_fb_product_category":"","_xfgmc_tax_category":"","_xfgmc_multipack":"","_xfgmc_shipping_label":"","_xfgmc_unit_pricing_measure":"","_xfgmc_unit_pricing_base_measure":"","_xfgmc_store_code":"","_xfgmc_min_handling_time":"","_xfgmc_max_handling_time":"","_wcpa_product_meta":"","wcpa_exclude_global_forms":"","_upsell_ids":"","_wp_old_date":"","_umb_fruugo_simple_title":"","_umb_fruugo_simple_desc":"","_umb_fruggo_id_type":"","_umb_fruugo_standard_code_val":"","_umb_fruugo_brand":"","_umb_fruugo_vat":"","_umb_fruugo_discount_price":"","_ced_increase_price_fruugo":"","_umb_fruugo_category":"","_ced_fruugo_language_section":"","_ced_fruugo_attributeSize":"","_ced_fruugo_attributeColor":"","_ced_fruugo_currency":"","_ced_fruugo_leadTime":"","_ced_fruugo_packageWeight":"","_ced_fruugo_attribute1":"","_ced_fruugo_attribute2":"","_ced_fruugo_attribute3":"","_ced_fruugo_attribute4":"","_ced_fruugo_attribute5":"","_ced_fruugo_attribute6":"","_ced_fruugo_attribute7":"","_ced_fruugo_attribute8":"","_ced_fruugo_attribute9":"","_ced_fruugo_attribute10":"","_yoast_wpseo_primary_item":"","_wp_trash_meta_status":"","_wp_trash_meta_time":"","_wp_desired_post_slug":"","_links":{"self":[{"href":"https:\/\/prmeble.com.pl\/index.php?rest_route=\/wp\/v2\/product\/2618","targetHints":{"allow":["GET"]}}],"collection":[{"href":"https:\/\/prmeble.com.pl\/index.php?rest_route=\/wp\/v2\/product"}],"about":[{"href":"https:\/\/prmeble.com.pl\/index.php?rest_route=\/wp\/v2\/types\/product"}],"version-history":[{"count":1,"href":"https:\/\/prmeble.com.pl\/index.php?rest_route=\/wp\/v2\/product\/2618\/revisions"}],"predecessor-version":[{"id":12827,"href":"https:\/\/prmeble.com.pl\/index.php?rest_route=\/wp\/v2\/product\/2618\/revisions\/12827"}],"wp:featuredmedia":[{"embeddable":true,"href":"https:\/\/prmeble.com.pl\/index.php?rest_route=\/wp\/v2\/media\/12826"}],"wp:attachment":[{"href":"https:\/\/prmeble.com.pl\/index.php?rest_route=%2Fwp%2Fv2%2Fmedia&parent=2618"}],"wp:term":[{"taxonomy":"product_brand","embeddable":true,"href":"https:\/\/prmeble.com.pl\/index.php?rest_route=%2Fwp%2Fv2%2Fproduct_brand&post=2618"},{"taxonomy":"product_cat","embeddable":true,"href":"https:\/\/prmeble.com.pl\/index.php?rest_route=%2Fwp%2Fv2%2Fproduct_cat&post=2618"},{"taxonomy":"product_tag","embeddable":true,"href":"https:\/\/prmeble.com.pl\/index.php?rest_route=%2Fwp%2Fv2%2Fproduct_tag&post=2618"}],"curies":[{"name":"wp","href":"https:\/\/api.w.org\/{rel}","templated":true}]}}