{"id":1942,"date":"2022-08-01T13:59:29","date_gmt":"2022-08-01T11:59:29","guid":{"rendered":"https:\/\/prmeble.com.pl\/?post_type=product&#038;p=1942"},"modified":"2026-01-29T12:58:54","modified_gmt":"2026-01-29T11:58:54","slug":"sam","status":"publish","type":"product","link":"https:\/\/prmeble.com.pl\/?product=sam","title":{"rendered":"Naro\u017cnik Sam"},"content":{"rendered":"<p><strong>Naro\u017cnik Sam to funkcjonalny mebel, kt\u00f3ry dzi\u0119ki funkcji spania daje mo\u017cliwo\u015b\u0107 korzystania z niego tak\u017ce w nocy \u2013 naro\u017cnik mo\u017ce pos\u0142u\u017cy\u0107 do spania codziennego i okazjonalnego. Zosta\u0142 skonstruowany tak, by by\u0142 wygodny dla ka\u017cdego oraz aby spe\u0142nia\u0142 rol\u0119 \u0142\u00f3\u017cka. Du\u017ca powierzchnia spania to idealne wymiary \u0142\u00f3\u017cka dla dw\u00f3ch os\u00f3b. Dzi\u0119ki temu zyskujesz powierzchni\u0119 materaca wielko\u015bci \u0142\u00f3\u017cka ma\u0142\u017ce\u0144skiego.<\/strong><\/p>\n<p><strong>Posiada funkcj\u0119 spania oraz dwa praktyczne pojemniki na po\u015bciel, kt\u00f3re zmieszcz\u0105 w sobie potrzebne rzeczy. Jest uniwersalny, dzi\u0119ki czemu to ty wybierasz czy ma by\u0107 lewo czy prawostronny!<\/strong><br \/>\n<strong>Widoczne na zdj\u0119ciach poduszki s\u0105 w zestawie.\u00a0<\/strong><\/p>\n<p>&nbsp;<\/p>\n<h2 style=\"text-align: left;\">Informacje:<\/h2>\n<ul>\n<li>Wymiary naro\u017cnika: <strong>200 cm x 145cm<\/strong><\/li>\n<li>wysoko\u015b\u0107\u00a0<strong>70 cm<\/strong><\/li>\n<li>Powierzchnia spania: <b>120\u00d7200 cm<\/b><\/li>\n<\/ul>\n<h2 style=\"text-align: left;\">Cechy:<\/h2>\n<ul>\n<li>Funkcja spania,<\/li>\n<li>2x Pojemnik na po\u015bciel,<\/li>\n<li>Solidna i trwa\u0142a konstrukcja<\/li>\n<li>Strona naro\u017cnika uniwersalna: prawa \/ lewa<\/li>\n<li>Poduszki w zestawie z meblem<\/li>\n<li>Eleganckie n\u00f3\u017cki<\/li>\n<li>Kszta\u0142t litery L<\/li>\n<li>Nowoczesna forma<\/li>\n<\/ul>\n<p>&nbsp;<\/p>\n<p>&nbsp;<\/p>\n<p><b>DODATKOWE INFORMACJE:<\/b><\/p>\n<ul>\n<li>meble s\u0105 fabrycznie nowe, zapakowane w oryginalne opakowanie<\/li>\n<li>meble dostarczamy\u00a0 w paczkach, do samodzielnego monta\u017cu<\/li>\n<li>w zestawie za\u0142\u0105czona instrukcja monta\u017cu i wszystkie niezb\u0119dne elementy<\/li>\n<\/ul>\n<p>&nbsp;<\/p>\n<p>Automat w systemie DL, kt\u00f3ry znacznie u\u0142atwia rozk\u0142adanie funkcji spania, a tak\u017ce zapewnia \u0142atwiejszy dost\u0119p do pojemnika na po\u015bciel.<br \/>\nSpr\u0119\u017cyny Bonell w siedzisku zamiast pianki, kt\u00f3re wp\u0142yn\u0105 znacznie na komfort u\u017cytkowania, swoim kszta\u0142tem przypominaj\u0105 klepsydry, dzi\u0119ki tak banalnemu rozwi\u0105zaniu spr\u0119\u017cyny bonell odporne s\u0105 na wi\u0119kszy nacisk<\/p>\n<p>&nbsp;<\/p>\n<h3>Informacja o Dostawie:<\/h3>\n<p>Dostawa mebli odbywa si\u0119 w godzinach<strong>\u00a06:00 \u2013 23:00.<\/strong><br \/>\nKlient minimum\u00a0<strong>dzie\u0144 wcze\u015bniej otrzymuje wiadomo\u015b\u0107 sms<\/strong>\u00a0z dok\u0142adn\u0105 informacj\u0105 o przewidywanym czasie dostawy.<br \/>\nKierowca r\u00f3wnie\u017c\u00a0<strong>dzwoni<\/strong>\u00a0do klienta godzin\u0119 przed dostaw\u0105.<br \/>\nMeble dostarczane s\u0105 w paczkach do samodzielnego monta\u017cu i s\u0105 one oryginalnie zapakowane przez producenta.<br \/>\n<strong>Ze wzgl\u0119du na zdrowie naszych kierowc\u00f3w, nie maj\u0105 oni obowi\u0105zku ich wniesienia. W przypadku ch\u0119ci skorzystania z takiej us\u0142ugi, nale\u017cy ustali\u0107 szczeg\u00f3\u0142y bezpo\u015brednio z biurem lub w koszyku wybra\u0107 opcj\u0119 wniesienia<\/strong>\u00a0(Nie przy ka\u017cdym meblu jest ona dost\u0119pna).\u00a0<em><strong>Prosz\u0119 mie\u0107 na uwadze, \u017ce jest to us\u0142uga dodatkowo p\u0142atna.<\/strong><\/em><\/p>\n<p>&nbsp;<\/p>\n<h2><strong>Zach\u0119camy do zakupu!<\/strong><\/h2>\n","protected":false},"excerpt":{"rendered":"<h1>Naro\u017cnik SAM<\/h1>\n<p>&nbsp;<\/p>\n<p>&nbsp;<\/p>\n<p>&nbsp;<\/p>\n","protected":false},"featured_media":12635,"template":"","meta":[],"product_brand":[],"product_cat":[21],"product_tag":[100,90,101],"class_list":{"0":"post-1942","1":"product","2":"type-product","3":"status-publish","4":"has-post-thumbnail","6":"product_cat-narozniki","7":"product_tag-l","8":"product_tag-naroznik-z-funkcja-spania","9":"product_tag-sredni","11":"first","12":"instock","13":"shipping-taxable","14":"purchasable","15":"product-type-simple"},"yoast_head":"<!-- This site is optimized with the Yoast SEO plugin v27.3 - https:\/\/yoast.com\/product\/yoast-seo-wordpress\/ -->\n<title>Naro\u017cnik Sam - PR MEBLE -tanie i dobre - polski producent - sklep meblowy<\/title>\n<meta name=\"description\" content=\"Wykonany na ramie z drewna, p\u0142yty wi\u00f3rowej i pil\u015bniowej.Materac stanowi wysokoelastyczna pianka 11 cm. Jest uniwersalny. Posiada funckj\u0119 spania\" \/>\n<meta name=\"robots\" content=\"index, follow, max-snippet:-1, max-image-preview:large, max-video-preview:-1\" \/>\n<link rel=\"canonical\" href=\"https:\/\/prmeble.com.pl\/?product=sam\" \/>\n<meta property=\"og:locale\" content=\"pl_PL\" \/>\n<meta property=\"og:type\" content=\"article\" \/>\n<meta property=\"og:title\" content=\"Naro\u017cnik Sam - PR MEBLE -tanie i dobre - polski producent - sklep meblowy\" \/>\n<meta property=\"og:description\" content=\"Wykonany na ramie z drewna, p\u0142yty wi\u00f3rowej i pil\u015bniowej.Materac stanowi wysokoelastyczna pianka 11 cm. Jest uniwersalny. Posiada funckj\u0119 spania\" \/>\n<meta property=\"og:url\" content=\"https:\/\/prmeble.com.pl\/?product=sam\" \/>\n<meta property=\"og:site_name\" content=\"PR MEBLE -tanie i dobre - polski producent - sklep meblowy\" \/>\n<meta property=\"article:publisher\" content=\"https:\/\/www.facebook.com\/PR-MEBLE-274934799714260\" \/>\n<meta property=\"article:modified_time\" content=\"2026-01-29T11:58:54+00:00\" \/>\n<meta property=\"og:image\" content=\"https:\/\/prmeble.com.pl\/wp-content\/uploads\/2022\/08\/WhatsApp-Image-2025-07-03-at-13.09.06.jpeg\" \/>\n\t<meta property=\"og:image:width\" content=\"1024\" \/>\n\t<meta property=\"og:image:height\" content=\"1536\" \/>\n\t<meta property=\"og:image:type\" content=\"image\/jpeg\" \/>\n<meta name=\"twitter:card\" content=\"summary_large_image\" \/>\n<meta name=\"twitter:label1\" content=\"Szacowany czas czytania\" \/>\n\t<meta name=\"twitter:data1\" content=\"3 minuty\" \/>\n<script type=\"application\/ld+json\" class=\"yoast-schema-graph\">{\"@context\":\"https:\\\/\\\/schema.org\",\"@graph\":[{\"@type\":\"WebPage\",\"@id\":\"https:\\\/\\\/prmeble.com.pl\\\/?product=sam\",\"url\":\"https:\\\/\\\/prmeble.com.pl\\\/?product=sam\",\"name\":\"Naro\u017cnik Sam - PR MEBLE -tanie i dobre - polski producent - sklep meblowy\",\"isPartOf\":{\"@id\":\"https:\\\/\\\/prmeble.com.pl\\\/#website\"},\"primaryImageOfPage\":{\"@id\":\"https:\\\/\\\/prmeble.com.pl\\\/?product=sam#primaryimage\"},\"image\":{\"@id\":\"https:\\\/\\\/prmeble.com.pl\\\/?product=sam#primaryimage\"},\"thumbnailUrl\":\"https:\\\/\\\/prmeble.com.pl\\\/wp-content\\\/uploads\\\/2022\\\/08\\\/WhatsApp-Image-2025-07-03-at-13.09.06.jpeg\",\"datePublished\":\"2022-08-01T11:59:29+00:00\",\"dateModified\":\"2026-01-29T11:58:54+00:00\",\"description\":\"Wykonany na ramie z drewna, p\u0142yty wi\u00f3rowej i pil\u015bniowej.Materac stanowi wysokoelastyczna pianka 11 cm. Jest uniwersalny. Posiada funckj\u0119 spania\",\"breadcrumb\":{\"@id\":\"https:\\\/\\\/prmeble.com.pl\\\/?product=sam#breadcrumb\"},\"inLanguage\":\"pl-PL\",\"potentialAction\":[{\"@type\":\"ReadAction\",\"target\":[\"https:\\\/\\\/prmeble.com.pl\\\/?product=sam\"]}]},{\"@type\":\"ImageObject\",\"inLanguage\":\"pl-PL\",\"@id\":\"https:\\\/\\\/prmeble.com.pl\\\/?product=sam#primaryimage\",\"url\":\"https:\\\/\\\/prmeble.com.pl\\\/wp-content\\\/uploads\\\/2022\\\/08\\\/WhatsApp-Image-2025-07-03-at-13.09.06.jpeg\",\"contentUrl\":\"https:\\\/\\\/prmeble.com.pl\\\/wp-content\\\/uploads\\\/2022\\\/08\\\/WhatsApp-Image-2025-07-03-at-13.09.06.jpeg\",\"width\":1024,\"height\":1536},{\"@type\":\"BreadcrumbList\",\"@id\":\"https:\\\/\\\/prmeble.com.pl\\\/?product=sam#breadcrumb\",\"itemListElement\":[{\"@type\":\"ListItem\",\"position\":1,\"name\":\"Strona g\u0142\u00f3wna\",\"item\":\"https:\\\/\\\/prmeble.com.pl\\\/\"},{\"@type\":\"ListItem\",\"position\":2,\"name\":\"Produkty\",\"item\":\"https:\\\/\\\/prmeble.com.pl\\\/?page_id=301\"},{\"@type\":\"ListItem\",\"position\":3,\"name\":\"Naro\u017cnik Sam\"}]},{\"@type\":\"WebSite\",\"@id\":\"https:\\\/\\\/prmeble.com.pl\\\/#website\",\"url\":\"https:\\\/\\\/prmeble.com.pl\\\/\",\"name\":\"Pr Meble\",\"description\":\"Tworzymy i sprzedajemy meble tapicerowane. W asortymencie mamy bardzo piekne i nowoczesne naro\u017cniki oraz modne kanapy.\",\"publisher\":{\"@id\":\"https:\\\/\\\/prmeble.com.pl\\\/#organization\"},\"potentialAction\":[{\"@type\":\"SearchAction\",\"target\":{\"@type\":\"EntryPoint\",\"urlTemplate\":\"https:\\\/\\\/prmeble.com.pl\\\/?s={search_term_string}\"},\"query-input\":{\"@type\":\"PropertyValueSpecification\",\"valueRequired\":true,\"valueName\":\"search_term_string\"}}],\"inLanguage\":\"pl-PL\"},{\"@type\":\"Organization\",\"@id\":\"https:\\\/\\\/prmeble.com.pl\\\/#organization\",\"name\":\"Prmeble\",\"url\":\"https:\\\/\\\/prmeble.com.pl\\\/\",\"logo\":{\"@type\":\"ImageObject\",\"inLanguage\":\"pl-PL\",\"@id\":\"https:\\\/\\\/prmeble.com.pl\\\/#\\\/schema\\\/logo\\\/image\\\/\",\"url\":\"https:\\\/\\\/prmeble.com.pl\\\/wp-content\\\/uploads\\\/2021\\\/10\\\/logo.jpg\",\"contentUrl\":\"https:\\\/\\\/prmeble.com.pl\\\/wp-content\\\/uploads\\\/2021\\\/10\\\/logo.jpg\",\"width\":550,\"height\":400,\"caption\":\"Prmeble\"},\"image\":{\"@id\":\"https:\\\/\\\/prmeble.com.pl\\\/#\\\/schema\\\/logo\\\/image\\\/\"},\"sameAs\":[\"https:\\\/\\\/www.facebook.com\\\/PR-MEBLE-274934799714260\"]}]}<\/script>\n<!-- \/ Yoast SEO plugin. -->","yoast_head_json":{"title":"Naro\u017cnik Sam - PR MEBLE -tanie i dobre - polski producent - sklep meblowy","description":"Wykonany na ramie z drewna, p\u0142yty wi\u00f3rowej i pil\u015bniowej.Materac stanowi wysokoelastyczna pianka 11 cm. Jest uniwersalny. Posiada funckj\u0119 spania","robots":{"index":"index","follow":"follow","max-snippet":"max-snippet:-1","max-image-preview":"max-image-preview:large","max-video-preview":"max-video-preview:-1"},"canonical":"https:\/\/prmeble.com.pl\/?product=sam","og_locale":"pl_PL","og_type":"article","og_title":"Naro\u017cnik Sam - PR MEBLE -tanie i dobre - polski producent - sklep meblowy","og_description":"Wykonany na ramie z drewna, p\u0142yty wi\u00f3rowej i pil\u015bniowej.Materac stanowi wysokoelastyczna pianka 11 cm. Jest uniwersalny. Posiada funckj\u0119 spania","og_url":"https:\/\/prmeble.com.pl\/?product=sam","og_site_name":"PR MEBLE -tanie i dobre - polski producent - sklep meblowy","article_publisher":"https:\/\/www.facebook.com\/PR-MEBLE-274934799714260","article_modified_time":"2026-01-29T11:58:54+00:00","og_image":[{"width":1024,"height":1536,"url":"https:\/\/prmeble.com.pl\/wp-content\/uploads\/2022\/08\/WhatsApp-Image-2025-07-03-at-13.09.06.jpeg","type":"image\/jpeg"}],"twitter_card":"summary_large_image","twitter_misc":{"Szacowany czas czytania":"3 minuty"},"schema":{"@context":"https:\/\/schema.org","@graph":[{"@type":"WebPage","@id":"https:\/\/prmeble.com.pl\/?product=sam","url":"https:\/\/prmeble.com.pl\/?product=sam","name":"Naro\u017cnik Sam - PR MEBLE -tanie i dobre - polski producent - sklep meblowy","isPartOf":{"@id":"https:\/\/prmeble.com.pl\/#website"},"primaryImageOfPage":{"@id":"https:\/\/prmeble.com.pl\/?product=sam#primaryimage"},"image":{"@id":"https:\/\/prmeble.com.pl\/?product=sam#primaryimage"},"thumbnailUrl":"https:\/\/prmeble.com.pl\/wp-content\/uploads\/2022\/08\/WhatsApp-Image-2025-07-03-at-13.09.06.jpeg","datePublished":"2022-08-01T11:59:29+00:00","dateModified":"2026-01-29T11:58:54+00:00","description":"Wykonany na ramie z drewna, p\u0142yty wi\u00f3rowej i pil\u015bniowej.Materac stanowi wysokoelastyczna pianka 11 cm. Jest uniwersalny. Posiada funckj\u0119 spania","breadcrumb":{"@id":"https:\/\/prmeble.com.pl\/?product=sam#breadcrumb"},"inLanguage":"pl-PL","potentialAction":[{"@type":"ReadAction","target":["https:\/\/prmeble.com.pl\/?product=sam"]}]},{"@type":"ImageObject","inLanguage":"pl-PL","@id":"https:\/\/prmeble.com.pl\/?product=sam#primaryimage","url":"https:\/\/prmeble.com.pl\/wp-content\/uploads\/2022\/08\/WhatsApp-Image-2025-07-03-at-13.09.06.jpeg","contentUrl":"https:\/\/prmeble.com.pl\/wp-content\/uploads\/2022\/08\/WhatsApp-Image-2025-07-03-at-13.09.06.jpeg","width":1024,"height":1536},{"@type":"BreadcrumbList","@id":"https:\/\/prmeble.com.pl\/?product=sam#breadcrumb","itemListElement":[{"@type":"ListItem","position":1,"name":"Strona g\u0142\u00f3wna","item":"https:\/\/prmeble.com.pl\/"},{"@type":"ListItem","position":2,"name":"Produkty","item":"https:\/\/prmeble.com.pl\/?page_id=301"},{"@type":"ListItem","position":3,"name":"Naro\u017cnik Sam"}]},{"@type":"WebSite","@id":"https:\/\/prmeble.com.pl\/#website","url":"https:\/\/prmeble.com.pl\/","name":"Pr Meble","description":"Tworzymy i sprzedajemy meble tapicerowane. W asortymencie mamy bardzo piekne i nowoczesne naro\u017cniki oraz modne kanapy.","publisher":{"@id":"https:\/\/prmeble.com.pl\/#organization"},"potentialAction":[{"@type":"SearchAction","target":{"@type":"EntryPoint","urlTemplate":"https:\/\/prmeble.com.pl\/?s={search_term_string}"},"query-input":{"@type":"PropertyValueSpecification","valueRequired":true,"valueName":"search_term_string"}}],"inLanguage":"pl-PL"},{"@type":"Organization","@id":"https:\/\/prmeble.com.pl\/#organization","name":"Prmeble","url":"https:\/\/prmeble.com.pl\/","logo":{"@type":"ImageObject","inLanguage":"pl-PL","@id":"https:\/\/prmeble.com.pl\/#\/schema\/logo\/image\/","url":"https:\/\/prmeble.com.pl\/wp-content\/uploads\/2021\/10\/logo.jpg","contentUrl":"https:\/\/prmeble.com.pl\/wp-content\/uploads\/2021\/10\/logo.jpg","width":550,"height":400,"caption":"Prmeble"},"image":{"@id":"https:\/\/prmeble.com.pl\/#\/schema\/logo\/image\/"},"sameAs":["https:\/\/www.facebook.com\/PR-MEBLE-274934799714260"]}]}},"total_sales":"54","_tax_status":"taxable","_tax_class":"","_manage_stock":"no","_backorders":"no","_sold_individually":"no","_virtual":"no","_downloadable":"no","_download_limit":"-1","_download_expiry":"-1","_stock":"","_stock_status":"instock","_wc_average_rating":"0","_wc_review_count":"0","_product_attributes":{"sprezyny-bonell":{"name":"Spr\u0119\u017cyny bonell","value":"Tak | Nie","position":0,"is_visible":0,"is_variation":1,"is_taxonomy":0},"automat-wspomagajace-rozkladanie":{"name":"Automat wspomagaj\u0105ce rozkladanie","value":"Tak | Nie","position":1,"is_visible":0,"is_variation":1,"is_taxonomy":0}},"_product_version":"10.4.3","_wpcom_is_markdown":"","_edit_lock":"1751970074:1","_edit_last":"1","_thumbnail_id":"12635","_sku":"","_wp_page_template":"default","_last_editor_used_jetpack":"","_elementor_template_type":"","_elementor_version":"","_elementor_data":"","_yoast_wpseo_estimated-reading-time-minutes":"3","_yoast_wpseo_metadesc":"Wykonany na ramie z drewna, p\u0142yty wi\u00f3rowej i pil\u015bniowej.Materac stanowi wysokoelastyczna pianka 11 cm. Jest uniwersalny. Posiada funckj\u0119 spania","_wp_old_slug":"","_yoast_wpseo_primary_product_cat":"21","_oembed_7eca53afccebf1f861dae06bfb2dfa8a":"","_oembed_time_7eca53afccebf1f861dae06bfb2dfa8a":"","_yoast_wpseo_wordproof_timestamp":"","_wc_gla_visibility":"sync-and-show","_wc_gla_synced_at":"1767409238","_wc_gla_sync_status":"pending","_wc_gla_google_ids":{"PL":"online:pl:PL:gla_1942"},"fb_product_group_id":"25653674357611404","_wc_facebook_commerce_enabled":"no","_yoast_wpseo_content_score":"90","_yoast_wpseo_focuskw":"Naro\u017cnik Sam","_yoast_wpseo_linkdex":"73","_product_image_gallery":"1953,1954,1956,1958,1960,1961,1962,5124,5126,5127,8838,8839,8840","_crosssell_ids":[2543],"shopengine_product_views_count":"12172","_yoast_wpseo_primary_fb_product_set":"","xfgmc_google_product_category":"","xfgmc_identifier_exists":"default","xfgmc_adult":"off","xfgmc_condition":"default","_xfgmc_is_bundle":"default","_xfgmc_return_rule_label":"","xfgmc_custom_label_0":"","xfgmc_custom_label_1":"","xfgmc_custom_label_2":"","xfgmc_custom_label_3":"","xfgmc_custom_label_4":"","_price":"880","_eael_post_view_count":"10163","_regular_price":"930","_wc_facebook_sync_enabled":"yes","fb_visibility":"yes","fb_product_description":"","_wc_facebook_product_image_source":"product","wpr_secondary_image_id":"0","fb_product_item_id":"25653674784278028","_sale_price":"880","wp_statistics_words_count":"285","fb_rich_text_description":"","fb_product_video":[],"fb_brand":"","fb_mpn":"","_yoast_wpseo_primary_product_brand":"","_xmlsf_image_attached":{"loc":"https:\/\/prmeble.com.pl\/wp-content\/uploads\/2022\/08\/WhatsApp-Image-2025-07-03-at-13.09.06.jpeg","title":"WhatsApp Image 2025-07-03 at 13.09.06","caption":""},"_wc_gla_mc_status":"approved","_elementor_page_assets":[],"shopmagic_source_recipe":"","_wc_gla_errors":"","_weight":"","woo_inpost_shipping_methods_allowed":[],"woo_inpost_parcel_dimensions":"small","_wc_facebook_google_product_category":"","_yoast_wpseo_title":"","_xfgmc_fb_product_category":"","_xfgmc_tax_category":"","_xfgmc_multipack":"","_xfgmc_shipping_label":"","_xfgmc_unit_pricing_measure":"","_xfgmc_unit_pricing_base_measure":"","_xfgmc_store_code":"","_xfgmc_min_handling_time":"","_xfgmc_max_handling_time":"","_wcpa_product_meta":"","wcpa_exclude_global_forms":"","_upsell_ids":"","_wp_old_date":"","_umb_fruugo_simple_title":"","_umb_fruugo_simple_desc":"","_umb_fruggo_id_type":"","_umb_fruugo_standard_code_val":"","_umb_fruugo_brand":"","_umb_fruugo_vat":"","_umb_fruugo_discount_price":"","_ced_increase_price_fruugo":"","_umb_fruugo_category":"","_ced_fruugo_language_section":"","_ced_fruugo_attributeSize":"","_ced_fruugo_attributeColor":"","_ced_fruugo_currency":"","_ced_fruugo_leadTime":"","_ced_fruugo_packageWeight":"","_ced_fruugo_attribute1":"","_ced_fruugo_attribute2":"","_ced_fruugo_attribute3":"","_ced_fruugo_attribute4":"","_ced_fruugo_attribute5":"","_ced_fruugo_attribute6":"","_ced_fruugo_attribute7":"","_ced_fruugo_attribute8":"","_ced_fruugo_attribute9":"","_ced_fruugo_attribute10":"","_yoast_wpseo_primary_item":"","_wp_trash_meta_status":"","_wp_trash_meta_time":"","_wp_desired_post_slug":"","_links":{"self":[{"href":"https:\/\/prmeble.com.pl\/index.php?rest_route=\/wp\/v2\/product\/1942","targetHints":{"allow":["GET"]}}],"collection":[{"href":"https:\/\/prmeble.com.pl\/index.php?rest_route=\/wp\/v2\/product"}],"about":[{"href":"https:\/\/prmeble.com.pl\/index.php?rest_route=\/wp\/v2\/types\/product"}],"version-history":[{"count":2,"href":"https:\/\/prmeble.com.pl\/index.php?rest_route=\/wp\/v2\/product\/1942\/revisions"}],"predecessor-version":[{"id":11985,"href":"https:\/\/prmeble.com.pl\/index.php?rest_route=\/wp\/v2\/product\/1942\/revisions\/11985"}],"wp:featuredmedia":[{"embeddable":true,"href":"https:\/\/prmeble.com.pl\/index.php?rest_route=\/wp\/v2\/media\/12635"}],"wp:attachment":[{"href":"https:\/\/prmeble.com.pl\/index.php?rest_route=%2Fwp%2Fv2%2Fmedia&parent=1942"}],"wp:term":[{"taxonomy":"product_brand","embeddable":true,"href":"https:\/\/prmeble.com.pl\/index.php?rest_route=%2Fwp%2Fv2%2Fproduct_brand&post=1942"},{"taxonomy":"product_cat","embeddable":true,"href":"https:\/\/prmeble.com.pl\/index.php?rest_route=%2Fwp%2Fv2%2Fproduct_cat&post=1942"},{"taxonomy":"product_tag","embeddable":true,"href":"https:\/\/prmeble.com.pl\/index.php?rest_route=%2Fwp%2Fv2%2Fproduct_tag&post=1942"}],"curies":[{"name":"wp","href":"https:\/\/api.w.org\/{rel}","templated":true}]}}