{"id":14582,"date":"2026-04-07T09:19:44","date_gmt":"2026-04-07T07:19:44","guid":{"rendered":"https:\/\/prmeble.com.pl\/?post_type=product&#038;p=14582"},"modified":"2026-04-07T09:19:44","modified_gmt":"2026-04-07T07:19:44","slug":"naroznik-bodo-sawana-05-96","status":"publish","type":"product","link":"https:\/\/prmeble.com.pl\/?product=naroznik-bodo-sawana-05-96","title":{"rendered":"Naro\u017cnik bodo sawana 05 +96"},"content":{"rendered":"<p>Taki jak na zdj\u0119ciu<\/p>\n<h2>Informacje:<\/h2>\n<ul>\n<li>d\u0142ugo\u015b\u0107:\u00a0<strong>150 cm<\/strong><\/li>\n<li>szeroko\u015b\u0107:\u00a0<strong>200 cm<\/strong><\/li>\n<li>wysoko\u015b\u0107\u00a0<strong>70 cm<\/strong><\/li>\n<li>Powierzchnia spania:\u00a0<strong>135\u00d7200 cm<\/strong><\/li>\n<\/ul>\n<h2>Cechy:<\/h2>\n<ul>\n<li>Funkcja spania,<\/li>\n<li>2x Pojemnik na po\u015bciel,<\/li>\n<li>Solidna i trwa\u0142a konstrukcja<\/li>\n<li>Wysokoelastyczna pianka o grubo\u015bci 10cm<\/li>\n<li>Strona naro\u017cnika uniwersalna: prawa \/ lewa<\/li>\n<li>Poduszki w zestawie z meblem<\/li>\n<li>Eleganckie n\u00f3\u017cki<\/li>\n<li>Ozdobne pikowanie na siedzisku<\/li>\n<li>Kszta\u0142t litery L<\/li>\n<li>Nowoczesna forma<\/li>\n<\/ul>\n","protected":false},"excerpt":{"rendered":"<p>Taki jak na zdj\u0119ciu Informacje: d\u0142ugo\u015b\u0107:\u00a0150 cm szeroko\u015b\u0107:\u00a0200 cm wysoko\u015b\u0107\u00a070 cm Powierzchnia spania:\u00a0135\u00d7200 cm Cechy: Funkcja spania, 2x Pojemnik na po\u015bciel, Solidna i trwa\u0142a konstrukcja Wysokoelastyczna pianka o grubo\u015bci 10cm Strona naro\u017cnika uniwersalna: prawa \/ lewa Poduszki w zestawie z meblem Eleganckie n\u00f3\u017cki Ozdobne pikowanie na siedzisku Kszta\u0142t litery L Nowoczesna forma<\/p>\n","protected":false},"featured_media":14586,"template":"","meta":[],"product_brand":[],"product_cat":[71],"product_tag":[],"class_list":{"0":"post-14582","1":"product","2":"type-product","3":"status-publish","4":"has-post-thumbnail","6":"product_cat-dostepne-od-reki","8":"first","9":"instock","10":"shipping-taxable","11":"purchasable","12":"product-type-simple"},"yoast_head":"<!-- This site is optimized with the Yoast SEO plugin v27.3 - https:\/\/yoast.com\/product\/yoast-seo-wordpress\/ -->\n<title>Naro\u017cnik bodo sawana 05 +96 - PR MEBLE -tanie i dobre - polski producent - sklep meblowy<\/title>\n<meta name=\"robots\" content=\"index, follow, max-snippet:-1, max-image-preview:large, max-video-preview:-1\" \/>\n<link rel=\"canonical\" href=\"https:\/\/prmeble.com.pl\/?product=naroznik-bodo-sawana-05-96\" \/>\n<meta property=\"og:locale\" content=\"pl_PL\" \/>\n<meta property=\"og:type\" content=\"article\" \/>\n<meta property=\"og:title\" content=\"Naro\u017cnik bodo sawana 05 +96 - PR MEBLE -tanie i dobre - polski producent - sklep meblowy\" \/>\n<meta property=\"og:description\" content=\"Taki jak na zdj\u0119ciu Informacje: d\u0142ugo\u015b\u0107:\u00a0150 cm szeroko\u015b\u0107:\u00a0200 cm wysoko\u015b\u0107\u00a070 cm Powierzchnia spania:\u00a0135\u00d7200 cm Cechy: Funkcja spania, 2x Pojemnik na po\u015bciel, Solidna i trwa\u0142a konstrukcja Wysokoelastyczna pianka o grubo\u015bci 10cm Strona naro\u017cnika uniwersalna: prawa \/ lewa Poduszki w zestawie z meblem Eleganckie n\u00f3\u017cki Ozdobne pikowanie na siedzisku Kszta\u0142t litery L Nowoczesna forma\" \/>\n<meta property=\"og:url\" content=\"https:\/\/prmeble.com.pl\/?product=naroznik-bodo-sawana-05-96\" \/>\n<meta property=\"og:site_name\" content=\"PR MEBLE -tanie i dobre - polski producent - sklep meblowy\" \/>\n<meta property=\"article:publisher\" content=\"https:\/\/www.facebook.com\/PR-MEBLE-274934799714260\" \/>\n<meta property=\"og:image\" content=\"https:\/\/prmeble.com.pl\/wp-content\/uploads\/2026\/04\/WhatsApp-Image-2026-03-27-at-15.06.02.jpeg\" \/>\n\t<meta property=\"og:image:width\" content=\"1024\" \/>\n\t<meta property=\"og:image:height\" content=\"902\" \/>\n\t<meta property=\"og:image:type\" content=\"image\/jpeg\" \/>\n<meta name=\"twitter:card\" content=\"summary_large_image\" \/>\n<meta name=\"twitter:label1\" content=\"Szacowany czas czytania\" \/>\n\t<meta name=\"twitter:data1\" content=\"1 minuta\" \/>\n<script type=\"application\/ld+json\" class=\"yoast-schema-graph\">{\"@context\":\"https:\\\/\\\/schema.org\",\"@graph\":[{\"@type\":\"WebPage\",\"@id\":\"https:\\\/\\\/prmeble.com.pl\\\/?product=naroznik-bodo-sawana-05-96\",\"url\":\"https:\\\/\\\/prmeble.com.pl\\\/?product=naroznik-bodo-sawana-05-96\",\"name\":\"Naro\u017cnik bodo sawana 05 +96 - PR MEBLE -tanie i dobre - polski producent - sklep meblowy\",\"isPartOf\":{\"@id\":\"https:\\\/\\\/prmeble.com.pl\\\/#website\"},\"primaryImageOfPage\":{\"@id\":\"https:\\\/\\\/prmeble.com.pl\\\/?product=naroznik-bodo-sawana-05-96#primaryimage\"},\"image\":{\"@id\":\"https:\\\/\\\/prmeble.com.pl\\\/?product=naroznik-bodo-sawana-05-96#primaryimage\"},\"thumbnailUrl\":\"https:\\\/\\\/prmeble.com.pl\\\/wp-content\\\/uploads\\\/2026\\\/04\\\/WhatsApp-Image-2026-03-27-at-15.06.02.jpeg\",\"datePublished\":\"2026-04-07T07:19:44+00:00\",\"breadcrumb\":{\"@id\":\"https:\\\/\\\/prmeble.com.pl\\\/?product=naroznik-bodo-sawana-05-96#breadcrumb\"},\"inLanguage\":\"pl-PL\",\"potentialAction\":[{\"@type\":\"ReadAction\",\"target\":[\"https:\\\/\\\/prmeble.com.pl\\\/?product=naroznik-bodo-sawana-05-96\"]}]},{\"@type\":\"ImageObject\",\"inLanguage\":\"pl-PL\",\"@id\":\"https:\\\/\\\/prmeble.com.pl\\\/?product=naroznik-bodo-sawana-05-96#primaryimage\",\"url\":\"https:\\\/\\\/prmeble.com.pl\\\/wp-content\\\/uploads\\\/2026\\\/04\\\/WhatsApp-Image-2026-03-27-at-15.06.02.jpeg\",\"contentUrl\":\"https:\\\/\\\/prmeble.com.pl\\\/wp-content\\\/uploads\\\/2026\\\/04\\\/WhatsApp-Image-2026-03-27-at-15.06.02.jpeg\",\"width\":1024,\"height\":902},{\"@type\":\"BreadcrumbList\",\"@id\":\"https:\\\/\\\/prmeble.com.pl\\\/?product=naroznik-bodo-sawana-05-96#breadcrumb\",\"itemListElement\":[{\"@type\":\"ListItem\",\"position\":1,\"name\":\"Strona g\u0142\u00f3wna\",\"item\":\"https:\\\/\\\/prmeble.com.pl\\\/\"},{\"@type\":\"ListItem\",\"position\":2,\"name\":\"Produkty\",\"item\":\"https:\\\/\\\/prmeble.com.pl\\\/?page_id=301\"},{\"@type\":\"ListItem\",\"position\":3,\"name\":\"Naro\u017cnik bodo sawana 05 +96\"}]},{\"@type\":\"WebSite\",\"@id\":\"https:\\\/\\\/prmeble.com.pl\\\/#website\",\"url\":\"https:\\\/\\\/prmeble.com.pl\\\/\",\"name\":\"Pr Meble\",\"description\":\"Tworzymy i sprzedajemy meble tapicerowane. W asortymencie mamy bardzo piekne i nowoczesne naro\u017cniki oraz modne kanapy.\",\"publisher\":{\"@id\":\"https:\\\/\\\/prmeble.com.pl\\\/#organization\"},\"potentialAction\":[{\"@type\":\"SearchAction\",\"target\":{\"@type\":\"EntryPoint\",\"urlTemplate\":\"https:\\\/\\\/prmeble.com.pl\\\/?s={search_term_string}\"},\"query-input\":{\"@type\":\"PropertyValueSpecification\",\"valueRequired\":true,\"valueName\":\"search_term_string\"}}],\"inLanguage\":\"pl-PL\"},{\"@type\":\"Organization\",\"@id\":\"https:\\\/\\\/prmeble.com.pl\\\/#organization\",\"name\":\"Prmeble\",\"url\":\"https:\\\/\\\/prmeble.com.pl\\\/\",\"logo\":{\"@type\":\"ImageObject\",\"inLanguage\":\"pl-PL\",\"@id\":\"https:\\\/\\\/prmeble.com.pl\\\/#\\\/schema\\\/logo\\\/image\\\/\",\"url\":\"https:\\\/\\\/prmeble.com.pl\\\/wp-content\\\/uploads\\\/2021\\\/10\\\/logo.jpg\",\"contentUrl\":\"https:\\\/\\\/prmeble.com.pl\\\/wp-content\\\/uploads\\\/2021\\\/10\\\/logo.jpg\",\"width\":550,\"height\":400,\"caption\":\"Prmeble\"},\"image\":{\"@id\":\"https:\\\/\\\/prmeble.com.pl\\\/#\\\/schema\\\/logo\\\/image\\\/\"},\"sameAs\":[\"https:\\\/\\\/www.facebook.com\\\/PR-MEBLE-274934799714260\"]}]}<\/script>\n<!-- \/ Yoast SEO plugin. -->","yoast_head_json":{"title":"Naro\u017cnik bodo sawana 05 +96 - PR MEBLE -tanie i dobre - polski producent - sklep meblowy","robots":{"index":"index","follow":"follow","max-snippet":"max-snippet:-1","max-image-preview":"max-image-preview:large","max-video-preview":"max-video-preview:-1"},"canonical":"https:\/\/prmeble.com.pl\/?product=naroznik-bodo-sawana-05-96","og_locale":"pl_PL","og_type":"article","og_title":"Naro\u017cnik bodo sawana 05 +96 - PR MEBLE -tanie i dobre - polski producent - sklep meblowy","og_description":"Taki jak na zdj\u0119ciu Informacje: d\u0142ugo\u015b\u0107:\u00a0150 cm szeroko\u015b\u0107:\u00a0200 cm wysoko\u015b\u0107\u00a070 cm Powierzchnia spania:\u00a0135\u00d7200 cm Cechy: Funkcja spania, 2x Pojemnik na po\u015bciel, Solidna i trwa\u0142a konstrukcja Wysokoelastyczna pianka o grubo\u015bci 10cm Strona naro\u017cnika uniwersalna: prawa \/ lewa Poduszki w zestawie z meblem Eleganckie n\u00f3\u017cki Ozdobne pikowanie na siedzisku Kszta\u0142t litery L Nowoczesna forma","og_url":"https:\/\/prmeble.com.pl\/?product=naroznik-bodo-sawana-05-96","og_site_name":"PR MEBLE -tanie i dobre - polski producent - sklep meblowy","article_publisher":"https:\/\/www.facebook.com\/PR-MEBLE-274934799714260","og_image":[{"width":1024,"height":902,"url":"https:\/\/prmeble.com.pl\/wp-content\/uploads\/2026\/04\/WhatsApp-Image-2026-03-27-at-15.06.02.jpeg","type":"image\/jpeg"}],"twitter_card":"summary_large_image","twitter_misc":{"Szacowany czas czytania":"1 minuta"},"schema":{"@context":"https:\/\/schema.org","@graph":[{"@type":"WebPage","@id":"https:\/\/prmeble.com.pl\/?product=naroznik-bodo-sawana-05-96","url":"https:\/\/prmeble.com.pl\/?product=naroznik-bodo-sawana-05-96","name":"Naro\u017cnik bodo sawana 05 +96 - PR MEBLE -tanie i dobre - polski producent - sklep meblowy","isPartOf":{"@id":"https:\/\/prmeble.com.pl\/#website"},"primaryImageOfPage":{"@id":"https:\/\/prmeble.com.pl\/?product=naroznik-bodo-sawana-05-96#primaryimage"},"image":{"@id":"https:\/\/prmeble.com.pl\/?product=naroznik-bodo-sawana-05-96#primaryimage"},"thumbnailUrl":"https:\/\/prmeble.com.pl\/wp-content\/uploads\/2026\/04\/WhatsApp-Image-2026-03-27-at-15.06.02.jpeg","datePublished":"2026-04-07T07:19:44+00:00","breadcrumb":{"@id":"https:\/\/prmeble.com.pl\/?product=naroznik-bodo-sawana-05-96#breadcrumb"},"inLanguage":"pl-PL","potentialAction":[{"@type":"ReadAction","target":["https:\/\/prmeble.com.pl\/?product=naroznik-bodo-sawana-05-96"]}]},{"@type":"ImageObject","inLanguage":"pl-PL","@id":"https:\/\/prmeble.com.pl\/?product=naroznik-bodo-sawana-05-96#primaryimage","url":"https:\/\/prmeble.com.pl\/wp-content\/uploads\/2026\/04\/WhatsApp-Image-2026-03-27-at-15.06.02.jpeg","contentUrl":"https:\/\/prmeble.com.pl\/wp-content\/uploads\/2026\/04\/WhatsApp-Image-2026-03-27-at-15.06.02.jpeg","width":1024,"height":902},{"@type":"BreadcrumbList","@id":"https:\/\/prmeble.com.pl\/?product=naroznik-bodo-sawana-05-96#breadcrumb","itemListElement":[{"@type":"ListItem","position":1,"name":"Strona g\u0142\u00f3wna","item":"https:\/\/prmeble.com.pl\/"},{"@type":"ListItem","position":2,"name":"Produkty","item":"https:\/\/prmeble.com.pl\/?page_id=301"},{"@type":"ListItem","position":3,"name":"Naro\u017cnik bodo sawana 05 +96"}]},{"@type":"WebSite","@id":"https:\/\/prmeble.com.pl\/#website","url":"https:\/\/prmeble.com.pl\/","name":"Pr Meble","description":"Tworzymy i sprzedajemy meble tapicerowane. W asortymencie mamy bardzo piekne i nowoczesne naro\u017cniki oraz modne kanapy.","publisher":{"@id":"https:\/\/prmeble.com.pl\/#organization"},"potentialAction":[{"@type":"SearchAction","target":{"@type":"EntryPoint","urlTemplate":"https:\/\/prmeble.com.pl\/?s={search_term_string}"},"query-input":{"@type":"PropertyValueSpecification","valueRequired":true,"valueName":"search_term_string"}}],"inLanguage":"pl-PL"},{"@type":"Organization","@id":"https:\/\/prmeble.com.pl\/#organization","name":"Prmeble","url":"https:\/\/prmeble.com.pl\/","logo":{"@type":"ImageObject","inLanguage":"pl-PL","@id":"https:\/\/prmeble.com.pl\/#\/schema\/logo\/image\/","url":"https:\/\/prmeble.com.pl\/wp-content\/uploads\/2021\/10\/logo.jpg","contentUrl":"https:\/\/prmeble.com.pl\/wp-content\/uploads\/2021\/10\/logo.jpg","width":550,"height":400,"caption":"Prmeble"},"image":{"@id":"https:\/\/prmeble.com.pl\/#\/schema\/logo\/image\/"},"sameAs":["https:\/\/www.facebook.com\/PR-MEBLE-274934799714260"]}]}},"total_sales":"0","_tax_status":"taxable","_tax_class":"","_manage_stock":"yes","_backorders":"no","_sold_individually":"no","_virtual":"no","_downloadable":"no","_download_limit":"-1","_download_expiry":"-1","_stock":"1","_stock_status":"instock","_wc_average_rating":"0","_wc_review_count":"0","_product_attributes":"","_product_version":"10.6.2","_wpcom_is_markdown":"","_edit_lock":"1775546454:219","_edit_last":"219","_thumbnail_id":"14586","_sku":"","_wp_page_template":"default","_last_editor_used_jetpack":"","_elementor_template_type":"","_elementor_version":"","_elementor_data":"","_yoast_wpseo_estimated-reading-time-minutes":"1","_yoast_wpseo_metadesc":"","_wp_old_slug":"","_yoast_wpseo_primary_product_cat":"71","_oembed_7eca53afccebf1f861dae06bfb2dfa8a":"","_oembed_time_7eca53afccebf1f861dae06bfb2dfa8a":"","_yoast_wpseo_wordproof_timestamp":"","_wc_gla_visibility":"sync-and-show","_wc_gla_synced_at":"","_wc_gla_sync_status":"has-errors","_wc_gla_google_ids":"","fb_product_group_id":"","_wc_facebook_commerce_enabled":"","_yoast_wpseo_content_score":"90","_yoast_wpseo_focuskw":"","_yoast_wpseo_linkdex":"","_product_image_gallery":"14585","_crosssell_ids":"","shopengine_product_views_count":"61","_yoast_wpseo_primary_fb_product_set":"","xfgmc_google_product_category":"","xfgmc_identifier_exists":"","xfgmc_adult":"","xfgmc_condition":"","_xfgmc_is_bundle":"default","_xfgmc_return_rule_label":"","xfgmc_custom_label_0":"","xfgmc_custom_label_1":"","xfgmc_custom_label_2":"","xfgmc_custom_label_3":"","xfgmc_custom_label_4":"","_price":"979","_eael_post_view_count":"61","_regular_price":"979","_wc_facebook_sync_enabled":"","fb_visibility":"yes","fb_product_description":"","_wc_facebook_product_image_source":"product","wpr_secondary_image_id":"0","fb_product_item_id":"","_sale_price":"","wp_statistics_words_count":"50","fb_rich_text_description":"","fb_product_video":[],"fb_brand":"","fb_mpn":"","_yoast_wpseo_primary_product_brand":"","_xmlsf_image_attached":{"loc":"https:\/\/prmeble.com.pl\/wp-content\/uploads\/2026\/04\/WhatsApp-Image-2026-03-27-at-15.06.02.jpeg","title":"WhatsApp Image 2026-03-27 at 15.06.02","caption":""},"_wc_gla_mc_status":"","_elementor_page_assets":[],"shopmagic_source_recipe":"","_wc_gla_errors":["[salePrice.value] Product must have a valid price and currency."],"_weight":"","woo_inpost_shipping_methods_allowed":"","woo_inpost_parcel_dimensions":"","_wc_facebook_google_product_category":"","_yoast_wpseo_title":"","_xfgmc_fb_product_category":"","_xfgmc_tax_category":"","_xfgmc_multipack":"","_xfgmc_shipping_label":"","_xfgmc_unit_pricing_measure":"","_xfgmc_unit_pricing_base_measure":"","_xfgmc_store_code":"","_xfgmc_min_handling_time":"","_xfgmc_max_handling_time":"","_wcpa_product_meta":"","wcpa_exclude_global_forms":"","_upsell_ids":"","_wp_old_date":"","_umb_fruugo_simple_title":"","_umb_fruugo_simple_desc":"","_umb_fruggo_id_type":"","_umb_fruugo_standard_code_val":"","_umb_fruugo_brand":"","_umb_fruugo_vat":"","_umb_fruugo_discount_price":"","_ced_increase_price_fruugo":"","_umb_fruugo_category":"","_ced_fruugo_language_section":"","_ced_fruugo_attributeSize":"","_ced_fruugo_attributeColor":"","_ced_fruugo_currency":"","_ced_fruugo_leadTime":"","_ced_fruugo_packageWeight":"","_ced_fruugo_attribute1":"","_ced_fruugo_attribute2":"","_ced_fruugo_attribute3":"","_ced_fruugo_attribute4":"","_ced_fruugo_attribute5":"","_ced_fruugo_attribute6":"","_ced_fruugo_attribute7":"","_ced_fruugo_attribute8":"","_ced_fruugo_attribute9":"","_ced_fruugo_attribute10":"","_yoast_wpseo_primary_item":"","_wp_trash_meta_status":"","_wp_trash_meta_time":"","_wp_desired_post_slug":"","_links":{"self":[{"href":"https:\/\/prmeble.com.pl\/index.php?rest_route=\/wp\/v2\/product\/14582","targetHints":{"allow":["GET"]}}],"collection":[{"href":"https:\/\/prmeble.com.pl\/index.php?rest_route=\/wp\/v2\/product"}],"about":[{"href":"https:\/\/prmeble.com.pl\/index.php?rest_route=\/wp\/v2\/types\/product"}],"version-history":[{"count":1,"href":"https:\/\/prmeble.com.pl\/index.php?rest_route=\/wp\/v2\/product\/14582\/revisions"}],"predecessor-version":[{"id":14587,"href":"https:\/\/prmeble.com.pl\/index.php?rest_route=\/wp\/v2\/product\/14582\/revisions\/14587"}],"wp:featuredmedia":[{"embeddable":true,"href":"https:\/\/prmeble.com.pl\/index.php?rest_route=\/wp\/v2\/media\/14586"}],"wp:attachment":[{"href":"https:\/\/prmeble.com.pl\/index.php?rest_route=%2Fwp%2Fv2%2Fmedia&parent=14582"}],"wp:term":[{"taxonomy":"product_brand","embeddable":true,"href":"https:\/\/prmeble.com.pl\/index.php?rest_route=%2Fwp%2Fv2%2Fproduct_brand&post=14582"},{"taxonomy":"product_cat","embeddable":true,"href":"https:\/\/prmeble.com.pl\/index.php?rest_route=%2Fwp%2Fv2%2Fproduct_cat&post=14582"},{"taxonomy":"product_tag","embeddable":true,"href":"https:\/\/prmeble.com.pl\/index.php?rest_route=%2Fwp%2Fv2%2Fproduct_tag&post=14582"}],"curies":[{"name":"wp","href":"https:\/\/api.w.org\/{rel}","templated":true}]}}