{"id":12224,"date":"2025-05-26T13:09:03","date_gmt":"2025-05-26T11:09:03","guid":{"rendered":"https:\/\/prmeble.com.pl\/?post_type=product&#038;p=12224"},"modified":"2025-05-26T13:09:03","modified_gmt":"2025-05-26T11:09:03","slug":"topper-materac-nawierzchniowy","status":"publish","type":"product","link":"https:\/\/prmeble.com.pl\/?product=topper-materac-nawierzchniowy","title":{"rendered":"Topper Materac nawierzchniowy"},"content":{"rendered":"<p>Materac nawierzchniowy Topper o grubo\u015bci 3 cm to funkcjonalny dodatek do ka\u017cdego \u0142\u00f3\u017cka, kt\u00f3ry poprawia komfort snu, wyr\u00f3wnuje powierzchni\u0119 materaca i zapewnia odpowiednie wsparcie dla cia\u0142a. Dzi\u0119ki swoim w\u0142a\u015bciwo\u015bciom wentylacyjnym i \u0142atwo\u015bci utrzymania w czysto\u015bci, stanowi praktyczne rozwi\u0105zanie dla os\u00f3b pragn\u0105cych poprawi\u0107 jako\u015b\u0107 swojego snu.<\/p>\n<p>Dost\u0119pny w r\u00f3\u017cnych rozmiarach, nasz topper mo\u017ce by\u0107 dostosowany do Twoich indywidualnych preferencji i potrzeb. Pokrowiec zdejmowany jest \u0142atwy w czyszczeniu, co u\u0142atwia utrzymanie higieny i \u015bwie\u017co\u015bci snu.<\/p>\n","protected":false},"excerpt":{"rendered":"<p>Materac nawierzchniowy Topper o grubo\u015bci 3 cm to funkcjonalny dodatek do ka\u017cdego \u0142\u00f3\u017cka, kt\u00f3ry poprawia komfort snu, wyr\u00f3wnuje powierzchni\u0119 materaca i zapewnia odpowiednie wsparcie dla cia\u0142a. Dzi\u0119ki swoim w\u0142a\u015bciwo\u015bciom wentylacyjnym i \u0142atwo\u015bci utrzymania w czysto\u015bci, stanowi praktyczne rozwi\u0105zanie dla os\u00f3b pragn\u0105cych poprawi\u0107 jako\u015b\u0107 swojego snu. Dost\u0119pny w r\u00f3\u017cnych rozmiarach, nasz topper mo\u017ce by\u0107 dostosowany do Twoich indywidualnych preferencji i potrzeb. Pokrowiec zdejmowany jest \u0142atwy w czyszczeniu, co u\u0142atwia utrzymanie higieny i \u015bwie\u017co\u015bci snu.<\/p>\n","protected":false},"featured_media":12227,"template":"","meta":[],"product_brand":[],"product_cat":[110],"product_tag":[],"class_list":{"0":"post-12224","1":"product","2":"type-product","3":"status-publish","4":"has-post-thumbnail","6":"product_cat-toppery","8":"first","9":"instock","10":"shipping-taxable","11":"purchasable","12":"product-type-simple"},"yoast_head":"<!-- This site is optimized with the Yoast SEO plugin v27.3 - https:\/\/yoast.com\/product\/yoast-seo-wordpress\/ -->\n<title>Topper Materac nawierzchniowy - PR MEBLE -tanie i dobre - polski producent - sklep meblowy<\/title>\n<meta name=\"robots\" content=\"index, follow, max-snippet:-1, max-image-preview:large, max-video-preview:-1\" \/>\n<link rel=\"canonical\" href=\"https:\/\/prmeble.com.pl\/?product=topper-materac-nawierzchniowy\" \/>\n<meta property=\"og:locale\" content=\"pl_PL\" \/>\n<meta property=\"og:type\" content=\"article\" \/>\n<meta property=\"og:title\" content=\"Topper Materac nawierzchniowy - PR MEBLE -tanie i dobre - polski producent - sklep meblowy\" \/>\n<meta property=\"og:description\" content=\"Materac nawierzchniowy Topper o grubo\u015bci 3 cm to funkcjonalny dodatek do ka\u017cdego \u0142\u00f3\u017cka, kt\u00f3ry poprawia komfort snu, wyr\u00f3wnuje powierzchni\u0119 materaca i zapewnia odpowiednie wsparcie dla cia\u0142a. Dzi\u0119ki swoim w\u0142a\u015bciwo\u015bciom wentylacyjnym i \u0142atwo\u015bci utrzymania w czysto\u015bci, stanowi praktyczne rozwi\u0105zanie dla os\u00f3b pragn\u0105cych poprawi\u0107 jako\u015b\u0107 swojego snu. Dost\u0119pny w r\u00f3\u017cnych rozmiarach, nasz topper mo\u017ce by\u0107 dostosowany do Twoich indywidualnych preferencji i potrzeb. Pokrowiec zdejmowany jest \u0142atwy w czyszczeniu, co u\u0142atwia utrzymanie higieny i \u015bwie\u017co\u015bci snu.\" \/>\n<meta property=\"og:url\" content=\"https:\/\/prmeble.com.pl\/?product=topper-materac-nawierzchniowy\" \/>\n<meta property=\"og:site_name\" content=\"PR MEBLE -tanie i dobre - polski producent - sklep meblowy\" \/>\n<meta property=\"article:publisher\" content=\"https:\/\/www.facebook.com\/PR-MEBLE-274934799714260\" \/>\n<meta property=\"og:image\" content=\"https:\/\/prmeble.com.pl\/wp-content\/uploads\/2025\/05\/TOPPER.png\" \/>\n\t<meta property=\"og:image:width\" content=\"1071\" \/>\n\t<meta property=\"og:image:height\" content=\"717\" \/>\n\t<meta property=\"og:image:type\" content=\"image\/png\" \/>\n<meta name=\"twitter:card\" content=\"summary_large_image\" \/>\n<meta name=\"twitter:label1\" content=\"Szacowany czas czytania\" \/>\n\t<meta name=\"twitter:data1\" content=\"1 minuta\" \/>\n<script type=\"application\/ld+json\" class=\"yoast-schema-graph\">{\"@context\":\"https:\\\/\\\/schema.org\",\"@graph\":[{\"@type\":\"WebPage\",\"@id\":\"https:\\\/\\\/prmeble.com.pl\\\/?product=topper-materac-nawierzchniowy\",\"url\":\"https:\\\/\\\/prmeble.com.pl\\\/?product=topper-materac-nawierzchniowy\",\"name\":\"Topper Materac nawierzchniowy - PR MEBLE -tanie i dobre - polski producent - sklep meblowy\",\"isPartOf\":{\"@id\":\"https:\\\/\\\/prmeble.com.pl\\\/#website\"},\"primaryImageOfPage\":{\"@id\":\"https:\\\/\\\/prmeble.com.pl\\\/?product=topper-materac-nawierzchniowy#primaryimage\"},\"image\":{\"@id\":\"https:\\\/\\\/prmeble.com.pl\\\/?product=topper-materac-nawierzchniowy#primaryimage\"},\"thumbnailUrl\":\"https:\\\/\\\/prmeble.com.pl\\\/wp-content\\\/uploads\\\/2025\\\/05\\\/TOPPER.png\",\"datePublished\":\"2025-05-26T11:09:03+00:00\",\"breadcrumb\":{\"@id\":\"https:\\\/\\\/prmeble.com.pl\\\/?product=topper-materac-nawierzchniowy#breadcrumb\"},\"inLanguage\":\"pl-PL\",\"potentialAction\":[{\"@type\":\"ReadAction\",\"target\":[\"https:\\\/\\\/prmeble.com.pl\\\/?product=topper-materac-nawierzchniowy\"]}]},{\"@type\":\"ImageObject\",\"inLanguage\":\"pl-PL\",\"@id\":\"https:\\\/\\\/prmeble.com.pl\\\/?product=topper-materac-nawierzchniowy#primaryimage\",\"url\":\"https:\\\/\\\/prmeble.com.pl\\\/wp-content\\\/uploads\\\/2025\\\/05\\\/TOPPER.png\",\"contentUrl\":\"https:\\\/\\\/prmeble.com.pl\\\/wp-content\\\/uploads\\\/2025\\\/05\\\/TOPPER.png\",\"width\":1071,\"height\":717},{\"@type\":\"BreadcrumbList\",\"@id\":\"https:\\\/\\\/prmeble.com.pl\\\/?product=topper-materac-nawierzchniowy#breadcrumb\",\"itemListElement\":[{\"@type\":\"ListItem\",\"position\":1,\"name\":\"Strona g\u0142\u00f3wna\",\"item\":\"https:\\\/\\\/prmeble.com.pl\\\/\"},{\"@type\":\"ListItem\",\"position\":2,\"name\":\"Produkty\",\"item\":\"https:\\\/\\\/prmeble.com.pl\\\/?page_id=301\"},{\"@type\":\"ListItem\",\"position\":3,\"name\":\"Topper Materac nawierzchniowy\"}]},{\"@type\":\"WebSite\",\"@id\":\"https:\\\/\\\/prmeble.com.pl\\\/#website\",\"url\":\"https:\\\/\\\/prmeble.com.pl\\\/\",\"name\":\"Pr Meble\",\"description\":\"Tworzymy i sprzedajemy meble tapicerowane. W asortymencie mamy bardzo piekne i nowoczesne naro\u017cniki oraz modne kanapy.\",\"publisher\":{\"@id\":\"https:\\\/\\\/prmeble.com.pl\\\/#organization\"},\"potentialAction\":[{\"@type\":\"SearchAction\",\"target\":{\"@type\":\"EntryPoint\",\"urlTemplate\":\"https:\\\/\\\/prmeble.com.pl\\\/?s={search_term_string}\"},\"query-input\":{\"@type\":\"PropertyValueSpecification\",\"valueRequired\":true,\"valueName\":\"search_term_string\"}}],\"inLanguage\":\"pl-PL\"},{\"@type\":\"Organization\",\"@id\":\"https:\\\/\\\/prmeble.com.pl\\\/#organization\",\"name\":\"Prmeble\",\"url\":\"https:\\\/\\\/prmeble.com.pl\\\/\",\"logo\":{\"@type\":\"ImageObject\",\"inLanguage\":\"pl-PL\",\"@id\":\"https:\\\/\\\/prmeble.com.pl\\\/#\\\/schema\\\/logo\\\/image\\\/\",\"url\":\"https:\\\/\\\/prmeble.com.pl\\\/wp-content\\\/uploads\\\/2021\\\/10\\\/logo.jpg\",\"contentUrl\":\"https:\\\/\\\/prmeble.com.pl\\\/wp-content\\\/uploads\\\/2021\\\/10\\\/logo.jpg\",\"width\":550,\"height\":400,\"caption\":\"Prmeble\"},\"image\":{\"@id\":\"https:\\\/\\\/prmeble.com.pl\\\/#\\\/schema\\\/logo\\\/image\\\/\"},\"sameAs\":[\"https:\\\/\\\/www.facebook.com\\\/PR-MEBLE-274934799714260\"]}]}<\/script>\n<!-- \/ Yoast SEO plugin. -->","yoast_head_json":{"title":"Topper Materac nawierzchniowy - PR MEBLE -tanie i dobre - polski producent - sklep meblowy","robots":{"index":"index","follow":"follow","max-snippet":"max-snippet:-1","max-image-preview":"max-image-preview:large","max-video-preview":"max-video-preview:-1"},"canonical":"https:\/\/prmeble.com.pl\/?product=topper-materac-nawierzchniowy","og_locale":"pl_PL","og_type":"article","og_title":"Topper Materac nawierzchniowy - PR MEBLE -tanie i dobre - polski producent - sklep meblowy","og_description":"Materac nawierzchniowy Topper o grubo\u015bci 3 cm to funkcjonalny dodatek do ka\u017cdego \u0142\u00f3\u017cka, kt\u00f3ry poprawia komfort snu, wyr\u00f3wnuje powierzchni\u0119 materaca i zapewnia odpowiednie wsparcie dla cia\u0142a. Dzi\u0119ki swoim w\u0142a\u015bciwo\u015bciom wentylacyjnym i \u0142atwo\u015bci utrzymania w czysto\u015bci, stanowi praktyczne rozwi\u0105zanie dla os\u00f3b pragn\u0105cych poprawi\u0107 jako\u015b\u0107 swojego snu. Dost\u0119pny w r\u00f3\u017cnych rozmiarach, nasz topper mo\u017ce by\u0107 dostosowany do Twoich indywidualnych preferencji i potrzeb. Pokrowiec zdejmowany jest \u0142atwy w czyszczeniu, co u\u0142atwia utrzymanie higieny i \u015bwie\u017co\u015bci snu.","og_url":"https:\/\/prmeble.com.pl\/?product=topper-materac-nawierzchniowy","og_site_name":"PR MEBLE -tanie i dobre - polski producent - sklep meblowy","article_publisher":"https:\/\/www.facebook.com\/PR-MEBLE-274934799714260","og_image":[{"width":1071,"height":717,"url":"https:\/\/prmeble.com.pl\/wp-content\/uploads\/2025\/05\/TOPPER.png","type":"image\/png"}],"twitter_card":"summary_large_image","twitter_misc":{"Szacowany czas czytania":"1 minuta"},"schema":{"@context":"https:\/\/schema.org","@graph":[{"@type":"WebPage","@id":"https:\/\/prmeble.com.pl\/?product=topper-materac-nawierzchniowy","url":"https:\/\/prmeble.com.pl\/?product=topper-materac-nawierzchniowy","name":"Topper Materac nawierzchniowy - PR MEBLE -tanie i dobre - polski producent - sklep meblowy","isPartOf":{"@id":"https:\/\/prmeble.com.pl\/#website"},"primaryImageOfPage":{"@id":"https:\/\/prmeble.com.pl\/?product=topper-materac-nawierzchniowy#primaryimage"},"image":{"@id":"https:\/\/prmeble.com.pl\/?product=topper-materac-nawierzchniowy#primaryimage"},"thumbnailUrl":"https:\/\/prmeble.com.pl\/wp-content\/uploads\/2025\/05\/TOPPER.png","datePublished":"2025-05-26T11:09:03+00:00","breadcrumb":{"@id":"https:\/\/prmeble.com.pl\/?product=topper-materac-nawierzchniowy#breadcrumb"},"inLanguage":"pl-PL","potentialAction":[{"@type":"ReadAction","target":["https:\/\/prmeble.com.pl\/?product=topper-materac-nawierzchniowy"]}]},{"@type":"ImageObject","inLanguage":"pl-PL","@id":"https:\/\/prmeble.com.pl\/?product=topper-materac-nawierzchniowy#primaryimage","url":"https:\/\/prmeble.com.pl\/wp-content\/uploads\/2025\/05\/TOPPER.png","contentUrl":"https:\/\/prmeble.com.pl\/wp-content\/uploads\/2025\/05\/TOPPER.png","width":1071,"height":717},{"@type":"BreadcrumbList","@id":"https:\/\/prmeble.com.pl\/?product=topper-materac-nawierzchniowy#breadcrumb","itemListElement":[{"@type":"ListItem","position":1,"name":"Strona g\u0142\u00f3wna","item":"https:\/\/prmeble.com.pl\/"},{"@type":"ListItem","position":2,"name":"Produkty","item":"https:\/\/prmeble.com.pl\/?page_id=301"},{"@type":"ListItem","position":3,"name":"Topper Materac nawierzchniowy"}]},{"@type":"WebSite","@id":"https:\/\/prmeble.com.pl\/#website","url":"https:\/\/prmeble.com.pl\/","name":"Pr Meble","description":"Tworzymy i sprzedajemy meble tapicerowane. W asortymencie mamy bardzo piekne i nowoczesne naro\u017cniki oraz modne kanapy.","publisher":{"@id":"https:\/\/prmeble.com.pl\/#organization"},"potentialAction":[{"@type":"SearchAction","target":{"@type":"EntryPoint","urlTemplate":"https:\/\/prmeble.com.pl\/?s={search_term_string}"},"query-input":{"@type":"PropertyValueSpecification","valueRequired":true,"valueName":"search_term_string"}}],"inLanguage":"pl-PL"},{"@type":"Organization","@id":"https:\/\/prmeble.com.pl\/#organization","name":"Prmeble","url":"https:\/\/prmeble.com.pl\/","logo":{"@type":"ImageObject","inLanguage":"pl-PL","@id":"https:\/\/prmeble.com.pl\/#\/schema\/logo\/image\/","url":"https:\/\/prmeble.com.pl\/wp-content\/uploads\/2021\/10\/logo.jpg","contentUrl":"https:\/\/prmeble.com.pl\/wp-content\/uploads\/2021\/10\/logo.jpg","width":550,"height":400,"caption":"Prmeble"},"image":{"@id":"https:\/\/prmeble.com.pl\/#\/schema\/logo\/image\/"},"sameAs":["https:\/\/www.facebook.com\/PR-MEBLE-274934799714260"]}]}},"total_sales":"0","_tax_status":"taxable","_tax_class":"","_manage_stock":"no","_backorders":"no","_sold_individually":"no","_virtual":"no","_downloadable":"no","_download_limit":"-1","_download_expiry":"-1","_stock":"","_stock_status":"instock","_wc_average_rating":"0","_wc_review_count":"0","_product_attributes":"","_product_version":"9.8.5","_wpcom_is_markdown":"","_edit_lock":"1749632962:1","_edit_last":"1","_thumbnail_id":"12227","_sku":"","_wp_page_template":"default","_last_editor_used_jetpack":"","_elementor_template_type":"","_elementor_version":"","_elementor_data":"","_yoast_wpseo_estimated-reading-time-minutes":"1","_yoast_wpseo_metadesc":"","_wp_old_slug":"","_yoast_wpseo_primary_product_cat":"110","_oembed_7eca53afccebf1f861dae06bfb2dfa8a":"","_oembed_time_7eca53afccebf1f861dae06bfb2dfa8a":"","_yoast_wpseo_wordproof_timestamp":"","_wc_gla_visibility":"sync-and-show","_wc_gla_synced_at":"1768273219","_wc_gla_sync_status":"synced","_wc_gla_google_ids":{"PL":"online:pl:PL:gla_12224"},"fb_product_group_id":"9847482628704479","_wc_facebook_commerce_enabled":"","_yoast_wpseo_content_score":"30","_yoast_wpseo_focuskw":"","_yoast_wpseo_linkdex":"","_product_image_gallery":"12231,12230,12229,12228","_crosssell_ids":"","shopengine_product_views_count":"631","_yoast_wpseo_primary_fb_product_set":"","xfgmc_google_product_category":"","xfgmc_identifier_exists":"default","xfgmc_adult":"off","xfgmc_condition":"default","_xfgmc_is_bundle":"default","_xfgmc_return_rule_label":"","xfgmc_custom_label_0":"","xfgmc_custom_label_1":"","xfgmc_custom_label_2":"","xfgmc_custom_label_3":"","xfgmc_custom_label_4":"","_price":"145","_eael_post_view_count":"632","_regular_price":"200","_wc_facebook_sync_enabled":"yes","fb_visibility":"yes","fb_product_description":"","_wc_facebook_product_image_source":"product","wpr_secondary_image_id":"0","fb_product_item_id":"","_sale_price":"145","wp_statistics_words_count":"72","fb_rich_text_description":"","fb_product_video":[],"fb_brand":"","fb_mpn":"","_yoast_wpseo_primary_product_brand":"","_xmlsf_image_attached":{"loc":"https:\/\/prmeble.com.pl\/wp-content\/uploads\/2025\/05\/topper4.jpg","title":"topper4","caption":""},"_wc_gla_mc_status":"approved","_elementor_page_assets":[],"shopmagic_source_recipe":"","_wc_gla_errors":"","_weight":"","woo_inpost_shipping_methods_allowed":"","woo_inpost_parcel_dimensions":"","_wc_facebook_google_product_category":"","_yoast_wpseo_title":"","_xfgmc_fb_product_category":"","_xfgmc_tax_category":"","_xfgmc_multipack":"","_xfgmc_shipping_label":"","_xfgmc_unit_pricing_measure":"","_xfgmc_unit_pricing_base_measure":"","_xfgmc_store_code":"","_xfgmc_min_handling_time":"","_xfgmc_max_handling_time":"","_wcpa_product_meta":"","wcpa_exclude_global_forms":"","_upsell_ids":"","_wp_old_date":"","_umb_fruugo_simple_title":"","_umb_fruugo_simple_desc":"","_umb_fruggo_id_type":"","_umb_fruugo_standard_code_val":"","_umb_fruugo_brand":"","_umb_fruugo_vat":"","_umb_fruugo_discount_price":"","_ced_increase_price_fruugo":"","_umb_fruugo_category":"","_ced_fruugo_language_section":"","_ced_fruugo_attributeSize":"","_ced_fruugo_attributeColor":"","_ced_fruugo_currency":"","_ced_fruugo_leadTime":"","_ced_fruugo_packageWeight":"","_ced_fruugo_attribute1":"","_ced_fruugo_attribute2":"","_ced_fruugo_attribute3":"","_ced_fruugo_attribute4":"","_ced_fruugo_attribute5":"","_ced_fruugo_attribute6":"","_ced_fruugo_attribute7":"","_ced_fruugo_attribute8":"","_ced_fruugo_attribute9":"","_ced_fruugo_attribute10":"","_yoast_wpseo_primary_item":"","_wp_trash_meta_status":"","_wp_trash_meta_time":"","_wp_desired_post_slug":"","_links":{"self":[{"href":"https:\/\/prmeble.com.pl\/index.php?rest_route=\/wp\/v2\/product\/12224","targetHints":{"allow":["GET"]}}],"collection":[{"href":"https:\/\/prmeble.com.pl\/index.php?rest_route=\/wp\/v2\/product"}],"about":[{"href":"https:\/\/prmeble.com.pl\/index.php?rest_route=\/wp\/v2\/types\/product"}],"version-history":[{"count":1,"href":"https:\/\/prmeble.com.pl\/index.php?rest_route=\/wp\/v2\/product\/12224\/revisions"}],"predecessor-version":[{"id":12226,"href":"https:\/\/prmeble.com.pl\/index.php?rest_route=\/wp\/v2\/product\/12224\/revisions\/12226"}],"wp:featuredmedia":[{"embeddable":true,"href":"https:\/\/prmeble.com.pl\/index.php?rest_route=\/wp\/v2\/media\/12227"}],"wp:attachment":[{"href":"https:\/\/prmeble.com.pl\/index.php?rest_route=%2Fwp%2Fv2%2Fmedia&parent=12224"}],"wp:term":[{"taxonomy":"product_brand","embeddable":true,"href":"https:\/\/prmeble.com.pl\/index.php?rest_route=%2Fwp%2Fv2%2Fproduct_brand&post=12224"},{"taxonomy":"product_cat","embeddable":true,"href":"https:\/\/prmeble.com.pl\/index.php?rest_route=%2Fwp%2Fv2%2Fproduct_cat&post=12224"},{"taxonomy":"product_tag","embeddable":true,"href":"https:\/\/prmeble.com.pl\/index.php?rest_route=%2Fwp%2Fv2%2Fproduct_tag&post=12224"}],"curies":[{"name":"wp","href":"https:\/\/api.w.org\/{rel}","templated":true}]}}