{"id":11543,"date":"2025-04-24T14:45:03","date_gmt":"2025-04-24T12:45:03","guid":{"rendered":"https:\/\/prmeble.com.pl\/?post_type=product&#038;p=11543"},"modified":"2026-01-15T09:20:00","modified_gmt":"2026-01-15T08:20:00","slug":"sofka-dziecieca-kubus-dostepna-od-reki-w-papugi","status":"publish","type":"product","link":"https:\/\/prmeble.com.pl\/?product=sofka-dziecieca-kubus-dostepna-od-reki-w-papugi","title":{"rendered":"Sofka dzieci\u0119ca kubu\u015b dost\u0119pna od r\u0119ki w papugi"},"content":{"rendered":"<p><strong>Sofka dzieci\u0119ca kubu\u015b dost\u0119pna od r\u0119ki w papugi<\/strong><\/p>\n<p><strong>Zdj\u0119cie przedstawia jak wygl\u0105da mebel, tkanina oraz kolor jej przedstawiony jest na zdj\u0119ciu z pr\u00f3bnika!!!<\/strong><\/p>\n<p>&nbsp;<\/p>\n<div>\n<div class=\"mpof_ki myre_zn myre_8v_l _0d3bd_YrWCD\">\n<div class=\"mp4t_16_s mryx_16_s mr3m_1 mli2_1 mh85_56 mh85_0_l\">\n<div class=\"mgn2_16 _0d3bd_5pK0q\">\n<div class=\"mpof_ki myre_zn myre_8v_l _0d3bd_YrWCD\">\n<div class=\"mp4t_16_s mryx_16_s mr3m_1 mli2_1 mh85_56 mh85_0_l\">\n<h2>Wymiary:<\/h2>\n<ul>\n<li>70\u00d7100 cm<\/li>\n<li>po roz\u0142o\u017ceniu 175x70cm<\/li>\n<\/ul>\n<\/div>\n<\/div>\n<\/div>\n<\/div>\n<\/div>\n<div class=\"mpof_ki myre_zn myre_8v_l _0d3bd_YrWCD\">\n<div class=\"mp4t_16_s mryx_16_s mr3m_1 mli2_1 mh85_56 mh85_0_l\">\n<h2>Cechy:<\/h2>\n<ul>\n<li>Funkcja spania,<\/li>\n<li>Pojemnik na po\u015bciel,<\/li>\n<li>Solidna i trwa\u0142a konstrukcja<\/li>\n<li>Wysokoelastyczna pianka<\/li>\n<li>Poduszki w zestawie z meblem<\/li>\n<li>Eleganckie n\u00f3\u017cki<\/li>\n<li>Nowoczesna forma<\/li>\n<li>Tkanina do wyboru<\/li>\n<\/ul>\n<div><\/div>\n<div><\/div>\n<\/div>\n<\/div>\n<p>DODATKOWE INFORMACJE:<\/p>\n<ul>\n<li>meble s\u0105 fabrycznie nowe, zapakowane w oryginalne opakowanie<\/li>\n<li>meble dostarczamy\u00a0 w paczkach, do samodzielnego monta\u017cu<\/li>\n<li>w zestawie za\u0142\u0105czona instrukcja monta\u017cu i wszystkie niezb\u0119dne elementy<\/li>\n<\/ul>\n<\/div>\n<div><span style=\"font-family: Barlow;\">\u00a0<\/span><\/div>\n<div><span style=\"font-family: Barlow;\">\u00a0<\/span><\/div>\n<div>\n<table>\n<tbody>\n<tr>\n<td>Uwaga, poni\u017csze zdj\u0119cia produkt\u00f3w s\u0105 pogl\u0105dowe i niekoniecznie musz\u0105 przedstawia\u0107 oferowany kolor tkaniny. Prosimy o dok\u0142adne zapoznanie si\u0119 z opisem i oferowanym kolorem. \u0141\u00f3\u017cko dost\u0119pne od r\u0119ki!<\/td>\n<\/tr>\n<\/tbody>\n<\/table>\n<\/div>\n","protected":false},"excerpt":{"rendered":"<p>Sofka dzieci\u0119ca kubu\u015b dost\u0119pna od r\u0119ki w papugi Zdj\u0119cie przedstawia jak wygl\u0105da mebel, tkanina oraz kolor jej przedstawiony jest na zdj\u0119ciu z pr\u00f3bnika!!! &nbsp; Wymiary: 70\u00d7100 cm po roz\u0142o\u017ceniu 175x70cm Cechy: Funkcja spania, Pojemnik na po\u015bciel, Solidna i trwa\u0142a konstrukcja Wysokoelastyczna pianka Poduszki w zestawie z meblem Eleganckie n\u00f3\u017cki Nowoczesna forma Tkanina do wyboru DODATKOWE INFORMACJE: meble s\u0105 fabrycznie nowe, zapakowane w oryginalne opakowanie meble dostarczamy\u00a0 w paczkach, do samodzielnego monta\u017cu w zestawie za\u0142\u0105czona instrukcja monta\u017cu i wszystkie niezb\u0119dne elementy \u00a0 \u00a0 Uwaga, poni\u017csze zdj\u0119cia produkt\u00f3w s\u0105 pogl\u0105dowe i niekoniecznie musz\u0105 przedstawia\u0107 oferowany kolor tkaniny. Prosimy o dok\u0142adne zapoznanie si\u0119 z opisem i oferowanym kolorem. \u0141\u00f3\u017cko dost\u0119pne od r\u0119ki!<\/p>\n","protected":false},"featured_media":14068,"template":"","meta":[],"product_brand":[],"product_cat":[71],"product_tag":[],"class_list":{"0":"post-11543","1":"product","2":"type-product","3":"status-publish","4":"has-post-thumbnail","6":"product_cat-dostepne-od-reki","8":"first","9":"instock","10":"shipping-taxable","11":"purchasable","12":"product-type-variable","13":"rtwpvs-product"},"yoast_head":"<!-- This site is optimized with the Yoast SEO plugin v27.3 - https:\/\/yoast.com\/product\/yoast-seo-wordpress\/ -->\n<title>Sofka dzieci\u0119ca kubu\u015b dost\u0119pna od r\u0119ki w papugi - PR MEBLE -tanie i dobre - polski producent - sklep meblowy<\/title>\n<meta name=\"robots\" content=\"index, follow, max-snippet:-1, max-image-preview:large, max-video-preview:-1\" \/>\n<link rel=\"canonical\" href=\"https:\/\/prmeble.com.pl\/?product=sofka-dziecieca-kubus-dostepna-od-reki-w-papugi\" \/>\n<meta property=\"og:locale\" content=\"pl_PL\" \/>\n<meta property=\"og:type\" content=\"article\" \/>\n<meta property=\"og:title\" content=\"Sofka dzieci\u0119ca kubu\u015b dost\u0119pna od r\u0119ki w papugi - PR MEBLE -tanie i dobre - polski producent - sklep meblowy\" \/>\n<meta property=\"og:description\" content=\"Sofka dzieci\u0119ca kubu\u015b dost\u0119pna od r\u0119ki w papugi Zdj\u0119cie przedstawia jak wygl\u0105da mebel, tkanina oraz kolor jej przedstawiony jest na zdj\u0119ciu z pr\u00f3bnika!!! &nbsp; Wymiary: 70\u00d7100 cm po roz\u0142o\u017ceniu 175x70cm Cechy: Funkcja spania, Pojemnik na po\u015bciel, Solidna i trwa\u0142a konstrukcja Wysokoelastyczna pianka Poduszki w zestawie z meblem Eleganckie n\u00f3\u017cki Nowoczesna forma Tkanina do wyboru DODATKOWE INFORMACJE: meble s\u0105 fabrycznie nowe, zapakowane w oryginalne opakowanie meble dostarczamy\u00a0 w paczkach, do samodzielnego monta\u017cu w zestawie za\u0142\u0105czona instrukcja monta\u017cu i wszystkie niezb\u0119dne elementy \u00a0 \u00a0 Uwaga, poni\u017csze zdj\u0119cia produkt\u00f3w s\u0105 pogl\u0105dowe i niekoniecznie musz\u0105 przedstawia\u0107 oferowany kolor tkaniny. Prosimy o dok\u0142adne zapoznanie si\u0119 z opisem i oferowanym kolorem. \u0141\u00f3\u017cko dost\u0119pne od r\u0119ki!\" \/>\n<meta property=\"og:url\" content=\"https:\/\/prmeble.com.pl\/?product=sofka-dziecieca-kubus-dostepna-od-reki-w-papugi\" \/>\n<meta property=\"og:site_name\" content=\"PR MEBLE -tanie i dobre - polski producent - sklep meblowy\" \/>\n<meta property=\"article:publisher\" content=\"https:\/\/www.facebook.com\/PR-MEBLE-274934799714260\" \/>\n<meta property=\"article:modified_time\" content=\"2026-01-15T08:20:00+00:00\" \/>\n<meta property=\"og:image\" content=\"https:\/\/prmeble.com.pl\/wp-content\/uploads\/2025\/04\/WhatsApp-Image-2026-01-15-at-08.49.30.jpeg\" \/>\n\t<meta property=\"og:image:width\" content=\"1024\" \/>\n\t<meta property=\"og:image:height\" content=\"747\" \/>\n\t<meta property=\"og:image:type\" content=\"image\/jpeg\" \/>\n<meta name=\"twitter:card\" content=\"summary_large_image\" \/>\n<meta name=\"twitter:label1\" content=\"Szacowany czas czytania\" \/>\n\t<meta name=\"twitter:data1\" content=\"1 minuta\" \/>\n<script type=\"application\/ld+json\" class=\"yoast-schema-graph\">{\"@context\":\"https:\\\/\\\/schema.org\",\"@graph\":[{\"@type\":\"WebPage\",\"@id\":\"https:\\\/\\\/prmeble.com.pl\\\/?product=sofka-dziecieca-kubus-dostepna-od-reki-w-papugi\",\"url\":\"https:\\\/\\\/prmeble.com.pl\\\/?product=sofka-dziecieca-kubus-dostepna-od-reki-w-papugi\",\"name\":\"Sofka dzieci\u0119ca kubu\u015b dost\u0119pna od r\u0119ki w papugi - PR MEBLE -tanie i dobre - polski producent - sklep meblowy\",\"isPartOf\":{\"@id\":\"https:\\\/\\\/prmeble.com.pl\\\/#website\"},\"primaryImageOfPage\":{\"@id\":\"https:\\\/\\\/prmeble.com.pl\\\/?product=sofka-dziecieca-kubus-dostepna-od-reki-w-papugi#primaryimage\"},\"image\":{\"@id\":\"https:\\\/\\\/prmeble.com.pl\\\/?product=sofka-dziecieca-kubus-dostepna-od-reki-w-papugi#primaryimage\"},\"thumbnailUrl\":\"https:\\\/\\\/prmeble.com.pl\\\/wp-content\\\/uploads\\\/2025\\\/04\\\/WhatsApp-Image-2026-01-15-at-08.49.30.jpeg\",\"datePublished\":\"2025-04-24T12:45:03+00:00\",\"dateModified\":\"2026-01-15T08:20:00+00:00\",\"breadcrumb\":{\"@id\":\"https:\\\/\\\/prmeble.com.pl\\\/?product=sofka-dziecieca-kubus-dostepna-od-reki-w-papugi#breadcrumb\"},\"inLanguage\":\"pl-PL\",\"potentialAction\":[{\"@type\":\"ReadAction\",\"target\":[\"https:\\\/\\\/prmeble.com.pl\\\/?product=sofka-dziecieca-kubus-dostepna-od-reki-w-papugi\"]}]},{\"@type\":\"ImageObject\",\"inLanguage\":\"pl-PL\",\"@id\":\"https:\\\/\\\/prmeble.com.pl\\\/?product=sofka-dziecieca-kubus-dostepna-od-reki-w-papugi#primaryimage\",\"url\":\"https:\\\/\\\/prmeble.com.pl\\\/wp-content\\\/uploads\\\/2025\\\/04\\\/WhatsApp-Image-2026-01-15-at-08.49.30.jpeg\",\"contentUrl\":\"https:\\\/\\\/prmeble.com.pl\\\/wp-content\\\/uploads\\\/2025\\\/04\\\/WhatsApp-Image-2026-01-15-at-08.49.30.jpeg\",\"width\":1024,\"height\":747},{\"@type\":\"BreadcrumbList\",\"@id\":\"https:\\\/\\\/prmeble.com.pl\\\/?product=sofka-dziecieca-kubus-dostepna-od-reki-w-papugi#breadcrumb\",\"itemListElement\":[{\"@type\":\"ListItem\",\"position\":1,\"name\":\"Strona g\u0142\u00f3wna\",\"item\":\"https:\\\/\\\/prmeble.com.pl\\\/\"},{\"@type\":\"ListItem\",\"position\":2,\"name\":\"Produkty\",\"item\":\"https:\\\/\\\/prmeble.com.pl\\\/?page_id=301\"},{\"@type\":\"ListItem\",\"position\":3,\"name\":\"Sofka dzieci\u0119ca kubu\u015b dost\u0119pna od r\u0119ki w papugi\"}]},{\"@type\":\"WebSite\",\"@id\":\"https:\\\/\\\/prmeble.com.pl\\\/#website\",\"url\":\"https:\\\/\\\/prmeble.com.pl\\\/\",\"name\":\"Pr Meble\",\"description\":\"Tworzymy i sprzedajemy meble tapicerowane. W asortymencie mamy bardzo piekne i nowoczesne naro\u017cniki oraz modne kanapy.\",\"publisher\":{\"@id\":\"https:\\\/\\\/prmeble.com.pl\\\/#organization\"},\"potentialAction\":[{\"@type\":\"SearchAction\",\"target\":{\"@type\":\"EntryPoint\",\"urlTemplate\":\"https:\\\/\\\/prmeble.com.pl\\\/?s={search_term_string}\"},\"query-input\":{\"@type\":\"PropertyValueSpecification\",\"valueRequired\":true,\"valueName\":\"search_term_string\"}}],\"inLanguage\":\"pl-PL\"},{\"@type\":\"Organization\",\"@id\":\"https:\\\/\\\/prmeble.com.pl\\\/#organization\",\"name\":\"Prmeble\",\"url\":\"https:\\\/\\\/prmeble.com.pl\\\/\",\"logo\":{\"@type\":\"ImageObject\",\"inLanguage\":\"pl-PL\",\"@id\":\"https:\\\/\\\/prmeble.com.pl\\\/#\\\/schema\\\/logo\\\/image\\\/\",\"url\":\"https:\\\/\\\/prmeble.com.pl\\\/wp-content\\\/uploads\\\/2021\\\/10\\\/logo.jpg\",\"contentUrl\":\"https:\\\/\\\/prmeble.com.pl\\\/wp-content\\\/uploads\\\/2021\\\/10\\\/logo.jpg\",\"width\":550,\"height\":400,\"caption\":\"Prmeble\"},\"image\":{\"@id\":\"https:\\\/\\\/prmeble.com.pl\\\/#\\\/schema\\\/logo\\\/image\\\/\"},\"sameAs\":[\"https:\\\/\\\/www.facebook.com\\\/PR-MEBLE-274934799714260\"]}]}<\/script>\n<!-- \/ Yoast SEO plugin. -->","yoast_head_json":{"title":"Sofka dzieci\u0119ca kubu\u015b dost\u0119pna od r\u0119ki w papugi - PR MEBLE -tanie i dobre - polski producent - sklep meblowy","robots":{"index":"index","follow":"follow","max-snippet":"max-snippet:-1","max-image-preview":"max-image-preview:large","max-video-preview":"max-video-preview:-1"},"canonical":"https:\/\/prmeble.com.pl\/?product=sofka-dziecieca-kubus-dostepna-od-reki-w-papugi","og_locale":"pl_PL","og_type":"article","og_title":"Sofka dzieci\u0119ca kubu\u015b dost\u0119pna od r\u0119ki w papugi - PR MEBLE -tanie i dobre - polski producent - sklep meblowy","og_description":"Sofka dzieci\u0119ca kubu\u015b dost\u0119pna od r\u0119ki w papugi Zdj\u0119cie przedstawia jak wygl\u0105da mebel, tkanina oraz kolor jej przedstawiony jest na zdj\u0119ciu z pr\u00f3bnika!!! &nbsp; Wymiary: 70\u00d7100 cm po roz\u0142o\u017ceniu 175x70cm Cechy: Funkcja spania, Pojemnik na po\u015bciel, Solidna i trwa\u0142a konstrukcja Wysokoelastyczna pianka Poduszki w zestawie z meblem Eleganckie n\u00f3\u017cki Nowoczesna forma Tkanina do wyboru DODATKOWE INFORMACJE: meble s\u0105 fabrycznie nowe, zapakowane w oryginalne opakowanie meble dostarczamy\u00a0 w paczkach, do samodzielnego monta\u017cu w zestawie za\u0142\u0105czona instrukcja monta\u017cu i wszystkie niezb\u0119dne elementy \u00a0 \u00a0 Uwaga, poni\u017csze zdj\u0119cia produkt\u00f3w s\u0105 pogl\u0105dowe i niekoniecznie musz\u0105 przedstawia\u0107 oferowany kolor tkaniny. Prosimy o dok\u0142adne zapoznanie si\u0119 z opisem i oferowanym kolorem. \u0141\u00f3\u017cko dost\u0119pne od r\u0119ki!","og_url":"https:\/\/prmeble.com.pl\/?product=sofka-dziecieca-kubus-dostepna-od-reki-w-papugi","og_site_name":"PR MEBLE -tanie i dobre - polski producent - sklep meblowy","article_publisher":"https:\/\/www.facebook.com\/PR-MEBLE-274934799714260","article_modified_time":"2026-01-15T08:20:00+00:00","og_image":[{"width":1024,"height":747,"url":"https:\/\/prmeble.com.pl\/wp-content\/uploads\/2025\/04\/WhatsApp-Image-2026-01-15-at-08.49.30.jpeg","type":"image\/jpeg"}],"twitter_card":"summary_large_image","twitter_misc":{"Szacowany czas czytania":"1 minuta"},"schema":{"@context":"https:\/\/schema.org","@graph":[{"@type":"WebPage","@id":"https:\/\/prmeble.com.pl\/?product=sofka-dziecieca-kubus-dostepna-od-reki-w-papugi","url":"https:\/\/prmeble.com.pl\/?product=sofka-dziecieca-kubus-dostepna-od-reki-w-papugi","name":"Sofka dzieci\u0119ca kubu\u015b dost\u0119pna od r\u0119ki w papugi - PR MEBLE -tanie i dobre - polski producent - sklep meblowy","isPartOf":{"@id":"https:\/\/prmeble.com.pl\/#website"},"primaryImageOfPage":{"@id":"https:\/\/prmeble.com.pl\/?product=sofka-dziecieca-kubus-dostepna-od-reki-w-papugi#primaryimage"},"image":{"@id":"https:\/\/prmeble.com.pl\/?product=sofka-dziecieca-kubus-dostepna-od-reki-w-papugi#primaryimage"},"thumbnailUrl":"https:\/\/prmeble.com.pl\/wp-content\/uploads\/2025\/04\/WhatsApp-Image-2026-01-15-at-08.49.30.jpeg","datePublished":"2025-04-24T12:45:03+00:00","dateModified":"2026-01-15T08:20:00+00:00","breadcrumb":{"@id":"https:\/\/prmeble.com.pl\/?product=sofka-dziecieca-kubus-dostepna-od-reki-w-papugi#breadcrumb"},"inLanguage":"pl-PL","potentialAction":[{"@type":"ReadAction","target":["https:\/\/prmeble.com.pl\/?product=sofka-dziecieca-kubus-dostepna-od-reki-w-papugi"]}]},{"@type":"ImageObject","inLanguage":"pl-PL","@id":"https:\/\/prmeble.com.pl\/?product=sofka-dziecieca-kubus-dostepna-od-reki-w-papugi#primaryimage","url":"https:\/\/prmeble.com.pl\/wp-content\/uploads\/2025\/04\/WhatsApp-Image-2026-01-15-at-08.49.30.jpeg","contentUrl":"https:\/\/prmeble.com.pl\/wp-content\/uploads\/2025\/04\/WhatsApp-Image-2026-01-15-at-08.49.30.jpeg","width":1024,"height":747},{"@type":"BreadcrumbList","@id":"https:\/\/prmeble.com.pl\/?product=sofka-dziecieca-kubus-dostepna-od-reki-w-papugi#breadcrumb","itemListElement":[{"@type":"ListItem","position":1,"name":"Strona g\u0142\u00f3wna","item":"https:\/\/prmeble.com.pl\/"},{"@type":"ListItem","position":2,"name":"Produkty","item":"https:\/\/prmeble.com.pl\/?page_id=301"},{"@type":"ListItem","position":3,"name":"Sofka dzieci\u0119ca kubu\u015b dost\u0119pna od r\u0119ki w papugi"}]},{"@type":"WebSite","@id":"https:\/\/prmeble.com.pl\/#website","url":"https:\/\/prmeble.com.pl\/","name":"Pr Meble","description":"Tworzymy i sprzedajemy meble tapicerowane. W asortymencie mamy bardzo piekne i nowoczesne naro\u017cniki oraz modne kanapy.","publisher":{"@id":"https:\/\/prmeble.com.pl\/#organization"},"potentialAction":[{"@type":"SearchAction","target":{"@type":"EntryPoint","urlTemplate":"https:\/\/prmeble.com.pl\/?s={search_term_string}"},"query-input":{"@type":"PropertyValueSpecification","valueRequired":true,"valueName":"search_term_string"}}],"inLanguage":"pl-PL"},{"@type":"Organization","@id":"https:\/\/prmeble.com.pl\/#organization","name":"Prmeble","url":"https:\/\/prmeble.com.pl\/","logo":{"@type":"ImageObject","inLanguage":"pl-PL","@id":"https:\/\/prmeble.com.pl\/#\/schema\/logo\/image\/","url":"https:\/\/prmeble.com.pl\/wp-content\/uploads\/2021\/10\/logo.jpg","contentUrl":"https:\/\/prmeble.com.pl\/wp-content\/uploads\/2021\/10\/logo.jpg","width":550,"height":400,"caption":"Prmeble"},"image":{"@id":"https:\/\/prmeble.com.pl\/#\/schema\/logo\/image\/"},"sameAs":["https:\/\/www.facebook.com\/PR-MEBLE-274934799714260"]}]}},"total_sales":"1","_tax_status":"taxable","_tax_class":"","_manage_stock":"yes","_backorders":"no","_sold_individually":"no","_virtual":"no","_downloadable":"no","_download_limit":"-1","_download_expiry":"-1","_stock":"1","_stock_status":"instock","_wc_average_rating":"0","_wc_review_count":"0","_product_attributes":{"strona":{"name":"Strona:","value":"Prawa | Lewa","position":0,"is_visible":0,"is_variation":1,"is_taxonomy":0}},"_product_version":"10.4.3","_wpcom_is_markdown":"","_edit_lock":"1768465231:1","_edit_last":"1","_thumbnail_id":"14068","_sku":"","_wp_page_template":"default","_last_editor_used_jetpack":"","_elementor_template_type":"","_elementor_version":"","_elementor_data":"","_yoast_wpseo_estimated-reading-time-minutes":"1","_yoast_wpseo_metadesc":"","_wp_old_slug":"","_yoast_wpseo_primary_product_cat":"71","_oembed_7eca53afccebf1f861dae06bfb2dfa8a":"","_oembed_time_7eca53afccebf1f861dae06bfb2dfa8a":"","_yoast_wpseo_wordproof_timestamp":"","_wc_gla_visibility":"sync-and-show","_wc_gla_synced_at":"1768465214","_wc_gla_sync_status":"synced","_wc_gla_google_ids":{"PL":"online:pl:PL:gla_11545"},"fb_product_group_id":"23911349625123892","_wc_facebook_commerce_enabled":"","_yoast_wpseo_content_score":"90","_yoast_wpseo_focuskw":"","_yoast_wpseo_linkdex":"","_product_image_gallery":"11546","_crosssell_ids":"","shopengine_product_views_count":"745","_yoast_wpseo_primary_fb_product_set":"","xfgmc_google_product_category":"","xfgmc_identifier_exists":"default","xfgmc_adult":"off","xfgmc_condition":"default","_xfgmc_is_bundle":"default","_xfgmc_return_rule_label":"","xfgmc_custom_label_0":"","xfgmc_custom_label_1":"","xfgmc_custom_label_2":"","xfgmc_custom_label_3":"","xfgmc_custom_label_4":"","_price":"340","_eael_post_view_count":"750","_regular_price":"","_wc_facebook_sync_enabled":"yes","fb_visibility":"yes","fb_product_description":"","_wc_facebook_product_image_source":"product","wpr_secondary_image_id":"0","fb_product_item_id":"","_sale_price":"","wp_statistics_words_count":"101","fb_rich_text_description":"","fb_product_video":[],"fb_brand":"","fb_mpn":"","_yoast_wpseo_primary_product_brand":"","_xmlsf_image_attached":{"loc":"https:\/\/prmeble.com.pl\/wp-content\/uploads\/2025\/04\/WhatsApp-Image-2026-01-15-at-08.49.30.jpeg","title":"WhatsApp Image 2026-01-15 at 08.49.30","caption":""},"_wc_gla_mc_status":"","_elementor_page_assets":[],"shopmagic_source_recipe":"","_wc_gla_errors":"","_weight":"","woo_inpost_shipping_methods_allowed":"","woo_inpost_parcel_dimensions":"","_wc_facebook_google_product_category":"","_yoast_wpseo_title":"","_xfgmc_fb_product_category":"","_xfgmc_tax_category":"","_xfgmc_multipack":"","_xfgmc_shipping_label":"","_xfgmc_unit_pricing_measure":"","_xfgmc_unit_pricing_base_measure":"","_xfgmc_store_code":"","_xfgmc_min_handling_time":"","_xfgmc_max_handling_time":"","_wcpa_product_meta":"","wcpa_exclude_global_forms":"","_upsell_ids":"","_wp_old_date":"","_umb_fruugo_simple_title":"","_umb_fruugo_simple_desc":"","_umb_fruggo_id_type":"","_umb_fruugo_standard_code_val":"","_umb_fruugo_brand":"","_umb_fruugo_vat":"","_umb_fruugo_discount_price":"","_ced_increase_price_fruugo":"","_umb_fruugo_category":"","_ced_fruugo_language_section":"","_ced_fruugo_attributeSize":"","_ced_fruugo_attributeColor":"","_ced_fruugo_currency":"","_ced_fruugo_leadTime":"","_ced_fruugo_packageWeight":"","_ced_fruugo_attribute1":"","_ced_fruugo_attribute2":"","_ced_fruugo_attribute3":"","_ced_fruugo_attribute4":"","_ced_fruugo_attribute5":"","_ced_fruugo_attribute6":"","_ced_fruugo_attribute7":"","_ced_fruugo_attribute8":"","_ced_fruugo_attribute9":"","_ced_fruugo_attribute10":"","_yoast_wpseo_primary_item":"","_wp_trash_meta_status":"","_wp_trash_meta_time":"","_wp_desired_post_slug":"","_links":{"self":[{"href":"https:\/\/prmeble.com.pl\/index.php?rest_route=\/wp\/v2\/product\/11543","targetHints":{"allow":["GET"]}}],"collection":[{"href":"https:\/\/prmeble.com.pl\/index.php?rest_route=\/wp\/v2\/product"}],"about":[{"href":"https:\/\/prmeble.com.pl\/index.php?rest_route=\/wp\/v2\/types\/product"}],"version-history":[{"count":1,"href":"https:\/\/prmeble.com.pl\/index.php?rest_route=\/wp\/v2\/product\/11543\/revisions"}],"predecessor-version":[{"id":11547,"href":"https:\/\/prmeble.com.pl\/index.php?rest_route=\/wp\/v2\/product\/11543\/revisions\/11547"}],"wp:featuredmedia":[{"embeddable":true,"href":"https:\/\/prmeble.com.pl\/index.php?rest_route=\/wp\/v2\/media\/14068"}],"wp:attachment":[{"href":"https:\/\/prmeble.com.pl\/index.php?rest_route=%2Fwp%2Fv2%2Fmedia&parent=11543"}],"wp:term":[{"taxonomy":"product_brand","embeddable":true,"href":"https:\/\/prmeble.com.pl\/index.php?rest_route=%2Fwp%2Fv2%2Fproduct_brand&post=11543"},{"taxonomy":"product_cat","embeddable":true,"href":"https:\/\/prmeble.com.pl\/index.php?rest_route=%2Fwp%2Fv2%2Fproduct_cat&post=11543"},{"taxonomy":"product_tag","embeddable":true,"href":"https:\/\/prmeble.com.pl\/index.php?rest_route=%2Fwp%2Fv2%2Fproduct_tag&post=11543"}],"curies":[{"name":"wp","href":"https:\/\/api.w.org\/{rel}","templated":true}]}}