{"id":11480,"date":"2025-04-22T09:29:35","date_gmt":"2025-04-22T07:29:35","guid":{"rendered":"https:\/\/prmeble.com.pl\/?post_type=product&#038;p=11480"},"modified":"2026-01-29T12:58:48","modified_gmt":"2026-01-29T11:58:48","slug":"naroznik-porto","status":"publish","type":"product","link":"https:\/\/prmeble.com.pl\/?product=naroznik-porto","title":{"rendered":"Naro\u017cnik Porto"},"content":{"rendered":"<p class=\"\" data-start=\"131\" data-end=\"190\"><strong data-start=\"131\" data-end=\"190\">Naro\u017cnik Porto \u2013 funkcjonalno\u015b\u0107, wygoda i styl w jednym<\/strong><\/p>\n<p class=\"\" data-start=\"192\" data-end=\"463\">Szukasz nowoczesnego i wygodnego naro\u017cnika do salonu? <strong data-start=\"246\" data-end=\"264\">Naro\u017cnik Porto<\/strong> to idealne po\u0142\u0105czenie stylowego designu, wysokiej jako\u015bci wykonania i funkcjonalno\u015bci. Dzi\u0119ki uniwersalnej konstrukcji mo\u017cesz dostosowa\u0107 go do ka\u017cdego wn\u0119trza \u2013 zar\u00f3wno w wersji prawej, jak i lewej.<\/p>\n<h3 class=\"\" data-start=\"465\" data-end=\"500\">\u2705 <strong data-start=\"471\" data-end=\"498\">Wymiary naro\u017cnika Porto<\/strong><\/h3>\n<ul data-start=\"501\" data-end=\"632\">\n<li class=\"\" data-start=\"501\" data-end=\"522\">\n<p class=\"\" data-start=\"503\" data-end=\"522\">Szeroko\u015b\u0107: 245 cm<\/p>\n<\/li>\n<li class=\"\" data-start=\"523\" data-end=\"544\">\n<p class=\"\" data-start=\"525\" data-end=\"544\">G\u0142\u0119boko\u015b\u0107: 150 cm<\/p>\n<\/li>\n<li class=\"\" data-start=\"545\" data-end=\"564\">\n<p class=\"\" data-start=\"547\" data-end=\"564\">Wysoko\u015b\u0107: 90 cm<\/p>\n<\/li>\n<li class=\"\" data-start=\"565\" data-end=\"594\">\n<p class=\"\" data-start=\"567\" data-end=\"594\">Wysoko\u015b\u0107 siedziska: 50 cm<\/p>\n<\/li>\n<li class=\"\" data-start=\"595\" data-end=\"632\">\n<p class=\"\" data-start=\"597\" data-end=\"632\">Powierzchnia spania: 200 \u00d7 135 cm<\/p>\n<\/li>\n<\/ul>\n<h3 class=\"\" data-start=\"634\" data-end=\"684\">\ud83d\udecf <strong data-start=\"641\" data-end=\"682\">Funkcja spania i pojemniki na po\u015bciel<\/strong><\/h3>\n<p class=\"\" data-start=\"685\" data-end=\"952\">Porto posiada <strong data-start=\"699\" data-end=\"727\">du\u017c\u0105 powierzchni\u0119 spania<\/strong>, idealn\u0105 na codzienne u\u017cytkowanie lub okazjonalny nocleg. Zastosowany <strong data-start=\"798\" data-end=\"812\">automat DL<\/strong> umo\u017cliwia szybkie i wygodne rozk\u0142adanie naro\u017cnika. Dodatkowo, <strong data-start=\"875\" data-end=\"903\">dwa pojemniki na po\u015bciel<\/strong> zapewniaj\u0105 praktyczne miejsce do przechowywania.<\/p>\n<h3 class=\"\" data-start=\"954\" data-end=\"990\">\ud83d\udc8e <strong data-start=\"961\" data-end=\"988\">Wysoka jako\u015b\u0107 wykonania<\/strong><\/h3>\n<p class=\"\" data-start=\"991\" data-end=\"1316\">Stela\u017c naro\u017cnika zosta\u0142 wykonany z <strong data-start=\"1026\" data-end=\"1060\">litego drewna i p\u0142yty meblowej<\/strong>, co gwarantuje trwa\u0142o\u015b\u0107 na lata. Komfort siedzenia zapewniaj\u0105 <strong data-start=\"1123\" data-end=\"1142\">spr\u0119\u017cyny bonell<\/strong> oraz <strong data-start=\"1148\" data-end=\"1175\">pianka wysokoelastyczna<\/strong>, kt\u00f3ra idealnie dopasowuje si\u0119 do kszta\u0142tu cia\u0142a. W komplecie znajduj\u0105 si\u0119 <strong data-start=\"1251\" data-end=\"1281\">mi\u0119kkie poduszki z zamkami<\/strong>, kt\u00f3re mo\u017cna \u0142atwo zdj\u0105\u0107 i wypra\u0107.<\/p>\n<h3 class=\"\" data-start=\"1318\" data-end=\"1368\">\ud83c\udfaf <strong data-start=\"1325\" data-end=\"1366\">Najwa\u017cniejsze zalety naro\u017cnika Porto:<\/strong><\/h3>\n<ul data-start=\"1369\" data-end=\"1585\">\n<li class=\"\" data-start=\"1369\" data-end=\"1429\">\n<p class=\"\" data-start=\"1371\" data-end=\"1429\">Uniwersalny \u2013 mo\u017cliwo\u015b\u0107 monta\u017cu na lew\u0105 lub praw\u0105 stron\u0119<\/p>\n<\/li>\n<li class=\"\" data-start=\"1430\" data-end=\"1456\">\n<p class=\"\" data-start=\"1432\" data-end=\"1456\">2 pojemniki na po\u015bciel<\/p>\n<\/li>\n<li class=\"\" data-start=\"1457\" data-end=\"1491\">\n<p class=\"\" data-start=\"1459\" data-end=\"1491\">Automat DL \u2013 \u0142atwe rozk\u0142adanie<\/p>\n<\/li>\n<li class=\"\" data-start=\"1492\" data-end=\"1533\">\n<p class=\"\" data-start=\"1494\" data-end=\"1533\">Wygodne poduszki z mo\u017cliwo\u015bci\u0105 prania<\/p>\n<\/li>\n<li class=\"\" data-start=\"1534\" data-end=\"1585\">\n<p class=\"\" data-start=\"1536\" data-end=\"1585\">Wysokiej jako\u015bci materia\u0142y i staranne wykonanie<\/p>\n<\/li>\n<\/ul>\n<p class=\"\" data-start=\"1587\" data-end=\"1712\"><strong data-start=\"1587\" data-end=\"1605\">Naro\u017cnik Porto<\/strong> to mebel, kt\u00f3ry zachwyca nie tylko wygl\u0105dem, ale te\u017c praktyczno\u015bci\u0105. Idealny wyb\u00f3r do nowoczesnego salonu!<\/p>\n<p><b>DODATKOWE INFORMACJE:<\/b><\/p>\n<ul>\n<li>meble s\u0105 fabrycznie nowe, zapakowane w oryginalne opakowanie<\/li>\n<li>meble dostarczamy\u00a0 w paczkach, do samodzielnego monta\u017cu<\/li>\n<li>w zestawie za\u0142\u0105czona instrukcja monta\u017cu i wszystkie niezb\u0119dne elementy<\/li>\n<\/ul>\n<p>&nbsp;<\/p>\n<p>&nbsp;<\/p>\n<h3>Informacja o Dostawie:<\/h3>\n<p>Dostawa mebli odbywa si\u0119 w godzinach<strong>\u00a06:00 \u2013 23:00.<\/strong><br \/>\nKlient minimum\u00a0<strong>dzie\u0144 wcze\u015bniej otrzymuje wiadomo\u015b\u0107 sms<\/strong>\u00a0z dok\u0142adn\u0105 informacj\u0105 o przewidywanym czasie dostawy.<br \/>\nKierowca r\u00f3wnie\u017c\u00a0<strong>dzwoni<\/strong>\u00a0do klienta godzin\u0119 przed dostaw\u0105.<br \/>\nMeble dostarczane s\u0105 w paczkach do samodzielnego monta\u017cu i s\u0105 one oryginalnie zapakowane przez producenta.<br \/>\n<strong>Ze wzgl\u0119du na zdrowie naszych kierowc\u00f3w, nie maj\u0105 oni obowi\u0105zku ich wniesienia. W przypadku ch\u0119ci skorzystania z takiej us\u0142ugi, nale\u017cy ustali\u0107 szczeg\u00f3\u0142y bezpo\u015brednio z biurem lub w koszyku wybra\u0107 opcj\u0119 wniesienia<\/strong>\u00a0(Nie przy ka\u017cdym meblu jest ona dost\u0119pna).\u00a0<em><strong>Prosz\u0119 mie\u0107 na uwadze, \u017ce jest to us\u0142uga dodatkowo p\u0142atna.<\/strong><\/em><\/p>\n<p>&nbsp;<\/p>\n<h2><strong>Zach\u0119camy do zakupu!<\/strong><\/h2>\n","protected":false},"excerpt":{"rendered":"<p>Naro\u017cnik Porto \u2013 funkcjonalno\u015b\u0107, wygoda i styl w jednym Szukasz nowoczesnego i wygodnego naro\u017cnika do salonu? Naro\u017cnik Porto to idealne po\u0142\u0105czenie stylowego designu, wysokiej jako\u015bci wykonania i funkcjonalno\u015bci. Dzi\u0119ki uniwersalnej konstrukcji mo\u017cesz dostosowa\u0107 go do ka\u017cdego wn\u0119trza \u2013 zar\u00f3wno w wersji prawej, jak i lewej. \u2705 Wymiary naro\u017cnika Porto Szeroko\u015b\u0107: 245 cm G\u0142\u0119boko\u015b\u0107: 150 cm Wysoko\u015b\u0107: 90 cm Wysoko\u015b\u0107 siedziska: 50 cm Powierzchnia spania: 200 \u00d7 135 cm \ud83d\udecf Funkcja spania i pojemniki na po\u015bciel Porto posiada du\u017c\u0105 powierzchni\u0119 spania, idealn\u0105 na codzienne u\u017cytkowanie lub okazjonalny nocleg. Zastosowany automat DL umo\u017cliwia szybkie i wygodne rozk\u0142adanie naro\u017cnika. Dodatkowo, dwa pojemniki na po\u015bciel zapewniaj\u0105 praktyczne miejsce do przechowywania. \ud83d\udc8e Wysoka jako\u015b\u0107 wykonania Stela\u017c naro\u017cnika zosta\u0142 wykonany z litego drewna i p\u0142yty meblowej, co gwarantuje trwa\u0142o\u015b\u0107 na lata. Komfort siedzenia zapewniaj\u0105 spr\u0119\u017cyny bonell oraz pianka wysokoelastyczna, kt\u00f3ra idealnie dopasowuje si\u0119 do kszta\u0142tu cia\u0142a. W komplecie znajduj\u0105 si\u0119 mi\u0119kkie poduszki z zamkami, kt\u00f3re mo\u017cna \u0142atwo zdj\u0105\u0107 i wypra\u0107. \ud83c\udfaf Najwa\u017cniejsze zalety naro\u017cnika Porto: Uniwersalny \u2013 mo\u017cliwo\u015b\u0107 monta\u017cu na lew\u0105 lub praw\u0105 stron\u0119 2 pojemniki na po\u015bciel Automat DL \u2013 \u0142atwe rozk\u0142adanie Wygodne poduszki z mo\u017cliwo\u015bci\u0105 prania Wysokiej jako\u015bci materia\u0142y i staranne wykonanie Naro\u017cnik Porto to mebel, kt\u00f3ry zachwyca nie tylko wygl\u0105dem, ale te\u017c praktyczno\u015bci\u0105. Idealny wyb\u00f3r do nowoczesnego salonu! DODATKOWE INFORMACJE: meble s\u0105 fabrycznie nowe, zapakowane w oryginalne opakowanie meble dostarczamy\u00a0 w paczkach, do samodzielnego monta\u017cu w zestawie za\u0142\u0105czona instrukcja monta\u017cu i wszystkie niezb\u0119dne elementy &nbsp; &nbsp; Informacja o Dostawie: Dostawa mebli odbywa si\u0119 w godzinach\u00a06:00 \u2013 23:00. Klient minimum\u00a0dzie\u0144 wcze\u015bniej otrzymuje wiadomo\u015b\u0107 sms\u00a0z dok\u0142adn\u0105 informacj\u0105 o przewidywanym czasie dostawy. Kierowca r\u00f3wnie\u017c\u00a0dzwoni\u00a0do klienta godzin\u0119 przed dostaw\u0105. Meble dostarczane s\u0105 w paczkach do samodzielnego monta\u017cu i s\u0105 one oryginalnie zapakowane przez producenta. Ze wzgl\u0119du na zdrowie naszych kierowc\u00f3w, nie maj\u0105 oni obowi\u0105zku ich wniesienia. W przypadku ch\u0119ci skorzystania z takiej us\u0142ugi, nale\u017cy ustali\u0107 szczeg\u00f3\u0142y bezpo\u015brednio z biurem lub w koszyku wybra\u0107 opcj\u0119 wniesienia\u00a0(Nie przy ka\u017cdym meblu jest ona dost\u0119pna).\u00a0Prosz\u0119 mie\u0107 na uwadze, \u017ce jest to us\u0142uga dodatkowo p\u0142atna. &nbsp; Zach\u0119camy do zakupu!<\/p>\n","protected":false},"featured_media":12594,"template":"","meta":[],"product_brand":[],"product_cat":[21],"product_tag":[100,90,107,101],"class_list":{"0":"post-11480","1":"product","2":"type-product","3":"status-publish","4":"has-post-thumbnail","6":"product_cat-narozniki","7":"product_tag-l","8":"product_tag-naroznik-z-funkcja-spania","9":"product_tag-skandynawski","10":"product_tag-sredni","12":"first","13":"instock","14":"shipping-taxable","15":"purchasable","16":"product-type-simple"},"yoast_head":"<!-- This site is optimized with the Yoast SEO plugin v27.3 - https:\/\/yoast.com\/product\/yoast-seo-wordpress\/ -->\n<title>Naro\u017cnik Porto - PR MEBLE -tanie i dobre - polski producent - sklep meblowy<\/title>\n<meta name=\"description\" content=\"Naro\u017cnik Porto \u2013 nowoczesny naro\u017cnik z funkcj\u0105 spania, 2 pojemnikami na po\u015bciel i automatem DL. wygodne siedzisko z pianki i spr\u0119\u017cyn bonell.\" \/>\n<meta name=\"robots\" content=\"index, follow, max-snippet:-1, max-image-preview:large, max-video-preview:-1\" \/>\n<link rel=\"canonical\" href=\"https:\/\/prmeble.com.pl\/?product=naroznik-porto\" \/>\n<meta property=\"og:locale\" content=\"pl_PL\" \/>\n<meta property=\"og:type\" content=\"article\" \/>\n<meta property=\"og:title\" content=\"Naro\u017cnik Porto - PR MEBLE -tanie i dobre - polski producent - sklep meblowy\" \/>\n<meta property=\"og:description\" content=\"Naro\u017cnik Porto \u2013 nowoczesny naro\u017cnik z funkcj\u0105 spania, 2 pojemnikami na po\u015bciel i automatem DL. wygodne siedzisko z pianki i spr\u0119\u017cyn bonell.\" \/>\n<meta property=\"og:url\" content=\"https:\/\/prmeble.com.pl\/?product=naroznik-porto\" \/>\n<meta property=\"og:site_name\" content=\"PR MEBLE -tanie i dobre - polski producent - sklep meblowy\" \/>\n<meta property=\"article:publisher\" content=\"https:\/\/www.facebook.com\/PR-MEBLE-274934799714260\" \/>\n<meta property=\"article:modified_time\" content=\"2026-01-29T11:58:48+00:00\" \/>\n<meta property=\"og:image\" content=\"https:\/\/prmeble.com.pl\/wp-content\/uploads\/2025\/04\/ChatGPT-Image-7-lip-2025-15_22_17-1024x683.png\" \/>\n\t<meta property=\"og:image:width\" content=\"1024\" \/>\n\t<meta property=\"og:image:height\" content=\"683\" \/>\n\t<meta property=\"og:image:type\" content=\"image\/png\" \/>\n<meta name=\"twitter:card\" content=\"summary_large_image\" \/>\n<meta name=\"twitter:label1\" content=\"Szacowany czas czytania\" \/>\n\t<meta name=\"twitter:data1\" content=\"3 minuty\" \/>\n<script type=\"application\/ld+json\" class=\"yoast-schema-graph\">{\"@context\":\"https:\\\/\\\/schema.org\",\"@graph\":[{\"@type\":\"WebPage\",\"@id\":\"https:\\\/\\\/prmeble.com.pl\\\/?product=naroznik-porto\",\"url\":\"https:\\\/\\\/prmeble.com.pl\\\/?product=naroznik-porto\",\"name\":\"Naro\u017cnik Porto - PR MEBLE -tanie i dobre - polski producent - sklep meblowy\",\"isPartOf\":{\"@id\":\"https:\\\/\\\/prmeble.com.pl\\\/#website\"},\"primaryImageOfPage\":{\"@id\":\"https:\\\/\\\/prmeble.com.pl\\\/?product=naroznik-porto#primaryimage\"},\"image\":{\"@id\":\"https:\\\/\\\/prmeble.com.pl\\\/?product=naroznik-porto#primaryimage\"},\"thumbnailUrl\":\"https:\\\/\\\/prmeble.com.pl\\\/wp-content\\\/uploads\\\/2025\\\/04\\\/ChatGPT-Image-7-lip-2025-15_22_17.png\",\"datePublished\":\"2025-04-22T07:29:35+00:00\",\"dateModified\":\"2026-01-29T11:58:48+00:00\",\"description\":\"Naro\u017cnik Porto \u2013 nowoczesny naro\u017cnik z funkcj\u0105 spania, 2 pojemnikami na po\u015bciel i automatem DL. wygodne siedzisko z pianki i spr\u0119\u017cyn bonell.\",\"breadcrumb\":{\"@id\":\"https:\\\/\\\/prmeble.com.pl\\\/?product=naroznik-porto#breadcrumb\"},\"inLanguage\":\"pl-PL\",\"potentialAction\":[{\"@type\":\"ReadAction\",\"target\":[\"https:\\\/\\\/prmeble.com.pl\\\/?product=naroznik-porto\"]}]},{\"@type\":\"ImageObject\",\"inLanguage\":\"pl-PL\",\"@id\":\"https:\\\/\\\/prmeble.com.pl\\\/?product=naroznik-porto#primaryimage\",\"url\":\"https:\\\/\\\/prmeble.com.pl\\\/wp-content\\\/uploads\\\/2025\\\/04\\\/ChatGPT-Image-7-lip-2025-15_22_17.png\",\"contentUrl\":\"https:\\\/\\\/prmeble.com.pl\\\/wp-content\\\/uploads\\\/2025\\\/04\\\/ChatGPT-Image-7-lip-2025-15_22_17.png\",\"width\":1536,\"height\":1024},{\"@type\":\"BreadcrumbList\",\"@id\":\"https:\\\/\\\/prmeble.com.pl\\\/?product=naroznik-porto#breadcrumb\",\"itemListElement\":[{\"@type\":\"ListItem\",\"position\":1,\"name\":\"Strona g\u0142\u00f3wna\",\"item\":\"https:\\\/\\\/prmeble.com.pl\\\/\"},{\"@type\":\"ListItem\",\"position\":2,\"name\":\"Produkty\",\"item\":\"https:\\\/\\\/prmeble.com.pl\\\/?page_id=301\"},{\"@type\":\"ListItem\",\"position\":3,\"name\":\"Naro\u017cnik Porto\"}]},{\"@type\":\"WebSite\",\"@id\":\"https:\\\/\\\/prmeble.com.pl\\\/#website\",\"url\":\"https:\\\/\\\/prmeble.com.pl\\\/\",\"name\":\"Pr Meble\",\"description\":\"Tworzymy i sprzedajemy meble tapicerowane. W asortymencie mamy bardzo piekne i nowoczesne naro\u017cniki oraz modne kanapy.\",\"publisher\":{\"@id\":\"https:\\\/\\\/prmeble.com.pl\\\/#organization\"},\"potentialAction\":[{\"@type\":\"SearchAction\",\"target\":{\"@type\":\"EntryPoint\",\"urlTemplate\":\"https:\\\/\\\/prmeble.com.pl\\\/?s={search_term_string}\"},\"query-input\":{\"@type\":\"PropertyValueSpecification\",\"valueRequired\":true,\"valueName\":\"search_term_string\"}}],\"inLanguage\":\"pl-PL\"},{\"@type\":\"Organization\",\"@id\":\"https:\\\/\\\/prmeble.com.pl\\\/#organization\",\"name\":\"Prmeble\",\"url\":\"https:\\\/\\\/prmeble.com.pl\\\/\",\"logo\":{\"@type\":\"ImageObject\",\"inLanguage\":\"pl-PL\",\"@id\":\"https:\\\/\\\/prmeble.com.pl\\\/#\\\/schema\\\/logo\\\/image\\\/\",\"url\":\"https:\\\/\\\/prmeble.com.pl\\\/wp-content\\\/uploads\\\/2021\\\/10\\\/logo.jpg\",\"contentUrl\":\"https:\\\/\\\/prmeble.com.pl\\\/wp-content\\\/uploads\\\/2021\\\/10\\\/logo.jpg\",\"width\":550,\"height\":400,\"caption\":\"Prmeble\"},\"image\":{\"@id\":\"https:\\\/\\\/prmeble.com.pl\\\/#\\\/schema\\\/logo\\\/image\\\/\"},\"sameAs\":[\"https:\\\/\\\/www.facebook.com\\\/PR-MEBLE-274934799714260\"]}]}<\/script>\n<!-- \/ Yoast SEO plugin. -->","yoast_head_json":{"title":"Naro\u017cnik Porto - PR MEBLE -tanie i dobre - polski producent - sklep meblowy","description":"Naro\u017cnik Porto \u2013 nowoczesny naro\u017cnik z funkcj\u0105 spania, 2 pojemnikami na po\u015bciel i automatem DL. wygodne siedzisko z pianki i spr\u0119\u017cyn bonell.","robots":{"index":"index","follow":"follow","max-snippet":"max-snippet:-1","max-image-preview":"max-image-preview:large","max-video-preview":"max-video-preview:-1"},"canonical":"https:\/\/prmeble.com.pl\/?product=naroznik-porto","og_locale":"pl_PL","og_type":"article","og_title":"Naro\u017cnik Porto - PR MEBLE -tanie i dobre - polski producent - sklep meblowy","og_description":"Naro\u017cnik Porto \u2013 nowoczesny naro\u017cnik z funkcj\u0105 spania, 2 pojemnikami na po\u015bciel i automatem DL. wygodne siedzisko z pianki i spr\u0119\u017cyn bonell.","og_url":"https:\/\/prmeble.com.pl\/?product=naroznik-porto","og_site_name":"PR MEBLE -tanie i dobre - polski producent - sklep meblowy","article_publisher":"https:\/\/www.facebook.com\/PR-MEBLE-274934799714260","article_modified_time":"2026-01-29T11:58:48+00:00","og_image":[{"width":1024,"height":683,"url":"https:\/\/prmeble.com.pl\/wp-content\/uploads\/2025\/04\/ChatGPT-Image-7-lip-2025-15_22_17-1024x683.png","type":"image\/png"}],"twitter_card":"summary_large_image","twitter_misc":{"Szacowany czas czytania":"3 minuty"},"schema":{"@context":"https:\/\/schema.org","@graph":[{"@type":"WebPage","@id":"https:\/\/prmeble.com.pl\/?product=naroznik-porto","url":"https:\/\/prmeble.com.pl\/?product=naroznik-porto","name":"Naro\u017cnik Porto - PR MEBLE -tanie i dobre - polski producent - sklep meblowy","isPartOf":{"@id":"https:\/\/prmeble.com.pl\/#website"},"primaryImageOfPage":{"@id":"https:\/\/prmeble.com.pl\/?product=naroznik-porto#primaryimage"},"image":{"@id":"https:\/\/prmeble.com.pl\/?product=naroznik-porto#primaryimage"},"thumbnailUrl":"https:\/\/prmeble.com.pl\/wp-content\/uploads\/2025\/04\/ChatGPT-Image-7-lip-2025-15_22_17.png","datePublished":"2025-04-22T07:29:35+00:00","dateModified":"2026-01-29T11:58:48+00:00","description":"Naro\u017cnik Porto \u2013 nowoczesny naro\u017cnik z funkcj\u0105 spania, 2 pojemnikami na po\u015bciel i automatem DL. wygodne siedzisko z pianki i spr\u0119\u017cyn bonell.","breadcrumb":{"@id":"https:\/\/prmeble.com.pl\/?product=naroznik-porto#breadcrumb"},"inLanguage":"pl-PL","potentialAction":[{"@type":"ReadAction","target":["https:\/\/prmeble.com.pl\/?product=naroznik-porto"]}]},{"@type":"ImageObject","inLanguage":"pl-PL","@id":"https:\/\/prmeble.com.pl\/?product=naroznik-porto#primaryimage","url":"https:\/\/prmeble.com.pl\/wp-content\/uploads\/2025\/04\/ChatGPT-Image-7-lip-2025-15_22_17.png","contentUrl":"https:\/\/prmeble.com.pl\/wp-content\/uploads\/2025\/04\/ChatGPT-Image-7-lip-2025-15_22_17.png","width":1536,"height":1024},{"@type":"BreadcrumbList","@id":"https:\/\/prmeble.com.pl\/?product=naroznik-porto#breadcrumb","itemListElement":[{"@type":"ListItem","position":1,"name":"Strona g\u0142\u00f3wna","item":"https:\/\/prmeble.com.pl\/"},{"@type":"ListItem","position":2,"name":"Produkty","item":"https:\/\/prmeble.com.pl\/?page_id=301"},{"@type":"ListItem","position":3,"name":"Naro\u017cnik Porto"}]},{"@type":"WebSite","@id":"https:\/\/prmeble.com.pl\/#website","url":"https:\/\/prmeble.com.pl\/","name":"Pr Meble","description":"Tworzymy i sprzedajemy meble tapicerowane. W asortymencie mamy bardzo piekne i nowoczesne naro\u017cniki oraz modne kanapy.","publisher":{"@id":"https:\/\/prmeble.com.pl\/#organization"},"potentialAction":[{"@type":"SearchAction","target":{"@type":"EntryPoint","urlTemplate":"https:\/\/prmeble.com.pl\/?s={search_term_string}"},"query-input":{"@type":"PropertyValueSpecification","valueRequired":true,"valueName":"search_term_string"}}],"inLanguage":"pl-PL"},{"@type":"Organization","@id":"https:\/\/prmeble.com.pl\/#organization","name":"Prmeble","url":"https:\/\/prmeble.com.pl\/","logo":{"@type":"ImageObject","inLanguage":"pl-PL","@id":"https:\/\/prmeble.com.pl\/#\/schema\/logo\/image\/","url":"https:\/\/prmeble.com.pl\/wp-content\/uploads\/2021\/10\/logo.jpg","contentUrl":"https:\/\/prmeble.com.pl\/wp-content\/uploads\/2021\/10\/logo.jpg","width":550,"height":400,"caption":"Prmeble"},"image":{"@id":"https:\/\/prmeble.com.pl\/#\/schema\/logo\/image\/"},"sameAs":["https:\/\/www.facebook.com\/PR-MEBLE-274934799714260"]}]}},"total_sales":"4","_tax_status":"taxable","_tax_class":"","_manage_stock":"no","_backorders":"no","_sold_individually":"no","_virtual":"no","_downloadable":"no","_download_limit":"-1","_download_expiry":"-1","_stock":"","_stock_status":"instock","_wc_average_rating":"0","_wc_review_count":"0","_product_attributes":"","_product_version":"10.4.3","_wpcom_is_markdown":"","_edit_lock":"1751896022:1","_edit_last":"1","_thumbnail_id":"12594","_sku":"","_wp_page_template":"default","_last_editor_used_jetpack":"","_elementor_template_type":"","_elementor_version":"","_elementor_data":"","_yoast_wpseo_estimated-reading-time-minutes":"3","_yoast_wpseo_metadesc":"Naro\u017cnik Porto \u2013 nowoczesny naro\u017cnik z funkcj\u0105 spania, 2 pojemnikami na po\u015bciel i automatem DL. wygodne siedzisko z pianki i spr\u0119\u017cyn bonell.","_wp_old_slug":"","_yoast_wpseo_primary_product_cat":"21","_oembed_7eca53afccebf1f861dae06bfb2dfa8a":"","_oembed_time_7eca53afccebf1f861dae06bfb2dfa8a":"","_yoast_wpseo_wordproof_timestamp":"","_wc_gla_visibility":"sync-and-show","_wc_gla_synced_at":"1767409239","_wc_gla_sync_status":"pending","_wc_gla_google_ids":{"PL":"online:pl:PL:gla_11480"},"fb_product_group_id":"29156285244015710","_wc_facebook_commerce_enabled":"","_yoast_wpseo_content_score":"60","_yoast_wpseo_focuskw":"Naro\u017cnik Porto","_yoast_wpseo_linkdex":"77","_product_image_gallery":"11482,11483,11484","_crosssell_ids":"","shopengine_product_views_count":"2886","_yoast_wpseo_primary_fb_product_set":"","xfgmc_google_product_category":"","xfgmc_identifier_exists":"default","xfgmc_adult":"off","xfgmc_condition":"default","_xfgmc_is_bundle":"default","_xfgmc_return_rule_label":"","xfgmc_custom_label_0":"","xfgmc_custom_label_1":"","xfgmc_custom_label_2":"","xfgmc_custom_label_3":"","xfgmc_custom_label_4":"","_price":"1679","_eael_post_view_count":"2909","_regular_price":"1879","_wc_facebook_sync_enabled":"yes","fb_visibility":"yes","fb_product_description":"","_wc_facebook_product_image_source":"product","wpr_secondary_image_id":"0","fb_product_item_id":"29156285780682323","_sale_price":"1679","wp_statistics_words_count":"308","fb_rich_text_description":"","fb_product_video":[],"fb_brand":"","fb_mpn":"","_yoast_wpseo_primary_product_brand":"","_xmlsf_image_attached":{"loc":"https:\/\/prmeble.com.pl\/wp-content\/uploads\/2025\/04\/ChatGPT-Image-7-lip-2025-15_22_17.png","title":"ChatGPT Image 7 lip 2025, 15_22_17","caption":""},"_wc_gla_mc_status":"approved","_elementor_page_assets":[],"shopmagic_source_recipe":"","_wc_gla_errors":"","_weight":"","woo_inpost_shipping_methods_allowed":"","woo_inpost_parcel_dimensions":"","_wc_facebook_google_product_category":"","_yoast_wpseo_title":"","_xfgmc_fb_product_category":"","_xfgmc_tax_category":"","_xfgmc_multipack":"","_xfgmc_shipping_label":"","_xfgmc_unit_pricing_measure":"","_xfgmc_unit_pricing_base_measure":"","_xfgmc_store_code":"","_xfgmc_min_handling_time":"","_xfgmc_max_handling_time":"","_wcpa_product_meta":"","wcpa_exclude_global_forms":"","_upsell_ids":"","_wp_old_date":"","_umb_fruugo_simple_title":"","_umb_fruugo_simple_desc":"","_umb_fruggo_id_type":"","_umb_fruugo_standard_code_val":"","_umb_fruugo_brand":"","_umb_fruugo_vat":"","_umb_fruugo_discount_price":"","_ced_increase_price_fruugo":"","_umb_fruugo_category":"","_ced_fruugo_language_section":"","_ced_fruugo_attributeSize":"","_ced_fruugo_attributeColor":"","_ced_fruugo_currency":"","_ced_fruugo_leadTime":"","_ced_fruugo_packageWeight":"","_ced_fruugo_attribute1":"","_ced_fruugo_attribute2":"","_ced_fruugo_attribute3":"","_ced_fruugo_attribute4":"","_ced_fruugo_attribute5":"","_ced_fruugo_attribute6":"","_ced_fruugo_attribute7":"","_ced_fruugo_attribute8":"","_ced_fruugo_attribute9":"","_ced_fruugo_attribute10":"","_yoast_wpseo_primary_item":"","_wp_trash_meta_status":"","_wp_trash_meta_time":"","_wp_desired_post_slug":"","_links":{"self":[{"href":"https:\/\/prmeble.com.pl\/index.php?rest_route=\/wp\/v2\/product\/11480","targetHints":{"allow":["GET"]}}],"collection":[{"href":"https:\/\/prmeble.com.pl\/index.php?rest_route=\/wp\/v2\/product"}],"about":[{"href":"https:\/\/prmeble.com.pl\/index.php?rest_route=\/wp\/v2\/types\/product"}],"version-history":[{"count":2,"href":"https:\/\/prmeble.com.pl\/index.php?rest_route=\/wp\/v2\/product\/11480\/revisions"}],"predecessor-version":[{"id":11486,"href":"https:\/\/prmeble.com.pl\/index.php?rest_route=\/wp\/v2\/product\/11480\/revisions\/11486"}],"wp:featuredmedia":[{"embeddable":true,"href":"https:\/\/prmeble.com.pl\/index.php?rest_route=\/wp\/v2\/media\/12594"}],"wp:attachment":[{"href":"https:\/\/prmeble.com.pl\/index.php?rest_route=%2Fwp%2Fv2%2Fmedia&parent=11480"}],"wp:term":[{"taxonomy":"product_brand","embeddable":true,"href":"https:\/\/prmeble.com.pl\/index.php?rest_route=%2Fwp%2Fv2%2Fproduct_brand&post=11480"},{"taxonomy":"product_cat","embeddable":true,"href":"https:\/\/prmeble.com.pl\/index.php?rest_route=%2Fwp%2Fv2%2Fproduct_cat&post=11480"},{"taxonomy":"product_tag","embeddable":true,"href":"https:\/\/prmeble.com.pl\/index.php?rest_route=%2Fwp%2Fv2%2Fproduct_tag&post=11480"}],"curies":[{"name":"wp","href":"https:\/\/api.w.org\/{rel}","templated":true}]}}