{"id":11072,"date":"2025-03-05T09:49:34","date_gmt":"2025-03-05T08:49:34","guid":{"rendered":"https:\/\/prmeble.com.pl\/?post_type=product&#038;p=11072"},"modified":"2025-03-05T09:50:18","modified_gmt":"2025-03-05T08:50:18","slug":"krzeslo-bankietowe-herman-niebieskie","status":"publish","type":"product","link":"https:\/\/prmeble.com.pl\/?product=krzeslo-bankietowe-herman-niebieskie","title":{"rendered":"Krzes\u0142o bankietowe HERMAN niebieskie"},"content":{"rendered":"<p><strong>Krzes\u0142o bankietowe HERMAN<\/strong> dost\u0119pne jest w czterech kolorach tapicerki &#8211; czarnym, czerwonym, granatowym i br\u0105zowym. To model oparty na mocnej, stalowej ramie o wymiarach 19x19mm i grubo\u015bci \u015bcianki 1,0mm. Rama krzes\u0142a HERMAN malowana jest proszkowo i jest m\u0142otkowana, co zabezpiecza j\u0105 przed zarysowaniami i odpryskami koloru. Siedzisko <strong>krzese\u0142 bankietowych HERMAN<\/strong> zosta\u0142o wykonane z nieosiadaj\u0105cej g\u0105bki, kt\u00f3ra gwarantuje zachowanie kszta\u0142tu siedziska oraz wygod\u0119 nawet podczas d\u0142ugich bankiet\u00f3w czy spotka\u0144. Oferowane przez nas krzes\u0142a bankietowe s\u0105 przeznaczone do u\u017cytku prywatnego oraz komercyjnego, dlatego te\u017c poni\u017cszy model wyposa\u017cony zosta\u0142 w specjalne odbojniki zabezpieczaj\u0105ce ram\u0119 podczas sztaplowania oraz praktyczny uchwyt w oparciu u\u0142atwiaj\u0105cy przenoszenie. Nogi krzese\u0142 bankietowych HERMAN zosta\u0142y wyposa\u017cone w specjalne stopki zabezpieczaj\u0105ce pod\u0142o\u017ce przed zarysowaniem.<\/p>\n<p><strong>Rama krzes\u0142a:<\/strong><\/p>\n<ul>\n<li>mocna stalowa rama 19x19mm o grubo\u015bci \u015bcianki 1.0mm gwarantuje bezpiecze\u0144stwo u\u017cytkowania<\/li>\n<li>malowanie proszkowe, m\u0142otkowane zabezpiecza krzes\u0142o przed zarysowaniem i odpryskiem koloru.<\/li>\n<\/ul>\n<p><strong>Siedzisko krzes\u0142a:<\/strong><\/p>\n<ul>\n<li>wysoko\u015b\u0107 5,5cm gwarantuje wygod\u0119 podczas u\u017cytkowania<\/li>\n<li>siedzisko wykonane jest z nieosiadaj\u0105cej g\u0105bki<\/li>\n<\/ul>\n<h6><\/h6>\n<p><strong>Funkcjonalno\u015b\u0107:<\/strong><\/p>\n<ul>\n<li>sztaplowanie do 19 sztuk umo\u017cliwia zaoszcz\u0119dzenie miejsca.<\/li>\n<li>wytrzyma\u0142o\u015b\u0107 krzes\u0142a HERMAN to obci\u0105\u017cenie do 200kg<\/li>\n<li>praktyczny uchwyt u\u0142atwia trzymanie i przesuwanie krzes\u0142a<\/li>\n<\/ul>\n<h6><\/h6>\n<p><strong>Dodatkowo:<\/strong><\/p>\n<ul>\n<li>2 lata gwarancji<\/li>\n<\/ul>\n<p>Kolory produkt\u00f3w na zdj\u0119ciach, z powodu r\u00f3\u017cnic wynikaj\u0105cych w w\u0142a\u015bciwo\u015bci monitor\u00f3w i innych urz\u0105dze\u0144, mog\u0105 nieznacznie odbiega\u0107 od rzeczywisto\u015bci.<\/p>\n","protected":false},"excerpt":{"rendered":"<p>Krzes\u0142o bankietowe HERMAN dost\u0119pne jest w czterech kolorach tapicerki &#8211; czarnym, czerwonym, granatowym i br\u0105zowym. To model oparty na mocnej, stalowej ramie o wymiarach 19x19mm i grubo\u015bci \u015bcianki 1,0mm. Rama krzes\u0142a HERMAN malowana jest proszkowo i jest m\u0142otkowana, co zabezpiecza j\u0105 przed zarysowaniami i odpryskami koloru. Siedzisko krzese\u0142 bankietowych HERMAN zosta\u0142o wykonane z nieosiadaj\u0105cej g\u0105bki, kt\u00f3ra gwarantuje zachowanie kszta\u0142tu siedziska oraz wygod\u0119 nawet podczas d\u0142ugich bankiet\u00f3w czy spotka\u0144. Oferowane przez nas krzes\u0142a bankietowe s\u0105 przeznaczone do u\u017cytku prywatnego oraz komercyjnego, dlatego te\u017c poni\u017cszy model wyposa\u017cony zosta\u0142 w specjalne odbojniki zabezpieczaj\u0105ce ram\u0119 podczas sztaplowania oraz praktyczny uchwyt w oparciu u\u0142atwiaj\u0105cy przenoszenie. Nogi krzese\u0142 bankietowych HERMAN zosta\u0142y wyposa\u017cone w specjalne stopki zabezpieczaj\u0105ce pod\u0142o\u017ce przed zarysowaniem. Rama krzes\u0142a: mocna stalowa rama 19x19mm o grubo\u015bci \u015bcianki 1.0mm gwarantuje bezpiecze\u0144stwo u\u017cytkowania malowanie proszkowe, m\u0142otkowane zabezpiecza krzes\u0142o przed zarysowaniem i odpryskiem koloru. Siedzisko krzes\u0142a: wysoko\u015b\u0107 5,5cm gwarantuje wygod\u0119 podczas u\u017cytkowania siedzisko wykonane jest z nieosiadaj\u0105cej g\u0105bki Funkcjonalno\u015b\u0107: sztaplowanie do 19 sztuk umo\u017cliwia zaoszcz\u0119dzenie miejsca. wytrzyma\u0142o\u015b\u0107 krzes\u0142a HERMAN to obci\u0105\u017cenie do 200kg praktyczny uchwyt u\u0142atwia trzymanie i przesuwanie krzes\u0142a Dodatkowo: 2 lata gwarancji Kolory produkt\u00f3w na zdj\u0119ciach, z powodu r\u00f3\u017cnic wynikaj\u0105cych w w\u0142a\u015bciwo\u015bci monitor\u00f3w i innych urz\u0105dze\u0144, mog\u0105 nieznacznie odbiega\u0107 od rzeczywisto\u015bci.<\/p>\n","protected":false},"featured_media":11064,"template":"","meta":[],"product_brand":[],"product_cat":[85,86],"product_tag":[],"class_list":{"0":"post-11072","1":"product","2":"type-product","3":"status-publish","4":"has-post-thumbnail","6":"product_cat-krzesla","7":"product_cat-krzesla-bankietowe","8":"product_shipping_class-stoliki-kawowe","10":"first","11":"instock","12":"shipping-taxable","13":"purchasable","14":"product-type-simple"},"yoast_head":"<!-- This site is optimized with the Yoast SEO plugin v27.3 - https:\/\/yoast.com\/product\/yoast-seo-wordpress\/ -->\n<title>Krzes\u0142o bankietowe HERMAN niebieskie - PR MEBLE -tanie i dobre - polski producent - sklep meblowy<\/title>\n<meta name=\"robots\" content=\"index, follow, max-snippet:-1, max-image-preview:large, max-video-preview:-1\" \/>\n<link rel=\"canonical\" href=\"https:\/\/prmeble.com.pl\/?product=krzeslo-bankietowe-herman-niebieskie\" \/>\n<meta property=\"og:locale\" content=\"pl_PL\" \/>\n<meta property=\"og:type\" content=\"article\" \/>\n<meta property=\"og:title\" content=\"Krzes\u0142o bankietowe HERMAN niebieskie - PR MEBLE -tanie i dobre - polski producent - sklep meblowy\" \/>\n<meta property=\"og:description\" content=\"Krzes\u0142o bankietowe HERMAN dost\u0119pne jest w czterech kolorach tapicerki &#8211; czarnym, czerwonym, granatowym i br\u0105zowym. To model oparty na mocnej, stalowej ramie o wymiarach 19x19mm i grubo\u015bci \u015bcianki 1,0mm. Rama krzes\u0142a HERMAN malowana jest proszkowo i jest m\u0142otkowana, co zabezpiecza j\u0105 przed zarysowaniami i odpryskami koloru. Siedzisko krzese\u0142 bankietowych HERMAN zosta\u0142o wykonane z nieosiadaj\u0105cej g\u0105bki, kt\u00f3ra gwarantuje zachowanie kszta\u0142tu siedziska oraz wygod\u0119 nawet podczas d\u0142ugich bankiet\u00f3w czy spotka\u0144. Oferowane przez nas krzes\u0142a bankietowe s\u0105 przeznaczone do u\u017cytku prywatnego oraz komercyjnego, dlatego te\u017c poni\u017cszy model wyposa\u017cony zosta\u0142 w specjalne odbojniki zabezpieczaj\u0105ce ram\u0119 podczas sztaplowania oraz praktyczny uchwyt w oparciu u\u0142atwiaj\u0105cy przenoszenie. Nogi krzese\u0142 bankietowych HERMAN zosta\u0142y wyposa\u017cone w specjalne stopki zabezpieczaj\u0105ce pod\u0142o\u017ce przed zarysowaniem. Rama krzes\u0142a: mocna stalowa rama 19x19mm o grubo\u015bci \u015bcianki 1.0mm gwarantuje bezpiecze\u0144stwo u\u017cytkowania malowanie proszkowe, m\u0142otkowane zabezpiecza krzes\u0142o przed zarysowaniem i odpryskiem koloru. Siedzisko krzes\u0142a: wysoko\u015b\u0107 5,5cm gwarantuje wygod\u0119 podczas u\u017cytkowania siedzisko wykonane jest z nieosiadaj\u0105cej g\u0105bki Funkcjonalno\u015b\u0107: sztaplowanie do 19 sztuk umo\u017cliwia zaoszcz\u0119dzenie miejsca. wytrzyma\u0142o\u015b\u0107 krzes\u0142a HERMAN to obci\u0105\u017cenie do 200kg praktyczny uchwyt u\u0142atwia trzymanie i przesuwanie krzes\u0142a Dodatkowo: 2 lata gwarancji Kolory produkt\u00f3w na zdj\u0119ciach, z powodu r\u00f3\u017cnic wynikaj\u0105cych w w\u0142a\u015bciwo\u015bci monitor\u00f3w i innych urz\u0105dze\u0144, mog\u0105 nieznacznie odbiega\u0107 od rzeczywisto\u015bci.\" \/>\n<meta property=\"og:url\" content=\"https:\/\/prmeble.com.pl\/?product=krzeslo-bankietowe-herman-niebieskie\" \/>\n<meta property=\"og:site_name\" content=\"PR MEBLE -tanie i dobre - polski producent - sklep meblowy\" \/>\n<meta property=\"article:publisher\" content=\"https:\/\/www.facebook.com\/PR-MEBLE-274934799714260\" \/>\n<meta property=\"article:modified_time\" content=\"2025-03-05T08:50:18+00:00\" \/>\n<meta property=\"og:image\" content=\"https:\/\/prmeble.com.pl\/wp-content\/uploads\/2025\/03\/krzeslo-bankietowe-herman-niebieskie.jpg\" \/>\n\t<meta property=\"og:image:width\" content=\"800\" \/>\n\t<meta property=\"og:image:height\" content=\"800\" \/>\n\t<meta property=\"og:image:type\" content=\"image\/jpeg\" \/>\n<meta name=\"twitter:card\" content=\"summary_large_image\" \/>\n<meta name=\"twitter:label1\" content=\"Szacowany czas czytania\" \/>\n\t<meta name=\"twitter:data1\" content=\"2 minuty\" \/>\n<script type=\"application\/ld+json\" class=\"yoast-schema-graph\">{\"@context\":\"https:\\\/\\\/schema.org\",\"@graph\":[{\"@type\":\"WebPage\",\"@id\":\"https:\\\/\\\/prmeble.com.pl\\\/?product=krzeslo-bankietowe-herman-niebieskie\",\"url\":\"https:\\\/\\\/prmeble.com.pl\\\/?product=krzeslo-bankietowe-herman-niebieskie\",\"name\":\"Krzes\u0142o bankietowe HERMAN niebieskie - PR MEBLE -tanie i dobre - polski producent - sklep meblowy\",\"isPartOf\":{\"@id\":\"https:\\\/\\\/prmeble.com.pl\\\/#website\"},\"primaryImageOfPage\":{\"@id\":\"https:\\\/\\\/prmeble.com.pl\\\/?product=krzeslo-bankietowe-herman-niebieskie#primaryimage\"},\"image\":{\"@id\":\"https:\\\/\\\/prmeble.com.pl\\\/?product=krzeslo-bankietowe-herman-niebieskie#primaryimage\"},\"thumbnailUrl\":\"https:\\\/\\\/prmeble.com.pl\\\/wp-content\\\/uploads\\\/2025\\\/03\\\/krzeslo-bankietowe-herman-niebieskie.jpg\",\"datePublished\":\"2025-03-05T08:49:34+00:00\",\"dateModified\":\"2025-03-05T08:50:18+00:00\",\"breadcrumb\":{\"@id\":\"https:\\\/\\\/prmeble.com.pl\\\/?product=krzeslo-bankietowe-herman-niebieskie#breadcrumb\"},\"inLanguage\":\"pl-PL\",\"potentialAction\":[{\"@type\":\"ReadAction\",\"target\":[\"https:\\\/\\\/prmeble.com.pl\\\/?product=krzeslo-bankietowe-herman-niebieskie\"]}]},{\"@type\":\"ImageObject\",\"inLanguage\":\"pl-PL\",\"@id\":\"https:\\\/\\\/prmeble.com.pl\\\/?product=krzeslo-bankietowe-herman-niebieskie#primaryimage\",\"url\":\"https:\\\/\\\/prmeble.com.pl\\\/wp-content\\\/uploads\\\/2025\\\/03\\\/krzeslo-bankietowe-herman-niebieskie.jpg\",\"contentUrl\":\"https:\\\/\\\/prmeble.com.pl\\\/wp-content\\\/uploads\\\/2025\\\/03\\\/krzeslo-bankietowe-herman-niebieskie.jpg\",\"width\":800,\"height\":800},{\"@type\":\"BreadcrumbList\",\"@id\":\"https:\\\/\\\/prmeble.com.pl\\\/?product=krzeslo-bankietowe-herman-niebieskie#breadcrumb\",\"itemListElement\":[{\"@type\":\"ListItem\",\"position\":1,\"name\":\"Strona g\u0142\u00f3wna\",\"item\":\"https:\\\/\\\/prmeble.com.pl\\\/\"},{\"@type\":\"ListItem\",\"position\":2,\"name\":\"Produkty\",\"item\":\"https:\\\/\\\/prmeble.com.pl\\\/?page_id=301\"},{\"@type\":\"ListItem\",\"position\":3,\"name\":\"Krzes\u0142o bankietowe HERMAN niebieskie\"}]},{\"@type\":\"WebSite\",\"@id\":\"https:\\\/\\\/prmeble.com.pl\\\/#website\",\"url\":\"https:\\\/\\\/prmeble.com.pl\\\/\",\"name\":\"Pr Meble\",\"description\":\"Tworzymy i sprzedajemy meble tapicerowane. W asortymencie mamy bardzo piekne i nowoczesne naro\u017cniki oraz modne kanapy.\",\"publisher\":{\"@id\":\"https:\\\/\\\/prmeble.com.pl\\\/#organization\"},\"potentialAction\":[{\"@type\":\"SearchAction\",\"target\":{\"@type\":\"EntryPoint\",\"urlTemplate\":\"https:\\\/\\\/prmeble.com.pl\\\/?s={search_term_string}\"},\"query-input\":{\"@type\":\"PropertyValueSpecification\",\"valueRequired\":true,\"valueName\":\"search_term_string\"}}],\"inLanguage\":\"pl-PL\"},{\"@type\":\"Organization\",\"@id\":\"https:\\\/\\\/prmeble.com.pl\\\/#organization\",\"name\":\"Prmeble\",\"url\":\"https:\\\/\\\/prmeble.com.pl\\\/\",\"logo\":{\"@type\":\"ImageObject\",\"inLanguage\":\"pl-PL\",\"@id\":\"https:\\\/\\\/prmeble.com.pl\\\/#\\\/schema\\\/logo\\\/image\\\/\",\"url\":\"https:\\\/\\\/prmeble.com.pl\\\/wp-content\\\/uploads\\\/2021\\\/10\\\/logo.jpg\",\"contentUrl\":\"https:\\\/\\\/prmeble.com.pl\\\/wp-content\\\/uploads\\\/2021\\\/10\\\/logo.jpg\",\"width\":550,\"height\":400,\"caption\":\"Prmeble\"},\"image\":{\"@id\":\"https:\\\/\\\/prmeble.com.pl\\\/#\\\/schema\\\/logo\\\/image\\\/\"},\"sameAs\":[\"https:\\\/\\\/www.facebook.com\\\/PR-MEBLE-274934799714260\"]}]}<\/script>\n<!-- \/ Yoast SEO plugin. -->","yoast_head_json":{"title":"Krzes\u0142o bankietowe HERMAN niebieskie - PR MEBLE -tanie i dobre - polski producent - sklep meblowy","robots":{"index":"index","follow":"follow","max-snippet":"max-snippet:-1","max-image-preview":"max-image-preview:large","max-video-preview":"max-video-preview:-1"},"canonical":"https:\/\/prmeble.com.pl\/?product=krzeslo-bankietowe-herman-niebieskie","og_locale":"pl_PL","og_type":"article","og_title":"Krzes\u0142o bankietowe HERMAN niebieskie - PR MEBLE -tanie i dobre - polski producent - sklep meblowy","og_description":"Krzes\u0142o bankietowe HERMAN dost\u0119pne jest w czterech kolorach tapicerki &#8211; czarnym, czerwonym, granatowym i br\u0105zowym. To model oparty na mocnej, stalowej ramie o wymiarach 19x19mm i grubo\u015bci \u015bcianki 1,0mm. Rama krzes\u0142a HERMAN malowana jest proszkowo i jest m\u0142otkowana, co zabezpiecza j\u0105 przed zarysowaniami i odpryskami koloru. Siedzisko krzese\u0142 bankietowych HERMAN zosta\u0142o wykonane z nieosiadaj\u0105cej g\u0105bki, kt\u00f3ra gwarantuje zachowanie kszta\u0142tu siedziska oraz wygod\u0119 nawet podczas d\u0142ugich bankiet\u00f3w czy spotka\u0144. Oferowane przez nas krzes\u0142a bankietowe s\u0105 przeznaczone do u\u017cytku prywatnego oraz komercyjnego, dlatego te\u017c poni\u017cszy model wyposa\u017cony zosta\u0142 w specjalne odbojniki zabezpieczaj\u0105ce ram\u0119 podczas sztaplowania oraz praktyczny uchwyt w oparciu u\u0142atwiaj\u0105cy przenoszenie. Nogi krzese\u0142 bankietowych HERMAN zosta\u0142y wyposa\u017cone w specjalne stopki zabezpieczaj\u0105ce pod\u0142o\u017ce przed zarysowaniem. Rama krzes\u0142a: mocna stalowa rama 19x19mm o grubo\u015bci \u015bcianki 1.0mm gwarantuje bezpiecze\u0144stwo u\u017cytkowania malowanie proszkowe, m\u0142otkowane zabezpiecza krzes\u0142o przed zarysowaniem i odpryskiem koloru. Siedzisko krzes\u0142a: wysoko\u015b\u0107 5,5cm gwarantuje wygod\u0119 podczas u\u017cytkowania siedzisko wykonane jest z nieosiadaj\u0105cej g\u0105bki Funkcjonalno\u015b\u0107: sztaplowanie do 19 sztuk umo\u017cliwia zaoszcz\u0119dzenie miejsca. wytrzyma\u0142o\u015b\u0107 krzes\u0142a HERMAN to obci\u0105\u017cenie do 200kg praktyczny uchwyt u\u0142atwia trzymanie i przesuwanie krzes\u0142a Dodatkowo: 2 lata gwarancji Kolory produkt\u00f3w na zdj\u0119ciach, z powodu r\u00f3\u017cnic wynikaj\u0105cych w w\u0142a\u015bciwo\u015bci monitor\u00f3w i innych urz\u0105dze\u0144, mog\u0105 nieznacznie odbiega\u0107 od rzeczywisto\u015bci.","og_url":"https:\/\/prmeble.com.pl\/?product=krzeslo-bankietowe-herman-niebieskie","og_site_name":"PR MEBLE -tanie i dobre - polski producent - sklep meblowy","article_publisher":"https:\/\/www.facebook.com\/PR-MEBLE-274934799714260","article_modified_time":"2025-03-05T08:50:18+00:00","og_image":[{"width":800,"height":800,"url":"https:\/\/prmeble.com.pl\/wp-content\/uploads\/2025\/03\/krzeslo-bankietowe-herman-niebieskie.jpg","type":"image\/jpeg"}],"twitter_card":"summary_large_image","twitter_misc":{"Szacowany czas czytania":"2 minuty"},"schema":{"@context":"https:\/\/schema.org","@graph":[{"@type":"WebPage","@id":"https:\/\/prmeble.com.pl\/?product=krzeslo-bankietowe-herman-niebieskie","url":"https:\/\/prmeble.com.pl\/?product=krzeslo-bankietowe-herman-niebieskie","name":"Krzes\u0142o bankietowe HERMAN niebieskie - PR MEBLE -tanie i dobre - polski producent - sklep meblowy","isPartOf":{"@id":"https:\/\/prmeble.com.pl\/#website"},"primaryImageOfPage":{"@id":"https:\/\/prmeble.com.pl\/?product=krzeslo-bankietowe-herman-niebieskie#primaryimage"},"image":{"@id":"https:\/\/prmeble.com.pl\/?product=krzeslo-bankietowe-herman-niebieskie#primaryimage"},"thumbnailUrl":"https:\/\/prmeble.com.pl\/wp-content\/uploads\/2025\/03\/krzeslo-bankietowe-herman-niebieskie.jpg","datePublished":"2025-03-05T08:49:34+00:00","dateModified":"2025-03-05T08:50:18+00:00","breadcrumb":{"@id":"https:\/\/prmeble.com.pl\/?product=krzeslo-bankietowe-herman-niebieskie#breadcrumb"},"inLanguage":"pl-PL","potentialAction":[{"@type":"ReadAction","target":["https:\/\/prmeble.com.pl\/?product=krzeslo-bankietowe-herman-niebieskie"]}]},{"@type":"ImageObject","inLanguage":"pl-PL","@id":"https:\/\/prmeble.com.pl\/?product=krzeslo-bankietowe-herman-niebieskie#primaryimage","url":"https:\/\/prmeble.com.pl\/wp-content\/uploads\/2025\/03\/krzeslo-bankietowe-herman-niebieskie.jpg","contentUrl":"https:\/\/prmeble.com.pl\/wp-content\/uploads\/2025\/03\/krzeslo-bankietowe-herman-niebieskie.jpg","width":800,"height":800},{"@type":"BreadcrumbList","@id":"https:\/\/prmeble.com.pl\/?product=krzeslo-bankietowe-herman-niebieskie#breadcrumb","itemListElement":[{"@type":"ListItem","position":1,"name":"Strona g\u0142\u00f3wna","item":"https:\/\/prmeble.com.pl\/"},{"@type":"ListItem","position":2,"name":"Produkty","item":"https:\/\/prmeble.com.pl\/?page_id=301"},{"@type":"ListItem","position":3,"name":"Krzes\u0142o bankietowe HERMAN niebieskie"}]},{"@type":"WebSite","@id":"https:\/\/prmeble.com.pl\/#website","url":"https:\/\/prmeble.com.pl\/","name":"Pr Meble","description":"Tworzymy i sprzedajemy meble tapicerowane. W asortymencie mamy bardzo piekne i nowoczesne naro\u017cniki oraz modne kanapy.","publisher":{"@id":"https:\/\/prmeble.com.pl\/#organization"},"potentialAction":[{"@type":"SearchAction","target":{"@type":"EntryPoint","urlTemplate":"https:\/\/prmeble.com.pl\/?s={search_term_string}"},"query-input":{"@type":"PropertyValueSpecification","valueRequired":true,"valueName":"search_term_string"}}],"inLanguage":"pl-PL"},{"@type":"Organization","@id":"https:\/\/prmeble.com.pl\/#organization","name":"Prmeble","url":"https:\/\/prmeble.com.pl\/","logo":{"@type":"ImageObject","inLanguage":"pl-PL","@id":"https:\/\/prmeble.com.pl\/#\/schema\/logo\/image\/","url":"https:\/\/prmeble.com.pl\/wp-content\/uploads\/2021\/10\/logo.jpg","contentUrl":"https:\/\/prmeble.com.pl\/wp-content\/uploads\/2021\/10\/logo.jpg","width":550,"height":400,"caption":"Prmeble"},"image":{"@id":"https:\/\/prmeble.com.pl\/#\/schema\/logo\/image\/"},"sameAs":["https:\/\/www.facebook.com\/PR-MEBLE-274934799714260"]}]}},"total_sales":"0","_tax_status":"taxable","_tax_class":"","_manage_stock":"no","_backorders":"no","_sold_individually":"no","_virtual":"no","_downloadable":"no","_download_limit":"-1","_download_expiry":"-1","_stock":"","_stock_status":"instock","_wc_average_rating":"0","_wc_review_count":"0","_product_attributes":"","_product_version":"9.7.1","_wpcom_is_markdown":"","_edit_lock":"1741261295:1","_edit_last":"1","_thumbnail_id":"11064","_sku":"","_wp_page_template":"default","_last_editor_used_jetpack":"","_elementor_template_type":"","_elementor_version":"","_elementor_data":"","_yoast_wpseo_estimated-reading-time-minutes":"2","_yoast_wpseo_metadesc":"","_wp_old_slug":"","_yoast_wpseo_primary_product_cat":"86","_oembed_7eca53afccebf1f861dae06bfb2dfa8a":"","_oembed_time_7eca53afccebf1f861dae06bfb2dfa8a":"","_yoast_wpseo_wordproof_timestamp":"","_wc_gla_visibility":"sync-and-show","_wc_gla_synced_at":"","_wc_gla_sync_status":"has-errors","_wc_gla_google_ids":"","fb_product_group_id":"9455379191184732","_wc_facebook_commerce_enabled":"","_yoast_wpseo_content_score":"60","_yoast_wpseo_focuskw":"","_yoast_wpseo_linkdex":"","_product_image_gallery":"11062,11063,11064,11065,11066,11060,11061","_crosssell_ids":"","shopengine_product_views_count":"391","_yoast_wpseo_primary_fb_product_set":"","xfgmc_google_product_category":"","xfgmc_identifier_exists":"default","xfgmc_adult":"off","xfgmc_condition":"default","_xfgmc_is_bundle":"default","_xfgmc_return_rule_label":"","xfgmc_custom_label_0":"","xfgmc_custom_label_1":"","xfgmc_custom_label_2":"","xfgmc_custom_label_3":"","xfgmc_custom_label_4":"","_price":"139.99","_eael_post_view_count":"392","_regular_price":"139.99","_wc_facebook_sync_enabled":"yes","fb_visibility":"yes","fb_product_description":"","_wc_facebook_product_image_source":"product","wpr_secondary_image_id":"0","fb_product_item_id":"9455384664517518","_sale_price":"","wp_statistics_words_count":"","fb_rich_text_description":"","fb_product_video":[],"fb_brand":"","fb_mpn":"","_yoast_wpseo_primary_product_brand":"","_xmlsf_image_attached":"","_wc_gla_mc_status":"","_elementor_page_assets":[],"shopmagic_source_recipe":"","_wc_gla_errors":["[salePrice.value] Product must have a valid price and currency."],"_weight":"","woo_inpost_shipping_methods_allowed":"","woo_inpost_parcel_dimensions":"","_wc_facebook_google_product_category":"","_yoast_wpseo_title":"","_xfgmc_fb_product_category":"","_xfgmc_tax_category":"","_xfgmc_multipack":"","_xfgmc_shipping_label":"","_xfgmc_unit_pricing_measure":"","_xfgmc_unit_pricing_base_measure":"","_xfgmc_store_code":"","_xfgmc_min_handling_time":"","_xfgmc_max_handling_time":"","_wcpa_product_meta":"","wcpa_exclude_global_forms":"","_upsell_ids":"","_wp_old_date":"","_umb_fruugo_simple_title":"","_umb_fruugo_simple_desc":"","_umb_fruggo_id_type":"","_umb_fruugo_standard_code_val":"","_umb_fruugo_brand":"","_umb_fruugo_vat":"","_umb_fruugo_discount_price":"","_ced_increase_price_fruugo":"","_umb_fruugo_category":"","_ced_fruugo_language_section":"","_ced_fruugo_attributeSize":"","_ced_fruugo_attributeColor":"","_ced_fruugo_currency":"","_ced_fruugo_leadTime":"","_ced_fruugo_packageWeight":"","_ced_fruugo_attribute1":"","_ced_fruugo_attribute2":"","_ced_fruugo_attribute3":"","_ced_fruugo_attribute4":"","_ced_fruugo_attribute5":"","_ced_fruugo_attribute6":"","_ced_fruugo_attribute7":"","_ced_fruugo_attribute8":"","_ced_fruugo_attribute9":"","_ced_fruugo_attribute10":"","_yoast_wpseo_primary_item":"","_wp_trash_meta_status":"","_wp_trash_meta_time":"","_wp_desired_post_slug":"","_links":{"self":[{"href":"https:\/\/prmeble.com.pl\/index.php?rest_route=\/wp\/v2\/product\/11072","targetHints":{"allow":["GET"]}}],"collection":[{"href":"https:\/\/prmeble.com.pl\/index.php?rest_route=\/wp\/v2\/product"}],"about":[{"href":"https:\/\/prmeble.com.pl\/index.php?rest_route=\/wp\/v2\/types\/product"}],"version-history":[{"count":0,"href":"https:\/\/prmeble.com.pl\/index.php?rest_route=\/wp\/v2\/product\/11072\/revisions"}],"wp:featuredmedia":[{"embeddable":true,"href":"https:\/\/prmeble.com.pl\/index.php?rest_route=\/wp\/v2\/media\/11064"}],"wp:attachment":[{"href":"https:\/\/prmeble.com.pl\/index.php?rest_route=%2Fwp%2Fv2%2Fmedia&parent=11072"}],"wp:term":[{"taxonomy":"product_brand","embeddable":true,"href":"https:\/\/prmeble.com.pl\/index.php?rest_route=%2Fwp%2Fv2%2Fproduct_brand&post=11072"},{"taxonomy":"product_cat","embeddable":true,"href":"https:\/\/prmeble.com.pl\/index.php?rest_route=%2Fwp%2Fv2%2Fproduct_cat&post=11072"},{"taxonomy":"product_tag","embeddable":true,"href":"https:\/\/prmeble.com.pl\/index.php?rest_route=%2Fwp%2Fv2%2Fproduct_tag&post=11072"}],"curies":[{"name":"wp","href":"https:\/\/api.w.org\/{rel}","templated":true}]}}