{"id":10869,"date":"2025-02-25T10:50:41","date_gmt":"2025-02-25T09:50:41","guid":{"rendered":"https:\/\/prmeble.com.pl\/?post_type=product&#038;p=10869"},"modified":"2025-02-25T10:50:41","modified_gmt":"2025-02-25T09:50:41","slug":"szafa-roj-4d-207cm-w-trzech-wzorach","status":"publish","type":"product","link":"https:\/\/prmeble.com.pl\/?product=szafa-roj-4d-207cm-w-trzech-wzorach","title":{"rendered":"Szafa ROJ 4D 207cm w trzech wzorach"},"content":{"rendered":"<p><strong>Czterodrzwiowa szafa z systemem drzwi otwieranych u\u0142atwiaj\u0105ca codzienne u\u017cytkowanie. Nowoczesna, funkcjonalna oraz elegancka. Zaprojektowana z my\u015bl\u0105 o bezpiecznym przechowywaniu odzie\u017cy, jak i innych rzeczy osobistych. Doskonale sprawdzi si\u0119 w sypialni, pokoju dziennym lub przedpokoju.<\/strong><\/p>\n<p><b>Wymiar szafy:<\/b><\/p>\n<ul>\n<li>szeroko\u015b\u0107: 206,4cm<\/li>\n<li>wysoko\u015b\u0107: 205cm<\/li>\n<li>g\u0142\u0119boko\u015b\u0107: 39 cm<\/li>\n<\/ul>\n<p><b>Dost\u0119pne kolory:<\/b><\/p>\n<ul>\n<li>Bia\u0142y<\/li>\n<li>D\u0105b Craft Z\u0142oty<\/li>\n<\/ul>\n<p>&nbsp;<\/p>\n<p><b>Wykonanie i cechy:<\/b><\/p>\n<ul>\n<li>p\u0142yta laminowana o grubo\u015bci 16mm<\/li>\n<li>kraw\u0119dzie zako\u0144czone oklein\u0105 ABS<\/li>\n<li>system drzwi przesuwnych<\/li>\n<li>prowadnice aluminiowe<\/li>\n<li>lustro po jednej stronie<\/li>\n<li>uchwyt w formie listwy aluminiowej, wzd\u0142u\u017c drzwi<\/li>\n<li>aluminiowe r\u0105czki zapobiegaj\u0105 wyginaniu si\u0119 drzwi<\/li>\n<\/ul>\n<p>&nbsp;<\/p>\n<p><b>DODATKOWE INFORMACJE:<\/b><\/p>\n<ul>\n<li>meble s\u0105 fabrycznie nowe, zapakowane w oryginalne opakowanie<\/li>\n<li>meble dostarczamy\u00a0 w paczkach, do samodzielnego monta\u017cu<\/li>\n<li>w zestawie za\u0142\u0105czona instrukcja monta\u017cu i wszystkie niezb\u0119dne elementy<\/li>\n<\/ul>\n<p>&nbsp;<\/p>\n<h3>Informacja o Dostawie:<\/h3>\n<p>Dostawa mebli odbywa si\u0119 w godzinach<strong>\u00a06:00 \u2013 23:00.<\/strong><br \/>\nKlient minimum\u00a0<strong>dzie\u0144 wcze\u015bniej otrzymuje wiadomo\u015b\u0107 sms<\/strong>\u00a0z dok\u0142adn\u0105 informacj\u0105 o przewidywanym czasie dostawy.<br \/>\nKierowca r\u00f3wnie\u017c\u00a0<strong>dzwoni<\/strong>\u00a0do klienta godzin\u0119 przed dostaw\u0105.<br \/>\nMeble dostarczane s\u0105 w paczkach do samodzielnego monta\u017cu i s\u0105 one oryginalnie zapakowane przez producenta.<br \/>\n<strong>Ze wzgl\u0119du na zdrowie naszych kierowc\u00f3w, nie maj\u0105 oni obowi\u0105zku ich wniesienia.\u00a0<\/strong><\/p>\n<p>&nbsp;<\/p>\n<h2><strong>Zach\u0119camy do zakupu<\/strong><\/h2>\n","protected":false},"excerpt":{"rendered":"<p>Czterodrzwiowa szafa z systemem drzwi otwieranych u\u0142atwiaj\u0105ca codzienne u\u017cytkowanie. Nowoczesna, funkcjonalna oraz elegancka. Zaprojektowana z my\u015bl\u0105 o bezpiecznym przechowywaniu odzie\u017cy, jak i innych rzeczy osobistych. Doskonale sprawdzi si\u0119 w sypialni, pokoju dziennym lub przedpokoju. Wymiar szafy: szeroko\u015b\u0107: 206,4cm wysoko\u015b\u0107: 205cm g\u0142\u0119boko\u015b\u0107: 39 cm Dost\u0119pne kolory: Bia\u0142y D\u0105b Craft Z\u0142oty &nbsp; Wykonanie i cechy: p\u0142yta laminowana o grubo\u015bci 16mm kraw\u0119dzie zako\u0144czone oklein\u0105 ABS system drzwi przesuwnych prowadnice aluminiowe lustro po jednej stronie uchwyt w formie listwy aluminiowej, wzd\u0142u\u017c drzwi aluminiowe r\u0105czki zapobiegaj\u0105 wyginaniu si\u0119 drzwi &nbsp; DODATKOWE INFORMACJE: meble s\u0105 fabrycznie nowe, zapakowane w oryginalne opakowanie meble dostarczamy\u00a0 w paczkach, do samodzielnego monta\u017cu w zestawie za\u0142\u0105czona instrukcja monta\u017cu i wszystkie niezb\u0119dne elementy &nbsp; Informacja o Dostawie: Dostawa mebli odbywa si\u0119 w godzinach\u00a06:00 \u2013 23:00. Klient minimum\u00a0dzie\u0144 wcze\u015bniej otrzymuje wiadomo\u015b\u0107 sms\u00a0z dok\u0142adn\u0105 informacj\u0105 o przewidywanym czasie dostawy. Kierowca r\u00f3wnie\u017c\u00a0dzwoni\u00a0do klienta godzin\u0119 przed dostaw\u0105. Meble dostarczane s\u0105 w paczkach do samodzielnego monta\u017cu i s\u0105 one oryginalnie zapakowane przez producenta. Ze wzgl\u0119du na zdrowie naszych kierowc\u00f3w, nie maj\u0105 oni obowi\u0105zku ich wniesienia.\u00a0 &nbsp; Zach\u0119camy do zakupu<\/p>\n","protected":false},"featured_media":10870,"template":"","meta":[],"product_brand":[],"product_cat":[74],"product_tag":[],"class_list":{"0":"post-10869","1":"product","2":"type-product","3":"status-publish","4":"has-post-thumbnail","6":"product_cat-szafy","8":"first","9":"instock","10":"shipping-taxable","11":"purchasable","12":"product-type-simple"},"yoast_head":"<!-- This site is optimized with the Yoast SEO plugin v27.3 - https:\/\/yoast.com\/product\/yoast-seo-wordpress\/ -->\n<title>Szafa ROJ 4D 207cm w trzech wzorach - PR MEBLE -tanie i dobre - polski producent - sklep meblowy<\/title>\n<meta name=\"robots\" content=\"index, follow, max-snippet:-1, max-image-preview:large, max-video-preview:-1\" \/>\n<link rel=\"canonical\" href=\"https:\/\/prmeble.com.pl\/?product=szafa-roj-4d-207cm-w-trzech-wzorach\" \/>\n<meta property=\"og:locale\" content=\"pl_PL\" \/>\n<meta property=\"og:type\" content=\"article\" \/>\n<meta property=\"og:title\" content=\"Szafa ROJ 4D 207cm w trzech wzorach - PR MEBLE -tanie i dobre - polski producent - sklep meblowy\" \/>\n<meta property=\"og:description\" content=\"Czterodrzwiowa szafa z systemem drzwi otwieranych u\u0142atwiaj\u0105ca codzienne u\u017cytkowanie. Nowoczesna, funkcjonalna oraz elegancka. Zaprojektowana z my\u015bl\u0105 o bezpiecznym przechowywaniu odzie\u017cy, jak i innych rzeczy osobistych. Doskonale sprawdzi si\u0119 w sypialni, pokoju dziennym lub przedpokoju. Wymiar szafy: szeroko\u015b\u0107: 206,4cm wysoko\u015b\u0107: 205cm g\u0142\u0119boko\u015b\u0107: 39 cm Dost\u0119pne kolory: Bia\u0142y D\u0105b Craft Z\u0142oty &nbsp; Wykonanie i cechy: p\u0142yta laminowana o grubo\u015bci 16mm kraw\u0119dzie zako\u0144czone oklein\u0105 ABS system drzwi przesuwnych prowadnice aluminiowe lustro po jednej stronie uchwyt w formie listwy aluminiowej, wzd\u0142u\u017c drzwi aluminiowe r\u0105czki zapobiegaj\u0105 wyginaniu si\u0119 drzwi &nbsp; DODATKOWE INFORMACJE: meble s\u0105 fabrycznie nowe, zapakowane w oryginalne opakowanie meble dostarczamy\u00a0 w paczkach, do samodzielnego monta\u017cu w zestawie za\u0142\u0105czona instrukcja monta\u017cu i wszystkie niezb\u0119dne elementy &nbsp; Informacja o Dostawie: Dostawa mebli odbywa si\u0119 w godzinach\u00a06:00 \u2013 23:00. Klient minimum\u00a0dzie\u0144 wcze\u015bniej otrzymuje wiadomo\u015b\u0107 sms\u00a0z dok\u0142adn\u0105 informacj\u0105 o przewidywanym czasie dostawy. Kierowca r\u00f3wnie\u017c\u00a0dzwoni\u00a0do klienta godzin\u0119 przed dostaw\u0105. Meble dostarczane s\u0105 w paczkach do samodzielnego monta\u017cu i s\u0105 one oryginalnie zapakowane przez producenta. Ze wzgl\u0119du na zdrowie naszych kierowc\u00f3w, nie maj\u0105 oni obowi\u0105zku ich wniesienia.\u00a0 &nbsp; Zach\u0119camy do zakupu\" \/>\n<meta property=\"og:url\" content=\"https:\/\/prmeble.com.pl\/?product=szafa-roj-4d-207cm-w-trzech-wzorach\" \/>\n<meta property=\"og:site_name\" content=\"PR MEBLE -tanie i dobre - polski producent - sklep meblowy\" \/>\n<meta property=\"article:publisher\" content=\"https:\/\/www.facebook.com\/PR-MEBLE-274934799714260\" \/>\n<meta property=\"og:image\" content=\"https:\/\/prmeble.com.pl\/wp-content\/uploads\/2025\/02\/Szafa-ROJ-4D-207-Bialy-Wzor-1-1024x682.jpg\" \/>\n\t<meta property=\"og:image:width\" content=\"1024\" \/>\n\t<meta property=\"og:image:height\" content=\"682\" \/>\n\t<meta property=\"og:image:type\" content=\"image\/jpeg\" \/>\n<meta name=\"twitter:card\" content=\"summary_large_image\" \/>\n<meta name=\"twitter:label1\" content=\"Szacowany czas czytania\" \/>\n\t<meta name=\"twitter:data1\" content=\"2 minuty\" \/>\n<script type=\"application\/ld+json\" class=\"yoast-schema-graph\">{\"@context\":\"https:\\\/\\\/schema.org\",\"@graph\":[{\"@type\":\"WebPage\",\"@id\":\"https:\\\/\\\/prmeble.com.pl\\\/?product=szafa-roj-4d-207cm-w-trzech-wzorach\",\"url\":\"https:\\\/\\\/prmeble.com.pl\\\/?product=szafa-roj-4d-207cm-w-trzech-wzorach\",\"name\":\"Szafa ROJ 4D 207cm w trzech wzorach - PR MEBLE -tanie i dobre - polski producent - sklep meblowy\",\"isPartOf\":{\"@id\":\"https:\\\/\\\/prmeble.com.pl\\\/#website\"},\"primaryImageOfPage\":{\"@id\":\"https:\\\/\\\/prmeble.com.pl\\\/?product=szafa-roj-4d-207cm-w-trzech-wzorach#primaryimage\"},\"image\":{\"@id\":\"https:\\\/\\\/prmeble.com.pl\\\/?product=szafa-roj-4d-207cm-w-trzech-wzorach#primaryimage\"},\"thumbnailUrl\":\"https:\\\/\\\/prmeble.com.pl\\\/wp-content\\\/uploads\\\/2025\\\/02\\\/Szafa-ROJ-4D-207-Bialy-Wzor-1.jpg\",\"datePublished\":\"2025-02-25T09:50:41+00:00\",\"breadcrumb\":{\"@id\":\"https:\\\/\\\/prmeble.com.pl\\\/?product=szafa-roj-4d-207cm-w-trzech-wzorach#breadcrumb\"},\"inLanguage\":\"pl-PL\",\"potentialAction\":[{\"@type\":\"ReadAction\",\"target\":[\"https:\\\/\\\/prmeble.com.pl\\\/?product=szafa-roj-4d-207cm-w-trzech-wzorach\"]}]},{\"@type\":\"ImageObject\",\"inLanguage\":\"pl-PL\",\"@id\":\"https:\\\/\\\/prmeble.com.pl\\\/?product=szafa-roj-4d-207cm-w-trzech-wzorach#primaryimage\",\"url\":\"https:\\\/\\\/prmeble.com.pl\\\/wp-content\\\/uploads\\\/2025\\\/02\\\/Szafa-ROJ-4D-207-Bialy-Wzor-1.jpg\",\"contentUrl\":\"https:\\\/\\\/prmeble.com.pl\\\/wp-content\\\/uploads\\\/2025\\\/02\\\/Szafa-ROJ-4D-207-Bialy-Wzor-1.jpg\",\"width\":1600,\"height\":1066},{\"@type\":\"BreadcrumbList\",\"@id\":\"https:\\\/\\\/prmeble.com.pl\\\/?product=szafa-roj-4d-207cm-w-trzech-wzorach#breadcrumb\",\"itemListElement\":[{\"@type\":\"ListItem\",\"position\":1,\"name\":\"Strona g\u0142\u00f3wna\",\"item\":\"https:\\\/\\\/prmeble.com.pl\\\/\"},{\"@type\":\"ListItem\",\"position\":2,\"name\":\"Produkty\",\"item\":\"https:\\\/\\\/prmeble.com.pl\\\/?page_id=301\"},{\"@type\":\"ListItem\",\"position\":3,\"name\":\"Szafa ROJ 4D 207cm w trzech wzorach\"}]},{\"@type\":\"WebSite\",\"@id\":\"https:\\\/\\\/prmeble.com.pl\\\/#website\",\"url\":\"https:\\\/\\\/prmeble.com.pl\\\/\",\"name\":\"Pr Meble\",\"description\":\"Tworzymy i sprzedajemy meble tapicerowane. W asortymencie mamy bardzo piekne i nowoczesne naro\u017cniki oraz modne kanapy.\",\"publisher\":{\"@id\":\"https:\\\/\\\/prmeble.com.pl\\\/#organization\"},\"potentialAction\":[{\"@type\":\"SearchAction\",\"target\":{\"@type\":\"EntryPoint\",\"urlTemplate\":\"https:\\\/\\\/prmeble.com.pl\\\/?s={search_term_string}\"},\"query-input\":{\"@type\":\"PropertyValueSpecification\",\"valueRequired\":true,\"valueName\":\"search_term_string\"}}],\"inLanguage\":\"pl-PL\"},{\"@type\":\"Organization\",\"@id\":\"https:\\\/\\\/prmeble.com.pl\\\/#organization\",\"name\":\"Prmeble\",\"url\":\"https:\\\/\\\/prmeble.com.pl\\\/\",\"logo\":{\"@type\":\"ImageObject\",\"inLanguage\":\"pl-PL\",\"@id\":\"https:\\\/\\\/prmeble.com.pl\\\/#\\\/schema\\\/logo\\\/image\\\/\",\"url\":\"https:\\\/\\\/prmeble.com.pl\\\/wp-content\\\/uploads\\\/2021\\\/10\\\/logo.jpg\",\"contentUrl\":\"https:\\\/\\\/prmeble.com.pl\\\/wp-content\\\/uploads\\\/2021\\\/10\\\/logo.jpg\",\"width\":550,\"height\":400,\"caption\":\"Prmeble\"},\"image\":{\"@id\":\"https:\\\/\\\/prmeble.com.pl\\\/#\\\/schema\\\/logo\\\/image\\\/\"},\"sameAs\":[\"https:\\\/\\\/www.facebook.com\\\/PR-MEBLE-274934799714260\"]}]}<\/script>\n<!-- \/ Yoast SEO plugin. -->","yoast_head_json":{"title":"Szafa ROJ 4D 207cm w trzech wzorach - PR MEBLE -tanie i dobre - polski producent - sklep meblowy","robots":{"index":"index","follow":"follow","max-snippet":"max-snippet:-1","max-image-preview":"max-image-preview:large","max-video-preview":"max-video-preview:-1"},"canonical":"https:\/\/prmeble.com.pl\/?product=szafa-roj-4d-207cm-w-trzech-wzorach","og_locale":"pl_PL","og_type":"article","og_title":"Szafa ROJ 4D 207cm w trzech wzorach - PR MEBLE -tanie i dobre - polski producent - sklep meblowy","og_description":"Czterodrzwiowa szafa z systemem drzwi otwieranych u\u0142atwiaj\u0105ca codzienne u\u017cytkowanie. Nowoczesna, funkcjonalna oraz elegancka. Zaprojektowana z my\u015bl\u0105 o bezpiecznym przechowywaniu odzie\u017cy, jak i innych rzeczy osobistych. Doskonale sprawdzi si\u0119 w sypialni, pokoju dziennym lub przedpokoju. Wymiar szafy: szeroko\u015b\u0107: 206,4cm wysoko\u015b\u0107: 205cm g\u0142\u0119boko\u015b\u0107: 39 cm Dost\u0119pne kolory: Bia\u0142y D\u0105b Craft Z\u0142oty &nbsp; Wykonanie i cechy: p\u0142yta laminowana o grubo\u015bci 16mm kraw\u0119dzie zako\u0144czone oklein\u0105 ABS system drzwi przesuwnych prowadnice aluminiowe lustro po jednej stronie uchwyt w formie listwy aluminiowej, wzd\u0142u\u017c drzwi aluminiowe r\u0105czki zapobiegaj\u0105 wyginaniu si\u0119 drzwi &nbsp; DODATKOWE INFORMACJE: meble s\u0105 fabrycznie nowe, zapakowane w oryginalne opakowanie meble dostarczamy\u00a0 w paczkach, do samodzielnego monta\u017cu w zestawie za\u0142\u0105czona instrukcja monta\u017cu i wszystkie niezb\u0119dne elementy &nbsp; Informacja o Dostawie: Dostawa mebli odbywa si\u0119 w godzinach\u00a06:00 \u2013 23:00. Klient minimum\u00a0dzie\u0144 wcze\u015bniej otrzymuje wiadomo\u015b\u0107 sms\u00a0z dok\u0142adn\u0105 informacj\u0105 o przewidywanym czasie dostawy. Kierowca r\u00f3wnie\u017c\u00a0dzwoni\u00a0do klienta godzin\u0119 przed dostaw\u0105. Meble dostarczane s\u0105 w paczkach do samodzielnego monta\u017cu i s\u0105 one oryginalnie zapakowane przez producenta. Ze wzgl\u0119du na zdrowie naszych kierowc\u00f3w, nie maj\u0105 oni obowi\u0105zku ich wniesienia.\u00a0 &nbsp; Zach\u0119camy do zakupu","og_url":"https:\/\/prmeble.com.pl\/?product=szafa-roj-4d-207cm-w-trzech-wzorach","og_site_name":"PR MEBLE -tanie i dobre - polski producent - sklep meblowy","article_publisher":"https:\/\/www.facebook.com\/PR-MEBLE-274934799714260","og_image":[{"width":1024,"height":682,"url":"https:\/\/prmeble.com.pl\/wp-content\/uploads\/2025\/02\/Szafa-ROJ-4D-207-Bialy-Wzor-1-1024x682.jpg","type":"image\/jpeg"}],"twitter_card":"summary_large_image","twitter_misc":{"Szacowany czas czytania":"2 minuty"},"schema":{"@context":"https:\/\/schema.org","@graph":[{"@type":"WebPage","@id":"https:\/\/prmeble.com.pl\/?product=szafa-roj-4d-207cm-w-trzech-wzorach","url":"https:\/\/prmeble.com.pl\/?product=szafa-roj-4d-207cm-w-trzech-wzorach","name":"Szafa ROJ 4D 207cm w trzech wzorach - PR MEBLE -tanie i dobre - polski producent - sklep meblowy","isPartOf":{"@id":"https:\/\/prmeble.com.pl\/#website"},"primaryImageOfPage":{"@id":"https:\/\/prmeble.com.pl\/?product=szafa-roj-4d-207cm-w-trzech-wzorach#primaryimage"},"image":{"@id":"https:\/\/prmeble.com.pl\/?product=szafa-roj-4d-207cm-w-trzech-wzorach#primaryimage"},"thumbnailUrl":"https:\/\/prmeble.com.pl\/wp-content\/uploads\/2025\/02\/Szafa-ROJ-4D-207-Bialy-Wzor-1.jpg","datePublished":"2025-02-25T09:50:41+00:00","breadcrumb":{"@id":"https:\/\/prmeble.com.pl\/?product=szafa-roj-4d-207cm-w-trzech-wzorach#breadcrumb"},"inLanguage":"pl-PL","potentialAction":[{"@type":"ReadAction","target":["https:\/\/prmeble.com.pl\/?product=szafa-roj-4d-207cm-w-trzech-wzorach"]}]},{"@type":"ImageObject","inLanguage":"pl-PL","@id":"https:\/\/prmeble.com.pl\/?product=szafa-roj-4d-207cm-w-trzech-wzorach#primaryimage","url":"https:\/\/prmeble.com.pl\/wp-content\/uploads\/2025\/02\/Szafa-ROJ-4D-207-Bialy-Wzor-1.jpg","contentUrl":"https:\/\/prmeble.com.pl\/wp-content\/uploads\/2025\/02\/Szafa-ROJ-4D-207-Bialy-Wzor-1.jpg","width":1600,"height":1066},{"@type":"BreadcrumbList","@id":"https:\/\/prmeble.com.pl\/?product=szafa-roj-4d-207cm-w-trzech-wzorach#breadcrumb","itemListElement":[{"@type":"ListItem","position":1,"name":"Strona g\u0142\u00f3wna","item":"https:\/\/prmeble.com.pl\/"},{"@type":"ListItem","position":2,"name":"Produkty","item":"https:\/\/prmeble.com.pl\/?page_id=301"},{"@type":"ListItem","position":3,"name":"Szafa ROJ 4D 207cm w trzech wzorach"}]},{"@type":"WebSite","@id":"https:\/\/prmeble.com.pl\/#website","url":"https:\/\/prmeble.com.pl\/","name":"Pr Meble","description":"Tworzymy i sprzedajemy meble tapicerowane. W asortymencie mamy bardzo piekne i nowoczesne naro\u017cniki oraz modne kanapy.","publisher":{"@id":"https:\/\/prmeble.com.pl\/#organization"},"potentialAction":[{"@type":"SearchAction","target":{"@type":"EntryPoint","urlTemplate":"https:\/\/prmeble.com.pl\/?s={search_term_string}"},"query-input":{"@type":"PropertyValueSpecification","valueRequired":true,"valueName":"search_term_string"}}],"inLanguage":"pl-PL"},{"@type":"Organization","@id":"https:\/\/prmeble.com.pl\/#organization","name":"Prmeble","url":"https:\/\/prmeble.com.pl\/","logo":{"@type":"ImageObject","inLanguage":"pl-PL","@id":"https:\/\/prmeble.com.pl\/#\/schema\/logo\/image\/","url":"https:\/\/prmeble.com.pl\/wp-content\/uploads\/2021\/10\/logo.jpg","contentUrl":"https:\/\/prmeble.com.pl\/wp-content\/uploads\/2021\/10\/logo.jpg","width":550,"height":400,"caption":"Prmeble"},"image":{"@id":"https:\/\/prmeble.com.pl\/#\/schema\/logo\/image\/"},"sameAs":["https:\/\/www.facebook.com\/PR-MEBLE-274934799714260"]}]}},"total_sales":"1","_tax_status":"taxable","_tax_class":"","_manage_stock":"no","_backorders":"no","_sold_individually":"no","_virtual":"no","_downloadable":"no","_download_limit":"-1","_download_expiry":"-1","_stock":"","_stock_status":"instock","_wc_average_rating":"0","_wc_review_count":"0","_product_attributes":"","_product_version":"9.6.2","_wpcom_is_markdown":"","_edit_lock":"1740477144:1","_edit_last":"1","_thumbnail_id":"10870","_sku":"","_wp_page_template":"default","_last_editor_used_jetpack":"","_elementor_template_type":"","_elementor_version":"","_elementor_data":"","_yoast_wpseo_estimated-reading-time-minutes":"2","_yoast_wpseo_metadesc":"","_wp_old_slug":"","_yoast_wpseo_primary_product_cat":"74","_oembed_7eca53afccebf1f861dae06bfb2dfa8a":"","_oembed_time_7eca53afccebf1f861dae06bfb2dfa8a":"","_yoast_wpseo_wordproof_timestamp":"","_wc_gla_visibility":"sync-and-show","_wc_gla_synced_at":"1740477050","_wc_gla_sync_status":"has-errors","_wc_gla_google_ids":{"PL":"online:pl:PL:gla_10869"},"fb_product_group_id":"10010893268930012","_wc_facebook_commerce_enabled":"","_yoast_wpseo_content_score":"90","_yoast_wpseo_focuskw":"","_yoast_wpseo_linkdex":"","_product_image_gallery":"10871,10872,10873,10875,10876","_crosssell_ids":"","shopengine_product_views_count":"632","_yoast_wpseo_primary_fb_product_set":"","xfgmc_google_product_category":"","xfgmc_identifier_exists":"default","xfgmc_adult":"off","xfgmc_condition":"default","_xfgmc_is_bundle":"default","_xfgmc_return_rule_label":"","xfgmc_custom_label_0":"","xfgmc_custom_label_1":"","xfgmc_custom_label_2":"","xfgmc_custom_label_3":"","xfgmc_custom_label_4":"","_price":"1395","_eael_post_view_count":"634","_regular_price":"1395","_wc_facebook_sync_enabled":"yes","fb_visibility":"yes","fb_product_description":"","_wc_facebook_product_image_source":"product","wpr_secondary_image_id":"0","fb_product_item_id":"10010893538929985","_sale_price":"","wp_statistics_words_count":"","fb_rich_text_description":"","fb_product_video":[],"fb_brand":"","fb_mpn":"","_yoast_wpseo_primary_product_brand":"","_xmlsf_image_attached":{"loc":"https:\/\/prmeble.com.pl\/wp-content\/uploads\/2025\/02\/Wnetrze-szafy-ROJ-4D-207.jpg","title":"Wn\u0119trze szafy ROJ 4D 207","caption":""},"_wc_gla_mc_status":"approved","_elementor_page_assets":[],"shopmagic_source_recipe":"","_wc_gla_errors":["[salePrice.value] Product must have a valid price and currency."],"_weight":"","woo_inpost_shipping_methods_allowed":"","woo_inpost_parcel_dimensions":"","_wc_facebook_google_product_category":"","_yoast_wpseo_title":"","_xfgmc_fb_product_category":"","_xfgmc_tax_category":"","_xfgmc_multipack":"","_xfgmc_shipping_label":"","_xfgmc_unit_pricing_measure":"","_xfgmc_unit_pricing_base_measure":"","_xfgmc_store_code":"","_xfgmc_min_handling_time":"","_xfgmc_max_handling_time":"","_wcpa_product_meta":"","wcpa_exclude_global_forms":"","_upsell_ids":"","_wp_old_date":"","_umb_fruugo_simple_title":"","_umb_fruugo_simple_desc":"","_umb_fruggo_id_type":"","_umb_fruugo_standard_code_val":"","_umb_fruugo_brand":"","_umb_fruugo_vat":"","_umb_fruugo_discount_price":"","_ced_increase_price_fruugo":"","_umb_fruugo_category":"","_ced_fruugo_language_section":"","_ced_fruugo_attributeSize":"","_ced_fruugo_attributeColor":"","_ced_fruugo_currency":"","_ced_fruugo_leadTime":"","_ced_fruugo_packageWeight":"","_ced_fruugo_attribute1":"","_ced_fruugo_attribute2":"","_ced_fruugo_attribute3":"","_ced_fruugo_attribute4":"","_ced_fruugo_attribute5":"","_ced_fruugo_attribute6":"","_ced_fruugo_attribute7":"","_ced_fruugo_attribute8":"","_ced_fruugo_attribute9":"","_ced_fruugo_attribute10":"","_yoast_wpseo_primary_item":"","_wp_trash_meta_status":"","_wp_trash_meta_time":"","_wp_desired_post_slug":"","_links":{"self":[{"href":"https:\/\/prmeble.com.pl\/index.php?rest_route=\/wp\/v2\/product\/10869","targetHints":{"allow":["GET"]}}],"collection":[{"href":"https:\/\/prmeble.com.pl\/index.php?rest_route=\/wp\/v2\/product"}],"about":[{"href":"https:\/\/prmeble.com.pl\/index.php?rest_route=\/wp\/v2\/types\/product"}],"version-history":[{"count":0,"href":"https:\/\/prmeble.com.pl\/index.php?rest_route=\/wp\/v2\/product\/10869\/revisions"}],"wp:featuredmedia":[{"embeddable":true,"href":"https:\/\/prmeble.com.pl\/index.php?rest_route=\/wp\/v2\/media\/10870"}],"wp:attachment":[{"href":"https:\/\/prmeble.com.pl\/index.php?rest_route=%2Fwp%2Fv2%2Fmedia&parent=10869"}],"wp:term":[{"taxonomy":"product_brand","embeddable":true,"href":"https:\/\/prmeble.com.pl\/index.php?rest_route=%2Fwp%2Fv2%2Fproduct_brand&post=10869"},{"taxonomy":"product_cat","embeddable":true,"href":"https:\/\/prmeble.com.pl\/index.php?rest_route=%2Fwp%2Fv2%2Fproduct_cat&post=10869"},{"taxonomy":"product_tag","embeddable":true,"href":"https:\/\/prmeble.com.pl\/index.php?rest_route=%2Fwp%2Fv2%2Fproduct_tag&post=10869"}],"curies":[{"name":"wp","href":"https:\/\/api.w.org\/{rel}","templated":true}]}}