{"id":9136,"date":"2024-09-05T12:25:47","date_gmt":"2024-09-05T10:25:47","guid":{"rendered":"https:\/\/prmeble.com.pl\/?page_id=9136"},"modified":"2026-03-17T15:00:48","modified_gmt":"2026-03-17T14:00:48","slug":"koszyk-2","status":"publish","type":"page","link":"https:\/\/prmeble.com.pl\/?page_id=9136","title":{"rendered":"koszyk"},"content":{"rendered":"\t\t<div data-elementor-type=\"wp-page\" data-elementor-id=\"9136\" class=\"elementor elementor-9136\" data-elementor-settings=\"{&quot;ha_cmc_init_switcher&quot;:&quot;no&quot;}\" data-elementor-post-type=\"page\">\n\t\t\t\t\t\t<section class=\"elementor-section elementor-top-section elementor-element elementor-element-3eb8334 elementor-section-boxed elementor-section-height-default elementor-section-height-default exad-glass-effect-no wpr-particle-no wpr-jarallax-no wpr-parallax-no wpr-sticky-section-no wpr-equal-height-no exad-sticky-section-no\" data-id=\"3eb8334\" data-element_type=\"section\" data-e-type=\"section\" data-settings=\"{&quot;_ha_eqh_enable&quot;:false}\">\n\t\t\t\t\t\t<div class=\"elementor-container elementor-column-gap-default\">\n\t\t\t\t\t<div class=\"elementor-column elementor-col-100 elementor-top-column elementor-element elementor-element-ab79c46 exad-glass-effect-no exad-sticky-section-no\" data-id=\"ab79c46\" data-element_type=\"column\" data-e-type=\"column\">\n\t\t\t<div class=\"elementor-widget-wrap elementor-element-populated\">\n\t\t\t\t\t\t<div class=\"elementor-element elementor-element-178280d wpr-cart-vertical wpr-checkout-flex-end exad-sticky-section-no exad-glass-effect-no elementor-widget elementor-widget-wpr-page-cart\" data-id=\"178280d\" data-element_type=\"widget\" data-e-type=\"widget\" data-widget_type=\"wpr-page-cart.default\">\n\t\t\t\t<div class=\"elementor-widget-container\">\n\t\t\t\t\t<div class=\"woocommerce\"><div class=\"woocommerce-notices-wrapper\"><\/div><div class=\"wc-empty-cart-message\">\n\t<div class=\"cart-empty woocommerce-info\">\n\t\tTw\u00f3j koszyk aktualnie jest pusty.\t<\/div>\n<\/div>\t<p class=\"return-to-shop\">\n\t\t<a class=\"button wc-backward\" href=\"https:\/\/prmeble.com.pl\/?page_id=301\">\n\t\t\tWr\u00f3\u0107 do sklepu\t\t<\/a>\n\t<\/p>\n<\/div>\t\t\t\t<\/div>\n\t\t\t\t<\/div>\n\t\t\t\t\t<\/div>\n\t\t<\/div>\n\t\t\t\t\t<\/div>\n\t\t<\/section>\n\t\t\t\t<\/div>\n\t\t","protected":false},"excerpt":{"rendered":"<p>&nbsp; Produkt &nbsp; Cena Ilo\u015b\u0107 Kwota &times; Wersalka Magda 1259,00&nbsp;&#122;&#322; ilo\u015b\u0107 Wersalka Magda 1259,00&nbsp;&#122;&#322; Aktualizuj koszyk Aktywuj kupon Podsumowanie Kwota 1259,00&nbsp;&#122;&#322; Wysy\u0142ka dostawa: 150,00&nbsp;&#122;&#322; Odbi\u00f3r osobisty z Szalonka 33b, 63-645 \u0141\u0119ka Opatowska. Wysy\u0142ka do: Opatowiec 6a, 63-645 \u0141\u0119ka Opatowska. \u0141\u0105cznie 1259,00&nbsp;&#122;&#322; Przejd\u017a do p\u0142atno\u015bci<\/p>\n","protected":false},"author":1,"featured_media":0,"parent":0,"menu_order":0,"comment_status":"closed","ping_status":"closed","template":"","meta":{"footnotes":""},"class_list":["post-9136","page","type-page","status-publish","hentry"],"yoast_head":"<!-- This site is optimized with the Yoast SEO plugin v27.3 - https:\/\/yoast.com\/product\/yoast-seo-wordpress\/ -->\n<title>koszyk - PR MEBLE -tanie i dobre - polski producent - sklep meblowy<\/title>\n<meta name=\"robots\" content=\"index, follow, max-snippet:-1, max-image-preview:large, max-video-preview:-1\" \/>\n<link rel=\"canonical\" href=\"https:\/\/prmeble.com.pl\/?page_id=9136\" \/>\n<meta property=\"og:locale\" content=\"pl_PL\" \/>\n<meta property=\"og:type\" content=\"article\" \/>\n<meta property=\"og:title\" content=\"koszyk - PR MEBLE -tanie i dobre - polski producent - sklep meblowy\" \/>\n<meta property=\"og:description\" content=\"&nbsp; Produkt &nbsp; Cena Ilo\u015b\u0107 Kwota &times; Wersalka Magda 1259,00&nbsp;&#122;&#322; ilo\u015b\u0107 Wersalka Magda 1259,00&nbsp;&#122;&#322; Aktualizuj koszyk Aktywuj kupon Podsumowanie Kwota 1259,00&nbsp;&#122;&#322; Wysy\u0142ka dostawa: 150,00&nbsp;&#122;&#322; Odbi\u00f3r osobisty z Szalonka 33b, 63-645 \u0141\u0119ka Opatowska. Wysy\u0142ka do: Opatowiec 6a, 63-645 \u0141\u0119ka Opatowska. \u0141\u0105cznie 1259,00&nbsp;&#122;&#322; Przejd\u017a do p\u0142atno\u015bci\" \/>\n<meta property=\"og:url\" content=\"https:\/\/prmeble.com.pl\/?page_id=9136\" \/>\n<meta property=\"og:site_name\" content=\"PR MEBLE -tanie i dobre - polski producent - sklep meblowy\" \/>\n<meta property=\"article:publisher\" content=\"https:\/\/www.facebook.com\/PR-MEBLE-274934799714260\" \/>\n<meta property=\"article:modified_time\" content=\"2026-03-17T14:00:48+00:00\" \/>\n<meta property=\"og:image\" content=\"https:\/\/prmeble.com.pl\/wp-content\/uploads\/2023\/07\/wersalka-magda-600x450.png\" \/>\n<meta name=\"twitter:card\" content=\"summary_large_image\" \/>\n<meta name=\"twitter:label1\" content=\"Szacowany czas czytania\" \/>\n\t<meta name=\"twitter:data1\" content=\"1 minuta\" \/>\n<script type=\"application\/ld+json\" class=\"yoast-schema-graph\">{\"@context\":\"https:\\\/\\\/schema.org\",\"@graph\":[{\"@type\":\"WebPage\",\"@id\":\"https:\\\/\\\/prmeble.com.pl\\\/?page_id=9136\",\"url\":\"https:\\\/\\\/prmeble.com.pl\\\/?page_id=9136\",\"name\":\"koszyk - PR MEBLE -tanie i dobre - polski producent - sklep meblowy\",\"isPartOf\":{\"@id\":\"https:\\\/\\\/prmeble.com.pl\\\/#website\"},\"primaryImageOfPage\":{\"@id\":\"https:\\\/\\\/prmeble.com.pl\\\/?page_id=9136#primaryimage\"},\"image\":{\"@id\":\"https:\\\/\\\/prmeble.com.pl\\\/?page_id=9136#primaryimage\"},\"thumbnailUrl\":\"https:\\\/\\\/prmeble.com.pl\\\/wp-content\\\/uploads\\\/2023\\\/07\\\/wersalka-magda-600x450.png\",\"datePublished\":\"2024-09-05T10:25:47+00:00\",\"dateModified\":\"2026-03-17T14:00:48+00:00\",\"breadcrumb\":{\"@id\":\"https:\\\/\\\/prmeble.com.pl\\\/?page_id=9136#breadcrumb\"},\"inLanguage\":\"pl-PL\",\"potentialAction\":[{\"@type\":\"ReadAction\",\"target\":[\"https:\\\/\\\/prmeble.com.pl\\\/?page_id=9136\"]}]},{\"@type\":\"ImageObject\",\"inLanguage\":\"pl-PL\",\"@id\":\"https:\\\/\\\/prmeble.com.pl\\\/?page_id=9136#primaryimage\",\"url\":\"https:\\\/\\\/prmeble.com.pl\\\/wp-content\\\/uploads\\\/2023\\\/07\\\/wersalka-magda.png\",\"contentUrl\":\"https:\\\/\\\/prmeble.com.pl\\\/wp-content\\\/uploads\\\/2023\\\/07\\\/wersalka-magda.png\",\"width\":4032,\"height\":3024},{\"@type\":\"BreadcrumbList\",\"@id\":\"https:\\\/\\\/prmeble.com.pl\\\/?page_id=9136#breadcrumb\",\"itemListElement\":[{\"@type\":\"ListItem\",\"position\":1,\"name\":\"Strona g\u0142\u00f3wna\",\"item\":\"https:\\\/\\\/prmeble.com.pl\\\/\"},{\"@type\":\"ListItem\",\"position\":2,\"name\":\"koszyk\"}]},{\"@type\":\"WebSite\",\"@id\":\"https:\\\/\\\/prmeble.com.pl\\\/#website\",\"url\":\"https:\\\/\\\/prmeble.com.pl\\\/\",\"name\":\"Pr Meble\",\"description\":\"Tworzymy i sprzedajemy meble tapicerowane. W asortymencie mamy bardzo piekne i nowoczesne naro\u017cniki oraz modne kanapy.\",\"publisher\":{\"@id\":\"https:\\\/\\\/prmeble.com.pl\\\/#organization\"},\"potentialAction\":[{\"@type\":\"SearchAction\",\"target\":{\"@type\":\"EntryPoint\",\"urlTemplate\":\"https:\\\/\\\/prmeble.com.pl\\\/?s={search_term_string}\"},\"query-input\":{\"@type\":\"PropertyValueSpecification\",\"valueRequired\":true,\"valueName\":\"search_term_string\"}}],\"inLanguage\":\"pl-PL\"},{\"@type\":\"Organization\",\"@id\":\"https:\\\/\\\/prmeble.com.pl\\\/#organization\",\"name\":\"Prmeble\",\"url\":\"https:\\\/\\\/prmeble.com.pl\\\/\",\"logo\":{\"@type\":\"ImageObject\",\"inLanguage\":\"pl-PL\",\"@id\":\"https:\\\/\\\/prmeble.com.pl\\\/#\\\/schema\\\/logo\\\/image\\\/\",\"url\":\"https:\\\/\\\/prmeble.com.pl\\\/wp-content\\\/uploads\\\/2021\\\/10\\\/logo.jpg\",\"contentUrl\":\"https:\\\/\\\/prmeble.com.pl\\\/wp-content\\\/uploads\\\/2021\\\/10\\\/logo.jpg\",\"width\":550,\"height\":400,\"caption\":\"Prmeble\"},\"image\":{\"@id\":\"https:\\\/\\\/prmeble.com.pl\\\/#\\\/schema\\\/logo\\\/image\\\/\"},\"sameAs\":[\"https:\\\/\\\/www.facebook.com\\\/PR-MEBLE-274934799714260\"]}]}<\/script>\n<!-- \/ Yoast SEO plugin. -->","yoast_head_json":{"title":"koszyk - PR MEBLE -tanie i dobre - polski producent - sklep meblowy","robots":{"index":"index","follow":"follow","max-snippet":"max-snippet:-1","max-image-preview":"max-image-preview:large","max-video-preview":"max-video-preview:-1"},"canonical":"https:\/\/prmeble.com.pl\/?page_id=9136","og_locale":"pl_PL","og_type":"article","og_title":"koszyk - PR MEBLE -tanie i dobre - polski producent - sklep meblowy","og_description":"&nbsp; Produkt &nbsp; Cena Ilo\u015b\u0107 Kwota &times; Wersalka Magda 1259,00&nbsp;&#122;&#322; ilo\u015b\u0107 Wersalka Magda 1259,00&nbsp;&#122;&#322; Aktualizuj koszyk Aktywuj kupon Podsumowanie Kwota 1259,00&nbsp;&#122;&#322; Wysy\u0142ka dostawa: 150,00&nbsp;&#122;&#322; Odbi\u00f3r osobisty z Szalonka 33b, 63-645 \u0141\u0119ka Opatowska. Wysy\u0142ka do: Opatowiec 6a, 63-645 \u0141\u0119ka Opatowska. \u0141\u0105cznie 1259,00&nbsp;&#122;&#322; Przejd\u017a do p\u0142atno\u015bci","og_url":"https:\/\/prmeble.com.pl\/?page_id=9136","og_site_name":"PR MEBLE -tanie i dobre - polski producent - sklep meblowy","article_publisher":"https:\/\/www.facebook.com\/PR-MEBLE-274934799714260","article_modified_time":"2026-03-17T14:00:48+00:00","og_image":[{"url":"https:\/\/prmeble.com.pl\/wp-content\/uploads\/2023\/07\/wersalka-magda-600x450.png","type":"","width":"","height":""}],"twitter_card":"summary_large_image","twitter_misc":{"Szacowany czas czytania":"1 minuta"},"schema":{"@context":"https:\/\/schema.org","@graph":[{"@type":"WebPage","@id":"https:\/\/prmeble.com.pl\/?page_id=9136","url":"https:\/\/prmeble.com.pl\/?page_id=9136","name":"koszyk - PR MEBLE -tanie i dobre - polski producent - sklep meblowy","isPartOf":{"@id":"https:\/\/prmeble.com.pl\/#website"},"primaryImageOfPage":{"@id":"https:\/\/prmeble.com.pl\/?page_id=9136#primaryimage"},"image":{"@id":"https:\/\/prmeble.com.pl\/?page_id=9136#primaryimage"},"thumbnailUrl":"https:\/\/prmeble.com.pl\/wp-content\/uploads\/2023\/07\/wersalka-magda-600x450.png","datePublished":"2024-09-05T10:25:47+00:00","dateModified":"2026-03-17T14:00:48+00:00","breadcrumb":{"@id":"https:\/\/prmeble.com.pl\/?page_id=9136#breadcrumb"},"inLanguage":"pl-PL","potentialAction":[{"@type":"ReadAction","target":["https:\/\/prmeble.com.pl\/?page_id=9136"]}]},{"@type":"ImageObject","inLanguage":"pl-PL","@id":"https:\/\/prmeble.com.pl\/?page_id=9136#primaryimage","url":"https:\/\/prmeble.com.pl\/wp-content\/uploads\/2023\/07\/wersalka-magda.png","contentUrl":"https:\/\/prmeble.com.pl\/wp-content\/uploads\/2023\/07\/wersalka-magda.png","width":4032,"height":3024},{"@type":"BreadcrumbList","@id":"https:\/\/prmeble.com.pl\/?page_id=9136#breadcrumb","itemListElement":[{"@type":"ListItem","position":1,"name":"Strona g\u0142\u00f3wna","item":"https:\/\/prmeble.com.pl\/"},{"@type":"ListItem","position":2,"name":"koszyk"}]},{"@type":"WebSite","@id":"https:\/\/prmeble.com.pl\/#website","url":"https:\/\/prmeble.com.pl\/","name":"Pr Meble","description":"Tworzymy i sprzedajemy meble tapicerowane. W asortymencie mamy bardzo piekne i nowoczesne naro\u017cniki oraz modne kanapy.","publisher":{"@id":"https:\/\/prmeble.com.pl\/#organization"},"potentialAction":[{"@type":"SearchAction","target":{"@type":"EntryPoint","urlTemplate":"https:\/\/prmeble.com.pl\/?s={search_term_string}"},"query-input":{"@type":"PropertyValueSpecification","valueRequired":true,"valueName":"search_term_string"}}],"inLanguage":"pl-PL"},{"@type":"Organization","@id":"https:\/\/prmeble.com.pl\/#organization","name":"Prmeble","url":"https:\/\/prmeble.com.pl\/","logo":{"@type":"ImageObject","inLanguage":"pl-PL","@id":"https:\/\/prmeble.com.pl\/#\/schema\/logo\/image\/","url":"https:\/\/prmeble.com.pl\/wp-content\/uploads\/2021\/10\/logo.jpg","contentUrl":"https:\/\/prmeble.com.pl\/wp-content\/uploads\/2021\/10\/logo.jpg","width":550,"height":400,"caption":"Prmeble"},"image":{"@id":"https:\/\/prmeble.com.pl\/#\/schema\/logo\/image\/"},"sameAs":["https:\/\/www.facebook.com\/PR-MEBLE-274934799714260"]}]}},"_links":{"self":[{"href":"https:\/\/prmeble.com.pl\/index.php?rest_route=\/wp\/v2\/pages\/9136","targetHints":{"allow":["GET"]}}],"collection":[{"href":"https:\/\/prmeble.com.pl\/index.php?rest_route=\/wp\/v2\/pages"}],"about":[{"href":"https:\/\/prmeble.com.pl\/index.php?rest_route=\/wp\/v2\/types\/page"}],"author":[{"embeddable":true,"href":"https:\/\/prmeble.com.pl\/index.php?rest_route=\/wp\/v2\/users\/1"}],"replies":[{"embeddable":true,"href":"https:\/\/prmeble.com.pl\/index.php?rest_route=%2Fwp%2Fv2%2Fcomments&post=9136"}],"version-history":[{"count":17,"href":"https:\/\/prmeble.com.pl\/index.php?rest_route=\/wp\/v2\/pages\/9136\/revisions"}],"predecessor-version":[{"id":12400,"href":"https:\/\/prmeble.com.pl\/index.php?rest_route=\/wp\/v2\/pages\/9136\/revisions\/12400"}],"wp:attachment":[{"href":"https:\/\/prmeble.com.pl\/index.php?rest_route=%2Fwp%2Fv2%2Fmedia&parent=9136"}],"curies":[{"name":"wp","href":"https:\/\/api.w.org\/{rel}","templated":true}]}}