{"id":7976,"date":"2024-05-17T15:24:09","date_gmt":"2024-05-17T13:24:09","guid":{"rendered":"https:\/\/prmeble.com.pl\/?page_id=7976"},"modified":"2024-11-19T09:26:55","modified_gmt":"2024-11-19T08:26:55","slug":"konsole","status":"publish","type":"page","link":"https:\/\/prmeble.com.pl\/?page_id=7976","title":{"rendered":"Konsole"},"content":{"rendered":"\t\t<div data-elementor-type=\"wp-page\" data-elementor-id=\"7976\" class=\"elementor elementor-7976\" data-elementor-settings=\"{&quot;ha_cmc_init_switcher&quot;:&quot;no&quot;}\" data-elementor-post-type=\"page\">\n\t\t\t\t\t\t<section class=\"elementor-section elementor-top-section elementor-element elementor-element-6ca11bc elementor-section-boxed elementor-section-height-default elementor-section-height-default exad-glass-effect-no wpr-particle-no wpr-jarallax-no wpr-parallax-no wpr-sticky-section-no wpr-equal-height-no exad-sticky-section-no\" data-id=\"6ca11bc\" data-element_type=\"section\" data-e-type=\"section\" data-settings=\"{&quot;_ha_eqh_enable&quot;:false}\">\n\t\t\t\t\t\t<div class=\"elementor-container elementor-column-gap-default\">\n\t\t\t\t\t<div class=\"elementor-column elementor-col-100 elementor-top-column elementor-element elementor-element-d32dfd7 exad-glass-effect-no exad-sticky-section-no\" data-id=\"d32dfd7\" data-element_type=\"column\" data-e-type=\"column\">\n\t\t\t<div class=\"elementor-widget-wrap elementor-element-populated\">\n\t\t\t\t\t\t<div class=\"elementor-element elementor-element-0903fbf exad-sticky-section-no exad-glass-effect-no elementor-widget elementor-widget-spacer\" data-id=\"0903fbf\" data-element_type=\"widget\" data-e-type=\"widget\" data-widget_type=\"spacer.default\">\n\t\t\t\t<div class=\"elementor-widget-container\">\n\t\t\t\t\t\t\t<div class=\"elementor-spacer\">\n\t\t\t<div class=\"elementor-spacer-inner\"><\/div>\n\t\t<\/div>\n\t\t\t\t\t\t<\/div>\n\t\t\t\t<\/div>\n\t\t\t\t\t<\/div>\n\t\t<\/div>\n\t\t\t\t\t<\/div>\n\t\t<\/section>\n\t\t\t\t<section class=\"elementor-section elementor-top-section elementor-element elementor-element-ac97f69 elementor-section-boxed elementor-section-height-default elementor-section-height-default exad-glass-effect-no wpr-particle-no wpr-jarallax-no wpr-parallax-no wpr-sticky-section-no wpr-equal-height-no exad-sticky-section-no\" data-id=\"ac97f69\" data-element_type=\"section\" data-e-type=\"section\" data-settings=\"{&quot;_ha_eqh_enable&quot;:false}\">\n\t\t\t\t\t\t<div class=\"elementor-container elementor-column-gap-default\">\n\t\t\t\t\t<div class=\"elementor-column elementor-col-100 elementor-top-column elementor-element elementor-element-60ccbe4 exad-glass-effect-no exad-sticky-section-no\" data-id=\"60ccbe4\" data-element_type=\"column\" data-e-type=\"column\">\n\t\t\t<div class=\"elementor-widget-wrap elementor-element-populated\">\n\t\t\t\t\t\t<div class=\"elementor-element elementor-element-5564c7e exad-sticky-section-no exad-glass-effect-no elementor-widget elementor-widget-heading\" data-id=\"5564c7e\" data-element_type=\"widget\" data-e-type=\"widget\" data-widget_type=\"heading.default\">\n\t\t\t\t<div class=\"elementor-widget-container\">\n\t\t\t\t\t<h2 class=\"elementor-heading-title elementor-size-default\">Konsole<\/h2>\t\t\t\t<\/div>\n\t\t\t\t<\/div>\n\t\t\t\t<div class=\"elementor-element elementor-element-41cf7f0 exad-sticky-section-no exad-glass-effect-no elementor-widget elementor-widget-text-editor\" data-id=\"41cf7f0\" data-element_type=\"widget\" data-e-type=\"widget\" data-widget_type=\"text-editor.default\">\n\t\t\t\t<div class=\"elementor-widget-container\">\n\t\t\t\t\t\t\t\t\t<p>Znajdziesz tutaj szeroki wyb\u00f3r konsol zar\u00f3wno spawanych, jak i skr\u0119cane. Oferujemy modele\u00a0 dostosowane do r\u00f3\u017cnorodnych gust\u00f3w i potrzeb.<\/p>\t\t\t\t\t\t\t\t<\/div>\n\t\t\t\t<\/div>\n\t\t\t\t\t<\/div>\n\t\t<\/div>\n\t\t\t\t\t<\/div>\n\t\t<\/section>\n\t\t\t\t<section class=\"elementor-section elementor-top-section elementor-element elementor-element-045c959 elementor-section-boxed elementor-section-height-default elementor-section-height-default exad-glass-effect-no wpr-particle-no wpr-jarallax-no wpr-parallax-no wpr-sticky-section-no wpr-equal-height-no exad-sticky-section-no\" data-id=\"045c959\" data-element_type=\"section\" data-e-type=\"section\" data-settings=\"{&quot;_ha_eqh_enable&quot;:false}\">\n\t\t\t\t\t\t<div class=\"elementor-container elementor-column-gap-default\">\n\t\t\t\t\t<div class=\"elementor-column elementor-col-100 elementor-top-column elementor-element elementor-element-321848d exad-glass-effect-no exad-sticky-section-no\" data-id=\"321848d\" data-element_type=\"column\" data-e-type=\"column\">\n\t\t\t<div class=\"elementor-widget-wrap elementor-element-populated\">\n\t\t\t\t\t\t<div class=\"elementor-element elementor-element-18aeeb9 eael-product-grid-column-4 exad-sticky-section-no exad-glass-effect-no elementor-widget elementor-widget-eicon-woocommerce\" data-id=\"18aeeb9\" data-element_type=\"widget\" data-e-type=\"widget\" data-widget_type=\"eicon-woocommerce.default\">\n\t\t\t\t<div class=\"elementor-widget-container\">\n\t\t\t\t\t\n        <div class=\"eael-product-grid eael-product-simple grid\" id=\"eael-product-grid\" data-widget-id=\"18aeeb9\" data-page-id=\"7976\" data-nonce=\"6b81ded01e\" >\n            <div class=\"woocommerce\">\n                <ul class=\"products eael-post-appender eael-post-appender-18aeeb9\" data-ssi-desktop=\"no\" data-ssi-tablet=\"no\" data-ssi-mobile=\"no\" data-layout-mode=\"grid\"> <li class=\"product \">\n<div class=\"eael-product-wrap\" data-src=\"\" data-src-hover=\"\">\n    <a href=\"https:\/\/prmeble.com.pl\/?product=konsola-toffe-600x200\" class=\"woocommerce-LoopProduct-link woocommerce-loop-product__link\"><img fetchpriority=\"high\" decoding=\"async\" width=\"1072\" height=\"1019\" src=\"https:\/\/prmeble.com.pl\/wp-content\/uploads\/2024\/05\/zdj-glowne-3.jpg\" class=\"attachment-woocommerce_thumbnail size-woocommerce_thumbnail wvs-archive-product-image wp-post-image\" alt=\"Konsola z profilu Toffe 600x200\" loading=\"eager\" srcset=\"https:\/\/prmeble.com.pl\/wp-content\/uploads\/2024\/05\/zdj-glowne-3.jpg 1072w, https:\/\/prmeble.com.pl\/wp-content\/uploads\/2024\/05\/zdj-glowne-3-800x760.jpg 800w, https:\/\/prmeble.com.pl\/wp-content\/uploads\/2024\/05\/zdj-glowne-3-300x285.jpg 300w, https:\/\/prmeble.com.pl\/wp-content\/uploads\/2024\/05\/zdj-glowne-3-1024x973.jpg 1024w, https:\/\/prmeble.com.pl\/wp-content\/uploads\/2024\/05\/zdj-glowne-3-768x730.jpg 768w\" sizes=\"(max-width: 1072px) 100vw, 1072px\" \/><\/a><div class=\"eael-product-title\">\n    <a href=\"https:\/\/prmeble.com.pl\/?product=konsola-toffe-600x200\" class=\"woocommerce-LoopProduct-link woocommerce-loop-product__link\"><h2 class=\"woocommerce-loop-product__title\">Konsola z profilu Toffe 600x200<\/h2><\/a>\n    <\/div><div class=\"eael-product-price\"><del aria-hidden=\"true\"><span class=\"woocommerce-Price-amount amount\"><bdi>240,00&nbsp;<span class=\"woocommerce-Price-currencySymbol\">&#122;&#322;<\/span><\/bdi><\/span><\/del> <span class=\"screen-reader-text\">Pierwotna cena wynosi\u0142a: 240,00&nbsp;&#122;&#322;.<\/span><ins aria-hidden=\"true\"><span class=\"woocommerce-Price-amount amount\"><bdi>220,00&nbsp;<span class=\"woocommerce-Price-currencySymbol\">&#122;&#322;<\/span><\/bdi><\/span><\/ins><span class=\"screen-reader-text\">Aktualna cena wynosi: 220,00&nbsp;&#122;&#322;.<\/span><\/div>    <a href=\"https:\/\/prmeble.com.pl\/?add-to-cart=7960\" aria-describedby=\"woocommerce_loop_add_to_cart_link_describedby_7960\" data-quantity=\"1\" class=\"button product_type_simple add_to_cart_button\" data-product_id=\"7960\" data-product_sku=\"\" aria-label=\"Dodaj do koszyka: &bdquo;Konsola z profilu Toffe 600x200&rdquo;\" rel=\"nofollow\" data-success_message=\"&ldquo;Konsola z profilu Toffe 600x200&rdquo; zosta\u0142 dodany do twojego koszyka\">Dodaj do koszyka<\/a>\t<span id=\"woocommerce_loop_add_to_cart_link_describedby_7960\" class=\"screen-reader-text\">\n\t\t\t<\/span>\n    \n<\/div>\n\n<\/li> <li class=\"product \">\n<div class=\"eael-product-wrap\" data-src=\"\" data-src-hover=\"\">\n    <a href=\"https:\/\/prmeble.com.pl\/?product=konsola-podwojna-lofee-600x200\" class=\"woocommerce-LoopProduct-link woocommerce-loop-product__link\"><img decoding=\"async\" width=\"1072\" height=\"1019\" src=\"https:\/\/prmeble.com.pl\/wp-content\/uploads\/2024\/05\/glowne-zdj.jpg\" class=\"attachment-woocommerce_thumbnail size-woocommerce_thumbnail wvs-archive-product-image wp-post-image\" alt=\"Konsola z drutu podw\u00f3jna LOFEE 600x200\" loading=\"eager\" srcset=\"https:\/\/prmeble.com.pl\/wp-content\/uploads\/2024\/05\/glowne-zdj.jpg 1072w, https:\/\/prmeble.com.pl\/wp-content\/uploads\/2024\/05\/glowne-zdj-800x760.jpg 800w, https:\/\/prmeble.com.pl\/wp-content\/uploads\/2024\/05\/glowne-zdj-300x285.jpg 300w, https:\/\/prmeble.com.pl\/wp-content\/uploads\/2024\/05\/glowne-zdj-1024x973.jpg 1024w, https:\/\/prmeble.com.pl\/wp-content\/uploads\/2024\/05\/glowne-zdj-768x730.jpg 768w\" sizes=\"(max-width: 1072px) 100vw, 1072px\" \/><\/a><div class=\"eael-product-title\">\n    <a href=\"https:\/\/prmeble.com.pl\/?product=konsola-podwojna-lofee-600x200\" class=\"woocommerce-LoopProduct-link woocommerce-loop-product__link\"><h2 class=\"woocommerce-loop-product__title\">Konsola z drutu podw\u00f3jna LOFEE 600x200<\/h2><\/a>\n    <\/div><div class=\"eael-product-price\"><span class=\"woocommerce-Price-amount amount\"><bdi>199,99&nbsp;<span class=\"woocommerce-Price-currencySymbol\">&#122;&#322;<\/span><\/bdi><\/span><\/div>    <a href=\"https:\/\/prmeble.com.pl\/?add-to-cart=7957\" aria-describedby=\"woocommerce_loop_add_to_cart_link_describedby_7957\" data-quantity=\"1\" class=\"button product_type_simple add_to_cart_button\" data-product_id=\"7957\" data-product_sku=\"\" aria-label=\"Dodaj do koszyka: &bdquo;Konsola z drutu podw\u00f3jna LOFEE 600x200&rdquo;\" rel=\"nofollow\" data-success_message=\"&ldquo;Konsola z drutu podw\u00f3jna LOFEE 600x200&rdquo; zosta\u0142 dodany do twojego koszyka\">Dodaj do koszyka<\/a>\t<span id=\"woocommerce_loop_add_to_cart_link_describedby_7957\" class=\"screen-reader-text\">\n\t\t\t<\/span>\n    \n<\/div>\n\n<\/li> <li class=\"product \">\n<div class=\"eael-product-wrap\" data-src=\"\" data-src-hover=\"\">\n    <a href=\"https:\/\/prmeble.com.pl\/?product=7945\" class=\"woocommerce-LoopProduct-link woocommerce-loop-product__link\"><img decoding=\"async\" width=\"1072\" height=\"1019\" src=\"https:\/\/prmeble.com.pl\/wp-content\/uploads\/2024\/05\/zdj-glowne-2.jpg\" class=\"attachment-woocommerce_thumbnail size-woocommerce_thumbnail wvs-archive-product-image wp-post-image\" alt=\"Konsola z drutu LOFEE 600x200\" loading=\"eager\" srcset=\"https:\/\/prmeble.com.pl\/wp-content\/uploads\/2024\/05\/zdj-glowne-2.jpg 1072w, https:\/\/prmeble.com.pl\/wp-content\/uploads\/2024\/05\/zdj-glowne-2-800x760.jpg 800w, https:\/\/prmeble.com.pl\/wp-content\/uploads\/2024\/05\/zdj-glowne-2-300x285.jpg 300w, https:\/\/prmeble.com.pl\/wp-content\/uploads\/2024\/05\/zdj-glowne-2-1024x973.jpg 1024w, https:\/\/prmeble.com.pl\/wp-content\/uploads\/2024\/05\/zdj-glowne-2-768x730.jpg 768w\" sizes=\"(max-width: 1072px) 100vw, 1072px\" \/><\/a><div class=\"eael-product-title\">\n    <a href=\"https:\/\/prmeble.com.pl\/?product=7945\" class=\"woocommerce-LoopProduct-link woocommerce-loop-product__link\"><h2 class=\"woocommerce-loop-product__title\">Konsola z drutu LOFEE 600x200<\/h2><\/a>\n    <\/div><div class=\"eael-product-price\"><span class=\"woocommerce-Price-amount amount\"><bdi>164,99&nbsp;<span class=\"woocommerce-Price-currencySymbol\">&#122;&#322;<\/span><\/bdi><\/span><\/div>    <a href=\"https:\/\/prmeble.com.pl\/?add-to-cart=7945\" aria-describedby=\"woocommerce_loop_add_to_cart_link_describedby_7945\" data-quantity=\"1\" class=\"button product_type_simple add_to_cart_button\" data-product_id=\"7945\" data-product_sku=\"\" aria-label=\"Dodaj do koszyka: &bdquo;Konsola z drutu LOFEE 600x200&rdquo;\" rel=\"nofollow\" data-success_message=\"&ldquo;Konsola z drutu LOFEE 600x200&rdquo; zosta\u0142 dodany do twojego koszyka\">Dodaj do koszyka<\/a>\t<span id=\"woocommerce_loop_add_to_cart_link_describedby_7945\" class=\"screen-reader-text\">\n\t\t\t<\/span>\n    \n<\/div>\n\n<\/li><\/ul>            <\/div>\n        <\/div>\n\n        <script type=\"text\/javascript\">\n            jQuery(document).ready(function($) {\n                var $scope = jQuery(\".elementor-element-18aeeb9\");\n                var $products = $('.products', $scope);\n                var $layout_mode = $products.data('layout-mode');\n                \n                if ( $layout_mode === 'masonry' ) {\n                    \/\/ init isotope\n                    var $isotope_products = $products.isotope({\n                        itemSelector: \"li.product\",\n                        layoutMode: $layout_mode,\n                        percentPosition: true\n                    });\n\n                    $isotope_products.imagesLoaded().progress( function() {\n                        $isotope_products.isotope('layout');\n                    })\n                    \n                }\n            });\n        <\/script>\n        \t\t\t\t<\/div>\n\t\t\t\t<\/div>\n\t\t\t\t\t<\/div>\n\t\t<\/div>\n\t\t\t\t\t<\/div>\n\t\t<\/section>\n\t\t\t\t<\/div>\n\t\t","protected":false},"excerpt":{"rendered":"<p>Konsole Znajdziesz tutaj szeroki wyb\u00f3r konsol zar\u00f3wno spawanych, jak i skr\u0119cane. Oferujemy modele\u00a0 dostosowane do r\u00f3\u017cnorodnych gust\u00f3w i potrzeb. Konsola z profilu Toffe 600&#215;200 240,00&nbsp;&#122;&#322; Original price was: 240,00&nbsp;&#122;&#322;.220,00&nbsp;&#122;&#322;Current price is: 220,00&nbsp;&#122;&#322;.PROMOCJA Dodaj do koszyka Konsola z drutu podw\u00f3jna LOFEE 600&#215;200 199,99&nbsp;&#122;&#322; Dodaj do koszyka Konsola z drutu LOFEE 600&#215;200 164,99&nbsp;&#122;&#322; Dodaj do koszyka<\/p>\n","protected":false},"author":1,"featured_media":0,"parent":0,"menu_order":0,"comment_status":"closed","ping_status":"closed","template":"","meta":{"footnotes":""},"class_list":["post-7976","page","type-page","status-publish","hentry"],"yoast_head":"<!-- This site is optimized with the Yoast SEO plugin v27.3 - https:\/\/yoast.com\/product\/yoast-seo-wordpress\/ -->\n<title>Konsole - PR MEBLE -tanie i dobre - polski producent - sklep meblowy<\/title>\n<meta name=\"robots\" content=\"index, follow, max-snippet:-1, max-image-preview:large, max-video-preview:-1\" \/>\n<link rel=\"canonical\" href=\"https:\/\/prmeble.com.pl\/?page_id=7976\" \/>\n<meta property=\"og:locale\" content=\"pl_PL\" \/>\n<meta property=\"og:type\" content=\"article\" \/>\n<meta property=\"og:title\" content=\"Konsole - PR MEBLE -tanie i dobre - polski producent - sklep meblowy\" \/>\n<meta property=\"og:description\" content=\"Konsole Znajdziesz tutaj szeroki wyb\u00f3r konsol zar\u00f3wno spawanych, jak i skr\u0119cane. Oferujemy modele\u00a0 dostosowane do r\u00f3\u017cnorodnych gust\u00f3w i potrzeb. Konsola z profilu Toffe 600&#215;200 240,00&nbsp;&#122;&#322; Original price was: 240,00&nbsp;&#122;&#322;.220,00&nbsp;&#122;&#322;Current price is: 220,00&nbsp;&#122;&#322;.PROMOCJA Dodaj do koszyka Konsola z drutu podw\u00f3jna LOFEE 600&#215;200 199,99&nbsp;&#122;&#322; Dodaj do koszyka Konsola z drutu LOFEE 600&#215;200 164,99&nbsp;&#122;&#322; Dodaj do koszyka\" \/>\n<meta property=\"og:url\" content=\"https:\/\/prmeble.com.pl\/?page_id=7976\" \/>\n<meta property=\"og:site_name\" content=\"PR MEBLE -tanie i dobre - polski producent - sklep meblowy\" \/>\n<meta property=\"article:publisher\" content=\"https:\/\/www.facebook.com\/PR-MEBLE-274934799714260\" \/>\n<meta property=\"article:modified_time\" content=\"2024-11-19T08:26:55+00:00\" \/>\n<meta property=\"og:image\" content=\"https:\/\/prmeble.com.pl\/wp-content\/uploads\/2024\/05\/zdj-glowne-3.jpg\" \/>\n<meta name=\"twitter:card\" content=\"summary_large_image\" \/>\n<meta name=\"twitter:label1\" content=\"Szacowany czas czytania\" \/>\n\t<meta name=\"twitter:data1\" content=\"1 minuta\" \/>\n<script type=\"application\/ld+json\" class=\"yoast-schema-graph\">{\"@context\":\"https:\\\/\\\/schema.org\",\"@graph\":[{\"@type\":\"WebPage\",\"@id\":\"https:\\\/\\\/prmeble.com.pl\\\/?page_id=7976\",\"url\":\"https:\\\/\\\/prmeble.com.pl\\\/?page_id=7976\",\"name\":\"Konsole - PR MEBLE -tanie i dobre - polski producent - sklep meblowy\",\"isPartOf\":{\"@id\":\"https:\\\/\\\/prmeble.com.pl\\\/#website\"},\"primaryImageOfPage\":{\"@id\":\"https:\\\/\\\/prmeble.com.pl\\\/?page_id=7976#primaryimage\"},\"image\":{\"@id\":\"https:\\\/\\\/prmeble.com.pl\\\/?page_id=7976#primaryimage\"},\"thumbnailUrl\":\"https:\\\/\\\/prmeble.com.pl\\\/wp-content\\\/uploads\\\/2024\\\/05\\\/zdj-glowne-3.jpg\",\"datePublished\":\"2024-05-17T13:24:09+00:00\",\"dateModified\":\"2024-11-19T08:26:55+00:00\",\"breadcrumb\":{\"@id\":\"https:\\\/\\\/prmeble.com.pl\\\/?page_id=7976#breadcrumb\"},\"inLanguage\":\"pl-PL\",\"potentialAction\":[{\"@type\":\"ReadAction\",\"target\":[\"https:\\\/\\\/prmeble.com.pl\\\/?page_id=7976\"]}]},{\"@type\":\"ImageObject\",\"inLanguage\":\"pl-PL\",\"@id\":\"https:\\\/\\\/prmeble.com.pl\\\/?page_id=7976#primaryimage\",\"url\":\"https:\\\/\\\/prmeble.com.pl\\\/wp-content\\\/uploads\\\/2024\\\/05\\\/zdj-glowne-3.jpg\",\"contentUrl\":\"https:\\\/\\\/prmeble.com.pl\\\/wp-content\\\/uploads\\\/2024\\\/05\\\/zdj-glowne-3.jpg\",\"width\":1072,\"height\":1019},{\"@type\":\"BreadcrumbList\",\"@id\":\"https:\\\/\\\/prmeble.com.pl\\\/?page_id=7976#breadcrumb\",\"itemListElement\":[{\"@type\":\"ListItem\",\"position\":1,\"name\":\"Strona g\u0142\u00f3wna\",\"item\":\"https:\\\/\\\/prmeble.com.pl\\\/\"},{\"@type\":\"ListItem\",\"position\":2,\"name\":\"Konsole\"}]},{\"@type\":\"WebSite\",\"@id\":\"https:\\\/\\\/prmeble.com.pl\\\/#website\",\"url\":\"https:\\\/\\\/prmeble.com.pl\\\/\",\"name\":\"Pr Meble\",\"description\":\"Tworzymy i sprzedajemy meble tapicerowane. W asortymencie mamy bardzo piekne i nowoczesne naro\u017cniki oraz modne kanapy.\",\"publisher\":{\"@id\":\"https:\\\/\\\/prmeble.com.pl\\\/#organization\"},\"potentialAction\":[{\"@type\":\"SearchAction\",\"target\":{\"@type\":\"EntryPoint\",\"urlTemplate\":\"https:\\\/\\\/prmeble.com.pl\\\/?s={search_term_string}\"},\"query-input\":{\"@type\":\"PropertyValueSpecification\",\"valueRequired\":true,\"valueName\":\"search_term_string\"}}],\"inLanguage\":\"pl-PL\"},{\"@type\":\"Organization\",\"@id\":\"https:\\\/\\\/prmeble.com.pl\\\/#organization\",\"name\":\"Prmeble\",\"url\":\"https:\\\/\\\/prmeble.com.pl\\\/\",\"logo\":{\"@type\":\"ImageObject\",\"inLanguage\":\"pl-PL\",\"@id\":\"https:\\\/\\\/prmeble.com.pl\\\/#\\\/schema\\\/logo\\\/image\\\/\",\"url\":\"https:\\\/\\\/prmeble.com.pl\\\/wp-content\\\/uploads\\\/2021\\\/10\\\/logo.jpg\",\"contentUrl\":\"https:\\\/\\\/prmeble.com.pl\\\/wp-content\\\/uploads\\\/2021\\\/10\\\/logo.jpg\",\"width\":550,\"height\":400,\"caption\":\"Prmeble\"},\"image\":{\"@id\":\"https:\\\/\\\/prmeble.com.pl\\\/#\\\/schema\\\/logo\\\/image\\\/\"},\"sameAs\":[\"https:\\\/\\\/www.facebook.com\\\/PR-MEBLE-274934799714260\"]}]}<\/script>\n<!-- \/ Yoast SEO plugin. -->","yoast_head_json":{"title":"Konsole - PR MEBLE -tanie i dobre - polski producent - sklep meblowy","robots":{"index":"index","follow":"follow","max-snippet":"max-snippet:-1","max-image-preview":"max-image-preview:large","max-video-preview":"max-video-preview:-1"},"canonical":"https:\/\/prmeble.com.pl\/?page_id=7976","og_locale":"pl_PL","og_type":"article","og_title":"Konsole - PR MEBLE -tanie i dobre - polski producent - sklep meblowy","og_description":"Konsole Znajdziesz tutaj szeroki wyb\u00f3r konsol zar\u00f3wno spawanych, jak i skr\u0119cane. Oferujemy modele\u00a0 dostosowane do r\u00f3\u017cnorodnych gust\u00f3w i potrzeb. Konsola z profilu Toffe 600&#215;200 240,00&nbsp;&#122;&#322; Original price was: 240,00&nbsp;&#122;&#322;.220,00&nbsp;&#122;&#322;Current price is: 220,00&nbsp;&#122;&#322;.PROMOCJA Dodaj do koszyka Konsola z drutu podw\u00f3jna LOFEE 600&#215;200 199,99&nbsp;&#122;&#322; Dodaj do koszyka Konsola z drutu LOFEE 600&#215;200 164,99&nbsp;&#122;&#322; Dodaj do koszyka","og_url":"https:\/\/prmeble.com.pl\/?page_id=7976","og_site_name":"PR MEBLE -tanie i dobre - polski producent - sklep meblowy","article_publisher":"https:\/\/www.facebook.com\/PR-MEBLE-274934799714260","article_modified_time":"2024-11-19T08:26:55+00:00","og_image":[{"url":"https:\/\/prmeble.com.pl\/wp-content\/uploads\/2024\/05\/zdj-glowne-3.jpg","type":"","width":"","height":""}],"twitter_card":"summary_large_image","twitter_misc":{"Szacowany czas czytania":"1 minuta"},"schema":{"@context":"https:\/\/schema.org","@graph":[{"@type":"WebPage","@id":"https:\/\/prmeble.com.pl\/?page_id=7976","url":"https:\/\/prmeble.com.pl\/?page_id=7976","name":"Konsole - PR MEBLE -tanie i dobre - polski producent - sklep meblowy","isPartOf":{"@id":"https:\/\/prmeble.com.pl\/#website"},"primaryImageOfPage":{"@id":"https:\/\/prmeble.com.pl\/?page_id=7976#primaryimage"},"image":{"@id":"https:\/\/prmeble.com.pl\/?page_id=7976#primaryimage"},"thumbnailUrl":"https:\/\/prmeble.com.pl\/wp-content\/uploads\/2024\/05\/zdj-glowne-3.jpg","datePublished":"2024-05-17T13:24:09+00:00","dateModified":"2024-11-19T08:26:55+00:00","breadcrumb":{"@id":"https:\/\/prmeble.com.pl\/?page_id=7976#breadcrumb"},"inLanguage":"pl-PL","potentialAction":[{"@type":"ReadAction","target":["https:\/\/prmeble.com.pl\/?page_id=7976"]}]},{"@type":"ImageObject","inLanguage":"pl-PL","@id":"https:\/\/prmeble.com.pl\/?page_id=7976#primaryimage","url":"https:\/\/prmeble.com.pl\/wp-content\/uploads\/2024\/05\/zdj-glowne-3.jpg","contentUrl":"https:\/\/prmeble.com.pl\/wp-content\/uploads\/2024\/05\/zdj-glowne-3.jpg","width":1072,"height":1019},{"@type":"BreadcrumbList","@id":"https:\/\/prmeble.com.pl\/?page_id=7976#breadcrumb","itemListElement":[{"@type":"ListItem","position":1,"name":"Strona g\u0142\u00f3wna","item":"https:\/\/prmeble.com.pl\/"},{"@type":"ListItem","position":2,"name":"Konsole"}]},{"@type":"WebSite","@id":"https:\/\/prmeble.com.pl\/#website","url":"https:\/\/prmeble.com.pl\/","name":"Pr Meble","description":"Tworzymy i sprzedajemy meble tapicerowane. W asortymencie mamy bardzo piekne i nowoczesne naro\u017cniki oraz modne kanapy.","publisher":{"@id":"https:\/\/prmeble.com.pl\/#organization"},"potentialAction":[{"@type":"SearchAction","target":{"@type":"EntryPoint","urlTemplate":"https:\/\/prmeble.com.pl\/?s={search_term_string}"},"query-input":{"@type":"PropertyValueSpecification","valueRequired":true,"valueName":"search_term_string"}}],"inLanguage":"pl-PL"},{"@type":"Organization","@id":"https:\/\/prmeble.com.pl\/#organization","name":"Prmeble","url":"https:\/\/prmeble.com.pl\/","logo":{"@type":"ImageObject","inLanguage":"pl-PL","@id":"https:\/\/prmeble.com.pl\/#\/schema\/logo\/image\/","url":"https:\/\/prmeble.com.pl\/wp-content\/uploads\/2021\/10\/logo.jpg","contentUrl":"https:\/\/prmeble.com.pl\/wp-content\/uploads\/2021\/10\/logo.jpg","width":550,"height":400,"caption":"Prmeble"},"image":{"@id":"https:\/\/prmeble.com.pl\/#\/schema\/logo\/image\/"},"sameAs":["https:\/\/www.facebook.com\/PR-MEBLE-274934799714260"]}]}},"_links":{"self":[{"href":"https:\/\/prmeble.com.pl\/index.php?rest_route=\/wp\/v2\/pages\/7976","targetHints":{"allow":["GET"]}}],"collection":[{"href":"https:\/\/prmeble.com.pl\/index.php?rest_route=\/wp\/v2\/pages"}],"about":[{"href":"https:\/\/prmeble.com.pl\/index.php?rest_route=\/wp\/v2\/types\/page"}],"author":[{"embeddable":true,"href":"https:\/\/prmeble.com.pl\/index.php?rest_route=\/wp\/v2\/users\/1"}],"replies":[{"embeddable":true,"href":"https:\/\/prmeble.com.pl\/index.php?rest_route=%2Fwp%2Fv2%2Fcomments&post=7976"}],"version-history":[{"count":13,"href":"https:\/\/prmeble.com.pl\/index.php?rest_route=\/wp\/v2\/pages\/7976\/revisions"}],"predecessor-version":[{"id":9845,"href":"https:\/\/prmeble.com.pl\/index.php?rest_route=\/wp\/v2\/pages\/7976\/revisions\/9845"}],"wp:attachment":[{"href":"https:\/\/prmeble.com.pl\/index.php?rest_route=%2Fwp%2Fv2%2Fmedia&parent=7976"}],"curies":[{"name":"wp","href":"https:\/\/api.w.org\/{rel}","templated":true}]}}