{"id":4334,"date":"2023-04-17T14:55:35","date_gmt":"2023-04-17T12:55:35","guid":{"rendered":"https:\/\/prmeble.com.pl\/?page_id=4334"},"modified":"2023-06-22T13:24:38","modified_gmt":"2023-06-22T11:24:38","slug":"lozka-hotelowe","status":"publish","type":"page","link":"https:\/\/prmeble.com.pl\/?page_id=4334","title":{"rendered":"Tapczany hotelowe"},"content":{"rendered":"\t\t<div data-elementor-type=\"wp-page\" data-elementor-id=\"4334\" class=\"elementor elementor-4334\" data-elementor-settings=\"{&quot;ha_cmc_init_switcher&quot;:&quot;no&quot;}\" data-elementor-post-type=\"page\">\n\t\t\t\t\t\t<section class=\"elementor-section elementor-top-section elementor-element elementor-element-3849ca2 elementor-section-boxed elementor-section-height-default elementor-section-height-default exad-glass-effect-no wpr-particle-no wpr-jarallax-no wpr-parallax-no wpr-sticky-section-no wpr-equal-height-no exad-sticky-section-no\" data-id=\"3849ca2\" data-element_type=\"section\" data-e-type=\"section\" data-settings=\"{&quot;_ha_eqh_enable&quot;:false}\">\n\t\t\t\t\t\t<div class=\"elementor-container elementor-column-gap-default\">\n\t\t\t\t\t<div class=\"elementor-column elementor-col-100 elementor-top-column elementor-element elementor-element-397767a exad-glass-effect-no exad-sticky-section-no\" data-id=\"397767a\" data-element_type=\"column\" data-e-type=\"column\">\n\t\t\t<div class=\"elementor-widget-wrap elementor-element-populated\">\n\t\t\t\t\t\t<div class=\"elementor-element elementor-element-66ec2dc exad-sticky-section-no exad-glass-effect-no elementor-widget elementor-widget-heading\" data-id=\"66ec2dc\" data-element_type=\"widget\" data-e-type=\"widget\" data-widget_type=\"heading.default\">\n\t\t\t\t<div class=\"elementor-widget-container\">\n\t\t\t\t\t<h2 class=\"elementor-heading-title elementor-size-default\">Tapczany Hotelowe<\/h2>\t\t\t\t<\/div>\n\t\t\t\t<\/div>\n\t\t\t\t<div class=\"elementor-element elementor-element-4c1b71d exad-sticky-section-no exad-glass-effect-no elementor-widget elementor-widget-text-editor\" data-id=\"4c1b71d\" data-element_type=\"widget\" data-e-type=\"widget\" data-widget_type=\"text-editor.default\">\n\t\t\t\t<div class=\"elementor-widget-container\">\n\t\t\t\t\t\t\t\t\t<h1 class=\"h1\"><span style=\"font-size: 16px;\">\u0141\u00f3\u017cka hotelowe produkowane przez <\/span><strong style=\"font-size: 16px;\">PR MEBLE <\/strong><span style=\"font-size: 16px;\">\u00a0to trwa\u0142e i sprawdzone w wielu hotelach i pensjonatach \u0142\u00f3\u017cka .<\/span><\/h1><div class=\"block-category-inner\"><div id=\"category-description\" class=\"text-muted\"><p>Oferujemy Pa\u0144stwu du\u017cy wyb\u00f3r wzor\u00f3w solidnych \u0142\u00f3\u017cek i kolor\u00f3w obicia.\u00a0 Profesjonalnie doradzamy w wyborze wyposa\u017cenia hoteli i obiekt\u00f3w noclegowych. \u0141\u00f3\u017cko do sypialni powinno spe\u0142nia\u0107 wszystkie oczekiwania klienta. Wiele lat do\u015bwiadczenia pozwala nam zaspokoi\u0107 potrzeby nawet najbardziej wymagaj\u0105cych klient\u00f3w.<\/p><\/div><\/div>\t\t\t\t\t\t\t\t<\/div>\n\t\t\t\t<\/div>\n\t\t\t\t\t<\/div>\n\t\t<\/div>\n\t\t\t\t\t<\/div>\n\t\t<\/section>\n\t\t\t\t<section class=\"elementor-section elementor-top-section elementor-element elementor-element-a931495 elementor-section-boxed elementor-section-height-default elementor-section-height-default exad-glass-effect-no wpr-particle-no wpr-jarallax-no wpr-parallax-no wpr-sticky-section-no wpr-equal-height-no exad-sticky-section-no\" data-id=\"a931495\" data-element_type=\"section\" data-e-type=\"section\" data-settings=\"{&quot;_ha_eqh_enable&quot;:false}\">\n\t\t\t\t\t\t<div class=\"elementor-container elementor-column-gap-default\">\n\t\t\t\t\t<div class=\"elementor-column elementor-col-100 elementor-top-column elementor-element elementor-element-38e7351 exad-glass-effect-no exad-sticky-section-no\" data-id=\"38e7351\" data-element_type=\"column\" data-e-type=\"column\">\n\t\t\t<div class=\"elementor-widget-wrap elementor-element-populated\">\n\t\t\t\t\t\t<div class=\"elementor-element elementor-element-ba38e2b eael-product-grid-column-4 exad-sticky-section-no exad-glass-effect-no elementor-widget elementor-widget-eicon-woocommerce\" data-id=\"ba38e2b\" data-element_type=\"widget\" data-e-type=\"widget\" data-widget_type=\"eicon-woocommerce.default\">\n\t\t\t\t<div class=\"elementor-widget-container\">\n\t\t\t\t\t\n        <div class=\"eael-product-grid eael-product-simple grid\" id=\"eael-product-grid\" data-widget-id=\"ba38e2b\" data-page-id=\"4334\" data-nonce=\"024ed59357\" >\n            <div class=\"woocommerce\">\n                <ul class=\"products eael-post-appender eael-post-appender-ba38e2b\" data-ssi-desktop=\"no\" data-ssi-tablet=\"no\" data-ssi-mobile=\"no\" data-layout-mode=\"grid\"> <li class=\"product \">\n<div class=\"eael-product-wrap\" data-src=\"\" data-src-hover=\"\">\n    <a href=\"https:\/\/prmeble.com.pl\/?product=tapczan-hotelowy-bob\" class=\"woocommerce-LoopProduct-link woocommerce-loop-product__link\"><img fetchpriority=\"high\" decoding=\"async\" width=\"683\" height=\"1024\" src=\"https:\/\/prmeble.com.pl\/wp-content\/uploads\/2023\/04\/ChatGPT-Image-9-lip-2025-11_30_23-683x1024.png\" class=\"attachment-woocommerce_thumbnail size-woocommerce_thumbnail wvs-archive-product-image wp-post-image\" alt=\"Tapczan Hotelowy BOB\" loading=\"eager\" srcset=\"https:\/\/prmeble.com.pl\/wp-content\/uploads\/2023\/04\/ChatGPT-Image-9-lip-2025-11_30_23-683x1024.png 683w, https:\/\/prmeble.com.pl\/wp-content\/uploads\/2023\/04\/ChatGPT-Image-9-lip-2025-11_30_23-200x300.png 200w, https:\/\/prmeble.com.pl\/wp-content\/uploads\/2023\/04\/ChatGPT-Image-9-lip-2025-11_30_23-768x1152.png 768w, https:\/\/prmeble.com.pl\/wp-content\/uploads\/2023\/04\/ChatGPT-Image-9-lip-2025-11_30_23-800x1200.png 800w, https:\/\/prmeble.com.pl\/wp-content\/uploads\/2023\/04\/ChatGPT-Image-9-lip-2025-11_30_23.png 1024w\" sizes=\"(max-width: 683px) 100vw, 683px\" \/><\/a><div class=\"eael-product-title\">\n    <a href=\"https:\/\/prmeble.com.pl\/?product=tapczan-hotelowy-bob\" class=\"woocommerce-LoopProduct-link woocommerce-loop-product__link\"><h2 class=\"woocommerce-loop-product__title\">Tapczan Hotelowy BOB<\/h2><\/a>\n    <\/div><div class=\"eael-product-price\"><span class=\"woocommerce-Price-amount amount\"><bdi>480,00&nbsp;<span class=\"woocommerce-Price-currencySymbol\">&#122;&#322;<\/span><\/bdi><\/span><\/div>    <a href=\"https:\/\/prmeble.com.pl\/?product=tapczan-hotelowy-bob\" aria-describedby=\"woocommerce_loop_add_to_cart_link_describedby_4342\" data-quantity=\"1\" class=\"button product_type_variable add_to_cart_button rtwpvs_add_to_cart rtwpvs_ajax_add_to_cart\" data-product_id=\"4342\" data-product_sku=\"\" aria-label=\"Wybierz opcje dla &bdquo;Tapczan Hotelowy BOB&rdquo;\" rel=\"nofollow\" data-variation_id=\"\" data-variation=\"\">Wybierz opcje<\/a>\t<span id=\"woocommerce_loop_add_to_cart_link_describedby_4342\" class=\"screen-reader-text\">\n\t\tTen produkt ma wiele wariant\u00f3w. Opcje mo\u017cna wybra\u0107 na stronie produktu\t<\/span>\n    \n<\/div>\n\n<\/li><\/ul>            <\/div>\n        <\/div>\n\n        <script type=\"text\/javascript\">\n            jQuery(document).ready(function($) {\n                var $scope = jQuery(\".elementor-element-ba38e2b\");\n                var $products = $('.products', $scope);\n                var $layout_mode = $products.data('layout-mode');\n                \n                if ( $layout_mode === 'masonry' ) {\n                    \/\/ init isotope\n                    var $isotope_products = $products.isotope({\n                        itemSelector: \"li.product\",\n                        layoutMode: $layout_mode,\n                        percentPosition: true\n                    });\n\n                    $isotope_products.imagesLoaded().progress( function() {\n                        $isotope_products.isotope('layout');\n                    })\n                    \n                }\n            });\n        <\/script>\n        \t\t\t\t<\/div>\n\t\t\t\t<\/div>\n\t\t\t\t\t<\/div>\n\t\t<\/div>\n\t\t\t\t\t<\/div>\n\t\t<\/section>\n\t\t\t\t<\/div>\n\t\t","protected":false},"excerpt":{"rendered":"<p>Tapczany Hotelowe \u0141\u00f3\u017cka hotelowe produkowane przez PR MEBLE \u00a0to trwa\u0142e i sprawdzone w wielu hotelach i pensjonatach \u0142\u00f3\u017cka . Oferujemy Pa\u0144stwu du\u017cy wyb\u00f3r wzor\u00f3w solidnych \u0142\u00f3\u017cek i kolor\u00f3w obicia.\u00a0 Profesjonalnie doradzamy w wyborze wyposa\u017cenia hoteli i obiekt\u00f3w noclegowych. \u0141\u00f3\u017cko do sypialni powinno spe\u0142nia\u0107 wszystkie oczekiwania klienta. Wiele lat do\u015bwiadczenia pozwala nam zaspokoi\u0107 potrzeby nawet najbardziej wymagaj\u0105cych klient\u00f3w. Tapczan Hotelowy BOB 450,00&nbsp;&#122;&#322; Wybierz opcje<\/p>\n","protected":false},"author":1,"featured_media":0,"parent":0,"menu_order":0,"comment_status":"closed","ping_status":"closed","template":"","meta":{"footnotes":""},"class_list":["post-4334","page","type-page","status-publish","hentry","rtwpvs-product"],"yoast_head":"<!-- This site is optimized with the Yoast SEO plugin v27.3 - https:\/\/yoast.com\/product\/yoast-seo-wordpress\/ -->\n<title>Tapczany hotelowe - PR MEBLE -tanie i dobre - polski producent - sklep meblowy<\/title>\n<meta name=\"robots\" content=\"index, follow, max-snippet:-1, max-image-preview:large, max-video-preview:-1\" \/>\n<link rel=\"canonical\" href=\"https:\/\/prmeble.com.pl\/?page_id=4334\" \/>\n<meta property=\"og:locale\" content=\"pl_PL\" \/>\n<meta property=\"og:type\" content=\"article\" \/>\n<meta property=\"og:title\" content=\"Tapczany hotelowe - PR MEBLE -tanie i dobre - polski producent - sklep meblowy\" \/>\n<meta property=\"og:description\" content=\"Tapczany Hotelowe \u0141\u00f3\u017cka hotelowe produkowane przez PR MEBLE \u00a0to trwa\u0142e i sprawdzone w wielu hotelach i pensjonatach \u0142\u00f3\u017cka . Oferujemy Pa\u0144stwu du\u017cy wyb\u00f3r wzor\u00f3w solidnych \u0142\u00f3\u017cek i kolor\u00f3w obicia.\u00a0 Profesjonalnie doradzamy w wyborze wyposa\u017cenia hoteli i obiekt\u00f3w noclegowych. \u0141\u00f3\u017cko do sypialni powinno spe\u0142nia\u0107 wszystkie oczekiwania klienta. Wiele lat do\u015bwiadczenia pozwala nam zaspokoi\u0107 potrzeby nawet najbardziej wymagaj\u0105cych klient\u00f3w. Tapczan Hotelowy BOB 450,00&nbsp;&#122;&#322; Wybierz opcje\" \/>\n<meta property=\"og:url\" content=\"https:\/\/prmeble.com.pl\/?page_id=4334\" \/>\n<meta property=\"og:site_name\" content=\"PR MEBLE -tanie i dobre - polski producent - sklep meblowy\" \/>\n<meta property=\"article:publisher\" content=\"https:\/\/www.facebook.com\/PR-MEBLE-274934799714260\" \/>\n<meta property=\"article:modified_time\" content=\"2023-06-22T11:24:38+00:00\" \/>\n<meta property=\"og:image\" content=\"https:\/\/prmeble.com.pl\/wp-content\/uploads\/2023\/04\/tapczanik_bob2-1024x772.jpg\" \/>\n<meta name=\"twitter:card\" content=\"summary_large_image\" \/>\n<meta name=\"twitter:label1\" content=\"Szacowany czas czytania\" \/>\n\t<meta name=\"twitter:data1\" content=\"1 minuta\" \/>\n<script type=\"application\/ld+json\" class=\"yoast-schema-graph\">{\"@context\":\"https:\\\/\\\/schema.org\",\"@graph\":[{\"@type\":\"WebPage\",\"@id\":\"https:\\\/\\\/prmeble.com.pl\\\/?page_id=4334\",\"url\":\"https:\\\/\\\/prmeble.com.pl\\\/?page_id=4334\",\"name\":\"Tapczany hotelowe - PR MEBLE -tanie i dobre - polski producent - sklep meblowy\",\"isPartOf\":{\"@id\":\"https:\\\/\\\/prmeble.com.pl\\\/#website\"},\"primaryImageOfPage\":{\"@id\":\"https:\\\/\\\/prmeble.com.pl\\\/?page_id=4334#primaryimage\"},\"image\":{\"@id\":\"https:\\\/\\\/prmeble.com.pl\\\/?page_id=4334#primaryimage\"},\"thumbnailUrl\":\"https:\\\/\\\/prmeble.com.pl\\\/wp-content\\\/uploads\\\/2023\\\/04\\\/tapczanik_bob2-1024x772.jpg\",\"datePublished\":\"2023-04-17T12:55:35+00:00\",\"dateModified\":\"2023-06-22T11:24:38+00:00\",\"breadcrumb\":{\"@id\":\"https:\\\/\\\/prmeble.com.pl\\\/?page_id=4334#breadcrumb\"},\"inLanguage\":\"pl-PL\",\"potentialAction\":[{\"@type\":\"ReadAction\",\"target\":[\"https:\\\/\\\/prmeble.com.pl\\\/?page_id=4334\"]}]},{\"@type\":\"ImageObject\",\"inLanguage\":\"pl-PL\",\"@id\":\"https:\\\/\\\/prmeble.com.pl\\\/?page_id=4334#primaryimage\",\"url\":\"https:\\\/\\\/prmeble.com.pl\\\/wp-content\\\/uploads\\\/2023\\\/04\\\/tapczanik_bob2-scaled.jpg\",\"contentUrl\":\"https:\\\/\\\/prmeble.com.pl\\\/wp-content\\\/uploads\\\/2023\\\/04\\\/tapczanik_bob2-scaled.jpg\",\"width\":2560,\"height\":1929},{\"@type\":\"BreadcrumbList\",\"@id\":\"https:\\\/\\\/prmeble.com.pl\\\/?page_id=4334#breadcrumb\",\"itemListElement\":[{\"@type\":\"ListItem\",\"position\":1,\"name\":\"Strona g\u0142\u00f3wna\",\"item\":\"https:\\\/\\\/prmeble.com.pl\\\/\"},{\"@type\":\"ListItem\",\"position\":2,\"name\":\"Tapczany hotelowe\"}]},{\"@type\":\"WebSite\",\"@id\":\"https:\\\/\\\/prmeble.com.pl\\\/#website\",\"url\":\"https:\\\/\\\/prmeble.com.pl\\\/\",\"name\":\"Pr Meble\",\"description\":\"Tworzymy i sprzedajemy meble tapicerowane. W asortymencie mamy bardzo piekne i nowoczesne naro\u017cniki oraz modne kanapy.\",\"publisher\":{\"@id\":\"https:\\\/\\\/prmeble.com.pl\\\/#organization\"},\"potentialAction\":[{\"@type\":\"SearchAction\",\"target\":{\"@type\":\"EntryPoint\",\"urlTemplate\":\"https:\\\/\\\/prmeble.com.pl\\\/?s={search_term_string}\"},\"query-input\":{\"@type\":\"PropertyValueSpecification\",\"valueRequired\":true,\"valueName\":\"search_term_string\"}}],\"inLanguage\":\"pl-PL\"},{\"@type\":\"Organization\",\"@id\":\"https:\\\/\\\/prmeble.com.pl\\\/#organization\",\"name\":\"Prmeble\",\"url\":\"https:\\\/\\\/prmeble.com.pl\\\/\",\"logo\":{\"@type\":\"ImageObject\",\"inLanguage\":\"pl-PL\",\"@id\":\"https:\\\/\\\/prmeble.com.pl\\\/#\\\/schema\\\/logo\\\/image\\\/\",\"url\":\"https:\\\/\\\/prmeble.com.pl\\\/wp-content\\\/uploads\\\/2021\\\/10\\\/logo.jpg\",\"contentUrl\":\"https:\\\/\\\/prmeble.com.pl\\\/wp-content\\\/uploads\\\/2021\\\/10\\\/logo.jpg\",\"width\":550,\"height\":400,\"caption\":\"Prmeble\"},\"image\":{\"@id\":\"https:\\\/\\\/prmeble.com.pl\\\/#\\\/schema\\\/logo\\\/image\\\/\"},\"sameAs\":[\"https:\\\/\\\/www.facebook.com\\\/PR-MEBLE-274934799714260\"]}]}<\/script>\n<!-- \/ Yoast SEO plugin. -->","yoast_head_json":{"title":"Tapczany hotelowe - PR MEBLE -tanie i dobre - polski producent - sklep meblowy","robots":{"index":"index","follow":"follow","max-snippet":"max-snippet:-1","max-image-preview":"max-image-preview:large","max-video-preview":"max-video-preview:-1"},"canonical":"https:\/\/prmeble.com.pl\/?page_id=4334","og_locale":"pl_PL","og_type":"article","og_title":"Tapczany hotelowe - PR MEBLE -tanie i dobre - polski producent - sklep meblowy","og_description":"Tapczany Hotelowe \u0141\u00f3\u017cka hotelowe produkowane przez PR MEBLE \u00a0to trwa\u0142e i sprawdzone w wielu hotelach i pensjonatach \u0142\u00f3\u017cka . Oferujemy Pa\u0144stwu du\u017cy wyb\u00f3r wzor\u00f3w solidnych \u0142\u00f3\u017cek i kolor\u00f3w obicia.\u00a0 Profesjonalnie doradzamy w wyborze wyposa\u017cenia hoteli i obiekt\u00f3w noclegowych. \u0141\u00f3\u017cko do sypialni powinno spe\u0142nia\u0107 wszystkie oczekiwania klienta. Wiele lat do\u015bwiadczenia pozwala nam zaspokoi\u0107 potrzeby nawet najbardziej wymagaj\u0105cych klient\u00f3w. Tapczan Hotelowy BOB 450,00&nbsp;&#122;&#322; Wybierz opcje","og_url":"https:\/\/prmeble.com.pl\/?page_id=4334","og_site_name":"PR MEBLE -tanie i dobre - polski producent - sklep meblowy","article_publisher":"https:\/\/www.facebook.com\/PR-MEBLE-274934799714260","article_modified_time":"2023-06-22T11:24:38+00:00","og_image":[{"url":"https:\/\/prmeble.com.pl\/wp-content\/uploads\/2023\/04\/tapczanik_bob2-1024x772.jpg","type":"","width":"","height":""}],"twitter_card":"summary_large_image","twitter_misc":{"Szacowany czas czytania":"1 minuta"},"schema":{"@context":"https:\/\/schema.org","@graph":[{"@type":"WebPage","@id":"https:\/\/prmeble.com.pl\/?page_id=4334","url":"https:\/\/prmeble.com.pl\/?page_id=4334","name":"Tapczany hotelowe - PR MEBLE -tanie i dobre - polski producent - sklep meblowy","isPartOf":{"@id":"https:\/\/prmeble.com.pl\/#website"},"primaryImageOfPage":{"@id":"https:\/\/prmeble.com.pl\/?page_id=4334#primaryimage"},"image":{"@id":"https:\/\/prmeble.com.pl\/?page_id=4334#primaryimage"},"thumbnailUrl":"https:\/\/prmeble.com.pl\/wp-content\/uploads\/2023\/04\/tapczanik_bob2-1024x772.jpg","datePublished":"2023-04-17T12:55:35+00:00","dateModified":"2023-06-22T11:24:38+00:00","breadcrumb":{"@id":"https:\/\/prmeble.com.pl\/?page_id=4334#breadcrumb"},"inLanguage":"pl-PL","potentialAction":[{"@type":"ReadAction","target":["https:\/\/prmeble.com.pl\/?page_id=4334"]}]},{"@type":"ImageObject","inLanguage":"pl-PL","@id":"https:\/\/prmeble.com.pl\/?page_id=4334#primaryimage","url":"https:\/\/prmeble.com.pl\/wp-content\/uploads\/2023\/04\/tapczanik_bob2-scaled.jpg","contentUrl":"https:\/\/prmeble.com.pl\/wp-content\/uploads\/2023\/04\/tapczanik_bob2-scaled.jpg","width":2560,"height":1929},{"@type":"BreadcrumbList","@id":"https:\/\/prmeble.com.pl\/?page_id=4334#breadcrumb","itemListElement":[{"@type":"ListItem","position":1,"name":"Strona g\u0142\u00f3wna","item":"https:\/\/prmeble.com.pl\/"},{"@type":"ListItem","position":2,"name":"Tapczany hotelowe"}]},{"@type":"WebSite","@id":"https:\/\/prmeble.com.pl\/#website","url":"https:\/\/prmeble.com.pl\/","name":"Pr Meble","description":"Tworzymy i sprzedajemy meble tapicerowane. W asortymencie mamy bardzo piekne i nowoczesne naro\u017cniki oraz modne kanapy.","publisher":{"@id":"https:\/\/prmeble.com.pl\/#organization"},"potentialAction":[{"@type":"SearchAction","target":{"@type":"EntryPoint","urlTemplate":"https:\/\/prmeble.com.pl\/?s={search_term_string}"},"query-input":{"@type":"PropertyValueSpecification","valueRequired":true,"valueName":"search_term_string"}}],"inLanguage":"pl-PL"},{"@type":"Organization","@id":"https:\/\/prmeble.com.pl\/#organization","name":"Prmeble","url":"https:\/\/prmeble.com.pl\/","logo":{"@type":"ImageObject","inLanguage":"pl-PL","@id":"https:\/\/prmeble.com.pl\/#\/schema\/logo\/image\/","url":"https:\/\/prmeble.com.pl\/wp-content\/uploads\/2021\/10\/logo.jpg","contentUrl":"https:\/\/prmeble.com.pl\/wp-content\/uploads\/2021\/10\/logo.jpg","width":550,"height":400,"caption":"Prmeble"},"image":{"@id":"https:\/\/prmeble.com.pl\/#\/schema\/logo\/image\/"},"sameAs":["https:\/\/www.facebook.com\/PR-MEBLE-274934799714260"]}]}},"_links":{"self":[{"href":"https:\/\/prmeble.com.pl\/index.php?rest_route=\/wp\/v2\/pages\/4334","targetHints":{"allow":["GET"]}}],"collection":[{"href":"https:\/\/prmeble.com.pl\/index.php?rest_route=\/wp\/v2\/pages"}],"about":[{"href":"https:\/\/prmeble.com.pl\/index.php?rest_route=\/wp\/v2\/types\/page"}],"author":[{"embeddable":true,"href":"https:\/\/prmeble.com.pl\/index.php?rest_route=\/wp\/v2\/users\/1"}],"replies":[{"embeddable":true,"href":"https:\/\/prmeble.com.pl\/index.php?rest_route=%2Fwp%2Fv2%2Fcomments&post=4334"}],"version-history":[{"count":14,"href":"https:\/\/prmeble.com.pl\/index.php?rest_route=\/wp\/v2\/pages\/4334\/revisions"}],"predecessor-version":[{"id":4621,"href":"https:\/\/prmeble.com.pl\/index.php?rest_route=\/wp\/v2\/pages\/4334\/revisions\/4621"}],"wp:attachment":[{"href":"https:\/\/prmeble.com.pl\/index.php?rest_route=%2Fwp%2Fv2%2Fmedia&parent=4334"}],"curies":[{"name":"wp","href":"https:\/\/api.w.org\/{rel}","templated":true}]}}