{"id":12015,"date":"2025-05-22T13:54:06","date_gmt":"2025-05-22T11:54:06","guid":{"rendered":"https:\/\/prmeble.com.pl\/?page_id=12015"},"modified":"2025-05-22T13:56:47","modified_gmt":"2025-05-22T11:56:47","slug":"hurtownia-b2b","status":"publish","type":"page","link":"https:\/\/prmeble.com.pl\/?page_id=12015","title":{"rendered":"Hurtownia (B2B)"},"content":{"rendered":"\t\t<div data-elementor-type=\"wp-page\" data-elementor-id=\"12015\" class=\"elementor elementor-12015\" data-elementor-settings=\"{&quot;ha_cmc_init_switcher&quot;:&quot;no&quot;}\" data-elementor-post-type=\"page\">\n\t\t\t\t\t\t<section class=\"elementor-section elementor-top-section elementor-element elementor-element-34a6c9f elementor-section-boxed elementor-section-height-default elementor-section-height-default exad-glass-effect-no wpr-particle-no wpr-jarallax-no wpr-parallax-no wpr-sticky-section-no wpr-equal-height-no exad-sticky-section-no\" data-id=\"34a6c9f\" data-element_type=\"section\" data-e-type=\"section\" data-settings=\"{&quot;_ha_eqh_enable&quot;:false}\">\n\t\t\t\t\t\t<div class=\"elementor-container elementor-column-gap-default\">\n\t\t\t\t\t<div class=\"elementor-column elementor-col-100 elementor-top-column elementor-element elementor-element-1da16a2 exad-glass-effect-no exad-sticky-section-no\" data-id=\"1da16a2\" data-element_type=\"column\" data-e-type=\"column\">\n\t\t\t<div class=\"elementor-widget-wrap elementor-element-populated\">\n\t\t\t\t\t\t<div class=\"elementor-element elementor-element-0f9c34a exad-sticky-section-no exad-glass-effect-no elementor-widget elementor-widget-heading\" data-id=\"0f9c34a\" data-element_type=\"widget\" data-e-type=\"widget\" data-widget_type=\"heading.default\">\n\t\t\t\t<div class=\"elementor-widget-container\">\n\t\t\t\t\t<h2 class=\"elementor-heading-title elementor-size-default\">Hurtownia (B2B)<\/h2>\t\t\t\t<\/div>\n\t\t\t\t<\/div>\n\t\t\t\t<div class=\"elementor-element elementor-element-37af2e5 exad-sticky-section-no exad-glass-effect-no elementor-widget elementor-widget-text-editor\" data-id=\"37af2e5\" data-element_type=\"widget\" data-e-type=\"widget\" data-widget_type=\"text-editor.default\">\n\t\t\t\t<div class=\"elementor-widget-container\">\n\t\t\t\t\t\t\t\t\t<p>Zapraszamy do kontaktu, proponujemy kilka modeli wsp\u00f3\u0142pracy:<\/p><p><strong>1. Zakupy hurtowe<\/strong> &#8211;\u00a0posiadamy cennik hurtowy na meble przedstawione w sklepie\u00a0<\/p><p><strong>2. Sprzeda\u017c hurtowa i detaliczna<\/strong>\u00a0&#8211; zapraszamy do kontaktu producent\u00f3w mebli, kt\u00f3rych produkty mo\u017cemy oferowa\u0107 w kilkunastu naszych sklepach (w tym partnerskich). Zajmiemy si\u0119 promocj\u0105 Twoich produkt\u00f3w oraz sprzeda\u017c\u0105 do klient\u00f3w detalicznych w du\u017cej cz\u0119\u015bci Europy (Polska\/Czechy\/S\u0142owacja\/Niemcy\/Norwegia\/Holandia i Belgia\/Wielka Brytania i Irlandia)<\/p><p><strong>3. Dropshipping<\/strong>\u00a0&#8211;\u00a0zarabiaj bez wychodzenia z domu. Sprzedawaj meble w ca\u0142ych Niderlandach, we w\u0142asnych cenach i na w\u0142asnych zasadach. My dostarczymy je bezpo\u015brednio do klienta. Stworzymy now\u0105 obiecuj\u0105c\u0105 mark\u0119<\/p><p><strong>Jeste\u015bmy m\u0142odym i dynamicznym zespo\u0142em, kt\u00f3ry otwarty jest na propozycje. Ka\u017cda jest dla nas ciekawa i warta zastanowienia. Nie wahaj si\u0119, napisz do nas!<\/strong><\/p>\t\t\t\t\t\t\t\t<\/div>\n\t\t\t\t<\/div>\n\t\t\t\t\t<\/div>\n\t\t<\/div>\n\t\t\t\t\t<\/div>\n\t\t<\/section>\n\t\t\t\t<\/div>\n\t\t","protected":false},"excerpt":{"rendered":"<p>Hurtownia (B2B) Zapraszamy do kontaktu, proponujemy kilka modeli wsp\u00f3\u0142pracy: 1. Zakupy hurtowe &#8211;\u00a0posiadamy cennik hurtowy na meble przedstawione w sklepie\u00a0 2. Sprzeda\u017c hurtowa i detaliczna\u00a0&#8211; zapraszamy do kontaktu producent\u00f3w mebli, kt\u00f3rych produkty mo\u017cemy oferowa\u0107 w kilkunastu naszych sklepach (w tym partnerskich). Zajmiemy si\u0119 promocj\u0105 Twoich produkt\u00f3w oraz sprzeda\u017c\u0105 do klient\u00f3w detalicznych w du\u017cej cz\u0119\u015bci Europy (Polska\/Czechy\/S\u0142owacja\/Niemcy\/Norwegia\/Holandia i Belgia\/Wielka Brytania i Irlandia) 3. Dropshipping\u00a0&#8211;\u00a0zarabiaj bez wychodzenia z domu. Sprzedawaj meble w ca\u0142ych Niderlandach, we w\u0142asnych cenach i na w\u0142asnych zasadach. My dostarczymy je bezpo\u015brednio do klienta. Stworzymy now\u0105 obiecuj\u0105c\u0105 mark\u0119 Jeste\u015bmy m\u0142odym i dynamicznym zespo\u0142em, kt\u00f3ry otwarty jest na propozycje. Ka\u017cda jest dla nas ciekawa i warta zastanowienia. Nie wahaj si\u0119, napisz do nas!<\/p>\n","protected":false},"author":1,"featured_media":0,"parent":0,"menu_order":0,"comment_status":"closed","ping_status":"closed","template":"","meta":{"footnotes":""},"class_list":["post-12015","page","type-page","status-publish","hentry"],"yoast_head":"<!-- This site is optimized with the Yoast SEO plugin v27.3 - https:\/\/yoast.com\/product\/yoast-seo-wordpress\/ -->\n<title>Hurtownia (B2B) - PR MEBLE -tanie i dobre - polski producent - sklep meblowy<\/title>\n<meta name=\"robots\" content=\"index, follow, max-snippet:-1, max-image-preview:large, max-video-preview:-1\" \/>\n<link rel=\"canonical\" href=\"https:\/\/prmeble.com.pl\/?page_id=12015\" \/>\n<meta property=\"og:locale\" content=\"pl_PL\" \/>\n<meta property=\"og:type\" content=\"article\" \/>\n<meta property=\"og:title\" content=\"Hurtownia (B2B) - PR MEBLE -tanie i dobre - polski producent - sklep meblowy\" \/>\n<meta property=\"og:description\" content=\"Hurtownia (B2B) Zapraszamy do kontaktu, proponujemy kilka modeli wsp\u00f3\u0142pracy: 1. Zakupy hurtowe &#8211;\u00a0posiadamy cennik hurtowy na meble przedstawione w sklepie\u00a0 2. Sprzeda\u017c hurtowa i detaliczna\u00a0&#8211; zapraszamy do kontaktu producent\u00f3w mebli, kt\u00f3rych produkty mo\u017cemy oferowa\u0107 w kilkunastu naszych sklepach (w tym partnerskich). Zajmiemy si\u0119 promocj\u0105 Twoich produkt\u00f3w oraz sprzeda\u017c\u0105 do klient\u00f3w detalicznych w du\u017cej cz\u0119\u015bci Europy (Polska\/Czechy\/S\u0142owacja\/Niemcy\/Norwegia\/Holandia i Belgia\/Wielka Brytania i Irlandia) 3. Dropshipping\u00a0&#8211;\u00a0zarabiaj bez wychodzenia z domu. Sprzedawaj meble w ca\u0142ych Niderlandach, we w\u0142asnych cenach i na w\u0142asnych zasadach. My dostarczymy je bezpo\u015brednio do klienta. Stworzymy now\u0105 obiecuj\u0105c\u0105 mark\u0119 Jeste\u015bmy m\u0142odym i dynamicznym zespo\u0142em, kt\u00f3ry otwarty jest na propozycje. Ka\u017cda jest dla nas ciekawa i warta zastanowienia. Nie wahaj si\u0119, napisz do nas!\" \/>\n<meta property=\"og:url\" content=\"https:\/\/prmeble.com.pl\/?page_id=12015\" \/>\n<meta property=\"og:site_name\" content=\"PR MEBLE -tanie i dobre - polski producent - sklep meblowy\" \/>\n<meta property=\"article:publisher\" content=\"https:\/\/www.facebook.com\/PR-MEBLE-274934799714260\" \/>\n<meta property=\"article:modified_time\" content=\"2025-05-22T11:56:47+00:00\" \/>\n<meta name=\"twitter:card\" content=\"summary_large_image\" \/>\n<meta name=\"twitter:label1\" content=\"Szacowany czas czytania\" \/>\n\t<meta name=\"twitter:data1\" content=\"1 minuta\" \/>\n<script type=\"application\/ld+json\" class=\"yoast-schema-graph\">{\"@context\":\"https:\\\/\\\/schema.org\",\"@graph\":[{\"@type\":\"WebPage\",\"@id\":\"https:\\\/\\\/prmeble.com.pl\\\/?page_id=12015\",\"url\":\"https:\\\/\\\/prmeble.com.pl\\\/?page_id=12015\",\"name\":\"Hurtownia (B2B) - PR MEBLE -tanie i dobre - polski producent - sklep meblowy\",\"isPartOf\":{\"@id\":\"https:\\\/\\\/prmeble.com.pl\\\/#website\"},\"datePublished\":\"2025-05-22T11:54:06+00:00\",\"dateModified\":\"2025-05-22T11:56:47+00:00\",\"breadcrumb\":{\"@id\":\"https:\\\/\\\/prmeble.com.pl\\\/?page_id=12015#breadcrumb\"},\"inLanguage\":\"pl-PL\",\"potentialAction\":[{\"@type\":\"ReadAction\",\"target\":[\"https:\\\/\\\/prmeble.com.pl\\\/?page_id=12015\"]}]},{\"@type\":\"BreadcrumbList\",\"@id\":\"https:\\\/\\\/prmeble.com.pl\\\/?page_id=12015#breadcrumb\",\"itemListElement\":[{\"@type\":\"ListItem\",\"position\":1,\"name\":\"Strona g\u0142\u00f3wna\",\"item\":\"https:\\\/\\\/prmeble.com.pl\\\/\"},{\"@type\":\"ListItem\",\"position\":2,\"name\":\"Hurtownia (B2B)\"}]},{\"@type\":\"WebSite\",\"@id\":\"https:\\\/\\\/prmeble.com.pl\\\/#website\",\"url\":\"https:\\\/\\\/prmeble.com.pl\\\/\",\"name\":\"Pr Meble\",\"description\":\"Tworzymy i sprzedajemy meble tapicerowane. W asortymencie mamy bardzo piekne i nowoczesne naro\u017cniki oraz modne kanapy.\",\"publisher\":{\"@id\":\"https:\\\/\\\/prmeble.com.pl\\\/#organization\"},\"potentialAction\":[{\"@type\":\"SearchAction\",\"target\":{\"@type\":\"EntryPoint\",\"urlTemplate\":\"https:\\\/\\\/prmeble.com.pl\\\/?s={search_term_string}\"},\"query-input\":{\"@type\":\"PropertyValueSpecification\",\"valueRequired\":true,\"valueName\":\"search_term_string\"}}],\"inLanguage\":\"pl-PL\"},{\"@type\":\"Organization\",\"@id\":\"https:\\\/\\\/prmeble.com.pl\\\/#organization\",\"name\":\"Prmeble\",\"url\":\"https:\\\/\\\/prmeble.com.pl\\\/\",\"logo\":{\"@type\":\"ImageObject\",\"inLanguage\":\"pl-PL\",\"@id\":\"https:\\\/\\\/prmeble.com.pl\\\/#\\\/schema\\\/logo\\\/image\\\/\",\"url\":\"https:\\\/\\\/prmeble.com.pl\\\/wp-content\\\/uploads\\\/2021\\\/10\\\/logo.jpg\",\"contentUrl\":\"https:\\\/\\\/prmeble.com.pl\\\/wp-content\\\/uploads\\\/2021\\\/10\\\/logo.jpg\",\"width\":550,\"height\":400,\"caption\":\"Prmeble\"},\"image\":{\"@id\":\"https:\\\/\\\/prmeble.com.pl\\\/#\\\/schema\\\/logo\\\/image\\\/\"},\"sameAs\":[\"https:\\\/\\\/www.facebook.com\\\/PR-MEBLE-274934799714260\"]}]}<\/script>\n<!-- \/ Yoast SEO plugin. -->","yoast_head_json":{"title":"Hurtownia (B2B) - PR MEBLE -tanie i dobre - polski producent - sklep meblowy","robots":{"index":"index","follow":"follow","max-snippet":"max-snippet:-1","max-image-preview":"max-image-preview:large","max-video-preview":"max-video-preview:-1"},"canonical":"https:\/\/prmeble.com.pl\/?page_id=12015","og_locale":"pl_PL","og_type":"article","og_title":"Hurtownia (B2B) - PR MEBLE -tanie i dobre - polski producent - sklep meblowy","og_description":"Hurtownia (B2B) Zapraszamy do kontaktu, proponujemy kilka modeli wsp\u00f3\u0142pracy: 1. Zakupy hurtowe &#8211;\u00a0posiadamy cennik hurtowy na meble przedstawione w sklepie\u00a0 2. Sprzeda\u017c hurtowa i detaliczna\u00a0&#8211; zapraszamy do kontaktu producent\u00f3w mebli, kt\u00f3rych produkty mo\u017cemy oferowa\u0107 w kilkunastu naszych sklepach (w tym partnerskich). Zajmiemy si\u0119 promocj\u0105 Twoich produkt\u00f3w oraz sprzeda\u017c\u0105 do klient\u00f3w detalicznych w du\u017cej cz\u0119\u015bci Europy (Polska\/Czechy\/S\u0142owacja\/Niemcy\/Norwegia\/Holandia i Belgia\/Wielka Brytania i Irlandia) 3. Dropshipping\u00a0&#8211;\u00a0zarabiaj bez wychodzenia z domu. Sprzedawaj meble w ca\u0142ych Niderlandach, we w\u0142asnych cenach i na w\u0142asnych zasadach. My dostarczymy je bezpo\u015brednio do klienta. Stworzymy now\u0105 obiecuj\u0105c\u0105 mark\u0119 Jeste\u015bmy m\u0142odym i dynamicznym zespo\u0142em, kt\u00f3ry otwarty jest na propozycje. Ka\u017cda jest dla nas ciekawa i warta zastanowienia. Nie wahaj si\u0119, napisz do nas!","og_url":"https:\/\/prmeble.com.pl\/?page_id=12015","og_site_name":"PR MEBLE -tanie i dobre - polski producent - sklep meblowy","article_publisher":"https:\/\/www.facebook.com\/PR-MEBLE-274934799714260","article_modified_time":"2025-05-22T11:56:47+00:00","twitter_card":"summary_large_image","twitter_misc":{"Szacowany czas czytania":"1 minuta"},"schema":{"@context":"https:\/\/schema.org","@graph":[{"@type":"WebPage","@id":"https:\/\/prmeble.com.pl\/?page_id=12015","url":"https:\/\/prmeble.com.pl\/?page_id=12015","name":"Hurtownia (B2B) - PR MEBLE -tanie i dobre - polski producent - sklep meblowy","isPartOf":{"@id":"https:\/\/prmeble.com.pl\/#website"},"datePublished":"2025-05-22T11:54:06+00:00","dateModified":"2025-05-22T11:56:47+00:00","breadcrumb":{"@id":"https:\/\/prmeble.com.pl\/?page_id=12015#breadcrumb"},"inLanguage":"pl-PL","potentialAction":[{"@type":"ReadAction","target":["https:\/\/prmeble.com.pl\/?page_id=12015"]}]},{"@type":"BreadcrumbList","@id":"https:\/\/prmeble.com.pl\/?page_id=12015#breadcrumb","itemListElement":[{"@type":"ListItem","position":1,"name":"Strona g\u0142\u00f3wna","item":"https:\/\/prmeble.com.pl\/"},{"@type":"ListItem","position":2,"name":"Hurtownia (B2B)"}]},{"@type":"WebSite","@id":"https:\/\/prmeble.com.pl\/#website","url":"https:\/\/prmeble.com.pl\/","name":"Pr Meble","description":"Tworzymy i sprzedajemy meble tapicerowane. W asortymencie mamy bardzo piekne i nowoczesne naro\u017cniki oraz modne kanapy.","publisher":{"@id":"https:\/\/prmeble.com.pl\/#organization"},"potentialAction":[{"@type":"SearchAction","target":{"@type":"EntryPoint","urlTemplate":"https:\/\/prmeble.com.pl\/?s={search_term_string}"},"query-input":{"@type":"PropertyValueSpecification","valueRequired":true,"valueName":"search_term_string"}}],"inLanguage":"pl-PL"},{"@type":"Organization","@id":"https:\/\/prmeble.com.pl\/#organization","name":"Prmeble","url":"https:\/\/prmeble.com.pl\/","logo":{"@type":"ImageObject","inLanguage":"pl-PL","@id":"https:\/\/prmeble.com.pl\/#\/schema\/logo\/image\/","url":"https:\/\/prmeble.com.pl\/wp-content\/uploads\/2021\/10\/logo.jpg","contentUrl":"https:\/\/prmeble.com.pl\/wp-content\/uploads\/2021\/10\/logo.jpg","width":550,"height":400,"caption":"Prmeble"},"image":{"@id":"https:\/\/prmeble.com.pl\/#\/schema\/logo\/image\/"},"sameAs":["https:\/\/www.facebook.com\/PR-MEBLE-274934799714260"]}]}},"_links":{"self":[{"href":"https:\/\/prmeble.com.pl\/index.php?rest_route=\/wp\/v2\/pages\/12015","targetHints":{"allow":["GET"]}}],"collection":[{"href":"https:\/\/prmeble.com.pl\/index.php?rest_route=\/wp\/v2\/pages"}],"about":[{"href":"https:\/\/prmeble.com.pl\/index.php?rest_route=\/wp\/v2\/types\/page"}],"author":[{"embeddable":true,"href":"https:\/\/prmeble.com.pl\/index.php?rest_route=\/wp\/v2\/users\/1"}],"replies":[{"embeddable":true,"href":"https:\/\/prmeble.com.pl\/index.php?rest_route=%2Fwp%2Fv2%2Fcomments&post=12015"}],"version-history":[{"count":4,"href":"https:\/\/prmeble.com.pl\/index.php?rest_route=\/wp\/v2\/pages\/12015\/revisions"}],"predecessor-version":[{"id":12019,"href":"https:\/\/prmeble.com.pl\/index.php?rest_route=\/wp\/v2\/pages\/12015\/revisions\/12019"}],"wp:attachment":[{"href":"https:\/\/prmeble.com.pl\/index.php?rest_route=%2Fwp%2Fv2%2Fmedia&parent=12015"}],"curies":[{"name":"wp","href":"https:\/\/api.w.org\/{rel}","templated":true}]}}