{"id":11624,"date":"2025-04-29T11:40:29","date_gmt":"2025-04-29T09:40:29","guid":{"rendered":"https:\/\/prmeble.com.pl\/?page_id=11624"},"modified":"2025-04-29T12:03:44","modified_gmt":"2025-04-29T10:03:44","slug":"krzesla","status":"publish","type":"page","link":"https:\/\/prmeble.com.pl\/?page_id=11624","title":{"rendered":"Krzes\u0142a"},"content":{"rendered":"\t\t<div data-elementor-type=\"wp-page\" data-elementor-id=\"11624\" class=\"elementor elementor-11624\" data-elementor-settings=\"{&quot;ha_cmc_init_switcher&quot;:&quot;no&quot;}\" data-elementor-post-type=\"page\">\n\t\t\t\t\t\t<section class=\"elementor-section elementor-top-section elementor-element elementor-element-60af4102 elementor-section-boxed elementor-section-height-default elementor-section-height-default exad-glass-effect-no wpr-particle-no wpr-jarallax-no wpr-parallax-no wpr-sticky-section-no wpr-equal-height-no exad-sticky-section-no\" data-id=\"60af4102\" data-element_type=\"section\" data-e-type=\"section\" data-settings=\"{&quot;_ha_eqh_enable&quot;:false}\">\n\t\t\t\t\t\t<div class=\"elementor-container elementor-column-gap-default\">\n\t\t\t\t\t<div class=\"elementor-column elementor-col-100 elementor-top-column elementor-element elementor-element-3bf4130d exad-glass-effect-no exad-sticky-section-no\" data-id=\"3bf4130d\" data-element_type=\"column\" data-e-type=\"column\">\n\t\t\t<div class=\"elementor-widget-wrap elementor-element-populated\">\n\t\t\t\t\t\t<div class=\"elementor-element elementor-element-307a1726 exad-sticky-section-no exad-glass-effect-no elementor-widget elementor-widget-text-editor\" data-id=\"307a1726\" data-element_type=\"widget\" data-e-type=\"widget\" data-widget_type=\"text-editor.default\">\n\t\t\t\t<div class=\"elementor-widget-container\">\n\t\t\t\t\t\t\t\t\t\n<h2 class=\"has-text-align-center wp-block-heading\">Krzes\u0142a<\/h2>\n\n<p class=\"has-text-align-center\">W naszej\u00a0<strong>kategorii krzese\u0142<\/strong> oferujemy szeroki wyb\u00f3r r\u00f3\u017cnych typ\u00f3w,\u00a0kt\u00f3re spe\u0142ni\u0105 Twoje potrzeby i preferencje. Odkryj r\u00f3\u017cnorodno\u015b\u0107 styl\u00f3w, kolor\u00f3w i wzor\u00f3w, kt\u00f3re pozwol\u0105 Ci dopasowa\u0107 krzes\u0142o do swojego wn\u0119trza.<\/p>\n\t\t\t\t\t\t\t\t<\/div>\n\t\t\t\t<\/div>\n\t\t\t\t\t<\/div>\n\t\t<\/div>\n\t\t\t\t\t<\/div>\n\t\t<\/section>\n\t\t\t\t<section class=\"elementor-section elementor-top-section elementor-element elementor-element-2c431fe elementor-section-boxed elementor-section-height-default elementor-section-height-default exad-glass-effect-no wpr-particle-no wpr-jarallax-no wpr-parallax-no wpr-sticky-section-no wpr-equal-height-no exad-sticky-section-no\" data-id=\"2c431fe\" data-element_type=\"section\" data-e-type=\"section\" data-settings=\"{&quot;_ha_eqh_enable&quot;:false}\">\n\t\t\t\t\t\t<div class=\"elementor-container elementor-column-gap-default\">\n\t\t\t\t\t<div class=\"elementor-column elementor-col-100 elementor-top-column elementor-element elementor-element-54bcdaa exad-glass-effect-no exad-sticky-section-no\" data-id=\"54bcdaa\" data-element_type=\"column\" data-e-type=\"column\">\n\t\t\t<div class=\"elementor-widget-wrap elementor-element-populated\">\n\t\t\t\t\t\t<div class=\"elementor-element elementor-element-5fce046 elementor-widget__width-initial eael-product-grid-column-4 exad-sticky-section-no exad-glass-effect-no elementor-widget elementor-widget-eicon-woocommerce\" data-id=\"5fce046\" data-element_type=\"widget\" data-e-type=\"widget\" data-widget_type=\"eicon-woocommerce.default\">\n\t\t\t\t<div class=\"elementor-widget-container\">\n\t\t\t\t\t\n        <div class=\"eael-product-grid eael-product-simple grid\" id=\"eael-product-grid\" data-widget-id=\"5fce046\" data-page-id=\"11624\" data-nonce=\"c696df2331\" >\n            <div class=\"woocommerce\">\n                <ul class=\"products eael-post-appender eael-post-appender-5fce046\" data-ssi-desktop=\"no\" data-ssi-tablet=\"\" data-ssi-mobile=\"\" data-layout-mode=\"grid\"> <li class=\"product \">\n<div class=\"eael-product-wrap\" data-src=\"\" data-src-hover=\"\">\n    <a href=\"https:\/\/prmeble.com.pl\/?product=krzeslo-bankietowe-herman-niebieskie\" class=\"woocommerce-LoopProduct-link woocommerce-loop-product__link\"><img fetchpriority=\"high\" decoding=\"async\" width=\"800\" height=\"800\" src=\"https:\/\/prmeble.com.pl\/wp-content\/uploads\/2025\/03\/krzeslo-bankietowe-herman-niebieskie.jpg\" class=\"attachment-woocommerce_thumbnail size-woocommerce_thumbnail wvs-archive-product-image wp-post-image\" alt=\"Krzes\u0142o bankietowe HERMAN niebieskie\" loading=\"eager\" srcset=\"https:\/\/prmeble.com.pl\/wp-content\/uploads\/2025\/03\/krzeslo-bankietowe-herman-niebieskie.jpg 800w, https:\/\/prmeble.com.pl\/wp-content\/uploads\/2025\/03\/krzeslo-bankietowe-herman-niebieskie-100x100.jpg 100w, https:\/\/prmeble.com.pl\/wp-content\/uploads\/2025\/03\/krzeslo-bankietowe-herman-niebieskie-300x300.jpg 300w, https:\/\/prmeble.com.pl\/wp-content\/uploads\/2025\/03\/krzeslo-bankietowe-herman-niebieskie-150x150.jpg 150w, https:\/\/prmeble.com.pl\/wp-content\/uploads\/2025\/03\/krzeslo-bankietowe-herman-niebieskie-768x768.jpg 768w\" sizes=\"(max-width: 800px) 100vw, 800px\" \/><\/a><div class=\"eael-product-title\">\n    <a href=\"https:\/\/prmeble.com.pl\/?product=krzeslo-bankietowe-herman-niebieskie\" class=\"woocommerce-LoopProduct-link woocommerce-loop-product__link\"><h2 class=\"woocommerce-loop-product__title\">Krzes\u0142o bankietowe HERMAN niebieskie<\/h2><\/a>\n    <\/div><div class=\"eael-product-price\"><span class=\"woocommerce-Price-amount amount\"><bdi>139,99&nbsp;<span class=\"woocommerce-Price-currencySymbol\">&#122;&#322;<\/span><\/bdi><\/span><\/div>    <a href=\"https:\/\/prmeble.com.pl\/?add-to-cart=11072\" aria-describedby=\"woocommerce_loop_add_to_cart_link_describedby_11072\" data-quantity=\"1\" class=\"button product_type_simple add_to_cart_button ajax_add_to_cart\" data-product_id=\"11072\" data-product_sku=\"\" aria-label=\"Dodaj do koszyka: &bdquo;Krzes\u0142o bankietowe HERMAN niebieskie&rdquo;\" rel=\"nofollow\" data-success_message=\"&ldquo;Krzes\u0142o bankietowe HERMAN niebieskie&rdquo; zosta\u0142 dodany do twojego koszyka\" role=\"button\">Dodaj do koszyka<\/a>\t<span id=\"woocommerce_loop_add_to_cart_link_describedby_11072\" class=\"screen-reader-text\">\n\t\t\t<\/span>\n    \n<\/div>\n\n<\/li> <li class=\"product \">\n<div class=\"eael-product-wrap\" data-src=\"\" data-src-hover=\"\">\n    <a href=\"https:\/\/prmeble.com.pl\/?product=krzeslo-bankietowe-herman-czerwone\" class=\"woocommerce-LoopProduct-link woocommerce-loop-product__link\"><img decoding=\"async\" width=\"800\" height=\"800\" src=\"https:\/\/prmeble.com.pl\/wp-content\/uploads\/2025\/03\/krzeslo-bankietowe-herman-czerwone.jpg\" class=\"attachment-woocommerce_thumbnail size-woocommerce_thumbnail wvs-archive-product-image wp-post-image\" alt=\"Krzes\u0142o bankietowe HERMAN czerwone\" loading=\"eager\" srcset=\"https:\/\/prmeble.com.pl\/wp-content\/uploads\/2025\/03\/krzeslo-bankietowe-herman-czerwone.jpg 800w, https:\/\/prmeble.com.pl\/wp-content\/uploads\/2025\/03\/krzeslo-bankietowe-herman-czerwone-100x100.jpg 100w, https:\/\/prmeble.com.pl\/wp-content\/uploads\/2025\/03\/krzeslo-bankietowe-herman-czerwone-300x300.jpg 300w, https:\/\/prmeble.com.pl\/wp-content\/uploads\/2025\/03\/krzeslo-bankietowe-herman-czerwone-150x150.jpg 150w, https:\/\/prmeble.com.pl\/wp-content\/uploads\/2025\/03\/krzeslo-bankietowe-herman-czerwone-768x768.jpg 768w\" sizes=\"(max-width: 800px) 100vw, 800px\" \/><\/a><div class=\"eael-product-title\">\n    <a href=\"https:\/\/prmeble.com.pl\/?product=krzeslo-bankietowe-herman-czerwone\" class=\"woocommerce-LoopProduct-link woocommerce-loop-product__link\"><h2 class=\"woocommerce-loop-product__title\">Krzes\u0142o bankietowe HERMAN czerwone<\/h2><\/a>\n    <\/div><div class=\"eael-product-price\"><span class=\"woocommerce-Price-amount amount\"><bdi>139,99&nbsp;<span class=\"woocommerce-Price-currencySymbol\">&#122;&#322;<\/span><\/bdi><\/span><\/div>    <a href=\"https:\/\/prmeble.com.pl\/?add-to-cart=11070\" aria-describedby=\"woocommerce_loop_add_to_cart_link_describedby_11070\" data-quantity=\"1\" class=\"button product_type_simple add_to_cart_button ajax_add_to_cart\" data-product_id=\"11070\" data-product_sku=\"\" aria-label=\"Dodaj do koszyka: &bdquo;Krzes\u0142o bankietowe HERMAN czerwone&rdquo;\" rel=\"nofollow\" data-success_message=\"&ldquo;Krzes\u0142o bankietowe HERMAN czerwone&rdquo; zosta\u0142 dodany do twojego koszyka\" role=\"button\">Dodaj do koszyka<\/a>\t<span id=\"woocommerce_loop_add_to_cart_link_describedby_11070\" class=\"screen-reader-text\">\n\t\t\t<\/span>\n    \n<\/div>\n\n<\/li> <li class=\"product \">\n<div class=\"eael-product-wrap\" data-src=\"\" data-src-hover=\"\">\n    <a href=\"https:\/\/prmeble.com.pl\/?product=krzeslo-bankietowe-herman-brazowe\" class=\"woocommerce-LoopProduct-link woocommerce-loop-product__link\"><img decoding=\"async\" width=\"800\" height=\"800\" src=\"https:\/\/prmeble.com.pl\/wp-content\/uploads\/2025\/03\/krzeslo-bankietowe-herman-brazowe.png\" class=\"attachment-woocommerce_thumbnail size-woocommerce_thumbnail wvs-archive-product-image wp-post-image\" alt=\"Krzes\u0142o bankietowe HERMAN br\u0105zowe\" loading=\"eager\" srcset=\"https:\/\/prmeble.com.pl\/wp-content\/uploads\/2025\/03\/krzeslo-bankietowe-herman-brazowe.png 800w, https:\/\/prmeble.com.pl\/wp-content\/uploads\/2025\/03\/krzeslo-bankietowe-herman-brazowe-100x100.png 100w, https:\/\/prmeble.com.pl\/wp-content\/uploads\/2025\/03\/krzeslo-bankietowe-herman-brazowe-300x300.png 300w, https:\/\/prmeble.com.pl\/wp-content\/uploads\/2025\/03\/krzeslo-bankietowe-herman-brazowe-150x150.png 150w, https:\/\/prmeble.com.pl\/wp-content\/uploads\/2025\/03\/krzeslo-bankietowe-herman-brazowe-768x768.png 768w\" sizes=\"(max-width: 800px) 100vw, 800px\" \/><\/a><div class=\"eael-product-title\">\n    <a href=\"https:\/\/prmeble.com.pl\/?product=krzeslo-bankietowe-herman-brazowe\" class=\"woocommerce-LoopProduct-link woocommerce-loop-product__link\"><h2 class=\"woocommerce-loop-product__title\">Krzes\u0142o bankietowe HERMAN br\u0105zowe<\/h2><\/a>\n    <\/div><div class=\"eael-product-price\"><span class=\"woocommerce-Price-amount amount\"><bdi>139,99&nbsp;<span class=\"woocommerce-Price-currencySymbol\">&#122;&#322;<\/span><\/bdi><\/span><\/div>    <a href=\"https:\/\/prmeble.com.pl\/?add-to-cart=11068\" aria-describedby=\"woocommerce_loop_add_to_cart_link_describedby_11068\" data-quantity=\"1\" class=\"button product_type_simple add_to_cart_button ajax_add_to_cart\" data-product_id=\"11068\" data-product_sku=\"\" aria-label=\"Dodaj do koszyka: &bdquo;Krzes\u0142o bankietowe HERMAN br\u0105zowe&rdquo;\" rel=\"nofollow\" data-success_message=\"&ldquo;Krzes\u0142o bankietowe HERMAN br\u0105zowe&rdquo; zosta\u0142 dodany do twojego koszyka\" role=\"button\">Dodaj do koszyka<\/a>\t<span id=\"woocommerce_loop_add_to_cart_link_describedby_11068\" class=\"screen-reader-text\">\n\t\t\t<\/span>\n    \n<\/div>\n\n<\/li> <li class=\"product \">\n<div class=\"eael-product-wrap\" data-src=\"\" data-src-hover=\"\">\n    <a href=\"https:\/\/prmeble.com.pl\/?product=krzeslo-bankietowe-herman-czarne\" class=\"woocommerce-LoopProduct-link woocommerce-loop-product__link\"><img decoding=\"async\" width=\"800\" height=\"800\" src=\"https:\/\/prmeble.com.pl\/wp-content\/uploads\/2025\/03\/krzeslo-bankietowe-herman-czarne.png\" class=\"attachment-woocommerce_thumbnail size-woocommerce_thumbnail wvs-archive-product-image wp-post-image\" alt=\"Krzes\u0142o bankietowe HERMAN czarne\" loading=\"eager\" srcset=\"https:\/\/prmeble.com.pl\/wp-content\/uploads\/2025\/03\/krzeslo-bankietowe-herman-czarne.png 800w, https:\/\/prmeble.com.pl\/wp-content\/uploads\/2025\/03\/krzeslo-bankietowe-herman-czarne-100x100.png 100w, https:\/\/prmeble.com.pl\/wp-content\/uploads\/2025\/03\/krzeslo-bankietowe-herman-czarne-300x300.png 300w, https:\/\/prmeble.com.pl\/wp-content\/uploads\/2025\/03\/krzeslo-bankietowe-herman-czarne-150x150.png 150w, https:\/\/prmeble.com.pl\/wp-content\/uploads\/2025\/03\/krzeslo-bankietowe-herman-czarne-768x768.png 768w\" sizes=\"(max-width: 800px) 100vw, 800px\" \/><\/a><div class=\"eael-product-title\">\n    <a href=\"https:\/\/prmeble.com.pl\/?product=krzeslo-bankietowe-herman-czarne\" class=\"woocommerce-LoopProduct-link woocommerce-loop-product__link\"><h2 class=\"woocommerce-loop-product__title\">Krzes\u0142o bankietowe HERMAN czarne<\/h2><\/a>\n    <\/div><div class=\"eael-product-price\"><span class=\"woocommerce-Price-amount amount\"><bdi>139,99&nbsp;<span class=\"woocommerce-Price-currencySymbol\">&#122;&#322;<\/span><\/bdi><\/span><\/div>    <a href=\"https:\/\/prmeble.com.pl\/?add-to-cart=11059\" aria-describedby=\"woocommerce_loop_add_to_cart_link_describedby_11059\" data-quantity=\"1\" class=\"button product_type_simple add_to_cart_button ajax_add_to_cart\" data-product_id=\"11059\" data-product_sku=\"\" aria-label=\"Dodaj do koszyka: &bdquo;Krzes\u0142o bankietowe HERMAN czarne&rdquo;\" rel=\"nofollow\" data-success_message=\"&ldquo;Krzes\u0142o bankietowe HERMAN czarne&rdquo; zosta\u0142 dodany do twojego koszyka\" role=\"button\">Dodaj do koszyka<\/a>\t<span id=\"woocommerce_loop_add_to_cart_link_describedby_11059\" class=\"screen-reader-text\">\n\t\t\t<\/span>\n    \n<\/div>\n\n<\/li><\/ul>            <\/div>\n        <\/div>\n\n        <script type=\"text\/javascript\">\n            jQuery(document).ready(function($) {\n                var $scope = jQuery(\".elementor-element-5fce046\");\n                var $products = $('.products', $scope);\n                var $layout_mode = $products.data('layout-mode');\n                \n                if ( $layout_mode === 'masonry' ) {\n                    \/\/ init isotope\n                    var $isotope_products = $products.isotope({\n                        itemSelector: \"li.product\",\n                        layoutMode: $layout_mode,\n                        percentPosition: true\n                    });\n\n                    $isotope_products.imagesLoaded().progress( function() {\n                        $isotope_products.isotope('layout');\n                    })\n                    \n                }\n            });\n        <\/script>\n        \t\t\t\t<\/div>\n\t\t\t\t<\/div>\n\t\t\t\t\t<\/div>\n\t\t<\/div>\n\t\t\t\t\t<\/div>\n\t\t<\/section>\n\t\t\t\t<\/div>\n\t\t","protected":false},"excerpt":{"rendered":"<p>Krzes\u0142a W naszej\u00a0kategorii krzese\u0142 oferujemy szeroki wyb\u00f3r r\u00f3\u017cnych typ\u00f3w,\u00a0kt\u00f3re spe\u0142ni\u0105 Twoje potrzeby i preferencje. Odkryj r\u00f3\u017cnorodno\u015b\u0107 styl\u00f3w, kolor\u00f3w i wzor\u00f3w, kt\u00f3re pozwol\u0105 Ci dopasowa\u0107 krzes\u0142o do swojego wn\u0119trza. Krzes\u0142o bankietowe HERMAN niebieskie 139,99&nbsp;&#122;&#322; Dodaj do koszyka Krzes\u0142o bankietowe HERMAN czerwone 139,99&nbsp;&#122;&#322; Dodaj do koszyka Krzes\u0142o bankietowe HERMAN br\u0105zowe 139,99&nbsp;&#122;&#322; Dodaj do koszyka Krzes\u0142o bankietowe HERMAN czarne 139,99&nbsp;&#122;&#322; Dodaj do koszyka<\/p>\n","protected":false},"author":1,"featured_media":0,"parent":0,"menu_order":0,"comment_status":"closed","ping_status":"closed","template":"","meta":{"footnotes":""},"class_list":["post-11624","page","type-page","status-publish","hentry"],"yoast_head":"<!-- This site is optimized with the Yoast SEO plugin v27.3 - https:\/\/yoast.com\/product\/yoast-seo-wordpress\/ -->\n<title>Krzes\u0142a - PR MEBLE -tanie i dobre - polski producent - sklep meblowy<\/title>\n<meta name=\"description\" content=\"Jednym z doskona\u0142ych sposob\u00f3w na relaks po aktywno\u015bciach ca\u0142ego dnia jest wypoczynek na komfortowej sofie, w\u0142asnie na Amerykankach.\" \/>\n<meta name=\"robots\" content=\"index, follow, max-snippet:-1, max-image-preview:large, max-video-preview:-1\" \/>\n<link rel=\"canonical\" href=\"https:\/\/prmeble.com.pl\/?page_id=11624\" \/>\n<meta property=\"og:locale\" content=\"pl_PL\" \/>\n<meta property=\"og:type\" content=\"article\" \/>\n<meta property=\"og:title\" content=\"Krzes\u0142a - PR MEBLE -tanie i dobre - polski producent - sklep meblowy\" \/>\n<meta property=\"og:description\" content=\"Jednym z doskona\u0142ych sposob\u00f3w na relaks po aktywno\u015bciach ca\u0142ego dnia jest wypoczynek na komfortowej sofie, w\u0142asnie na Amerykankach.\" \/>\n<meta property=\"og:url\" content=\"https:\/\/prmeble.com.pl\/?page_id=11624\" \/>\n<meta property=\"og:site_name\" content=\"PR MEBLE -tanie i dobre - polski producent - sklep meblowy\" \/>\n<meta property=\"article:publisher\" content=\"https:\/\/www.facebook.com\/PR-MEBLE-274934799714260\" \/>\n<meta property=\"article:modified_time\" content=\"2025-04-29T10:03:44+00:00\" \/>\n<meta property=\"og:image\" content=\"https:\/\/prmeble.com.pl\/wp-content\/uploads\/2025\/03\/krzeslo-bankietowe-herman-niebieskie.jpg\" \/>\n<meta name=\"twitter:card\" content=\"summary_large_image\" \/>\n<meta name=\"twitter:label1\" content=\"Szacowany czas czytania\" \/>\n\t<meta name=\"twitter:data1\" content=\"2 minuty\" \/>\n<script type=\"application\/ld+json\" class=\"yoast-schema-graph\">{\"@context\":\"https:\\\/\\\/schema.org\",\"@graph\":[{\"@type\":\"WebPage\",\"@id\":\"https:\\\/\\\/prmeble.com.pl\\\/?page_id=11624\",\"url\":\"https:\\\/\\\/prmeble.com.pl\\\/?page_id=11624\",\"name\":\"Krzes\u0142a - PR MEBLE -tanie i dobre - polski producent - sklep meblowy\",\"isPartOf\":{\"@id\":\"https:\\\/\\\/prmeble.com.pl\\\/#website\"},\"primaryImageOfPage\":{\"@id\":\"https:\\\/\\\/prmeble.com.pl\\\/?page_id=11624#primaryimage\"},\"image\":{\"@id\":\"https:\\\/\\\/prmeble.com.pl\\\/?page_id=11624#primaryimage\"},\"thumbnailUrl\":\"https:\\\/\\\/prmeble.com.pl\\\/wp-content\\\/uploads\\\/2025\\\/03\\\/krzeslo-bankietowe-herman-niebieskie.jpg\",\"datePublished\":\"2025-04-29T09:40:29+00:00\",\"dateModified\":\"2025-04-29T10:03:44+00:00\",\"description\":\"Jednym z doskona\u0142ych sposob\u00f3w na relaks po aktywno\u015bciach ca\u0142ego dnia jest wypoczynek na komfortowej sofie, w\u0142asnie na Amerykankach.\",\"breadcrumb\":{\"@id\":\"https:\\\/\\\/prmeble.com.pl\\\/?page_id=11624#breadcrumb\"},\"inLanguage\":\"pl-PL\",\"potentialAction\":[{\"@type\":\"ReadAction\",\"target\":[\"https:\\\/\\\/prmeble.com.pl\\\/?page_id=11624\"]}]},{\"@type\":\"ImageObject\",\"inLanguage\":\"pl-PL\",\"@id\":\"https:\\\/\\\/prmeble.com.pl\\\/?page_id=11624#primaryimage\",\"url\":\"https:\\\/\\\/prmeble.com.pl\\\/wp-content\\\/uploads\\\/2025\\\/03\\\/krzeslo-bankietowe-herman-niebieskie.jpg\",\"contentUrl\":\"https:\\\/\\\/prmeble.com.pl\\\/wp-content\\\/uploads\\\/2025\\\/03\\\/krzeslo-bankietowe-herman-niebieskie.jpg\",\"width\":800,\"height\":800},{\"@type\":\"BreadcrumbList\",\"@id\":\"https:\\\/\\\/prmeble.com.pl\\\/?page_id=11624#breadcrumb\",\"itemListElement\":[{\"@type\":\"ListItem\",\"position\":1,\"name\":\"Strona g\u0142\u00f3wna\",\"item\":\"https:\\\/\\\/prmeble.com.pl\\\/\"},{\"@type\":\"ListItem\",\"position\":2,\"name\":\"Krzes\u0142a\"}]},{\"@type\":\"WebSite\",\"@id\":\"https:\\\/\\\/prmeble.com.pl\\\/#website\",\"url\":\"https:\\\/\\\/prmeble.com.pl\\\/\",\"name\":\"Pr Meble\",\"description\":\"Tworzymy i sprzedajemy meble tapicerowane. W asortymencie mamy bardzo piekne i nowoczesne naro\u017cniki oraz modne kanapy.\",\"publisher\":{\"@id\":\"https:\\\/\\\/prmeble.com.pl\\\/#organization\"},\"potentialAction\":[{\"@type\":\"SearchAction\",\"target\":{\"@type\":\"EntryPoint\",\"urlTemplate\":\"https:\\\/\\\/prmeble.com.pl\\\/?s={search_term_string}\"},\"query-input\":{\"@type\":\"PropertyValueSpecification\",\"valueRequired\":true,\"valueName\":\"search_term_string\"}}],\"inLanguage\":\"pl-PL\"},{\"@type\":\"Organization\",\"@id\":\"https:\\\/\\\/prmeble.com.pl\\\/#organization\",\"name\":\"Prmeble\",\"url\":\"https:\\\/\\\/prmeble.com.pl\\\/\",\"logo\":{\"@type\":\"ImageObject\",\"inLanguage\":\"pl-PL\",\"@id\":\"https:\\\/\\\/prmeble.com.pl\\\/#\\\/schema\\\/logo\\\/image\\\/\",\"url\":\"https:\\\/\\\/prmeble.com.pl\\\/wp-content\\\/uploads\\\/2021\\\/10\\\/logo.jpg\",\"contentUrl\":\"https:\\\/\\\/prmeble.com.pl\\\/wp-content\\\/uploads\\\/2021\\\/10\\\/logo.jpg\",\"width\":550,\"height\":400,\"caption\":\"Prmeble\"},\"image\":{\"@id\":\"https:\\\/\\\/prmeble.com.pl\\\/#\\\/schema\\\/logo\\\/image\\\/\"},\"sameAs\":[\"https:\\\/\\\/www.facebook.com\\\/PR-MEBLE-274934799714260\"]}]}<\/script>\n<!-- \/ Yoast SEO plugin. -->","yoast_head_json":{"title":"Krzes\u0142a - PR MEBLE -tanie i dobre - polski producent - sklep meblowy","description":"Jednym z doskona\u0142ych sposob\u00f3w na relaks po aktywno\u015bciach ca\u0142ego dnia jest wypoczynek na komfortowej sofie, w\u0142asnie na Amerykankach.","robots":{"index":"index","follow":"follow","max-snippet":"max-snippet:-1","max-image-preview":"max-image-preview:large","max-video-preview":"max-video-preview:-1"},"canonical":"https:\/\/prmeble.com.pl\/?page_id=11624","og_locale":"pl_PL","og_type":"article","og_title":"Krzes\u0142a - PR MEBLE -tanie i dobre - polski producent - sklep meblowy","og_description":"Jednym z doskona\u0142ych sposob\u00f3w na relaks po aktywno\u015bciach ca\u0142ego dnia jest wypoczynek na komfortowej sofie, w\u0142asnie na Amerykankach.","og_url":"https:\/\/prmeble.com.pl\/?page_id=11624","og_site_name":"PR MEBLE -tanie i dobre - polski producent - sklep meblowy","article_publisher":"https:\/\/www.facebook.com\/PR-MEBLE-274934799714260","article_modified_time":"2025-04-29T10:03:44+00:00","og_image":[{"url":"https:\/\/prmeble.com.pl\/wp-content\/uploads\/2025\/03\/krzeslo-bankietowe-herman-niebieskie.jpg","type":"","width":"","height":""}],"twitter_card":"summary_large_image","twitter_misc":{"Szacowany czas czytania":"2 minuty"},"schema":{"@context":"https:\/\/schema.org","@graph":[{"@type":"WebPage","@id":"https:\/\/prmeble.com.pl\/?page_id=11624","url":"https:\/\/prmeble.com.pl\/?page_id=11624","name":"Krzes\u0142a - PR MEBLE -tanie i dobre - polski producent - sklep meblowy","isPartOf":{"@id":"https:\/\/prmeble.com.pl\/#website"},"primaryImageOfPage":{"@id":"https:\/\/prmeble.com.pl\/?page_id=11624#primaryimage"},"image":{"@id":"https:\/\/prmeble.com.pl\/?page_id=11624#primaryimage"},"thumbnailUrl":"https:\/\/prmeble.com.pl\/wp-content\/uploads\/2025\/03\/krzeslo-bankietowe-herman-niebieskie.jpg","datePublished":"2025-04-29T09:40:29+00:00","dateModified":"2025-04-29T10:03:44+00:00","description":"Jednym z doskona\u0142ych sposob\u00f3w na relaks po aktywno\u015bciach ca\u0142ego dnia jest wypoczynek na komfortowej sofie, w\u0142asnie na Amerykankach.","breadcrumb":{"@id":"https:\/\/prmeble.com.pl\/?page_id=11624#breadcrumb"},"inLanguage":"pl-PL","potentialAction":[{"@type":"ReadAction","target":["https:\/\/prmeble.com.pl\/?page_id=11624"]}]},{"@type":"ImageObject","inLanguage":"pl-PL","@id":"https:\/\/prmeble.com.pl\/?page_id=11624#primaryimage","url":"https:\/\/prmeble.com.pl\/wp-content\/uploads\/2025\/03\/krzeslo-bankietowe-herman-niebieskie.jpg","contentUrl":"https:\/\/prmeble.com.pl\/wp-content\/uploads\/2025\/03\/krzeslo-bankietowe-herman-niebieskie.jpg","width":800,"height":800},{"@type":"BreadcrumbList","@id":"https:\/\/prmeble.com.pl\/?page_id=11624#breadcrumb","itemListElement":[{"@type":"ListItem","position":1,"name":"Strona g\u0142\u00f3wna","item":"https:\/\/prmeble.com.pl\/"},{"@type":"ListItem","position":2,"name":"Krzes\u0142a"}]},{"@type":"WebSite","@id":"https:\/\/prmeble.com.pl\/#website","url":"https:\/\/prmeble.com.pl\/","name":"Pr Meble","description":"Tworzymy i sprzedajemy meble tapicerowane. W asortymencie mamy bardzo piekne i nowoczesne naro\u017cniki oraz modne kanapy.","publisher":{"@id":"https:\/\/prmeble.com.pl\/#organization"},"potentialAction":[{"@type":"SearchAction","target":{"@type":"EntryPoint","urlTemplate":"https:\/\/prmeble.com.pl\/?s={search_term_string}"},"query-input":{"@type":"PropertyValueSpecification","valueRequired":true,"valueName":"search_term_string"}}],"inLanguage":"pl-PL"},{"@type":"Organization","@id":"https:\/\/prmeble.com.pl\/#organization","name":"Prmeble","url":"https:\/\/prmeble.com.pl\/","logo":{"@type":"ImageObject","inLanguage":"pl-PL","@id":"https:\/\/prmeble.com.pl\/#\/schema\/logo\/image\/","url":"https:\/\/prmeble.com.pl\/wp-content\/uploads\/2021\/10\/logo.jpg","contentUrl":"https:\/\/prmeble.com.pl\/wp-content\/uploads\/2021\/10\/logo.jpg","width":550,"height":400,"caption":"Prmeble"},"image":{"@id":"https:\/\/prmeble.com.pl\/#\/schema\/logo\/image\/"},"sameAs":["https:\/\/www.facebook.com\/PR-MEBLE-274934799714260"]}]}},"_links":{"self":[{"href":"https:\/\/prmeble.com.pl\/index.php?rest_route=\/wp\/v2\/pages\/11624","targetHints":{"allow":["GET"]}}],"collection":[{"href":"https:\/\/prmeble.com.pl\/index.php?rest_route=\/wp\/v2\/pages"}],"about":[{"href":"https:\/\/prmeble.com.pl\/index.php?rest_route=\/wp\/v2\/types\/page"}],"author":[{"embeddable":true,"href":"https:\/\/prmeble.com.pl\/index.php?rest_route=\/wp\/v2\/users\/1"}],"replies":[{"embeddable":true,"href":"https:\/\/prmeble.com.pl\/index.php?rest_route=%2Fwp%2Fv2%2Fcomments&post=11624"}],"version-history":[{"count":6,"href":"https:\/\/prmeble.com.pl\/index.php?rest_route=\/wp\/v2\/pages\/11624\/revisions"}],"predecessor-version":[{"id":11630,"href":"https:\/\/prmeble.com.pl\/index.php?rest_route=\/wp\/v2\/pages\/11624\/revisions\/11630"}],"wp:attachment":[{"href":"https:\/\/prmeble.com.pl\/index.php?rest_route=%2Fwp%2Fv2%2Fmedia&parent=11624"}],"curies":[{"name":"wp","href":"https:\/\/api.w.org\/{rel}","templated":true}]}}