{"id":11595,"date":"2025-04-28T10:38:02","date_gmt":"2025-04-28T08:38:02","guid":{"rendered":"https:\/\/prmeble.com.pl\/?page_id=11595"},"modified":"2025-04-28T10:52:10","modified_gmt":"2025-04-28T08:52:10","slug":"lozka-pietrowe","status":"publish","type":"page","link":"https:\/\/prmeble.com.pl\/?page_id=11595","title":{"rendered":"\u0141\u00f3\u017cka pi\u0119trowe"},"content":{"rendered":"\t\t<div data-elementor-type=\"wp-page\" data-elementor-id=\"11595\" class=\"elementor elementor-11595\" data-elementor-settings=\"{&quot;ha_cmc_init_switcher&quot;:&quot;no&quot;}\" data-elementor-post-type=\"page\">\n\t\t\t\t\t\t<section class=\"elementor-section elementor-top-section elementor-element elementor-element-60af4102 elementor-section-boxed elementor-section-height-default elementor-section-height-default exad-glass-effect-no wpr-particle-no wpr-jarallax-no wpr-parallax-no wpr-sticky-section-no wpr-column-slider-no wpr-equal-height-no exad-sticky-section-no\" data-id=\"60af4102\" data-element_type=\"section\" data-e-type=\"section\" data-settings=\"{&quot;_ha_eqh_enable&quot;:false}\">\n\t\t\t\t\t\t<div class=\"elementor-container elementor-column-gap-default\">\n\t\t\t\t\t<div class=\"elementor-column elementor-col-100 elementor-top-column elementor-element elementor-element-3bf4130d exad-glass-effect-no exad-sticky-section-no\" data-id=\"3bf4130d\" data-element_type=\"column\" data-e-type=\"column\">\n\t\t\t<div class=\"elementor-widget-wrap elementor-element-populated\">\n\t\t\t\t\t\t<div class=\"elementor-element elementor-element-307a1726 exad-sticky-section-no exad-glass-effect-no elementor-widget elementor-widget-text-editor\" data-id=\"307a1726\" data-element_type=\"widget\" data-e-type=\"widget\" data-widget_type=\"text-editor.default\">\n\t\t\t\t<div class=\"elementor-widget-container\">\n\t\t\t\t\t\t\t\t\t\n<h2 class=\"has-text-align-center wp-block-heading\">\u0141\u00f3\u017cka pi\u0119trowe<\/h2>\n\n<p>Nasze \u0142\u00f3\u017cka pi\u0119trowe posiadaj\u0105 te\u017c bardzo wa\u017cn\u0105 funkcj\u0119, a mianowicie istnieje mo\u017cliwo\u015b\u0107 ich rozstawienia i stworzenia dw\u00f3ch niezale\u017cnych mebli. W momencie, gdy znudzi nam si\u0119 uk\u0142ad pi\u0119trowy, szybko mo\u017cemy go zdemontowa\u0107. Je\u015bli mamy dodatkow\u0105 przestrze\u0144, z powodzeniem w kilka chwil mo\u017cemy cieszy\u0107 si\u0119 ze zmiany designu i z dw\u00f3ch jednoosobowych \u0142\u00f3\u017cek sypialnianych.<\/p>\n<p>To ogromna zaleta dla os\u00f3b, kt\u00f3re wybrane przez siebie \u0142\u00f3\u017cko pi\u0119trowe traktuj\u0105 na wiele r\u00f3\u017cnych sposob\u00f3w. Raz \u0142\u0105cz\u0105 je ze sob\u0105, podczas gdy innym razem \u2013 rozdzielaj\u0105. Tak du\u017ca zaleta sprawia, \u017ce \u0142\u00f3\u017cko pi\u0119trowe mo\u017ce przybiera\u0107 wiele postaci i zupe\u0142nie zmienia\u0107 si\u0119 zale\u017cnie od prywatnych oczekiwa\u0144 domownik\u00f3w. Modu\u0142owe \u0142\u00f3\u017cka pi\u0119trowe s\u0105 zawsze dobrym rozwi\u0105zaniem.<\/p>\n\t\t\t\t\t\t\t\t<\/div>\n\t\t\t\t<\/div>\n\t\t\t\t\t<\/div>\n\t\t<\/div>\n\t\t\t\t\t<\/div>\n\t\t<\/section>\n\t\t\t\t<section class=\"elementor-section elementor-top-section elementor-element elementor-element-2c431fe elementor-section-boxed elementor-section-height-default elementor-section-height-default exad-glass-effect-no wpr-particle-no wpr-jarallax-no wpr-parallax-no wpr-sticky-section-no wpr-column-slider-no wpr-equal-height-no exad-sticky-section-no\" data-id=\"2c431fe\" data-element_type=\"section\" data-e-type=\"section\" data-settings=\"{&quot;_ha_eqh_enable&quot;:false}\">\n\t\t\t\t\t\t<div class=\"elementor-container elementor-column-gap-default\">\n\t\t\t\t\t<div class=\"elementor-column elementor-col-100 elementor-top-column elementor-element elementor-element-54bcdaa exad-glass-effect-no exad-sticky-section-no\" data-id=\"54bcdaa\" data-element_type=\"column\" data-e-type=\"column\">\n\t\t\t<div class=\"elementor-widget-wrap elementor-element-populated\">\n\t\t\t\t\t\t<div class=\"elementor-element elementor-element-5fce046 eael-product-grid-column-4 exad-sticky-section-no exad-glass-effect-no elementor-widget elementor-widget-eicon-woocommerce\" data-id=\"5fce046\" data-element_type=\"widget\" data-e-type=\"widget\" data-widget_type=\"eicon-woocommerce.default\">\n\t\t\t\t<div class=\"elementor-widget-container\">\n\t\t\t\t\t\n        <div class=\"eael-product-grid eael-product-simple grid\" id=\"eael-product-grid\" data-widget-id=\"5fce046\" data-page-id=\"11595\" data-nonce=\"b1f853ac75\" >\n            <div class=\"woocommerce\">\n                <ul class=\"products eael-post-appender eael-post-appender-5fce046\" data-ssi-desktop=\"no\" data-ssi-tablet=\"no\" data-ssi-mobile=\"no\" data-layout-mode=\"grid\"> <li class=\"product \">\n<div class=\"eael-product-wrap\" data-src=\"\" data-src-hover=\"\">\n    <a href=\"https:\/\/prmeble.com.pl\/?product=lozko-metalowe-easybunk-pietrowe-90x200\" class=\"woocommerce-LoopProduct-link woocommerce-loop-product__link\"><img fetchpriority=\"high\" decoding=\"async\" width=\"800\" height=\"640\" src=\"https:\/\/prmeble.com.pl\/wp-content\/uploads\/2025\/04\/778-1024x819.jpg\" class=\"attachment-woocommerce_thumbnail size-woocommerce_thumbnail wvs-archive-product-image wp-post-image\" alt=\"\u0141\u00f3\u017cko metalowe EasyBunk pi\u0119trowe 90x200\" loading=\"eager\" srcset=\"https:\/\/prmeble.com.pl\/wp-content\/uploads\/2025\/04\/778-1024x819.jpg 1024w, https:\/\/prmeble.com.pl\/wp-content\/uploads\/2025\/04\/778-800x640.jpg 800w, https:\/\/prmeble.com.pl\/wp-content\/uploads\/2025\/04\/778-300x240.jpg 300w, https:\/\/prmeble.com.pl\/wp-content\/uploads\/2025\/04\/778-768x614.jpg 768w, https:\/\/prmeble.com.pl\/wp-content\/uploads\/2025\/04\/778-1536x1229.jpg 1536w, https:\/\/prmeble.com.pl\/wp-content\/uploads\/2025\/04\/778-1320x1056.jpg 1320w, https:\/\/prmeble.com.pl\/wp-content\/uploads\/2025\/04\/778.jpg 2048w\" sizes=\"(max-width: 800px) 100vw, 800px\" \/><\/a><div class=\"eael-product-title\">\n    <a href=\"https:\/\/prmeble.com.pl\/?product=lozko-metalowe-easybunk-pietrowe-90x200\" class=\"woocommerce-LoopProduct-link woocommerce-loop-product__link\"><h2 class=\"woocommerce-loop-product__title\">\u0141\u00f3\u017cko metalowe EasyBunk pi\u0119trowe 90x200<\/h2><\/a>\n    <\/div><div class=\"eael-product-price\"><del aria-hidden=\"true\"><span class=\"woocommerce-Price-amount amount\"><bdi>1599,00&nbsp;<span class=\"woocommerce-Price-currencySymbol\">&#122;&#322;<\/span><\/bdi><\/span><\/del> <span class=\"screen-reader-text\">Pierwotna cena wynosi\u0142a: 1599,00&nbsp;&#122;&#322;.<\/span><ins aria-hidden=\"true\"><span class=\"woocommerce-Price-amount amount\"><bdi>749,00&nbsp;<span class=\"woocommerce-Price-currencySymbol\">&#122;&#322;<\/span><\/bdi><\/span><\/ins><span class=\"screen-reader-text\">Aktualna cena wynosi: 749,00&nbsp;&#122;&#322;.<\/span><\/div>    <a href=\"https:\/\/prmeble.com.pl\/?add-to-cart=11611\" aria-describedby=\"woocommerce_loop_add_to_cart_link_describedby_11611\" data-quantity=\"1\" class=\"button product_type_simple add_to_cart_button ajax_add_to_cart\" data-product_id=\"11611\" data-product_sku=\"\" aria-label=\"Dodaj do koszyka: &bdquo;\u0141\u00f3\u017cko metalowe EasyBunk pi\u0119trowe 90x200&rdquo;\" rel=\"nofollow\" data-success_message=\"&ldquo;\u0141\u00f3\u017cko metalowe EasyBunk pi\u0119trowe 90x200&rdquo; zosta\u0142 dodany do twojego koszyka\" role=\"button\">Dodaj do koszyka<\/a>\t<span id=\"woocommerce_loop_add_to_cart_link_describedby_11611\" class=\"screen-reader-text\">\n\t\t\t<\/span>\n    \n<\/div>\n\n<\/li><\/ul>            <\/div>\n        <\/div>\n\n        <script type=\"text\/javascript\">\n            jQuery(document).ready(function($) {\n                var $scope = jQuery(\".elementor-element-5fce046\");\n                var $products = $('.products', $scope);\n                var $layout_mode = $products.data('layout-mode');\n                \n                if ( $layout_mode === 'masonry' ) {\n                    \/\/ init isotope\n                    var $isotope_products = $products.isotope({\n                        itemSelector: \"li.product\",\n                        layoutMode: $layout_mode,\n                        percentPosition: true\n                    });\n\n                    $isotope_products.imagesLoaded().progress( function() {\n                        $isotope_products.isotope('layout');\n                    })\n                    \n                }\n            });\n        <\/script>\n        \t\t\t\t<\/div>\n\t\t\t\t<\/div>\n\t\t\t\t\t<\/div>\n\t\t<\/div>\n\t\t\t\t\t<\/div>\n\t\t<\/section>\n\t\t\t\t<\/div>\n\t\t","protected":false},"excerpt":{"rendered":"<p>\u0141\u00f3\u017cka pi\u0119trowe Nasze \u0142\u00f3\u017cka pi\u0119trowe posiadaj\u0105 te\u017c bardzo wa\u017cn\u0105 funkcj\u0119, a mianowicie istnieje mo\u017cliwo\u015b\u0107 ich rozstawienia i stworzenia dw\u00f3ch niezale\u017cnych mebli. W momencie, gdy znudzi nam si\u0119 uk\u0142ad pi\u0119trowy, szybko mo\u017cemy go zdemontowa\u0107. Je\u015bli mamy dodatkow\u0105 przestrze\u0144, z powodzeniem w kilka chwil mo\u017cemy cieszy\u0107 si\u0119 ze zmiany designu i z dw\u00f3ch jednoosobowych \u0142\u00f3\u017cek sypialnianych. To ogromna zaleta dla os\u00f3b, kt\u00f3re wybrane przez siebie \u0142\u00f3\u017cko pi\u0119trowe traktuj\u0105 na wiele r\u00f3\u017cnych sposob\u00f3w. Raz \u0142\u0105cz\u0105 je ze sob\u0105, podczas gdy innym razem \u2013 rozdzielaj\u0105. Tak du\u017ca zaleta sprawia, \u017ce \u0142\u00f3\u017cko pi\u0119trowe mo\u017ce przybiera\u0107 wiele postaci i zupe\u0142nie zmienia\u0107 si\u0119 zale\u017cnie od prywatnych oczekiwa\u0144 domownik\u00f3w. Modu\u0142owe \u0142\u00f3\u017cka pi\u0119trowe s\u0105 zawsze dobrym rozwi\u0105zaniem. \u0141\u00f3\u017cko metalowe pi\u0119trowe 90&#215;200 Svatra 1599,00&nbsp;&#122;&#322; Pierwotna cena wynosi\u0142a: 1599,00&nbsp;&#122;&#322;.799,00&nbsp;&#122;&#322;Aktualna cena wynosi: 799,00&nbsp;&#122;&#322;.PROMOCJA Dodaj do koszyka<\/p>\n","protected":false},"author":1,"featured_media":0,"parent":0,"menu_order":0,"comment_status":"closed","ping_status":"closed","template":"","meta":{"footnotes":""},"class_list":["post-11595","page","type-page","status-publish","hentry"],"yoast_head":"<!-- This site is optimized with the Yoast SEO plugin v27.5 - https:\/\/yoast.com\/product\/yoast-seo-wordpress\/ -->\n<title>\u0141\u00f3\u017cka pi\u0119trowe - PR MEBLE -tanie i dobre - polski producent - sklep meblowy<\/title>\n<meta name=\"description\" content=\"Jednym z doskona\u0142ych sposob\u00f3w na relaks po aktywno\u015bciach ca\u0142ego dnia jest wypoczynek na komfortowej sofie, w\u0142asnie na Amerykankach.\" \/>\n<meta name=\"robots\" content=\"index, follow, max-snippet:-1, max-image-preview:large, max-video-preview:-1\" \/>\n<link rel=\"canonical\" href=\"https:\/\/prmeble.com.pl\/?page_id=11595\" \/>\n<meta property=\"og:locale\" content=\"pl_PL\" \/>\n<meta property=\"og:type\" content=\"article\" \/>\n<meta property=\"og:title\" content=\"\u0141\u00f3\u017cka pi\u0119trowe - PR MEBLE -tanie i dobre - polski producent - sklep meblowy\" \/>\n<meta property=\"og:description\" content=\"Jednym z doskona\u0142ych sposob\u00f3w na relaks po aktywno\u015bciach ca\u0142ego dnia jest wypoczynek na komfortowej sofie, w\u0142asnie na Amerykankach.\" \/>\n<meta property=\"og:url\" content=\"https:\/\/prmeble.com.pl\/?page_id=11595\" \/>\n<meta property=\"og:site_name\" content=\"PR MEBLE -tanie i dobre - polski producent - sklep meblowy\" \/>\n<meta property=\"article:publisher\" content=\"https:\/\/www.facebook.com\/PR-MEBLE-274934799714260\" \/>\n<meta property=\"article:modified_time\" content=\"2025-04-28T08:52:10+00:00\" \/>\n<meta property=\"og:image\" content=\"https:\/\/prmeble.com.pl\/wp-content\/uploads\/2025\/04\/svatra_czarna_mini-1.jpg\" \/>\n<meta name=\"twitter:card\" content=\"summary_large_image\" \/>\n<meta name=\"twitter:label1\" content=\"Szacowany czas czytania\" \/>\n\t<meta name=\"twitter:data1\" content=\"1 minuta\" \/>\n<script type=\"application\/ld+json\" class=\"yoast-schema-graph\">{\"@context\":\"https:\\\/\\\/schema.org\",\"@graph\":[{\"@type\":\"WebPage\",\"@id\":\"https:\\\/\\\/prmeble.com.pl\\\/?page_id=11595\",\"url\":\"https:\\\/\\\/prmeble.com.pl\\\/?page_id=11595\",\"name\":\"\u0141\u00f3\u017cka pi\u0119trowe - PR MEBLE -tanie i dobre - polski producent - sklep meblowy\",\"isPartOf\":{\"@id\":\"https:\\\/\\\/prmeble.com.pl\\\/#website\"},\"primaryImageOfPage\":{\"@id\":\"https:\\\/\\\/prmeble.com.pl\\\/?page_id=11595#primaryimage\"},\"image\":{\"@id\":\"https:\\\/\\\/prmeble.com.pl\\\/?page_id=11595#primaryimage\"},\"thumbnailUrl\":\"https:\\\/\\\/prmeble.com.pl\\\/wp-content\\\/uploads\\\/2025\\\/04\\\/svatra_czarna_mini-1.jpg\",\"datePublished\":\"2025-04-28T08:38:02+00:00\",\"dateModified\":\"2025-04-28T08:52:10+00:00\",\"description\":\"Jednym z doskona\u0142ych sposob\u00f3w na relaks po aktywno\u015bciach ca\u0142ego dnia jest wypoczynek na komfortowej sofie, w\u0142asnie na Amerykankach.\",\"breadcrumb\":{\"@id\":\"https:\\\/\\\/prmeble.com.pl\\\/?page_id=11595#breadcrumb\"},\"inLanguage\":\"pl-PL\",\"potentialAction\":[{\"@type\":\"ReadAction\",\"target\":[\"https:\\\/\\\/prmeble.com.pl\\\/?page_id=11595\"]}]},{\"@type\":\"ImageObject\",\"inLanguage\":\"pl-PL\",\"@id\":\"https:\\\/\\\/prmeble.com.pl\\\/?page_id=11595#primaryimage\",\"url\":\"https:\\\/\\\/prmeble.com.pl\\\/wp-content\\\/uploads\\\/2025\\\/04\\\/svatra_czarna_mini-1.jpg\",\"contentUrl\":\"https:\\\/\\\/prmeble.com.pl\\\/wp-content\\\/uploads\\\/2025\\\/04\\\/svatra_czarna_mini-1.jpg\",\"width\":700,\"height\":480},{\"@type\":\"BreadcrumbList\",\"@id\":\"https:\\\/\\\/prmeble.com.pl\\\/?page_id=11595#breadcrumb\",\"itemListElement\":[{\"@type\":\"ListItem\",\"position\":1,\"name\":\"Strona g\u0142\u00f3wna\",\"item\":\"https:\\\/\\\/prmeble.com.pl\\\/\"},{\"@type\":\"ListItem\",\"position\":2,\"name\":\"\u0141\u00f3\u017cka pi\u0119trowe\"}]},{\"@type\":\"WebSite\",\"@id\":\"https:\\\/\\\/prmeble.com.pl\\\/#website\",\"url\":\"https:\\\/\\\/prmeble.com.pl\\\/\",\"name\":\"Pr Meble\",\"description\":\"Tworzymy i sprzedajemy meble tapicerowane. W asortymencie mamy bardzo piekne i nowoczesne naro\u017cniki oraz modne kanapy.\",\"publisher\":{\"@id\":\"https:\\\/\\\/prmeble.com.pl\\\/#organization\"},\"potentialAction\":[{\"@type\":\"SearchAction\",\"target\":{\"@type\":\"EntryPoint\",\"urlTemplate\":\"https:\\\/\\\/prmeble.com.pl\\\/?s={search_term_string}\"},\"query-input\":{\"@type\":\"PropertyValueSpecification\",\"valueRequired\":true,\"valueName\":\"search_term_string\"}}],\"inLanguage\":\"pl-PL\"},{\"@type\":\"Organization\",\"@id\":\"https:\\\/\\\/prmeble.com.pl\\\/#organization\",\"name\":\"Prmeble\",\"url\":\"https:\\\/\\\/prmeble.com.pl\\\/\",\"logo\":{\"@type\":\"ImageObject\",\"inLanguage\":\"pl-PL\",\"@id\":\"https:\\\/\\\/prmeble.com.pl\\\/#\\\/schema\\\/logo\\\/image\\\/\",\"url\":\"https:\\\/\\\/prmeble.com.pl\\\/wp-content\\\/uploads\\\/2021\\\/10\\\/logo.jpg\",\"contentUrl\":\"https:\\\/\\\/prmeble.com.pl\\\/wp-content\\\/uploads\\\/2021\\\/10\\\/logo.jpg\",\"width\":550,\"height\":400,\"caption\":\"Prmeble\"},\"image\":{\"@id\":\"https:\\\/\\\/prmeble.com.pl\\\/#\\\/schema\\\/logo\\\/image\\\/\"},\"sameAs\":[\"https:\\\/\\\/www.facebook.com\\\/PR-MEBLE-274934799714260\"]}]}<\/script>\n<!-- \/ Yoast SEO plugin. -->","yoast_head_json":{"title":"\u0141\u00f3\u017cka pi\u0119trowe - PR MEBLE -tanie i dobre - polski producent - sklep meblowy","description":"Jednym z doskona\u0142ych sposob\u00f3w na relaks po aktywno\u015bciach ca\u0142ego dnia jest wypoczynek na komfortowej sofie, w\u0142asnie na Amerykankach.","robots":{"index":"index","follow":"follow","max-snippet":"max-snippet:-1","max-image-preview":"max-image-preview:large","max-video-preview":"max-video-preview:-1"},"canonical":"https:\/\/prmeble.com.pl\/?page_id=11595","og_locale":"pl_PL","og_type":"article","og_title":"\u0141\u00f3\u017cka pi\u0119trowe - PR MEBLE -tanie i dobre - polski producent - sklep meblowy","og_description":"Jednym z doskona\u0142ych sposob\u00f3w na relaks po aktywno\u015bciach ca\u0142ego dnia jest wypoczynek na komfortowej sofie, w\u0142asnie na Amerykankach.","og_url":"https:\/\/prmeble.com.pl\/?page_id=11595","og_site_name":"PR MEBLE -tanie i dobre - polski producent - sklep meblowy","article_publisher":"https:\/\/www.facebook.com\/PR-MEBLE-274934799714260","article_modified_time":"2025-04-28T08:52:10+00:00","og_image":[{"url":"https:\/\/prmeble.com.pl\/wp-content\/uploads\/2025\/04\/svatra_czarna_mini-1.jpg","type":"","width":"","height":""}],"twitter_card":"summary_large_image","twitter_misc":{"Szacowany czas czytania":"1 minuta"},"schema":{"@context":"https:\/\/schema.org","@graph":[{"@type":"WebPage","@id":"https:\/\/prmeble.com.pl\/?page_id=11595","url":"https:\/\/prmeble.com.pl\/?page_id=11595","name":"\u0141\u00f3\u017cka pi\u0119trowe - PR MEBLE -tanie i dobre - polski producent - sklep meblowy","isPartOf":{"@id":"https:\/\/prmeble.com.pl\/#website"},"primaryImageOfPage":{"@id":"https:\/\/prmeble.com.pl\/?page_id=11595#primaryimage"},"image":{"@id":"https:\/\/prmeble.com.pl\/?page_id=11595#primaryimage"},"thumbnailUrl":"https:\/\/prmeble.com.pl\/wp-content\/uploads\/2025\/04\/svatra_czarna_mini-1.jpg","datePublished":"2025-04-28T08:38:02+00:00","dateModified":"2025-04-28T08:52:10+00:00","description":"Jednym z doskona\u0142ych sposob\u00f3w na relaks po aktywno\u015bciach ca\u0142ego dnia jest wypoczynek na komfortowej sofie, w\u0142asnie na Amerykankach.","breadcrumb":{"@id":"https:\/\/prmeble.com.pl\/?page_id=11595#breadcrumb"},"inLanguage":"pl-PL","potentialAction":[{"@type":"ReadAction","target":["https:\/\/prmeble.com.pl\/?page_id=11595"]}]},{"@type":"ImageObject","inLanguage":"pl-PL","@id":"https:\/\/prmeble.com.pl\/?page_id=11595#primaryimage","url":"https:\/\/prmeble.com.pl\/wp-content\/uploads\/2025\/04\/svatra_czarna_mini-1.jpg","contentUrl":"https:\/\/prmeble.com.pl\/wp-content\/uploads\/2025\/04\/svatra_czarna_mini-1.jpg","width":700,"height":480},{"@type":"BreadcrumbList","@id":"https:\/\/prmeble.com.pl\/?page_id=11595#breadcrumb","itemListElement":[{"@type":"ListItem","position":1,"name":"Strona g\u0142\u00f3wna","item":"https:\/\/prmeble.com.pl\/"},{"@type":"ListItem","position":2,"name":"\u0141\u00f3\u017cka pi\u0119trowe"}]},{"@type":"WebSite","@id":"https:\/\/prmeble.com.pl\/#website","url":"https:\/\/prmeble.com.pl\/","name":"Pr Meble","description":"Tworzymy i sprzedajemy meble tapicerowane. W asortymencie mamy bardzo piekne i nowoczesne naro\u017cniki oraz modne kanapy.","publisher":{"@id":"https:\/\/prmeble.com.pl\/#organization"},"potentialAction":[{"@type":"SearchAction","target":{"@type":"EntryPoint","urlTemplate":"https:\/\/prmeble.com.pl\/?s={search_term_string}"},"query-input":{"@type":"PropertyValueSpecification","valueRequired":true,"valueName":"search_term_string"}}],"inLanguage":"pl-PL"},{"@type":"Organization","@id":"https:\/\/prmeble.com.pl\/#organization","name":"Prmeble","url":"https:\/\/prmeble.com.pl\/","logo":{"@type":"ImageObject","inLanguage":"pl-PL","@id":"https:\/\/prmeble.com.pl\/#\/schema\/logo\/image\/","url":"https:\/\/prmeble.com.pl\/wp-content\/uploads\/2021\/10\/logo.jpg","contentUrl":"https:\/\/prmeble.com.pl\/wp-content\/uploads\/2021\/10\/logo.jpg","width":550,"height":400,"caption":"Prmeble"},"image":{"@id":"https:\/\/prmeble.com.pl\/#\/schema\/logo\/image\/"},"sameAs":["https:\/\/www.facebook.com\/PR-MEBLE-274934799714260"]}]}},"_links":{"self":[{"href":"https:\/\/prmeble.com.pl\/index.php?rest_route=\/wp\/v2\/pages\/11595","targetHints":{"allow":["GET"]}}],"collection":[{"href":"https:\/\/prmeble.com.pl\/index.php?rest_route=\/wp\/v2\/pages"}],"about":[{"href":"https:\/\/prmeble.com.pl\/index.php?rest_route=\/wp\/v2\/types\/page"}],"author":[{"embeddable":true,"href":"https:\/\/prmeble.com.pl\/index.php?rest_route=\/wp\/v2\/users\/1"}],"replies":[{"embeddable":true,"href":"https:\/\/prmeble.com.pl\/index.php?rest_route=%2Fwp%2Fv2%2Fcomments&post=11595"}],"version-history":[{"count":9,"href":"https:\/\/prmeble.com.pl\/index.php?rest_route=\/wp\/v2\/pages\/11595\/revisions"}],"predecessor-version":[{"id":11610,"href":"https:\/\/prmeble.com.pl\/index.php?rest_route=\/wp\/v2\/pages\/11595\/revisions\/11610"}],"wp:attachment":[{"href":"https:\/\/prmeble.com.pl\/index.php?rest_route=%2Fwp%2Fv2%2Fmedia&parent=11595"}],"curies":[{"name":"wp","href":"https:\/\/api.w.org\/{rel}","templated":true}]}}